{"id":1144,"date":"2024-07-03T07:38:59","date_gmt":"2024-07-03T07:38:59","guid":{"rendered":"https:\/\/stazionebricolor.com\/?post_type=product&#038;p=1144"},"modified":"2025-06-09T08:29:32","modified_gmt":"2025-06-09T08:29:32","slug":"titan-focus-500-ce-pistola-professionale-hvlp-elettrica-spruzzo-verniciare-metallo-legno-muri-colorificio-online-altamura","status":"publish","type":"product","link":"https:\/\/stazionebricolor.com\/index.php\/prodotto\/titan-focus-500-ce-pistola-professionale-hvlp-elettrica-spruzzo-verniciare-metallo-legno-muri-colorificio-online-altamura\/","title":{"rendered":"Pistola Verniciante Elettrica Titan Focus 500 \u2013 Finiture Perfette"},"content":{"rendered":"<h2 data-start=\"183\" data-end=\"249\"><strong data-start=\"186\" data-end=\"249\">Pistola Professionale Verniciante Elettrica Titan Focus 500<\/strong><\/h2>\n<h3 data-start=\"251\" data-end=\"329\"><strong>Sistema XVLP Focus 500 \u2013 Versatilit\u00e0 e prestazioni per finiture di qualit\u00e0<\/strong><\/h3>\n<p data-start=\"331\" data-end=\"882\">La <strong data-start=\"334\" data-end=\"397\">pistola professionale verniciante elettrica Titan Focus 500<\/strong>, conforme alle norme CE, garantisce finiture impeccabili con smalti e idropitture professionali. Innanzitutto, grazie al sistema <strong data-start=\"531\" data-end=\"549\">XVLP Focus 500<\/strong>, evoluzione del Focus 700, potrai beneficiare di miglioramenti nelle testine di polverizzazione e della possibilit\u00e0 di sostituire il corpo anteriore della pistola. Di conseguenza, \u00e8 possibile spruzzare, con un\u2019unica unit\u00e0, una vasta gamma di prodotti vernicianti, inclusi smalti a solvente e a base acqua, fondi murali e quarzi.<\/p>\n<p data-start=\"884\" data-end=\"1185\">Inoltre, il sistema permette di applicare decorativi con granulometria fino a 0,3 mm, comprese particelle di glitter sia a secco che a umido, per effetti particolari e personalizzati. Ogni testina \u00e8 dotata di regolazione del ventaglio, cos\u00ec da ottimizzare la spruzzatura e ridurre l\u2019overspray.<\/p>\n<p data-start=\"1187\" data-end=\"1544\">Per di pi\u00f9, la praticit\u00e0 \u00e8 garantita dal sistema <strong data-start=\"1240\" data-end=\"1254\">Plug&amp;Spray<\/strong> e dalla dotazione completa, che comprende una valigetta, un set di pulizia e una cinghia a tracolla. La pistola Multifinish, inclusa nella confezione, monta un ugello X-speed a sede ovale da 4,1 mm e una tazza in acciaio inox da 1000 ml con sistema di aspirazione lungo e filtro integrato.<\/p>\n<p data-start=\"1546\" data-end=\"1678\">Questa pistola \u00e8 perfetta per l\u2019applicazione di smalti solvente e acqua, anche ad alta viscosit\u00e0, su superfici in legno e ferro.<\/p>\n<p data-start=\"1546\" data-end=\"1678\">La pistola verniciante elettrica professionale Titan Focus 500 \u00e8 la scelta ideale per professionisti che cercano precisione e affidabilit\u00e0. Grazie alle sue caratteristiche avanzate, offre risultati eccellenti anche in condizioni di lavoro impegnative. Inoltre, il design ergonomico e il sistema Plug&amp;Spray garantiscono un utilizzo semplice e sicuro. Non perdere l\u2019occasione di migliorare la qualit\u00e0 delle tue finiture con questo strumento all\u2019avanguardia.<\/p>\n<hr data-start=\"1615\" data-end=\"1618\" \/>\n<h3 data-start=\"1620\" data-end=\"1637\"><strong>Dati tecnici:<\/strong><\/h3>\n<ul data-start=\"1638\" data-end=\"1751\">\n<li data-start=\"1638\" data-end=\"1660\">\n<p data-start=\"1640\" data-end=\"1660\"><strong data-start=\"1640\" data-end=\"1652\">Potenza:<\/strong> 700 W<\/p>\n<\/li>\n<li data-start=\"1661\" data-end=\"1681\">\n<p data-start=\"1663\" data-end=\"1681\"><strong data-start=\"1663\" data-end=\"1672\">Peso:<\/strong> 2,3 kg<\/p>\n<\/li>\n<li data-start=\"1682\" data-end=\"1714\">\n<p data-start=\"1684\" data-end=\"1714\"><strong data-start=\"1684\" data-end=\"1702\">Pressione max:<\/strong> 0,275 bar<\/p>\n<\/li>\n<li data-start=\"1715\" data-end=\"1751\">\n<p data-start=\"1717\" data-end=\"1751\"><strong data-start=\"1717\" data-end=\"1735\">Alimentazione:<\/strong> 230 V \/ 50 Hz<\/p>\n<\/li>\n<\/ul>\n<hr data-start=\"1753\" data-end=\"1756\" \/>\n<h3 data-start=\"1758\" data-end=\"1784\"><strong>\u00a0Offerta esclusiva<\/strong><\/h3>\n<p data-start=\"1785\" data-end=\"1914\">Acquistando la gamma completa <strong data-start=\"1815\" data-end=\"1834\">Titan Focus 500<\/strong>, riceverai in omaggio un pantalone da lavoro personalizzato con il nostro logo!<\/p>\n<hr data-start=\"1916\" data-end=\"1919\" \/>\n<h3 data-start=\"1921\" data-end=\"1947\"><strong>\u00a0Contenuti di supporto<\/strong><\/h3>\n<p><img loading=\"lazy\" decoding=\"async\" class=\"wp-image-1145 alignleft\" src=\"https:\/\/stazionebricolor.com\/wp-content\/uploads\/2024\/07\/ICONA-VIDEO.png\" alt=\"\" width=\"45\" height=\"30\" \/><a href=\"https:\/\/www.youtube.com\/watch?v=If6z-8TXk7g\">Video di manutenzione e montaggio<\/a><\/p>\n<p><img loading=\"lazy\" decoding=\"async\" class=\"wp-image-1145 alignleft\" src=\"https:\/\/stazionebricolor.com\/wp-content\/uploads\/2024\/07\/ICONA-VIDEO.png\" alt=\"\" width=\"45\" height=\"30\" \/><a href=\"https:\/\/youtu.be\/fPLX0tZNWbc?feature=shared\">Video applicativo<\/a><\/p>\n<p>&nbsp;<\/p>\n<p><a href=\"https:\/\/stazionebricolor.com\/index.php\/prodotto\/titan-finefinish-accessorio-per-finiture-sottili-precisione-a-smalto-solvente-acqua-impregnanti\/\">Scopri tutta la gamma di pistole vernicianti<\/a><\/p>\n","protected":false},"excerpt":{"rendered":"<p>Aerografo elettrico professionale per verniciatura<\/p>\n","protected":false},"featured_media":1146,"comment_status":"open","ping_status":"closed","template":"","meta":{"om_disable_all_campaigns":false,"_monsterinsights_skip_tracking":false,"_monsterinsights_sitenote_active":false,"_monsterinsights_sitenote_note":"","_monsterinsights_sitenote_category":0,"_joinchat":[]},"product_brand":[],"product_cat":[34,44,45,99],"product_tag":[781,785,1046,783,768,218,769,784],"class_list":{"0":"post-1144","1":"product","2":"type-product","3":"status-publish","4":"has-post-thumbnail","6":"product_cat-pantaloni-palette-altamura-colorificio","7":"product_cat-anticorrosivo-minio-ruggine-cementite-opalite-primer-ferro-legno-zinco-pvc","8":"product_cat-acrilico-capec-flow-alta-temperatura-antiruggine-metallico-primer-lublificanti","9":"product_cat-levigatrice-airless-aerografo-pistola-smerigliatrice-compressore","10":"product_tag-aerografo","11":"product_tag-airless","12":"product_tag-elettrico","13":"product_tag-hvlp","14":"product_tag-pistola-professionale","15":"product_tag-spray","16":"product_tag-titan-500-focus","17":"product_tag-verniciatore","19":"first","20":"instock","21":"featured","22":"taxable","23":"shipping-taxable","24":"purchasable","25":"product-type-simple"},"yoast_head":"<!-- This site is optimized with the Yoast SEO plugin v26.5 - https:\/\/yoast.com\/wordpress\/plugins\/seo\/ -->\n<title>Pistola Verniciante Elettrica Titan Focus 500 \u2013 Finiture Perfette<\/title>\n<meta name=\"description\" content=\"Pistola verniciante elettrica professionale Titan Focus 500: prestazioni top per finiture con smalti e idropitture. Acquista ora la gamma completa!\" \/>\n<meta name=\"robots\" content=\"index, follow, max-snippet:-1, max-image-preview:large, max-video-preview:-1\" \/>\n<link rel=\"canonical\" href=\"https:\/\/stazionebricolor.com\/index.php\/prodotto\/titan-focus-500-ce-pistola-professionale-hvlp-elettrica-spruzzo-verniciare-metallo-legno-muri-colorificio-online-altamura\/\" \/>\n<meta property=\"og:locale\" content=\"it_IT\" \/>\n<meta property=\"og:type\" content=\"article\" \/>\n<meta property=\"og:title\" content=\"Pistola Verniciante Elettrica Titan Focus 500 \u2013 Finiture Perfette\" \/>\n<meta property=\"og:description\" content=\"Pistola verniciante elettrica professionale Titan Focus 500: prestazioni top per finiture con smalti e idropitture. Acquista ora la gamma completa!\" \/>\n<meta property=\"og:url\" content=\"https:\/\/stazionebricolor.com\/index.php\/prodotto\/titan-focus-500-ce-pistola-professionale-hvlp-elettrica-spruzzo-verniciare-metallo-legno-muri-colorificio-online-altamura\/\" \/>\n<meta property=\"og:site_name\" content=\"Stazione Bricolor\" \/>\n<meta property=\"article:modified_time\" content=\"2025-06-09T08:29:32+00:00\" \/>\n<meta property=\"og:image\" content=\"https:\/\/stazionebricolor.com\/wp-content\/uploads\/2024\/07\/Titan-Focus-500.png\" \/>\n\t<meta property=\"og:image:width\" content=\"1154\" \/>\n\t<meta property=\"og:image:height\" content=\"1136\" \/>\n\t<meta property=\"og:image:type\" content=\"image\/png\" \/>\n<meta name=\"twitter:card\" content=\"summary_large_image\" \/>\n<meta name=\"twitter:label1\" content=\"Tempo di lettura stimato\" \/>\n\t<meta name=\"twitter:data1\" content=\"3 minuti\" \/>\n<script type=\"application\/ld+json\" class=\"yoast-schema-graph\">{\"@context\":\"https:\/\/schema.org\",\"@graph\":[{\"@type\":\"WebPage\",\"@id\":\"https:\/\/stazionebricolor.com\/index.php\/prodotto\/titan-focus-500-ce-pistola-professionale-hvlp-elettrica-spruzzo-verniciare-metallo-legno-muri-colorificio-online-altamura\/\",\"url\":\"https:\/\/stazionebricolor.com\/index.php\/prodotto\/titan-focus-500-ce-pistola-professionale-hvlp-elettrica-spruzzo-verniciare-metallo-legno-muri-colorificio-online-altamura\/\",\"name\":\"Pistola Verniciante Elettrica Titan Focus 500 \u2013 Finiture Perfette\",\"isPartOf\":{\"@id\":\"https:\/\/stazionebricolor.com\/#website\"},\"primaryImageOfPage\":{\"@id\":\"https:\/\/stazionebricolor.com\/index.php\/prodotto\/titan-focus-500-ce-pistola-professionale-hvlp-elettrica-spruzzo-verniciare-metallo-legno-muri-colorificio-online-altamura\/#primaryimage\"},\"image\":{\"@id\":\"https:\/\/stazionebricolor.com\/index.php\/prodotto\/titan-focus-500-ce-pistola-professionale-hvlp-elettrica-spruzzo-verniciare-metallo-legno-muri-colorificio-online-altamura\/#primaryimage\"},\"thumbnailUrl\":\"https:\/\/stazionebricolor.com\/wp-content\/uploads\/2024\/07\/Titan-Focus-500.png\",\"datePublished\":\"2024-07-03T07:38:59+00:00\",\"dateModified\":\"2025-06-09T08:29:32+00:00\",\"description\":\"Pistola verniciante elettrica professionale Titan Focus 500: prestazioni top per finiture con smalti e idropitture. Acquista ora la gamma completa!\",\"breadcrumb\":{\"@id\":\"https:\/\/stazionebricolor.com\/index.php\/prodotto\/titan-focus-500-ce-pistola-professionale-hvlp-elettrica-spruzzo-verniciare-metallo-legno-muri-colorificio-online-altamura\/#breadcrumb\"},\"inLanguage\":\"it-IT\",\"potentialAction\":[{\"@type\":\"ReadAction\",\"target\":[\"https:\/\/stazionebricolor.com\/index.php\/prodotto\/titan-focus-500-ce-pistola-professionale-hvlp-elettrica-spruzzo-verniciare-metallo-legno-muri-colorificio-online-altamura\/\"]}]},{\"@type\":\"ImageObject\",\"inLanguage\":\"it-IT\",\"@id\":\"https:\/\/stazionebricolor.com\/index.php\/prodotto\/titan-focus-500-ce-pistola-professionale-hvlp-elettrica-spruzzo-verniciare-metallo-legno-muri-colorificio-online-altamura\/#primaryimage\",\"url\":\"https:\/\/stazionebricolor.com\/wp-content\/uploads\/2024\/07\/Titan-Focus-500.png\",\"contentUrl\":\"https:\/\/stazionebricolor.com\/wp-content\/uploads\/2024\/07\/Titan-Focus-500.png\",\"width\":1154,\"height\":1136,\"caption\":\"Pistola verniciante elettrica professionale Titan Focus 500\"},{\"@type\":\"BreadcrumbList\",\"@id\":\"https:\/\/stazionebricolor.com\/index.php\/prodotto\/titan-focus-500-ce-pistola-professionale-hvlp-elettrica-spruzzo-verniciare-metallo-legno-muri-colorificio-online-altamura\/#breadcrumb\",\"itemListElement\":[{\"@type\":\"ListItem\",\"position\":1,\"name\":\"Home\",\"item\":\"https:\/\/stazionebricolor.com\/\"},{\"@type\":\"ListItem\",\"position\":2,\"name\":\"Shop\",\"item\":\"https:\/\/stazionebricolor.com\/\"},{\"@type\":\"ListItem\",\"position\":3,\"name\":\"Pistola Verniciante Elettrica Titan Focus 500 \u2013 Finiture Perfette\"}]},{\"@type\":\"WebSite\",\"@id\":\"https:\/\/stazionebricolor.com\/#website\",\"url\":\"https:\/\/stazionebricolor.com\/\",\"name\":\"Stazione Bricolor\",\"description\":\"Colorare casa non \u00e8 mai stato cos\u00ec semplice\",\"publisher\":{\"@id\":\"https:\/\/stazionebricolor.com\/#organization\"},\"potentialAction\":[{\"@type\":\"SearchAction\",\"target\":{\"@type\":\"EntryPoint\",\"urlTemplate\":\"https:\/\/stazionebricolor.com\/?s={search_term_string}\"},\"query-input\":{\"@type\":\"PropertyValueSpecification\",\"valueRequired\":true,\"valueName\":\"search_term_string\"}}],\"inLanguage\":\"it-IT\"},{\"@type\":\"Organization\",\"@id\":\"https:\/\/stazionebricolor.com\/#organization\",\"name\":\"Stazione Bricolor\",\"url\":\"https:\/\/stazionebricolor.com\/\",\"logo\":{\"@type\":\"ImageObject\",\"inLanguage\":\"it-IT\",\"@id\":\"https:\/\/stazionebricolor.com\/#\/schema\/logo\/image\/\",\"url\":\"https:\/\/stazionebricolor.com\/wp-content\/uploads\/2024\/06\/cropped-stazionebricoloricona-1.png\",\"contentUrl\":\"https:\/\/stazionebricolor.com\/wp-content\/uploads\/2024\/06\/cropped-stazionebricoloricona-1.png\",\"width\":520,\"height\":292,\"caption\":\"Stazione Bricolor\"},\"image\":{\"@id\":\"https:\/\/stazionebricolor.com\/#\/schema\/logo\/image\/\"}}]}<\/script>\n<!-- \/ Yoast SEO plugin. -->","yoast_head_json":{"title":"Pistola Verniciante Elettrica Titan Focus 500 \u2013 Finiture Perfette","description":"Pistola verniciante elettrica professionale Titan Focus 500: prestazioni top per finiture con smalti e idropitture. Acquista ora la gamma completa!","robots":{"index":"index","follow":"follow","max-snippet":"max-snippet:-1","max-image-preview":"max-image-preview:large","max-video-preview":"max-video-preview:-1"},"canonical":"https:\/\/stazionebricolor.com\/index.php\/prodotto\/titan-focus-500-ce-pistola-professionale-hvlp-elettrica-spruzzo-verniciare-metallo-legno-muri-colorificio-online-altamura\/","og_locale":"it_IT","og_type":"article","og_title":"Pistola Verniciante Elettrica Titan Focus 500 \u2013 Finiture Perfette","og_description":"Pistola verniciante elettrica professionale Titan Focus 500: prestazioni top per finiture con smalti e idropitture. Acquista ora la gamma completa!","og_url":"https:\/\/stazionebricolor.com\/index.php\/prodotto\/titan-focus-500-ce-pistola-professionale-hvlp-elettrica-spruzzo-verniciare-metallo-legno-muri-colorificio-online-altamura\/","og_site_name":"Stazione Bricolor","article_modified_time":"2025-06-09T08:29:32+00:00","og_image":[{"width":1154,"height":1136,"url":"https:\/\/stazionebricolor.com\/wp-content\/uploads\/2024\/07\/Titan-Focus-500.png","type":"image\/png"}],"twitter_card":"summary_large_image","twitter_misc":{"Tempo di lettura stimato":"3 minuti"},"schema":{"@context":"https:\/\/schema.org","@graph":[{"@type":"WebPage","@id":"https:\/\/stazionebricolor.com\/index.php\/prodotto\/titan-focus-500-ce-pistola-professionale-hvlp-elettrica-spruzzo-verniciare-metallo-legno-muri-colorificio-online-altamura\/","url":"https:\/\/stazionebricolor.com\/index.php\/prodotto\/titan-focus-500-ce-pistola-professionale-hvlp-elettrica-spruzzo-verniciare-metallo-legno-muri-colorificio-online-altamura\/","name":"Pistola Verniciante Elettrica Titan Focus 500 \u2013 Finiture Perfette","isPartOf":{"@id":"https:\/\/stazionebricolor.com\/#website"},"primaryImageOfPage":{"@id":"https:\/\/stazionebricolor.com\/index.php\/prodotto\/titan-focus-500-ce-pistola-professionale-hvlp-elettrica-spruzzo-verniciare-metallo-legno-muri-colorificio-online-altamura\/#primaryimage"},"image":{"@id":"https:\/\/stazionebricolor.com\/index.php\/prodotto\/titan-focus-500-ce-pistola-professionale-hvlp-elettrica-spruzzo-verniciare-metallo-legno-muri-colorificio-online-altamura\/#primaryimage"},"thumbnailUrl":"https:\/\/stazionebricolor.com\/wp-content\/uploads\/2024\/07\/Titan-Focus-500.png","datePublished":"2024-07-03T07:38:59+00:00","dateModified":"2025-06-09T08:29:32+00:00","description":"Pistola verniciante elettrica professionale Titan Focus 500: prestazioni top per finiture con smalti e idropitture. Acquista ora la gamma completa!","breadcrumb":{"@id":"https:\/\/stazionebricolor.com\/index.php\/prodotto\/titan-focus-500-ce-pistola-professionale-hvlp-elettrica-spruzzo-verniciare-metallo-legno-muri-colorificio-online-altamura\/#breadcrumb"},"inLanguage":"it-IT","potentialAction":[{"@type":"ReadAction","target":["https:\/\/stazionebricolor.com\/index.php\/prodotto\/titan-focus-500-ce-pistola-professionale-hvlp-elettrica-spruzzo-verniciare-metallo-legno-muri-colorificio-online-altamura\/"]}]},{"@type":"ImageObject","inLanguage":"it-IT","@id":"https:\/\/stazionebricolor.com\/index.php\/prodotto\/titan-focus-500-ce-pistola-professionale-hvlp-elettrica-spruzzo-verniciare-metallo-legno-muri-colorificio-online-altamura\/#primaryimage","url":"https:\/\/stazionebricolor.com\/wp-content\/uploads\/2024\/07\/Titan-Focus-500.png","contentUrl":"https:\/\/stazionebricolor.com\/wp-content\/uploads\/2024\/07\/Titan-Focus-500.png","width":1154,"height":1136,"caption":"Pistola verniciante elettrica professionale Titan Focus 500"},{"@type":"BreadcrumbList","@id":"https:\/\/stazionebricolor.com\/index.php\/prodotto\/titan-focus-500-ce-pistola-professionale-hvlp-elettrica-spruzzo-verniciare-metallo-legno-muri-colorificio-online-altamura\/#breadcrumb","itemListElement":[{"@type":"ListItem","position":1,"name":"Home","item":"https:\/\/stazionebricolor.com\/"},{"@type":"ListItem","position":2,"name":"Shop","item":"https:\/\/stazionebricolor.com\/"},{"@type":"ListItem","position":3,"name":"Pistola Verniciante Elettrica Titan Focus 500 \u2013 Finiture Perfette"}]},{"@type":"WebSite","@id":"https:\/\/stazionebricolor.com\/#website","url":"https:\/\/stazionebricolor.com\/","name":"Stazione Bricolor","description":"Colorare casa non \u00e8 mai stato cos\u00ec semplice","publisher":{"@id":"https:\/\/stazionebricolor.com\/#organization"},"potentialAction":[{"@type":"SearchAction","target":{"@type":"EntryPoint","urlTemplate":"https:\/\/stazionebricolor.com\/?s={search_term_string}"},"query-input":{"@type":"PropertyValueSpecification","valueRequired":true,"valueName":"search_term_string"}}],"inLanguage":"it-IT"},{"@type":"Organization","@id":"https:\/\/stazionebricolor.com\/#organization","name":"Stazione Bricolor","url":"https:\/\/stazionebricolor.com\/","logo":{"@type":"ImageObject","inLanguage":"it-IT","@id":"https:\/\/stazionebricolor.com\/#\/schema\/logo\/image\/","url":"https:\/\/stazionebricolor.com\/wp-content\/uploads\/2024\/06\/cropped-stazionebricoloricona-1.png","contentUrl":"https:\/\/stazionebricolor.com\/wp-content\/uploads\/2024\/06\/cropped-stazionebricoloricona-1.png","width":520,"height":292,"caption":"Stazione Bricolor"},"image":{"@id":"https:\/\/stazionebricolor.com\/#\/schema\/logo\/image\/"}}]}},"_links":{"self":[{"href":"https:\/\/stazionebricolor.com\/index.php\/wp-json\/wp\/v2\/product\/1144","targetHints":{"allow":["GET"]}}],"collection":[{"href":"https:\/\/stazionebricolor.com\/index.php\/wp-json\/wp\/v2\/product"}],"about":[{"href":"https:\/\/stazionebricolor.com\/index.php\/wp-json\/wp\/v2\/types\/product"}],"replies":[{"embeddable":true,"href":"https:\/\/stazionebricolor.com\/index.php\/wp-json\/wp\/v2\/comments?post=1144"}],"wp:featuredmedia":[{"embeddable":true,"href":"https:\/\/stazionebricolor.com\/index.php\/wp-json\/wp\/v2\/media\/1146"}],"wp:attachment":[{"href":"https:\/\/stazionebricolor.com\/index.php\/wp-json\/wp\/v2\/media?parent=1144"}],"wp:term":[{"taxonomy":"product_brand","embeddable":true,"href":"https:\/\/stazionebricolor.com\/index.php\/wp-json\/wp\/v2\/product_brand?post=1144"},{"taxonomy":"product_cat","embeddable":true,"href":"https:\/\/stazionebricolor.com\/index.php\/wp-json\/wp\/v2\/product_cat?post=1144"},{"taxonomy":"product_tag","embeddable":true,"href":"https:\/\/stazionebricolor.com\/index.php\/wp-json\/wp\/v2\/product_tag?post=1144"}],"curies":[{"name":"wp","href":"https:\/\/api.w.org\/{rel}","templated":true}]}}