{"id":1178,"date":"2024-07-03T15:54:24","date_gmt":"2024-07-03T15:54:24","guid":{"rendered":"https:\/\/stazionebricolor.com\/?post_type=product&#038;p=1178"},"modified":"2025-06-24T08:03:48","modified_gmt":"2025-06-24T08:03:48","slug":"vaccum-cleaner-aspirapolvere-aspiraliquidi-idroaspiratore-professionale-scuotitore-automatico-mirka-deros-colorificio-shop-altamura","status":"publish","type":"product","link":"https:\/\/stazionebricolor.com\/index.php\/prodotto\/vaccum-cleaner-aspirapolvere-aspiraliquidi-idroaspiratore-professionale-scuotitore-automatico-mirka-deros-colorificio-shop-altamura\/","title":{"rendered":"VACCUM CLEANER &#8211; Aspirapolvere professionale"},"content":{"rendered":"<h2 data-start=\"1457\" data-end=\"1523\"><strong data-start=\"1460\" data-end=\"1523\">Aspirapolvere Professionale con Riciclo dell\u2019Acqua \u2013 DP-501<\/strong><\/h2>\n<h3 data-start=\"1525\" data-end=\"1593\"><strong data-start=\"1529\" data-end=\"1593\">Il miglior aspirapolvere professionale per polveri e liquidi<\/strong><\/h3>\n<p data-start=\"1595\" data-end=\"1893\">L\u2019<strong data-start=\"1597\" data-end=\"1658\">aspirapolvere professionale con riciclo dell\u2019acqua DP-501<\/strong> \u00e8 pensato per garantire massima efficienza, versatilit\u00e0 e sostenibilit\u00e0 in ambito industriale o professionale. Grazie al suo <strong data-start=\"1784\" data-end=\"1806\">sistema di riciclo<\/strong>, riduce gli sprechi e consente l\u2019aspirazione a secco o a umido, anche di polveri fini.<\/p>\n<hr data-start=\"1895\" data-end=\"1898\" \/>\n<h3 data-start=\"1900\" data-end=\"1953\"><strong>\u00a0Caratteristiche Tecniche<\/strong><\/h3>\n<ul data-start=\"1954\" data-end=\"2231\">\n<li data-start=\"1954\" data-end=\"2001\">\n<p data-start=\"1956\" data-end=\"2001\"><strong data-start=\"1956\" data-end=\"1969\">Voltaggio<\/strong>: 230\u2013240 V \/ 110 V \u2013 50\/60 Hz<\/p>\n<\/li>\n<li data-start=\"2002\" data-end=\"2050\">\n<p data-start=\"2004\" data-end=\"2050\"><strong data-start=\"2004\" data-end=\"2015\">Potenza<\/strong>: 1600 W, fino a 2000 W con presa<\/p>\n<\/li>\n<li data-start=\"2051\" data-end=\"2090\">\n<p data-start=\"2053\" data-end=\"2090\"><strong data-start=\"2053\" data-end=\"2066\">Serbatoio<\/strong>: capienza da 30 litri<\/p>\n<\/li>\n<li data-start=\"2091\" data-end=\"2123\">\n<p data-start=\"2093\" data-end=\"2123\"><strong data-start=\"2093\" data-end=\"2113\">Rumore contenuto<\/strong>: &lt;78 dB<\/p>\n<\/li>\n<li data-start=\"2124\" data-end=\"2147\">\n<p data-start=\"2126\" data-end=\"2147\"><strong data-start=\"2126\" data-end=\"2145\">Cavo da 4 metri<\/strong><\/p>\n<\/li>\n<li data-start=\"2148\" data-end=\"2187\">\n<p data-start=\"2150\" data-end=\"2187\"><strong data-start=\"2150\" data-end=\"2164\">Dimensioni<\/strong>: 60 \u00d7 37,5 \u00d7 57,5 cm<\/p>\n<\/li>\n<li data-start=\"2188\" data-end=\"2231\">\n<p data-start=\"2190\" data-end=\"2231\"><strong data-start=\"2190\" data-end=\"2198\">Peso<\/strong>: 13,5 kg (netto) \/ 16 kg (lordo)<\/p>\n<\/li>\n<\/ul>\n<hr data-start=\"2233\" data-end=\"2236\" \/>\n<h3 data-start=\"2238\" data-end=\"2262\"><strong>\u00a0Accessori inclusi<\/strong><\/h3>\n<ul data-start=\"2263\" data-end=\"2499\">\n<li data-start=\"2263\" data-end=\"2298\">\n<p data-start=\"2265\" data-end=\"2298\">Spazzola quadrata lunga \u2013 32 mm<\/p>\n<\/li>\n<li data-start=\"2299\" data-end=\"2327\">\n<p data-start=\"2301\" data-end=\"2327\">Spazzola rotonda \u2013 32 mm<\/p>\n<\/li>\n<li data-start=\"2328\" data-end=\"2361\">\n<p data-start=\"2330\" data-end=\"2361\">Strumento per fessure \u2013 32 mm<\/p>\n<\/li>\n<li data-start=\"2362\" data-end=\"2396\">\n<p data-start=\"2364\" data-end=\"2396\">Tubo flessibile da 2 m \u2013 32 mm<\/p>\n<\/li>\n<li data-start=\"2397\" data-end=\"2429\">\n<p data-start=\"2399\" data-end=\"2429\">Prolunghe in metallo \u2013 32 mm<\/p>\n<\/li>\n<li data-start=\"2430\" data-end=\"2464\">\n<p data-start=\"2432\" data-end=\"2464\">Filtro HEPA + filtro in spugna<\/p>\n<\/li>\n<li data-start=\"2465\" data-end=\"2499\">\n<p data-start=\"2467\" data-end=\"2499\">Sacchetto in tessuto non tessuto<\/p>\n<\/li>\n<\/ul>\n<hr data-start=\"2501\" data-end=\"2504\" \/>\n<h3 data-start=\"2506\" data-end=\"2528\">\u00a0<strong>Usi consigliati<\/strong><\/h3>\n<p data-start=\"2529\" data-end=\"2624\">Perfetto per chi cerca un <strong data-start=\"2555\" data-end=\"2602\">aspirapolvere con filtro HEPA<\/strong> e grande versatilit\u00e0:<\/p>\n<ul data-start=\"2625\" data-end=\"2766\">\n<li data-start=\"2625\" data-end=\"2673\">\n<p data-start=\"2627\" data-end=\"2673\">Collegamento a <strong data-start=\"2642\" data-end=\"2673\">levigatrici per cartongesso<\/strong><\/p>\n<\/li>\n<li data-start=\"2674\" data-end=\"2729\">\n<p data-start=\"2676\" data-end=\"2729\">Lavorazione su <strong data-start=\"2691\" data-end=\"2729\">legno e superfici automobilistiche<\/strong><\/p>\n<\/li>\n<li data-start=\"2730\" data-end=\"2766\">\n<p data-start=\"2732\" data-end=\"2766\">Aspirazione liquidi e polveri fini<\/p>\n<\/li>\n<\/ul>\n","protected":false},"excerpt":{"rendered":"<p>Aspirapolvere Professionale con Riciclo dell\u2019Acqua \u2013 DP-501 Il miglior aspirapolvere professionale per polveri e liquidi L\u2019aspirapolvere professionale con riciclo dell\u2019acqua DP-501 \u00e8 pensato per garantire massima efficienza, versatilit\u00e0 e sostenibilit\u00e0 in ambito industriale o professionale. Grazie al suo sistema di riciclo, riduce gli sprechi e consente l\u2019aspirazione a secco o a umido, anche di polveri [&hellip;]<\/p>\n","protected":false},"featured_media":1191,"comment_status":"open","ping_status":"closed","template":"","meta":{"om_disable_all_campaigns":false,"_monsterinsights_skip_tracking":false,"_monsterinsights_sitenote_active":false,"_monsterinsights_sitenote_note":"","_monsterinsights_sitenote_category":0,"_joinchat":[]},"product_brand":[3435],"product_cat":[34,99],"product_tag":[1041,790,791,793,792],"class_list":{"0":"post-1178","1":"product","2":"type-product","3":"status-publish","4":"has-post-thumbnail","6":"product_brand-promo-limitata","7":"product_cat-pantaloni-palette-altamura-colorificio","8":"product_cat-levigatrice-airless-aerografo-pistola-smerigliatrice-compressore","9":"product_tag-aspiraliquidi","10":"product_tag-aspirapolvere","11":"product_tag-idroaspiratore","12":"product_tag-mirka","13":"product_tag-professionale","15":"first","16":"instock","17":"sale","18":"taxable","19":"shipping-taxable","20":"purchasable","21":"product-type-simple"},"yoast_head":"<!-- This site is optimized with the Yoast SEO plugin v26.5 - https:\/\/yoast.com\/wordpress\/plugins\/seo\/ -->\n<title>VACCUM CLEANER - Aspirapolvere professionale - Stazione Bricolor<\/title>\n<meta name=\"description\" content=\"Aspirapolvere professionale DP-501 con riciclo acqua, ideale per levigatrici e aspirazione umido\/secco. Potente, silenzioso, versatile\" \/>\n<meta name=\"robots\" content=\"index, follow, max-snippet:-1, max-image-preview:large, max-video-preview:-1\" \/>\n<link rel=\"canonical\" href=\"https:\/\/stazionebricolor.com\/index.php\/prodotto\/vaccum-cleaner-aspirapolvere-aspiraliquidi-idroaspiratore-professionale-scuotitore-automatico-mirka-deros-colorificio-shop-altamura\/\" \/>\n<meta property=\"og:locale\" content=\"it_IT\" \/>\n<meta property=\"og:type\" content=\"article\" \/>\n<meta property=\"og:title\" content=\"VACCUM CLEANER - Aspirapolvere professionale - Stazione Bricolor\" \/>\n<meta property=\"og:description\" content=\"Aspirapolvere professionale DP-501 con riciclo acqua, ideale per levigatrici e aspirazione umido\/secco. Potente, silenzioso, versatile\" \/>\n<meta property=\"og:url\" content=\"https:\/\/stazionebricolor.com\/index.php\/prodotto\/vaccum-cleaner-aspirapolvere-aspiraliquidi-idroaspiratore-professionale-scuotitore-automatico-mirka-deros-colorificio-shop-altamura\/\" \/>\n<meta property=\"og:site_name\" content=\"Stazione Bricolor\" \/>\n<meta property=\"article:modified_time\" content=\"2025-06-24T08:03:48+00:00\" \/>\n<meta property=\"og:image\" content=\"https:\/\/stazionebricolor.com\/wp-content\/uploads\/2024\/07\/VACUUM-CLEANER-1.png\" \/>\n\t<meta property=\"og:image:width\" content=\"1157\" \/>\n\t<meta property=\"og:image:height\" content=\"1137\" \/>\n\t<meta property=\"og:image:type\" content=\"image\/png\" \/>\n<meta name=\"twitter:card\" content=\"summary_large_image\" \/>\n<meta name=\"twitter:label1\" content=\"Tempo di lettura stimato\" \/>\n\t<meta name=\"twitter:data1\" content=\"2 minuti\" \/>\n<script type=\"application\/ld+json\" class=\"yoast-schema-graph\">{\"@context\":\"https:\/\/schema.org\",\"@graph\":[{\"@type\":\"WebPage\",\"@id\":\"https:\/\/stazionebricolor.com\/index.php\/prodotto\/vaccum-cleaner-aspirapolvere-aspiraliquidi-idroaspiratore-professionale-scuotitore-automatico-mirka-deros-colorificio-shop-altamura\/\",\"url\":\"https:\/\/stazionebricolor.com\/index.php\/prodotto\/vaccum-cleaner-aspirapolvere-aspiraliquidi-idroaspiratore-professionale-scuotitore-automatico-mirka-deros-colorificio-shop-altamura\/\",\"name\":\"VACCUM CLEANER - Aspirapolvere professionale - Stazione Bricolor\",\"isPartOf\":{\"@id\":\"https:\/\/stazionebricolor.com\/#website\"},\"primaryImageOfPage\":{\"@id\":\"https:\/\/stazionebricolor.com\/index.php\/prodotto\/vaccum-cleaner-aspirapolvere-aspiraliquidi-idroaspiratore-professionale-scuotitore-automatico-mirka-deros-colorificio-shop-altamura\/#primaryimage\"},\"image\":{\"@id\":\"https:\/\/stazionebricolor.com\/index.php\/prodotto\/vaccum-cleaner-aspirapolvere-aspiraliquidi-idroaspiratore-professionale-scuotitore-automatico-mirka-deros-colorificio-shop-altamura\/#primaryimage\"},\"thumbnailUrl\":\"https:\/\/stazionebricolor.com\/wp-content\/uploads\/2024\/07\/VACUUM-CLEANER-1.png\",\"datePublished\":\"2024-07-03T15:54:24+00:00\",\"dateModified\":\"2025-06-24T08:03:48+00:00\",\"description\":\"Aspirapolvere professionale DP-501 con riciclo acqua, ideale per levigatrici e aspirazione umido\/secco. Potente, silenzioso, versatile\",\"breadcrumb\":{\"@id\":\"https:\/\/stazionebricolor.com\/index.php\/prodotto\/vaccum-cleaner-aspirapolvere-aspiraliquidi-idroaspiratore-professionale-scuotitore-automatico-mirka-deros-colorificio-shop-altamura\/#breadcrumb\"},\"inLanguage\":\"it-IT\",\"potentialAction\":[{\"@type\":\"ReadAction\",\"target\":[\"https:\/\/stazionebricolor.com\/index.php\/prodotto\/vaccum-cleaner-aspirapolvere-aspiraliquidi-idroaspiratore-professionale-scuotitore-automatico-mirka-deros-colorificio-shop-altamura\/\"]}]},{\"@type\":\"ImageObject\",\"inLanguage\":\"it-IT\",\"@id\":\"https:\/\/stazionebricolor.com\/index.php\/prodotto\/vaccum-cleaner-aspirapolvere-aspiraliquidi-idroaspiratore-professionale-scuotitore-automatico-mirka-deros-colorificio-shop-altamura\/#primaryimage\",\"url\":\"https:\/\/stazionebricolor.com\/wp-content\/uploads\/2024\/07\/VACUUM-CLEANER-1.png\",\"contentUrl\":\"https:\/\/stazionebricolor.com\/wp-content\/uploads\/2024\/07\/VACUUM-CLEANER-1.png\",\"width\":1157,\"height\":1137,\"caption\":\"aspirapolvere professionale\"},{\"@type\":\"BreadcrumbList\",\"@id\":\"https:\/\/stazionebricolor.com\/index.php\/prodotto\/vaccum-cleaner-aspirapolvere-aspiraliquidi-idroaspiratore-professionale-scuotitore-automatico-mirka-deros-colorificio-shop-altamura\/#breadcrumb\",\"itemListElement\":[{\"@type\":\"ListItem\",\"position\":1,\"name\":\"Home\",\"item\":\"https:\/\/stazionebricolor.com\/\"},{\"@type\":\"ListItem\",\"position\":2,\"name\":\"Shop\",\"item\":\"https:\/\/stazionebricolor.com\/\"},{\"@type\":\"ListItem\",\"position\":3,\"name\":\"VACCUM CLEANER &#8211; Aspirapolvere professionale\"}]},{\"@type\":\"WebSite\",\"@id\":\"https:\/\/stazionebricolor.com\/#website\",\"url\":\"https:\/\/stazionebricolor.com\/\",\"name\":\"Stazione Bricolor\",\"description\":\"Colorare casa non \u00e8 mai stato cos\u00ec semplice\",\"publisher\":{\"@id\":\"https:\/\/stazionebricolor.com\/#organization\"},\"potentialAction\":[{\"@type\":\"SearchAction\",\"target\":{\"@type\":\"EntryPoint\",\"urlTemplate\":\"https:\/\/stazionebricolor.com\/?s={search_term_string}\"},\"query-input\":{\"@type\":\"PropertyValueSpecification\",\"valueRequired\":true,\"valueName\":\"search_term_string\"}}],\"inLanguage\":\"it-IT\"},{\"@type\":\"Organization\",\"@id\":\"https:\/\/stazionebricolor.com\/#organization\",\"name\":\"Stazione Bricolor\",\"url\":\"https:\/\/stazionebricolor.com\/\",\"logo\":{\"@type\":\"ImageObject\",\"inLanguage\":\"it-IT\",\"@id\":\"https:\/\/stazionebricolor.com\/#\/schema\/logo\/image\/\",\"url\":\"https:\/\/stazionebricolor.com\/wp-content\/uploads\/2024\/06\/cropped-stazionebricoloricona-1.png\",\"contentUrl\":\"https:\/\/stazionebricolor.com\/wp-content\/uploads\/2024\/06\/cropped-stazionebricoloricona-1.png\",\"width\":520,\"height\":292,\"caption\":\"Stazione Bricolor\"},\"image\":{\"@id\":\"https:\/\/stazionebricolor.com\/#\/schema\/logo\/image\/\"}}]}<\/script>\n<!-- \/ Yoast SEO plugin. -->","yoast_head_json":{"title":"VACCUM CLEANER - Aspirapolvere professionale - Stazione Bricolor","description":"Aspirapolvere professionale DP-501 con riciclo acqua, ideale per levigatrici e aspirazione umido\/secco. Potente, silenzioso, versatile","robots":{"index":"index","follow":"follow","max-snippet":"max-snippet:-1","max-image-preview":"max-image-preview:large","max-video-preview":"max-video-preview:-1"},"canonical":"https:\/\/stazionebricolor.com\/index.php\/prodotto\/vaccum-cleaner-aspirapolvere-aspiraliquidi-idroaspiratore-professionale-scuotitore-automatico-mirka-deros-colorificio-shop-altamura\/","og_locale":"it_IT","og_type":"article","og_title":"VACCUM CLEANER - Aspirapolvere professionale - Stazione Bricolor","og_description":"Aspirapolvere professionale DP-501 con riciclo acqua, ideale per levigatrici e aspirazione umido\/secco. Potente, silenzioso, versatile","og_url":"https:\/\/stazionebricolor.com\/index.php\/prodotto\/vaccum-cleaner-aspirapolvere-aspiraliquidi-idroaspiratore-professionale-scuotitore-automatico-mirka-deros-colorificio-shop-altamura\/","og_site_name":"Stazione Bricolor","article_modified_time":"2025-06-24T08:03:48+00:00","og_image":[{"width":1157,"height":1137,"url":"https:\/\/stazionebricolor.com\/wp-content\/uploads\/2024\/07\/VACUUM-CLEANER-1.png","type":"image\/png"}],"twitter_card":"summary_large_image","twitter_misc":{"Tempo di lettura stimato":"2 minuti"},"schema":{"@context":"https:\/\/schema.org","@graph":[{"@type":"WebPage","@id":"https:\/\/stazionebricolor.com\/index.php\/prodotto\/vaccum-cleaner-aspirapolvere-aspiraliquidi-idroaspiratore-professionale-scuotitore-automatico-mirka-deros-colorificio-shop-altamura\/","url":"https:\/\/stazionebricolor.com\/index.php\/prodotto\/vaccum-cleaner-aspirapolvere-aspiraliquidi-idroaspiratore-professionale-scuotitore-automatico-mirka-deros-colorificio-shop-altamura\/","name":"VACCUM CLEANER - Aspirapolvere professionale - Stazione Bricolor","isPartOf":{"@id":"https:\/\/stazionebricolor.com\/#website"},"primaryImageOfPage":{"@id":"https:\/\/stazionebricolor.com\/index.php\/prodotto\/vaccum-cleaner-aspirapolvere-aspiraliquidi-idroaspiratore-professionale-scuotitore-automatico-mirka-deros-colorificio-shop-altamura\/#primaryimage"},"image":{"@id":"https:\/\/stazionebricolor.com\/index.php\/prodotto\/vaccum-cleaner-aspirapolvere-aspiraliquidi-idroaspiratore-professionale-scuotitore-automatico-mirka-deros-colorificio-shop-altamura\/#primaryimage"},"thumbnailUrl":"https:\/\/stazionebricolor.com\/wp-content\/uploads\/2024\/07\/VACUUM-CLEANER-1.png","datePublished":"2024-07-03T15:54:24+00:00","dateModified":"2025-06-24T08:03:48+00:00","description":"Aspirapolvere professionale DP-501 con riciclo acqua, ideale per levigatrici e aspirazione umido\/secco. Potente, silenzioso, versatile","breadcrumb":{"@id":"https:\/\/stazionebricolor.com\/index.php\/prodotto\/vaccum-cleaner-aspirapolvere-aspiraliquidi-idroaspiratore-professionale-scuotitore-automatico-mirka-deros-colorificio-shop-altamura\/#breadcrumb"},"inLanguage":"it-IT","potentialAction":[{"@type":"ReadAction","target":["https:\/\/stazionebricolor.com\/index.php\/prodotto\/vaccum-cleaner-aspirapolvere-aspiraliquidi-idroaspiratore-professionale-scuotitore-automatico-mirka-deros-colorificio-shop-altamura\/"]}]},{"@type":"ImageObject","inLanguage":"it-IT","@id":"https:\/\/stazionebricolor.com\/index.php\/prodotto\/vaccum-cleaner-aspirapolvere-aspiraliquidi-idroaspiratore-professionale-scuotitore-automatico-mirka-deros-colorificio-shop-altamura\/#primaryimage","url":"https:\/\/stazionebricolor.com\/wp-content\/uploads\/2024\/07\/VACUUM-CLEANER-1.png","contentUrl":"https:\/\/stazionebricolor.com\/wp-content\/uploads\/2024\/07\/VACUUM-CLEANER-1.png","width":1157,"height":1137,"caption":"aspirapolvere professionale"},{"@type":"BreadcrumbList","@id":"https:\/\/stazionebricolor.com\/index.php\/prodotto\/vaccum-cleaner-aspirapolvere-aspiraliquidi-idroaspiratore-professionale-scuotitore-automatico-mirka-deros-colorificio-shop-altamura\/#breadcrumb","itemListElement":[{"@type":"ListItem","position":1,"name":"Home","item":"https:\/\/stazionebricolor.com\/"},{"@type":"ListItem","position":2,"name":"Shop","item":"https:\/\/stazionebricolor.com\/"},{"@type":"ListItem","position":3,"name":"VACCUM CLEANER &#8211; Aspirapolvere professionale"}]},{"@type":"WebSite","@id":"https:\/\/stazionebricolor.com\/#website","url":"https:\/\/stazionebricolor.com\/","name":"Stazione Bricolor","description":"Colorare casa non \u00e8 mai stato cos\u00ec semplice","publisher":{"@id":"https:\/\/stazionebricolor.com\/#organization"},"potentialAction":[{"@type":"SearchAction","target":{"@type":"EntryPoint","urlTemplate":"https:\/\/stazionebricolor.com\/?s={search_term_string}"},"query-input":{"@type":"PropertyValueSpecification","valueRequired":true,"valueName":"search_term_string"}}],"inLanguage":"it-IT"},{"@type":"Organization","@id":"https:\/\/stazionebricolor.com\/#organization","name":"Stazione Bricolor","url":"https:\/\/stazionebricolor.com\/","logo":{"@type":"ImageObject","inLanguage":"it-IT","@id":"https:\/\/stazionebricolor.com\/#\/schema\/logo\/image\/","url":"https:\/\/stazionebricolor.com\/wp-content\/uploads\/2024\/06\/cropped-stazionebricoloricona-1.png","contentUrl":"https:\/\/stazionebricolor.com\/wp-content\/uploads\/2024\/06\/cropped-stazionebricoloricona-1.png","width":520,"height":292,"caption":"Stazione Bricolor"},"image":{"@id":"https:\/\/stazionebricolor.com\/#\/schema\/logo\/image\/"}}]}},"_links":{"self":[{"href":"https:\/\/stazionebricolor.com\/index.php\/wp-json\/wp\/v2\/product\/1178","targetHints":{"allow":["GET"]}}],"collection":[{"href":"https:\/\/stazionebricolor.com\/index.php\/wp-json\/wp\/v2\/product"}],"about":[{"href":"https:\/\/stazionebricolor.com\/index.php\/wp-json\/wp\/v2\/types\/product"}],"replies":[{"embeddable":true,"href":"https:\/\/stazionebricolor.com\/index.php\/wp-json\/wp\/v2\/comments?post=1178"}],"wp:featuredmedia":[{"embeddable":true,"href":"https:\/\/stazionebricolor.com\/index.php\/wp-json\/wp\/v2\/media\/1191"}],"wp:attachment":[{"href":"https:\/\/stazionebricolor.com\/index.php\/wp-json\/wp\/v2\/media?parent=1178"}],"wp:term":[{"taxonomy":"product_brand","embeddable":true,"href":"https:\/\/stazionebricolor.com\/index.php\/wp-json\/wp\/v2\/product_brand?post=1178"},{"taxonomy":"product_cat","embeddable":true,"href":"https:\/\/stazionebricolor.com\/index.php\/wp-json\/wp\/v2\/product_cat?post=1178"},{"taxonomy":"product_tag","embeddable":true,"href":"https:\/\/stazionebricolor.com\/index.php\/wp-json\/wp\/v2\/product_tag?post=1178"}],"curies":[{"name":"wp","href":"https:\/\/api.w.org\/{rel}","templated":true}]}}