{"id":1240,"date":"2024-07-09T14:21:14","date_gmt":"2024-07-09T14:21:14","guid":{"rendered":"https:\/\/stazionebricolor.com\/?post_type=product&#038;p=1240"},"modified":"2026-01-21T11:37:19","modified_gmt":"2026-01-21T11:37:19","slug":"crystal-plus-settet-pittura-acrilsilossanica-antialga-esterna-qualia-miglior-prezzo-colorificio-puglia-italia-online","status":"publish","type":"product","link":"https:\/\/stazionebricolor.com\/index.php\/prodotto\/crystal-plus-settet-pittura-acrilsilossanica-antialga-esterna-qualia-miglior-prezzo-colorificio-puglia-italia-online\/","title":{"rendered":"CRYSTAL PLUS &#8211; Pittura Acrilsilossanica Traspirante"},"content":{"rendered":"<div class=\"elementor-element elementor-element-6b8d11c4 elementor-widget elementor-widget-heading\" data-id=\"6b8d11c4\" data-element_type=\"widget\" data-widget_type=\"heading.default\">\n<div class=\"elementor-widget-container\"><\/div>\n<\/div>\n<div class=\"elementor-element elementor-element-4f4f3625 elementor-widget elementor-widget-theme-post-content\" data-id=\"4f4f3625\" data-element_type=\"widget\" data-widget_type=\"theme-post-content.default\">\n<div class=\"elementor-widget-container\">\n<h2 data-start=\"910\" data-end=\"988\"><strong>Pittura Acrilsilossanica Traspirante con Protezione Antialghe e Antifungina<\/strong><\/h2>\n<p data-start=\"990\" data-end=\"1343\">La <strong data-start=\"993\" data-end=\"1033\">pittura acrilsilossanica traspirante<\/strong> \u00e8 una finitura ad alte prestazioni, arricchita con farina di quarzo che migliora la resa e la durata del prodotto. Questo rivestimento \u00e8 specificamente formulato per garantire una <strong data-start=\"1214\" data-end=\"1238\">buona traspirabilit\u00e0<\/strong> delle superfici trattate, evitando problemi di umidit\u00e0 e permettendo la naturale fuoriuscita del vapore.<\/p>\n<p data-start=\"1345\" data-end=\"1560\">Grazie ai preservanti contenuti nella sua formulazione, questa pittura offre una protezione preventiva efficace contro la formazione di <strong data-start=\"1481\" data-end=\"1499\">alghe e funghi<\/strong>, mantenendo la parete esterna pulita e resistente nel tempo.<\/p>\n<hr data-start=\"1562\" data-end=\"1565\" \/>\n<h3 data-start=\"1567\" data-end=\"1598\"><strong>Caratteristiche principali:<\/strong><\/h3>\n<ul data-start=\"1600\" data-end=\"1997\">\n<li data-start=\"1600\" data-end=\"1681\">\n<p data-start=\"1602\" data-end=\"1681\"><strong data-start=\"1602\" data-end=\"1633\">Alta resistenza agli alcali<\/strong> e agli agenti atmosferici, ideale per esterni<\/p>\n<\/li>\n<li data-start=\"1682\" data-end=\"1793\">\n<p data-start=\"1684\" data-end=\"1793\">Ottima adesione su intonaci civili, malta cementizia, malta bastarda e prefabbricati in calcestruzzo ruvido<\/p>\n<\/li>\n<li data-start=\"1794\" data-end=\"1838\">\n<p data-start=\"1796\" data-end=\"1838\">Facile applicazione con pennello o rullo<\/p>\n<\/li>\n<li data-start=\"1839\" data-end=\"1927\">\n<p data-start=\"1841\" data-end=\"1927\">Disponibile in bianco e nei colori a tintometro della mazzetta Cromology per esterni<\/p>\n<\/li>\n<li data-start=\"1956\" data-end=\"1997\">\n<p data-start=\"1958\" data-end=\"1997\">Ottima lavorabilit\u00e0 e finitura uniforme<\/p>\n<\/li>\n<\/ul>\n<hr data-start=\"1999\" data-end=\"2002\" \/>\n<h3 data-start=\"2004\" data-end=\"2036\"><strong>Modalit\u00e0 d\u2019uso e diluizione:<\/strong><\/h3>\n<ul data-start=\"2038\" data-end=\"2188\">\n<li data-start=\"2038\" data-end=\"2081\">\n<p data-start=\"2040\" data-end=\"2081\">Prima mano: diluire con 10-20% di acqua<\/p>\n<\/li>\n<li data-start=\"2082\" data-end=\"2127\">\n<p data-start=\"2084\" data-end=\"2127\">Seconda mano: diluire con 10-15% di acqua<\/p>\n<\/li>\n<li data-start=\"2128\" data-end=\"2188\">\n<p data-start=\"2130\" data-end=\"2188\">Applicare su superfici pulite, asciutte e prive di polvere<\/p>\n<\/li>\n<\/ul>\n<hr data-start=\"2190\" data-end=\"2193\" \/>\n<h3 data-start=\"2195\" data-end=\"2215\"><strong>Usi consigliati:<\/strong><\/h3>\n<ul data-start=\"2217\" data-end=\"2332\">\n<li data-start=\"2217\" data-end=\"2274\">\n<p data-start=\"2219\" data-end=\"2274\">Pareti esterne di intonaci civili di malta cementizia<\/p>\n<\/li>\n<li data-start=\"2275\" data-end=\"2293\">\n<p data-start=\"2277\" data-end=\"2293\">Malta bastarda<\/p>\n<\/li>\n<li data-start=\"2294\" data-end=\"2332\">\n<p data-start=\"2296\" data-end=\"2332\">Prefabbricati in calcestruzzo ruvido<\/p>\n<\/li>\n<\/ul>\n<hr data-start=\"2334\" data-end=\"2337\" \/>\n<h3 data-start=\"2339\" data-end=\"2363\"><strong>Formati e Resa:<\/strong><\/h3>\n<ul data-start=\"2365\" data-end=\"2397\">\n<li data-start=\"2365\" data-end=\"2397\">\n<p data-start=\"2367\" data-end=\"2397\">Barattoli da 1 L, 5 L e 14 L<\/p>\n<\/li>\n<li>Resa elevata: 6-10 m\u00b2\/L<\/li>\n<\/ul>\n<p><img loading=\"lazy\" decoding=\"async\" class=\"wp-image-204 alignleft\" src=\"https:\/\/stazionebricolor.com\/wp-content\/uploads\/2024\/06\/ICONA-SCHEDE-2.png\" alt=\"\" width=\"37\" height=\"32\" \/><a href=\"https:\/\/stazionebricolor.com\/wp-content\/uploads\/2024\/07\/tecnica-crystal-plus.pdf\">Download Scheda Tecnica (PDF)<\/a><\/p>\n<\/div>\n<\/div>\n<p>&nbsp;<\/p>\n<p><a href=\"https:\/\/stazionebricolor.com\/index.php\/categoria-prodotto\/quarzo-elestomerico-calce-silicato-silossanico-cemento-lesioni-crepe-decorativo\/tintometria-smalti-pitture-rivestimenti-esterni-interni-ral-ncs-pantone\/\"><strong>CONSULTA LA NOSTRA GAMMA DI COLORI<\/strong><\/a><\/p>\n<p><strong>Contattaci per consigli sull\u2019applicazione, sulla scelta del colore o per costruire il ciclo di pittura pi\u00f9 adatto alle tue esigenze.<\/strong><\/p>\n","protected":false},"excerpt":{"rendered":"<p>Pittura Acrilsilossanica Traspirante con Protezione Antialghe e Antifungina La pittura acrilsilossanica traspirante \u00e8 una finitura ad alte prestazioni, arricchita con farina di quarzo che migliora la resa e la durata del prodotto. Questo rivestimento \u00e8 specificamente formulato per garantire una buona traspirabilit\u00e0 delle superfici trattate, evitando problemi di umidit\u00e0 e permettendo la naturale fuoriuscita del [&hellip;]<\/p>\n","protected":false},"featured_media":1261,"comment_status":"open","ping_status":"closed","template":"","meta":{"om_disable_all_campaigns":false,"_monsterinsights_skip_tracking":false,"_monsterinsights_sitenote_active":false,"_monsterinsights_sitenote_note":"","_monsterinsights_sitenote_category":0,"_joinchat":[]},"product_brand":[],"product_cat":[60,27,68],"product_tag":[834,836,181,824,835,831,832,833],"class_list":{"0":"post-1240","1":"product","2":"type-product","3":"status-publish","4":"has-post-thumbnail","6":"product_cat-quarzo-graffiato-spatolato-rivestimento-fibrato-settef","7":"product_cat-quarzo-elestomerico-calce-silicato-silossanico-cemento-lesioni-crepe-decorativo","8":"product_cat-tintometria-smalti-pitture-rivestimenti-esterni-interni-ral-ncs-pantone","9":"product_tag-acrilsilossanico","10":"product_tag-antialga","11":"product_tag-antimuffa","12":"product_tag-cromology","13":"product_tag-crystal-plus","14":"product_tag-pitture-al-quarzo","15":"product_tag-pitture-esterne","16":"product_tag-settef","18":"first","19":"instock","20":"featured","21":"taxable","22":"shipping-taxable","23":"purchasable","24":"product-type-variable"},"yoast_head":"<!-- This site is optimized with the Yoast SEO plugin v26.5 - https:\/\/yoast.com\/wordpress\/plugins\/seo\/ -->\n<title>CRYSTAL PLUS - Pittura Acrilsilossanica Traspirante - Stazione Bricolor<\/title>\n<meta name=\"description\" content=\"Pittura acrilsilossanica traspirante con farina di quarzo, alta resistenza agli agenti atmosferici e protezione preventiva contro alghe e funghi\" \/>\n<meta name=\"robots\" content=\"index, follow, max-snippet:-1, max-image-preview:large, max-video-preview:-1\" \/>\n<link rel=\"canonical\" href=\"https:\/\/stazionebricolor.com\/index.php\/prodotto\/crystal-plus-settet-pittura-acrilsilossanica-antialga-esterna-qualia-miglior-prezzo-colorificio-puglia-italia-online\/\" \/>\n<meta property=\"og:locale\" content=\"it_IT\" \/>\n<meta property=\"og:type\" content=\"article\" \/>\n<meta property=\"og:title\" content=\"CRYSTAL PLUS - Pittura Acrilsilossanica Traspirante - Stazione Bricolor\" \/>\n<meta property=\"og:description\" content=\"Pittura acrilsilossanica traspirante con farina di quarzo, alta resistenza agli agenti atmosferici e protezione preventiva contro alghe e funghi\" \/>\n<meta property=\"og:url\" content=\"https:\/\/stazionebricolor.com\/index.php\/prodotto\/crystal-plus-settet-pittura-acrilsilossanica-antialga-esterna-qualia-miglior-prezzo-colorificio-puglia-italia-online\/\" \/>\n<meta property=\"og:site_name\" content=\"Stazione Bricolor\" \/>\n<meta property=\"article:modified_time\" content=\"2026-01-21T11:37:19+00:00\" \/>\n<meta property=\"og:image\" content=\"https:\/\/stazionebricolor.com\/wp-content\/uploads\/2024\/07\/Crystal-plus-1.png\" \/>\n\t<meta property=\"og:image:width\" content=\"1160\" \/>\n\t<meta property=\"og:image:height\" content=\"1136\" \/>\n\t<meta property=\"og:image:type\" content=\"image\/png\" \/>\n<meta name=\"twitter:card\" content=\"summary_large_image\" \/>\n<meta name=\"twitter:label1\" content=\"Tempo di lettura stimato\" \/>\n\t<meta name=\"twitter:data1\" content=\"2 minuti\" \/>\n<script type=\"application\/ld+json\" class=\"yoast-schema-graph\">{\"@context\":\"https:\/\/schema.org\",\"@graph\":[{\"@type\":\"WebPage\",\"@id\":\"https:\/\/stazionebricolor.com\/index.php\/prodotto\/crystal-plus-settet-pittura-acrilsilossanica-antialga-esterna-qualia-miglior-prezzo-colorificio-puglia-italia-online\/\",\"url\":\"https:\/\/stazionebricolor.com\/index.php\/prodotto\/crystal-plus-settet-pittura-acrilsilossanica-antialga-esterna-qualia-miglior-prezzo-colorificio-puglia-italia-online\/\",\"name\":\"CRYSTAL PLUS - Pittura Acrilsilossanica Traspirante - Stazione Bricolor\",\"isPartOf\":{\"@id\":\"https:\/\/stazionebricolor.com\/#website\"},\"primaryImageOfPage\":{\"@id\":\"https:\/\/stazionebricolor.com\/index.php\/prodotto\/crystal-plus-settet-pittura-acrilsilossanica-antialga-esterna-qualia-miglior-prezzo-colorificio-puglia-italia-online\/#primaryimage\"},\"image\":{\"@id\":\"https:\/\/stazionebricolor.com\/index.php\/prodotto\/crystal-plus-settet-pittura-acrilsilossanica-antialga-esterna-qualia-miglior-prezzo-colorificio-puglia-italia-online\/#primaryimage\"},\"thumbnailUrl\":\"https:\/\/stazionebricolor.com\/wp-content\/uploads\/2024\/07\/Crystal-plus-1.png\",\"datePublished\":\"2024-07-09T14:21:14+00:00\",\"dateModified\":\"2026-01-21T11:37:19+00:00\",\"description\":\"Pittura acrilsilossanica traspirante con farina di quarzo, alta resistenza agli agenti atmosferici e protezione preventiva contro alghe e funghi\",\"breadcrumb\":{\"@id\":\"https:\/\/stazionebricolor.com\/index.php\/prodotto\/crystal-plus-settet-pittura-acrilsilossanica-antialga-esterna-qualia-miglior-prezzo-colorificio-puglia-italia-online\/#breadcrumb\"},\"inLanguage\":\"it-IT\",\"potentialAction\":[{\"@type\":\"ReadAction\",\"target\":[\"https:\/\/stazionebricolor.com\/index.php\/prodotto\/crystal-plus-settet-pittura-acrilsilossanica-antialga-esterna-qualia-miglior-prezzo-colorificio-puglia-italia-online\/\"]}]},{\"@type\":\"ImageObject\",\"inLanguage\":\"it-IT\",\"@id\":\"https:\/\/stazionebricolor.com\/index.php\/prodotto\/crystal-plus-settet-pittura-acrilsilossanica-antialga-esterna-qualia-miglior-prezzo-colorificio-puglia-italia-online\/#primaryimage\",\"url\":\"https:\/\/stazionebricolor.com\/wp-content\/uploads\/2024\/07\/Crystal-plus-1.png\",\"contentUrl\":\"https:\/\/stazionebricolor.com\/wp-content\/uploads\/2024\/07\/Crystal-plus-1.png\",\"width\":1160,\"height\":1136,\"caption\":\"Pittura acrilsilossanica traspirante con protezione antifunghi e antialghe\"},{\"@type\":\"BreadcrumbList\",\"@id\":\"https:\/\/stazionebricolor.com\/index.php\/prodotto\/crystal-plus-settet-pittura-acrilsilossanica-antialga-esterna-qualia-miglior-prezzo-colorificio-puglia-italia-online\/#breadcrumb\",\"itemListElement\":[{\"@type\":\"ListItem\",\"position\":1,\"name\":\"Home\",\"item\":\"https:\/\/stazionebricolor.com\/\"},{\"@type\":\"ListItem\",\"position\":2,\"name\":\"Shop\",\"item\":\"https:\/\/stazionebricolor.com\/\"},{\"@type\":\"ListItem\",\"position\":3,\"name\":\"CRYSTAL PLUS &#8211; Pittura Acrilsilossanica Traspirante\"}]},{\"@type\":\"WebSite\",\"@id\":\"https:\/\/stazionebricolor.com\/#website\",\"url\":\"https:\/\/stazionebricolor.com\/\",\"name\":\"Stazione Bricolor\",\"description\":\"Colorare casa non \u00e8 mai stato cos\u00ec semplice\",\"publisher\":{\"@id\":\"https:\/\/stazionebricolor.com\/#organization\"},\"potentialAction\":[{\"@type\":\"SearchAction\",\"target\":{\"@type\":\"EntryPoint\",\"urlTemplate\":\"https:\/\/stazionebricolor.com\/?s={search_term_string}\"},\"query-input\":{\"@type\":\"PropertyValueSpecification\",\"valueRequired\":true,\"valueName\":\"search_term_string\"}}],\"inLanguage\":\"it-IT\"},{\"@type\":\"Organization\",\"@id\":\"https:\/\/stazionebricolor.com\/#organization\",\"name\":\"Stazione Bricolor\",\"url\":\"https:\/\/stazionebricolor.com\/\",\"logo\":{\"@type\":\"ImageObject\",\"inLanguage\":\"it-IT\",\"@id\":\"https:\/\/stazionebricolor.com\/#\/schema\/logo\/image\/\",\"url\":\"https:\/\/stazionebricolor.com\/wp-content\/uploads\/2024\/06\/cropped-stazionebricoloricona-1.png\",\"contentUrl\":\"https:\/\/stazionebricolor.com\/wp-content\/uploads\/2024\/06\/cropped-stazionebricoloricona-1.png\",\"width\":520,\"height\":292,\"caption\":\"Stazione Bricolor\"},\"image\":{\"@id\":\"https:\/\/stazionebricolor.com\/#\/schema\/logo\/image\/\"}}]}<\/script>\n<!-- \/ Yoast SEO plugin. -->","yoast_head_json":{"title":"CRYSTAL PLUS - Pittura Acrilsilossanica Traspirante - Stazione Bricolor","description":"Pittura acrilsilossanica traspirante con farina di quarzo, alta resistenza agli agenti atmosferici e protezione preventiva contro alghe e funghi","robots":{"index":"index","follow":"follow","max-snippet":"max-snippet:-1","max-image-preview":"max-image-preview:large","max-video-preview":"max-video-preview:-1"},"canonical":"https:\/\/stazionebricolor.com\/index.php\/prodotto\/crystal-plus-settet-pittura-acrilsilossanica-antialga-esterna-qualia-miglior-prezzo-colorificio-puglia-italia-online\/","og_locale":"it_IT","og_type":"article","og_title":"CRYSTAL PLUS - Pittura Acrilsilossanica Traspirante - Stazione Bricolor","og_description":"Pittura acrilsilossanica traspirante con farina di quarzo, alta resistenza agli agenti atmosferici e protezione preventiva contro alghe e funghi","og_url":"https:\/\/stazionebricolor.com\/index.php\/prodotto\/crystal-plus-settet-pittura-acrilsilossanica-antialga-esterna-qualia-miglior-prezzo-colorificio-puglia-italia-online\/","og_site_name":"Stazione Bricolor","article_modified_time":"2026-01-21T11:37:19+00:00","og_image":[{"width":1160,"height":1136,"url":"https:\/\/stazionebricolor.com\/wp-content\/uploads\/2024\/07\/Crystal-plus-1.png","type":"image\/png"}],"twitter_card":"summary_large_image","twitter_misc":{"Tempo di lettura stimato":"2 minuti"},"schema":{"@context":"https:\/\/schema.org","@graph":[{"@type":"WebPage","@id":"https:\/\/stazionebricolor.com\/index.php\/prodotto\/crystal-plus-settet-pittura-acrilsilossanica-antialga-esterna-qualia-miglior-prezzo-colorificio-puglia-italia-online\/","url":"https:\/\/stazionebricolor.com\/index.php\/prodotto\/crystal-plus-settet-pittura-acrilsilossanica-antialga-esterna-qualia-miglior-prezzo-colorificio-puglia-italia-online\/","name":"CRYSTAL PLUS - Pittura Acrilsilossanica Traspirante - Stazione Bricolor","isPartOf":{"@id":"https:\/\/stazionebricolor.com\/#website"},"primaryImageOfPage":{"@id":"https:\/\/stazionebricolor.com\/index.php\/prodotto\/crystal-plus-settet-pittura-acrilsilossanica-antialga-esterna-qualia-miglior-prezzo-colorificio-puglia-italia-online\/#primaryimage"},"image":{"@id":"https:\/\/stazionebricolor.com\/index.php\/prodotto\/crystal-plus-settet-pittura-acrilsilossanica-antialga-esterna-qualia-miglior-prezzo-colorificio-puglia-italia-online\/#primaryimage"},"thumbnailUrl":"https:\/\/stazionebricolor.com\/wp-content\/uploads\/2024\/07\/Crystal-plus-1.png","datePublished":"2024-07-09T14:21:14+00:00","dateModified":"2026-01-21T11:37:19+00:00","description":"Pittura acrilsilossanica traspirante con farina di quarzo, alta resistenza agli agenti atmosferici e protezione preventiva contro alghe e funghi","breadcrumb":{"@id":"https:\/\/stazionebricolor.com\/index.php\/prodotto\/crystal-plus-settet-pittura-acrilsilossanica-antialga-esterna-qualia-miglior-prezzo-colorificio-puglia-italia-online\/#breadcrumb"},"inLanguage":"it-IT","potentialAction":[{"@type":"ReadAction","target":["https:\/\/stazionebricolor.com\/index.php\/prodotto\/crystal-plus-settet-pittura-acrilsilossanica-antialga-esterna-qualia-miglior-prezzo-colorificio-puglia-italia-online\/"]}]},{"@type":"ImageObject","inLanguage":"it-IT","@id":"https:\/\/stazionebricolor.com\/index.php\/prodotto\/crystal-plus-settet-pittura-acrilsilossanica-antialga-esterna-qualia-miglior-prezzo-colorificio-puglia-italia-online\/#primaryimage","url":"https:\/\/stazionebricolor.com\/wp-content\/uploads\/2024\/07\/Crystal-plus-1.png","contentUrl":"https:\/\/stazionebricolor.com\/wp-content\/uploads\/2024\/07\/Crystal-plus-1.png","width":1160,"height":1136,"caption":"Pittura acrilsilossanica traspirante con protezione antifunghi e antialghe"},{"@type":"BreadcrumbList","@id":"https:\/\/stazionebricolor.com\/index.php\/prodotto\/crystal-plus-settet-pittura-acrilsilossanica-antialga-esterna-qualia-miglior-prezzo-colorificio-puglia-italia-online\/#breadcrumb","itemListElement":[{"@type":"ListItem","position":1,"name":"Home","item":"https:\/\/stazionebricolor.com\/"},{"@type":"ListItem","position":2,"name":"Shop","item":"https:\/\/stazionebricolor.com\/"},{"@type":"ListItem","position":3,"name":"CRYSTAL PLUS &#8211; Pittura Acrilsilossanica Traspirante"}]},{"@type":"WebSite","@id":"https:\/\/stazionebricolor.com\/#website","url":"https:\/\/stazionebricolor.com\/","name":"Stazione Bricolor","description":"Colorare casa non \u00e8 mai stato cos\u00ec semplice","publisher":{"@id":"https:\/\/stazionebricolor.com\/#organization"},"potentialAction":[{"@type":"SearchAction","target":{"@type":"EntryPoint","urlTemplate":"https:\/\/stazionebricolor.com\/?s={search_term_string}"},"query-input":{"@type":"PropertyValueSpecification","valueRequired":true,"valueName":"search_term_string"}}],"inLanguage":"it-IT"},{"@type":"Organization","@id":"https:\/\/stazionebricolor.com\/#organization","name":"Stazione Bricolor","url":"https:\/\/stazionebricolor.com\/","logo":{"@type":"ImageObject","inLanguage":"it-IT","@id":"https:\/\/stazionebricolor.com\/#\/schema\/logo\/image\/","url":"https:\/\/stazionebricolor.com\/wp-content\/uploads\/2024\/06\/cropped-stazionebricoloricona-1.png","contentUrl":"https:\/\/stazionebricolor.com\/wp-content\/uploads\/2024\/06\/cropped-stazionebricoloricona-1.png","width":520,"height":292,"caption":"Stazione Bricolor"},"image":{"@id":"https:\/\/stazionebricolor.com\/#\/schema\/logo\/image\/"}}]}},"_links":{"self":[{"href":"https:\/\/stazionebricolor.com\/index.php\/wp-json\/wp\/v2\/product\/1240","targetHints":{"allow":["GET"]}}],"collection":[{"href":"https:\/\/stazionebricolor.com\/index.php\/wp-json\/wp\/v2\/product"}],"about":[{"href":"https:\/\/stazionebricolor.com\/index.php\/wp-json\/wp\/v2\/types\/product"}],"replies":[{"embeddable":true,"href":"https:\/\/stazionebricolor.com\/index.php\/wp-json\/wp\/v2\/comments?post=1240"}],"wp:featuredmedia":[{"embeddable":true,"href":"https:\/\/stazionebricolor.com\/index.php\/wp-json\/wp\/v2\/media\/1261"}],"wp:attachment":[{"href":"https:\/\/stazionebricolor.com\/index.php\/wp-json\/wp\/v2\/media?parent=1240"}],"wp:term":[{"taxonomy":"product_brand","embeddable":true,"href":"https:\/\/stazionebricolor.com\/index.php\/wp-json\/wp\/v2\/product_brand?post=1240"},{"taxonomy":"product_cat","embeddable":true,"href":"https:\/\/stazionebricolor.com\/index.php\/wp-json\/wp\/v2\/product_cat?post=1240"},{"taxonomy":"product_tag","embeddable":true,"href":"https:\/\/stazionebricolor.com\/index.php\/wp-json\/wp\/v2\/product_tag?post=1240"}],"curies":[{"name":"wp","href":"https:\/\/api.w.org\/{rel}","templated":true}]}}