{"id":1255,"date":"2024-07-09T15:32:44","date_gmt":"2024-07-09T15:32:44","guid":{"rendered":"https:\/\/stazionebricolor.com\/?post_type=product&#038;p=1255"},"modified":"2026-03-30T15:51:35","modified_gmt":"2026-03-30T15:51:35","slug":"silisettef-grip-fondo-riempitivo-collegamento-silicato-promotore-pittura-calce-fresco-settef-la-miglior-e-marca-di-pitture-rivestimenti-esterno","status":"publish","type":"product","link":"https:\/\/stazionebricolor.com\/index.php\/prodotto\/silisettef-grip-fondo-riempitivo-collegamento-silicato-promotore-pittura-calce-fresco-settef-la-miglior-e-marca-di-pitture-rivestimenti-esterno\/","title":{"rendered":"SILISETTEF GRIP &#8211; Fondo riempitivo"},"content":{"rendered":"<h2 data-start=\"196\" data-end=\"260\"><strong data-start=\"199\" data-end=\"260\">Fondo Riempitivo Uniformante ai Silicati \u2013 Silisettef Grip<\/strong><\/h2>\n<p data-start=\"262\" data-end=\"650\"><strong data-start=\"262\" data-end=\"280\">Silisettef Grip<\/strong> \u00e8 un fondo uniformante ad alto potere riempitivo, a base di <strong data-start=\"341\" data-end=\"365\">silicato di potassio<\/strong>, studiato per migliorare l\u2019adesione delle finiture minerali su supporti disomogenei o rappezzati. Formulato con pigmenti inorganici, inerti minerali e promotori di adesione, \u00e8 la soluzione ideale per pareti interne ed esterne, soprattutto in interventi di restauro nei centri storici.<\/p>\n<p data-start=\"652\" data-end=\"889\">La sua elevata traspirabilit\u00e0 permette la naturale fuoriuscita del vapore acqueo, prevenendo il distacco delle finiture e mantenendo la salubrit\u00e0 della muratura. \u00c8 inoltre componente certificato ETA nel sistema a cappotto <strong data-start=\"874\" data-end=\"888\">Thermophon<\/strong>.<\/p>\n<h3 data-start=\"891\" data-end=\"922\"><strong>Caratteristiche principali:<\/strong><\/h3>\n<ul data-start=\"924\" data-end=\"1262\">\n<li data-start=\"924\" data-end=\"998\">\n<p data-start=\"926\" data-end=\"998\">Ottima uniformazione del supporto prima dell\u2019applicazione delle finiture<\/p>\n<\/li>\n<li data-start=\"999\" data-end=\"1026\">\n<p data-start=\"1001\" data-end=\"1026\">Elevato potere riempitivo<\/p>\n<\/li>\n<li data-start=\"1027\" data-end=\"1048\">\n<p data-start=\"1029\" data-end=\"1048\">Alta traspirabilit\u00e0<\/p>\n<\/li>\n<li data-start=\"1049\" data-end=\"1142\">\n<p data-start=\"1051\" data-end=\"1142\">Fondo di collegamento ideale per finiture <strong data-start=\"1093\" data-end=\"1109\">silossaniche<\/strong>, <strong data-start=\"1111\" data-end=\"1124\">acriliche<\/strong> e <strong data-start=\"1127\" data-end=\"1142\">ai silicati<\/strong><\/p>\n<\/li>\n<li data-start=\"1143\" data-end=\"1189\">\n<p data-start=\"1145\" data-end=\"1189\">Utilizzabile su superfici interne ed esterne<\/p>\n<\/li>\n<li data-start=\"1190\" data-end=\"1262\">\n<p data-start=\"1192\" data-end=\"1262\">Parte integrante del <strong data-start=\"1213\" data-end=\"1262\">sistema a cappotto Thermophon certificato ETA<\/strong><\/p>\n<\/li>\n<\/ul>\n<hr data-start=\"1264\" data-end=\"1267\" \/>\n<h3 data-start=\"1269\" data-end=\"1301\"><strong>Modalit\u00e0 d\u2019uso e diluizione:<\/strong><\/h3>\n<ul data-start=\"1303\" data-end=\"1469\">\n<li data-start=\"1303\" data-end=\"1352\">\n<p data-start=\"1305\" data-end=\"1352\"><strong data-start=\"1305\" data-end=\"1319\">Diluizione<\/strong>: fino al 15% in volume con acqua<\/p>\n<\/li>\n<li data-start=\"1353\" data-end=\"1413\">\n<p data-start=\"1355\" data-end=\"1413\"><strong data-start=\"1355\" data-end=\"1371\">Applicazione<\/strong>: su superfici pulite, asciutte e coerenti<\/p>\n<\/li>\n<li data-start=\"1414\" data-end=\"1469\">\n<p data-start=\"1416\" data-end=\"1469\"><strong data-start=\"1416\" data-end=\"1440\">Attrezzi consigliati<\/strong>: pennello, rullo o frattazzo<\/p>\n<\/li>\n<\/ul>\n<hr data-start=\"1471\" data-end=\"1474\" \/>\n<h3 data-start=\"1476\" data-end=\"1496\"><strong>Usi consigliati:<\/strong><\/h3>\n<ul data-start=\"1498\" data-end=\"1652\">\n<li data-start=\"1498\" data-end=\"1541\">\n<p data-start=\"1500\" data-end=\"1541\">Intonaci civili rappezzati o mal rifiniti<\/p>\n<\/li>\n<li data-start=\"1542\" data-end=\"1587\">\n<p data-start=\"1544\" data-end=\"1587\">Preparazione per finiture lisce ai silicati<\/p>\n<\/li>\n<li data-start=\"1588\" data-end=\"1631\">\n<p data-start=\"1590\" data-end=\"1631\">Interventi di restauro su edifici storici<\/p>\n<\/li>\n<li data-start=\"1632\" data-end=\"1652\">\n<p data-start=\"1634\" data-end=\"1652\">Interni ed esterni<\/p>\n<\/li>\n<\/ul>\n<hr data-start=\"1654\" data-end=\"1657\" \/>\n<h3 data-start=\"1659\" data-end=\"1678\"><strong>Formati e resa:<\/strong><\/h3>\n<ul data-start=\"1680\" data-end=\"1790\">\n<li data-start=\"1680\" data-end=\"1711\">\n<p data-start=\"1682\" data-end=\"1711\"><strong data-start=\"1682\" data-end=\"1705\">Formato disponibile<\/strong>: 14 L<\/p>\n<\/li>\n<li data-start=\"1712\" data-end=\"1790\">\n<p data-start=\"1714\" data-end=\"1790\"><strong data-start=\"1714\" data-end=\"1722\">Resa<\/strong>: 5\u20136,5 m\u00b2\/L per mano (variabile in base alla porosit\u00e0 del supporto)<\/p>\n<\/li>\n<\/ul>\n<p><img loading=\"lazy\" decoding=\"async\" class=\"wp-image-204 alignleft\" src=\"https:\/\/stazionebricolor.com\/wp-content\/uploads\/2024\/06\/ICONA-SCHEDE-2.png\" alt=\"\" width=\"37\" height=\"32\" \/><a href=\"https:\/\/stazionebricolor.com\/wp-content\/uploads\/2024\/07\/tecnica-silisettef-grip.pdf\">Download Scheda Tecnica (PDF)<\/a><\/p>\n<p data-start=\"1916\" data-end=\"2100\"><a href=\"https:\/\/stazionebricolor.com\/index.php\/categoria-prodotto\/quarzo-elestomerico-calce-silicato-silossanico-cemento-lesioni-crepe-decorativo\/tintometria-smalti-pitture-rivestimenti-esterni-interni-ral-ncs-pantone\/\"><strong>CONSULTA LA NOSTRA GAMMA DI COLORI<\/strong><\/a><\/p>\n<p data-start=\"1916\" data-end=\"2100\"><strong>Contattaci per ricevere assistenza nella scelta del prodotto o per costruire il ciclo pi\u00f9 adatto al tuo progetto.<\/strong><\/p>\n","protected":false},"excerpt":{"rendered":"<p>Fondo Riempitivo Uniformante ai Silicati \u2013 Silisettef Grip Silisettef Grip \u00e8 un fondo uniformante ad alto potere riempitivo, a base di silicato di potassio, studiato per migliorare l\u2019adesione delle finiture minerali su supporti disomogenei o rappezzati. Formulato con pigmenti inorganici, inerti minerali e promotori di adesione, \u00e8 la soluzione ideale per pareti interne ed esterne, [&hellip;]<\/p>\n","protected":false},"featured_media":1259,"comment_status":"open","ping_status":"closed","template":"","meta":{"om_disable_all_campaigns":false,"_monsterinsights_skip_tracking":false,"_monsterinsights_sitenote_active":false,"_monsterinsights_sitenote_note":"","_monsterinsights_sitenote_category":0,"_joinchat":[]},"product_brand":[2511],"product_cat":[66,27,65],"product_tag":[1032,287,843,833,841,840,845,844],"class_list":{"0":"post-1255","1":"product","2":"type-product","3":"status-publish","4":"has-post-thumbnail","6":"product_brand-settef-colorificio-on-line-alta-qualita-garantita-per-facciate-esterne-e-restauro","7":"product_cat-natura-materia-viva-calce-cruda-nhl-cepro-deumidificantre-calcilite","8":"product_cat-quarzo-elestomerico-calce-silicato-silossanico-cemento-lesioni-crepe-decorativo","9":"product_cat-settef-silicio-potassio-grip-connessione-uniformante-pittura-rivestimento-primer-uni","10":"product_tag-collegamento","11":"product_tag-fondo","12":"product_tag-intonaco-a-pennello","13":"product_tag-settef","14":"product_tag-silettef-grip","15":"product_tag-silicato","16":"product_tag-sottofondo-calce","17":"product_tag-uniformante","19":"first","20":"instock","21":"featured","22":"taxable","23":"shipping-taxable","24":"purchasable","25":"product-type-variable"},"yoast_head":"<!-- This site is optimized with the Yoast SEO plugin v26.5 - https:\/\/yoast.com\/wordpress\/plugins\/seo\/ -->\n<title>SILISETTEF GRIP - Fondo riempitivo - Stazione Bricolor<\/title>\n<meta name=\"description\" content=\"Fondo riempitivo ai silicati per interni ed esterni . Alta traspirabilit\u00e0, ottimo per superfici irregolari e restauri.effetto intonaco, promotore d&#039;adesione\" \/>\n<meta name=\"robots\" content=\"index, follow, max-snippet:-1, max-image-preview:large, max-video-preview:-1\" \/>\n<link rel=\"canonical\" href=\"https:\/\/stazionebricolor.com\/index.php\/prodotto\/silisettef-grip-fondo-riempitivo-collegamento-silicato-promotore-pittura-calce-fresco-settef-la-miglior-e-marca-di-pitture-rivestimenti-esterno\/\" \/>\n<meta property=\"og:locale\" content=\"it_IT\" \/>\n<meta property=\"og:type\" content=\"article\" \/>\n<meta property=\"og:title\" content=\"SILISETTEF GRIP - Fondo riempitivo - Stazione Bricolor\" \/>\n<meta property=\"og:description\" content=\"Fondo riempitivo ai silicati per interni ed esterni . Alta traspirabilit\u00e0, ottimo per superfici irregolari e restauri.effetto intonaco, promotore d&#039;adesione\" \/>\n<meta property=\"og:url\" content=\"https:\/\/stazionebricolor.com\/index.php\/prodotto\/silisettef-grip-fondo-riempitivo-collegamento-silicato-promotore-pittura-calce-fresco-settef-la-miglior-e-marca-di-pitture-rivestimenti-esterno\/\" \/>\n<meta property=\"og:site_name\" content=\"Stazione Bricolor\" \/>\n<meta property=\"article:modified_time\" content=\"2026-03-30T15:51:35+00:00\" \/>\n<meta property=\"og:image\" content=\"https:\/\/stazionebricolor.com\/wp-content\/uploads\/2024\/07\/barattolo-settef.png\" \/>\n\t<meta property=\"og:image:width\" content=\"1160\" \/>\n\t<meta property=\"og:image:height\" content=\"1136\" \/>\n\t<meta property=\"og:image:type\" content=\"image\/png\" \/>\n<meta name=\"twitter:card\" content=\"summary_large_image\" \/>\n<meta name=\"twitter:label1\" content=\"Tempo di lettura stimato\" \/>\n\t<meta name=\"twitter:data1\" content=\"2 minuti\" \/>\n<script type=\"application\/ld+json\" class=\"yoast-schema-graph\">{\"@context\":\"https:\/\/schema.org\",\"@graph\":[{\"@type\":\"WebPage\",\"@id\":\"https:\/\/stazionebricolor.com\/index.php\/prodotto\/silisettef-grip-fondo-riempitivo-collegamento-silicato-promotore-pittura-calce-fresco-settef-la-miglior-e-marca-di-pitture-rivestimenti-esterno\/\",\"url\":\"https:\/\/stazionebricolor.com\/index.php\/prodotto\/silisettef-grip-fondo-riempitivo-collegamento-silicato-promotore-pittura-calce-fresco-settef-la-miglior-e-marca-di-pitture-rivestimenti-esterno\/\",\"name\":\"SILISETTEF GRIP - Fondo riempitivo - Stazione Bricolor\",\"isPartOf\":{\"@id\":\"https:\/\/stazionebricolor.com\/#website\"},\"primaryImageOfPage\":{\"@id\":\"https:\/\/stazionebricolor.com\/index.php\/prodotto\/silisettef-grip-fondo-riempitivo-collegamento-silicato-promotore-pittura-calce-fresco-settef-la-miglior-e-marca-di-pitture-rivestimenti-esterno\/#primaryimage\"},\"image\":{\"@id\":\"https:\/\/stazionebricolor.com\/index.php\/prodotto\/silisettef-grip-fondo-riempitivo-collegamento-silicato-promotore-pittura-calce-fresco-settef-la-miglior-e-marca-di-pitture-rivestimenti-esterno\/#primaryimage\"},\"thumbnailUrl\":\"https:\/\/stazionebricolor.com\/wp-content\/uploads\/2024\/07\/barattolo-settef.png\",\"datePublished\":\"2024-07-09T15:32:44+00:00\",\"dateModified\":\"2026-03-30T15:51:35+00:00\",\"description\":\"Fondo riempitivo ai silicati per interni ed esterni . Alta traspirabilit\u00e0, ottimo per superfici irregolari e restauri.effetto intonaco, promotore d'adesione\",\"breadcrumb\":{\"@id\":\"https:\/\/stazionebricolor.com\/index.php\/prodotto\/silisettef-grip-fondo-riempitivo-collegamento-silicato-promotore-pittura-calce-fresco-settef-la-miglior-e-marca-di-pitture-rivestimenti-esterno\/#breadcrumb\"},\"inLanguage\":\"it-IT\",\"potentialAction\":[{\"@type\":\"ReadAction\",\"target\":[\"https:\/\/stazionebricolor.com\/index.php\/prodotto\/silisettef-grip-fondo-riempitivo-collegamento-silicato-promotore-pittura-calce-fresco-settef-la-miglior-e-marca-di-pitture-rivestimenti-esterno\/\"]}]},{\"@type\":\"ImageObject\",\"inLanguage\":\"it-IT\",\"@id\":\"https:\/\/stazionebricolor.com\/index.php\/prodotto\/silisettef-grip-fondo-riempitivo-collegamento-silicato-promotore-pittura-calce-fresco-settef-la-miglior-e-marca-di-pitture-rivestimenti-esterno\/#primaryimage\",\"url\":\"https:\/\/stazionebricolor.com\/wp-content\/uploads\/2024\/07\/barattolo-settef.png\",\"contentUrl\":\"https:\/\/stazionebricolor.com\/wp-content\/uploads\/2024\/07\/barattolo-settef.png\",\"width\":1160,\"height\":1136,\"caption\":\"Fondo riempitivo\"},{\"@type\":\"BreadcrumbList\",\"@id\":\"https:\/\/stazionebricolor.com\/index.php\/prodotto\/silisettef-grip-fondo-riempitivo-collegamento-silicato-promotore-pittura-calce-fresco-settef-la-miglior-e-marca-di-pitture-rivestimenti-esterno\/#breadcrumb\",\"itemListElement\":[{\"@type\":\"ListItem\",\"position\":1,\"name\":\"Home\",\"item\":\"https:\/\/stazionebricolor.com\/\"},{\"@type\":\"ListItem\",\"position\":2,\"name\":\"Shop\",\"item\":\"https:\/\/stazionebricolor.com\/\"},{\"@type\":\"ListItem\",\"position\":3,\"name\":\"SILISETTEF GRIP &#8211; Fondo riempitivo\"}]},{\"@type\":\"WebSite\",\"@id\":\"https:\/\/stazionebricolor.com\/#website\",\"url\":\"https:\/\/stazionebricolor.com\/\",\"name\":\"Stazione Bricolor\",\"description\":\"Colorare casa non \u00e8 mai stato cos\u00ec semplice\",\"publisher\":{\"@id\":\"https:\/\/stazionebricolor.com\/#organization\"},\"potentialAction\":[{\"@type\":\"SearchAction\",\"target\":{\"@type\":\"EntryPoint\",\"urlTemplate\":\"https:\/\/stazionebricolor.com\/?s={search_term_string}\"},\"query-input\":{\"@type\":\"PropertyValueSpecification\",\"valueRequired\":true,\"valueName\":\"search_term_string\"}}],\"inLanguage\":\"it-IT\"},{\"@type\":\"Organization\",\"@id\":\"https:\/\/stazionebricolor.com\/#organization\",\"name\":\"Stazione Bricolor\",\"url\":\"https:\/\/stazionebricolor.com\/\",\"logo\":{\"@type\":\"ImageObject\",\"inLanguage\":\"it-IT\",\"@id\":\"https:\/\/stazionebricolor.com\/#\/schema\/logo\/image\/\",\"url\":\"https:\/\/stazionebricolor.com\/wp-content\/uploads\/2024\/06\/cropped-stazionebricoloricona-1.png\",\"contentUrl\":\"https:\/\/stazionebricolor.com\/wp-content\/uploads\/2024\/06\/cropped-stazionebricoloricona-1.png\",\"width\":520,\"height\":292,\"caption\":\"Stazione Bricolor\"},\"image\":{\"@id\":\"https:\/\/stazionebricolor.com\/#\/schema\/logo\/image\/\"}}]}<\/script>\n<!-- \/ Yoast SEO plugin. -->","yoast_head_json":{"title":"SILISETTEF GRIP - Fondo riempitivo - Stazione Bricolor","description":"Fondo riempitivo ai silicati per interni ed esterni . Alta traspirabilit\u00e0, ottimo per superfici irregolari e restauri.effetto intonaco, promotore d'adesione","robots":{"index":"index","follow":"follow","max-snippet":"max-snippet:-1","max-image-preview":"max-image-preview:large","max-video-preview":"max-video-preview:-1"},"canonical":"https:\/\/stazionebricolor.com\/index.php\/prodotto\/silisettef-grip-fondo-riempitivo-collegamento-silicato-promotore-pittura-calce-fresco-settef-la-miglior-e-marca-di-pitture-rivestimenti-esterno\/","og_locale":"it_IT","og_type":"article","og_title":"SILISETTEF GRIP - Fondo riempitivo - Stazione Bricolor","og_description":"Fondo riempitivo ai silicati per interni ed esterni . Alta traspirabilit\u00e0, ottimo per superfici irregolari e restauri.effetto intonaco, promotore d'adesione","og_url":"https:\/\/stazionebricolor.com\/index.php\/prodotto\/silisettef-grip-fondo-riempitivo-collegamento-silicato-promotore-pittura-calce-fresco-settef-la-miglior-e-marca-di-pitture-rivestimenti-esterno\/","og_site_name":"Stazione Bricolor","article_modified_time":"2026-03-30T15:51:35+00:00","og_image":[{"width":1160,"height":1136,"url":"https:\/\/stazionebricolor.com\/wp-content\/uploads\/2024\/07\/barattolo-settef.png","type":"image\/png"}],"twitter_card":"summary_large_image","twitter_misc":{"Tempo di lettura stimato":"2 minuti"},"schema":{"@context":"https:\/\/schema.org","@graph":[{"@type":"WebPage","@id":"https:\/\/stazionebricolor.com\/index.php\/prodotto\/silisettef-grip-fondo-riempitivo-collegamento-silicato-promotore-pittura-calce-fresco-settef-la-miglior-e-marca-di-pitture-rivestimenti-esterno\/","url":"https:\/\/stazionebricolor.com\/index.php\/prodotto\/silisettef-grip-fondo-riempitivo-collegamento-silicato-promotore-pittura-calce-fresco-settef-la-miglior-e-marca-di-pitture-rivestimenti-esterno\/","name":"SILISETTEF GRIP - Fondo riempitivo - Stazione Bricolor","isPartOf":{"@id":"https:\/\/stazionebricolor.com\/#website"},"primaryImageOfPage":{"@id":"https:\/\/stazionebricolor.com\/index.php\/prodotto\/silisettef-grip-fondo-riempitivo-collegamento-silicato-promotore-pittura-calce-fresco-settef-la-miglior-e-marca-di-pitture-rivestimenti-esterno\/#primaryimage"},"image":{"@id":"https:\/\/stazionebricolor.com\/index.php\/prodotto\/silisettef-grip-fondo-riempitivo-collegamento-silicato-promotore-pittura-calce-fresco-settef-la-miglior-e-marca-di-pitture-rivestimenti-esterno\/#primaryimage"},"thumbnailUrl":"https:\/\/stazionebricolor.com\/wp-content\/uploads\/2024\/07\/barattolo-settef.png","datePublished":"2024-07-09T15:32:44+00:00","dateModified":"2026-03-30T15:51:35+00:00","description":"Fondo riempitivo ai silicati per interni ed esterni . Alta traspirabilit\u00e0, ottimo per superfici irregolari e restauri.effetto intonaco, promotore d'adesione","breadcrumb":{"@id":"https:\/\/stazionebricolor.com\/index.php\/prodotto\/silisettef-grip-fondo-riempitivo-collegamento-silicato-promotore-pittura-calce-fresco-settef-la-miglior-e-marca-di-pitture-rivestimenti-esterno\/#breadcrumb"},"inLanguage":"it-IT","potentialAction":[{"@type":"ReadAction","target":["https:\/\/stazionebricolor.com\/index.php\/prodotto\/silisettef-grip-fondo-riempitivo-collegamento-silicato-promotore-pittura-calce-fresco-settef-la-miglior-e-marca-di-pitture-rivestimenti-esterno\/"]}]},{"@type":"ImageObject","inLanguage":"it-IT","@id":"https:\/\/stazionebricolor.com\/index.php\/prodotto\/silisettef-grip-fondo-riempitivo-collegamento-silicato-promotore-pittura-calce-fresco-settef-la-miglior-e-marca-di-pitture-rivestimenti-esterno\/#primaryimage","url":"https:\/\/stazionebricolor.com\/wp-content\/uploads\/2024\/07\/barattolo-settef.png","contentUrl":"https:\/\/stazionebricolor.com\/wp-content\/uploads\/2024\/07\/barattolo-settef.png","width":1160,"height":1136,"caption":"Fondo riempitivo"},{"@type":"BreadcrumbList","@id":"https:\/\/stazionebricolor.com\/index.php\/prodotto\/silisettef-grip-fondo-riempitivo-collegamento-silicato-promotore-pittura-calce-fresco-settef-la-miglior-e-marca-di-pitture-rivestimenti-esterno\/#breadcrumb","itemListElement":[{"@type":"ListItem","position":1,"name":"Home","item":"https:\/\/stazionebricolor.com\/"},{"@type":"ListItem","position":2,"name":"Shop","item":"https:\/\/stazionebricolor.com\/"},{"@type":"ListItem","position":3,"name":"SILISETTEF GRIP &#8211; Fondo riempitivo"}]},{"@type":"WebSite","@id":"https:\/\/stazionebricolor.com\/#website","url":"https:\/\/stazionebricolor.com\/","name":"Stazione Bricolor","description":"Colorare casa non \u00e8 mai stato cos\u00ec semplice","publisher":{"@id":"https:\/\/stazionebricolor.com\/#organization"},"potentialAction":[{"@type":"SearchAction","target":{"@type":"EntryPoint","urlTemplate":"https:\/\/stazionebricolor.com\/?s={search_term_string}"},"query-input":{"@type":"PropertyValueSpecification","valueRequired":true,"valueName":"search_term_string"}}],"inLanguage":"it-IT"},{"@type":"Organization","@id":"https:\/\/stazionebricolor.com\/#organization","name":"Stazione Bricolor","url":"https:\/\/stazionebricolor.com\/","logo":{"@type":"ImageObject","inLanguage":"it-IT","@id":"https:\/\/stazionebricolor.com\/#\/schema\/logo\/image\/","url":"https:\/\/stazionebricolor.com\/wp-content\/uploads\/2024\/06\/cropped-stazionebricoloricona-1.png","contentUrl":"https:\/\/stazionebricolor.com\/wp-content\/uploads\/2024\/06\/cropped-stazionebricoloricona-1.png","width":520,"height":292,"caption":"Stazione Bricolor"},"image":{"@id":"https:\/\/stazionebricolor.com\/#\/schema\/logo\/image\/"}}]}},"_links":{"self":[{"href":"https:\/\/stazionebricolor.com\/index.php\/wp-json\/wp\/v2\/product\/1255","targetHints":{"allow":["GET"]}}],"collection":[{"href":"https:\/\/stazionebricolor.com\/index.php\/wp-json\/wp\/v2\/product"}],"about":[{"href":"https:\/\/stazionebricolor.com\/index.php\/wp-json\/wp\/v2\/types\/product"}],"replies":[{"embeddable":true,"href":"https:\/\/stazionebricolor.com\/index.php\/wp-json\/wp\/v2\/comments?post=1255"}],"wp:featuredmedia":[{"embeddable":true,"href":"https:\/\/stazionebricolor.com\/index.php\/wp-json\/wp\/v2\/media\/1259"}],"wp:attachment":[{"href":"https:\/\/stazionebricolor.com\/index.php\/wp-json\/wp\/v2\/media?parent=1255"}],"wp:term":[{"taxonomy":"product_brand","embeddable":true,"href":"https:\/\/stazionebricolor.com\/index.php\/wp-json\/wp\/v2\/product_brand?post=1255"},{"taxonomy":"product_cat","embeddable":true,"href":"https:\/\/stazionebricolor.com\/index.php\/wp-json\/wp\/v2\/product_cat?post=1255"},{"taxonomy":"product_tag","embeddable":true,"href":"https:\/\/stazionebricolor.com\/index.php\/wp-json\/wp\/v2\/product_tag?post=1255"}],"curies":[{"name":"wp","href":"https:\/\/api.w.org\/{rel}","templated":true}]}}