{"id":1288,"date":"2024-07-12T14:54:31","date_gmt":"2024-07-12T14:54:31","guid":{"rendered":"https:\/\/stazionebricolor.com\/?post_type=product&#038;p=1288"},"modified":"2025-11-01T02:01:02","modified_gmt":"2025-11-01T02:01:02","slug":"airless-ats-s600-spruzzatore-professionale-fai-da-te-piccoli-lavori-di-verniciatura-basso-costo-vendita-online","status":"publish","type":"product","link":"https:\/\/stazionebricolor.com\/index.php\/prodotto\/airless-ats-s600-spruzzatore-professionale-fai-da-te-piccoli-lavori-di-verniciatura-basso-costo-vendita-online\/","title":{"rendered":"AIRLESS ATS S600 &#8211; Spruzzatore professionale"},"content":{"rendered":"<p>Spruzzatore professionale di vernice adatto per vernici, smalti all&#8217;acqua, idropitture e smalti murali.<\/p>\n<p>Lo spruzzatore airless S600 \u00e8 la soluzione ideale sia per il professionista che intende approcciare per la prima volta il mondo dell\u2019airless sia\u00a0 per chi, gi\u00e0 utilizzando sistemi airless di maggiore potenza, \u00e8 alla ricerca di macchine pi\u00f9 compatte per l\u2019esecuzione di lavori di minori dimensioni con velocit\u00e0 e precisione. Offre ottime prestazioni con il telaio in alluminio che lo rende resistente, compatto, leggero e facile da trasportare.<\/p>\n<p>Design unico ed esclusivo che permette una pulizia automatica del pistone senza la necessit\u00e0 di lubrificazione da parte dell\u2019utente.<\/p>\n<p>Facile controllo della pressione con simboli intuitivi per una semplice selezione delle modalit\u00e0 operative, dalla pulizia a bassa pressione alla spruzzatura ad alta pressione.<\/p>\n<p>Appositamente progettato per un eccellente filtraggio della vernice aspirata.<\/p>\n<h4><strong>CARATTERISTICHE<\/strong><\/h4>\n<hr \/>\n<ul>\n<li>Potenza motore: 650 W<\/li>\n<li>Portata massima (L\/m): 1,4L<\/li>\n<li>Max dimensione ugello: 0,017&#8221;<\/li>\n<li>Max pressione: 200 bar\/ 2900 psi<\/li>\n<li>Max lunghezza tubo: 15 m<\/li>\n<\/ul>\n<h4><strong>DOTAZIONE<\/strong><\/h4>\n<hr \/>\n<ul>\n<li>Pistola X6372 per elevati standard di spruzzatura<\/li>\n<li>\u00a0Ugello 517<\/li>\n<li>Tubo ad alta pressione 1\/4\u201d da 7,5 m<\/li>\n<li>Asta di prolunga da 50 cm<\/li>\n<li>\u00a0Manuale d\u2019uso<\/li>\n<\/ul>\n<p><img loading=\"lazy\" decoding=\"async\" class=\"alignnone\" src=\"https:\/\/www.aserpicosrl.com\/wp-content\/uploads\/2023\/11\/logo-ats.png\" alt=\"logo-ats\" width=\"164\" height=\"80\" \/><\/p>\n","protected":false},"excerpt":{"rendered":"<p>Spruzzatore professionale di vernice adatto per vernici, smalti all&#8217;acqua, idropitture e smalti murali. Lo spruzzatore airless S600 \u00e8 la soluzione ideale sia per il professionista che intende approcciare per la prima volta il mondo dell\u2019airless sia\u00a0 per chi, gi\u00e0 utilizzando sistemi airless di maggiore potenza, \u00e8 alla ricerca di macchine pi\u00f9 compatte per l\u2019esecuzione di [&hellip;]<\/p>\n","protected":false},"featured_media":1285,"comment_status":"open","ping_status":"closed","template":"","meta":{"om_disable_all_campaigns":false,"_monsterinsights_skip_tracking":false,"_monsterinsights_sitenote_active":false,"_monsterinsights_sitenote_note":"","_monsterinsights_sitenote_category":0,"_joinchat":[]},"product_brand":[],"product_cat":[34,99],"product_tag":[781,785,321,856,792,853,782],"class_list":{"0":"post-1288","1":"product","2":"type-product","3":"status-publish","4":"has-post-thumbnail","6":"product_cat-pantaloni-palette-altamura-colorificio","7":"product_cat-levigatrice-airless-aerografo-pistola-smerigliatrice-compressore","8":"product_tag-aerografo","9":"product_tag-airless","10":"product_tag-fai-da-te","11":"product_tag-pompa","12":"product_tag-professionale","13":"product_tag-spruzzatore-vernici","14":"product_tag-verniciare","16":"first","17":"instock","18":"featured","19":"taxable","20":"shipping-taxable","21":"purchasable","22":"product-type-simple"},"yoast_head":"<!-- This site is optimized with the Yoast SEO plugin v26.5 - https:\/\/yoast.com\/wordpress\/plugins\/seo\/ -->\n<title>AIRLESS ATS S600 - Spruzzatore professionale - Stazione Bricolor<\/title>\n<meta name=\"description\" content=\"Spruzzatore adatto per vernici, smalti all&#039;acqua, idropitture e smalti murali. ideale per chi intende approcciare per la prima volta il mondo dell\u2019airless\" \/>\n<meta name=\"robots\" content=\"index, follow, max-snippet:-1, max-image-preview:large, max-video-preview:-1\" \/>\n<link rel=\"canonical\" href=\"https:\/\/stazionebricolor.com\/index.php\/prodotto\/airless-ats-s600-spruzzatore-professionale-fai-da-te-piccoli-lavori-di-verniciatura-basso-costo-vendita-online\/\" \/>\n<meta property=\"og:locale\" content=\"it_IT\" \/>\n<meta property=\"og:type\" content=\"article\" \/>\n<meta property=\"og:title\" content=\"AIRLESS ATS S600 - Spruzzatore professionale - Stazione Bricolor\" \/>\n<meta property=\"og:description\" content=\"Spruzzatore adatto per vernici, smalti all&#039;acqua, idropitture e smalti murali. ideale per chi intende approcciare per la prima volta il mondo dell\u2019airless\" \/>\n<meta property=\"og:url\" content=\"https:\/\/stazionebricolor.com\/index.php\/prodotto\/airless-ats-s600-spruzzatore-professionale-fai-da-te-piccoli-lavori-di-verniciatura-basso-costo-vendita-online\/\" \/>\n<meta property=\"og:site_name\" content=\"Stazione Bricolor\" \/>\n<meta property=\"article:modified_time\" content=\"2025-11-01T02:01:02+00:00\" \/>\n<meta property=\"og:image\" content=\"https:\/\/stazionebricolor.com\/wp-content\/uploads\/2024\/07\/AIRLESS-ATS-S600.png\" \/>\n\t<meta property=\"og:image:width\" content=\"1154\" \/>\n\t<meta property=\"og:image:height\" content=\"1136\" \/>\n\t<meta property=\"og:image:type\" content=\"image\/png\" \/>\n<meta name=\"twitter:card\" content=\"summary_large_image\" \/>\n<meta name=\"twitter:label1\" content=\"Tempo di lettura stimato\" \/>\n\t<meta name=\"twitter:data1\" content=\"2 minuti\" \/>\n<script type=\"application\/ld+json\" class=\"yoast-schema-graph\">{\"@context\":\"https:\/\/schema.org\",\"@graph\":[{\"@type\":\"WebPage\",\"@id\":\"https:\/\/stazionebricolor.com\/index.php\/prodotto\/airless-ats-s600-spruzzatore-professionale-fai-da-te-piccoli-lavori-di-verniciatura-basso-costo-vendita-online\/\",\"url\":\"https:\/\/stazionebricolor.com\/index.php\/prodotto\/airless-ats-s600-spruzzatore-professionale-fai-da-te-piccoli-lavori-di-verniciatura-basso-costo-vendita-online\/\",\"name\":\"AIRLESS ATS S600 - Spruzzatore professionale - Stazione Bricolor\",\"isPartOf\":{\"@id\":\"https:\/\/stazionebricolor.com\/#website\"},\"primaryImageOfPage\":{\"@id\":\"https:\/\/stazionebricolor.com\/index.php\/prodotto\/airless-ats-s600-spruzzatore-professionale-fai-da-te-piccoli-lavori-di-verniciatura-basso-costo-vendita-online\/#primaryimage\"},\"image\":{\"@id\":\"https:\/\/stazionebricolor.com\/index.php\/prodotto\/airless-ats-s600-spruzzatore-professionale-fai-da-te-piccoli-lavori-di-verniciatura-basso-costo-vendita-online\/#primaryimage\"},\"thumbnailUrl\":\"https:\/\/stazionebricolor.com\/wp-content\/uploads\/2024\/07\/AIRLESS-ATS-S600.png\",\"datePublished\":\"2024-07-12T14:54:31+00:00\",\"dateModified\":\"2025-11-01T02:01:02+00:00\",\"description\":\"Spruzzatore adatto per vernici, smalti all'acqua, idropitture e smalti murali. ideale per chi intende approcciare per la prima volta il mondo dell\u2019airless\",\"breadcrumb\":{\"@id\":\"https:\/\/stazionebricolor.com\/index.php\/prodotto\/airless-ats-s600-spruzzatore-professionale-fai-da-te-piccoli-lavori-di-verniciatura-basso-costo-vendita-online\/#breadcrumb\"},\"inLanguage\":\"it-IT\",\"potentialAction\":[{\"@type\":\"ReadAction\",\"target\":[\"https:\/\/stazionebricolor.com\/index.php\/prodotto\/airless-ats-s600-spruzzatore-professionale-fai-da-te-piccoli-lavori-di-verniciatura-basso-costo-vendita-online\/\"]}]},{\"@type\":\"ImageObject\",\"inLanguage\":\"it-IT\",\"@id\":\"https:\/\/stazionebricolor.com\/index.php\/prodotto\/airless-ats-s600-spruzzatore-professionale-fai-da-te-piccoli-lavori-di-verniciatura-basso-costo-vendita-online\/#primaryimage\",\"url\":\"https:\/\/stazionebricolor.com\/wp-content\/uploads\/2024\/07\/AIRLESS-ATS-S600.png\",\"contentUrl\":\"https:\/\/stazionebricolor.com\/wp-content\/uploads\/2024\/07\/AIRLESS-ATS-S600.png\",\"width\":1154,\"height\":1136},{\"@type\":\"BreadcrumbList\",\"@id\":\"https:\/\/stazionebricolor.com\/index.php\/prodotto\/airless-ats-s600-spruzzatore-professionale-fai-da-te-piccoli-lavori-di-verniciatura-basso-costo-vendita-online\/#breadcrumb\",\"itemListElement\":[{\"@type\":\"ListItem\",\"position\":1,\"name\":\"Home\",\"item\":\"https:\/\/stazionebricolor.com\/\"},{\"@type\":\"ListItem\",\"position\":2,\"name\":\"Shop\",\"item\":\"https:\/\/stazionebricolor.com\/\"},{\"@type\":\"ListItem\",\"position\":3,\"name\":\"AIRLESS ATS S600 &#8211; Spruzzatore professionale\"}]},{\"@type\":\"WebSite\",\"@id\":\"https:\/\/stazionebricolor.com\/#website\",\"url\":\"https:\/\/stazionebricolor.com\/\",\"name\":\"Stazione Bricolor\",\"description\":\"Colorare casa non \u00e8 mai stato cos\u00ec semplice\",\"publisher\":{\"@id\":\"https:\/\/stazionebricolor.com\/#organization\"},\"potentialAction\":[{\"@type\":\"SearchAction\",\"target\":{\"@type\":\"EntryPoint\",\"urlTemplate\":\"https:\/\/stazionebricolor.com\/?s={search_term_string}\"},\"query-input\":{\"@type\":\"PropertyValueSpecification\",\"valueRequired\":true,\"valueName\":\"search_term_string\"}}],\"inLanguage\":\"it-IT\"},{\"@type\":\"Organization\",\"@id\":\"https:\/\/stazionebricolor.com\/#organization\",\"name\":\"Stazione Bricolor\",\"url\":\"https:\/\/stazionebricolor.com\/\",\"logo\":{\"@type\":\"ImageObject\",\"inLanguage\":\"it-IT\",\"@id\":\"https:\/\/stazionebricolor.com\/#\/schema\/logo\/image\/\",\"url\":\"https:\/\/stazionebricolor.com\/wp-content\/uploads\/2024\/06\/cropped-stazionebricoloricona-1.png\",\"contentUrl\":\"https:\/\/stazionebricolor.com\/wp-content\/uploads\/2024\/06\/cropped-stazionebricoloricona-1.png\",\"width\":520,\"height\":292,\"caption\":\"Stazione Bricolor\"},\"image\":{\"@id\":\"https:\/\/stazionebricolor.com\/#\/schema\/logo\/image\/\"}}]}<\/script>\n<!-- \/ Yoast SEO plugin. -->","yoast_head_json":{"title":"AIRLESS ATS S600 - Spruzzatore professionale - Stazione Bricolor","description":"Spruzzatore adatto per vernici, smalti all'acqua, idropitture e smalti murali. ideale per chi intende approcciare per la prima volta il mondo dell\u2019airless","robots":{"index":"index","follow":"follow","max-snippet":"max-snippet:-1","max-image-preview":"max-image-preview:large","max-video-preview":"max-video-preview:-1"},"canonical":"https:\/\/stazionebricolor.com\/index.php\/prodotto\/airless-ats-s600-spruzzatore-professionale-fai-da-te-piccoli-lavori-di-verniciatura-basso-costo-vendita-online\/","og_locale":"it_IT","og_type":"article","og_title":"AIRLESS ATS S600 - Spruzzatore professionale - Stazione Bricolor","og_description":"Spruzzatore adatto per vernici, smalti all'acqua, idropitture e smalti murali. ideale per chi intende approcciare per la prima volta il mondo dell\u2019airless","og_url":"https:\/\/stazionebricolor.com\/index.php\/prodotto\/airless-ats-s600-spruzzatore-professionale-fai-da-te-piccoli-lavori-di-verniciatura-basso-costo-vendita-online\/","og_site_name":"Stazione Bricolor","article_modified_time":"2025-11-01T02:01:02+00:00","og_image":[{"width":1154,"height":1136,"url":"https:\/\/stazionebricolor.com\/wp-content\/uploads\/2024\/07\/AIRLESS-ATS-S600.png","type":"image\/png"}],"twitter_card":"summary_large_image","twitter_misc":{"Tempo di lettura stimato":"2 minuti"},"schema":{"@context":"https:\/\/schema.org","@graph":[{"@type":"WebPage","@id":"https:\/\/stazionebricolor.com\/index.php\/prodotto\/airless-ats-s600-spruzzatore-professionale-fai-da-te-piccoli-lavori-di-verniciatura-basso-costo-vendita-online\/","url":"https:\/\/stazionebricolor.com\/index.php\/prodotto\/airless-ats-s600-spruzzatore-professionale-fai-da-te-piccoli-lavori-di-verniciatura-basso-costo-vendita-online\/","name":"AIRLESS ATS S600 - Spruzzatore professionale - Stazione Bricolor","isPartOf":{"@id":"https:\/\/stazionebricolor.com\/#website"},"primaryImageOfPage":{"@id":"https:\/\/stazionebricolor.com\/index.php\/prodotto\/airless-ats-s600-spruzzatore-professionale-fai-da-te-piccoli-lavori-di-verniciatura-basso-costo-vendita-online\/#primaryimage"},"image":{"@id":"https:\/\/stazionebricolor.com\/index.php\/prodotto\/airless-ats-s600-spruzzatore-professionale-fai-da-te-piccoli-lavori-di-verniciatura-basso-costo-vendita-online\/#primaryimage"},"thumbnailUrl":"https:\/\/stazionebricolor.com\/wp-content\/uploads\/2024\/07\/AIRLESS-ATS-S600.png","datePublished":"2024-07-12T14:54:31+00:00","dateModified":"2025-11-01T02:01:02+00:00","description":"Spruzzatore adatto per vernici, smalti all'acqua, idropitture e smalti murali. ideale per chi intende approcciare per la prima volta il mondo dell\u2019airless","breadcrumb":{"@id":"https:\/\/stazionebricolor.com\/index.php\/prodotto\/airless-ats-s600-spruzzatore-professionale-fai-da-te-piccoli-lavori-di-verniciatura-basso-costo-vendita-online\/#breadcrumb"},"inLanguage":"it-IT","potentialAction":[{"@type":"ReadAction","target":["https:\/\/stazionebricolor.com\/index.php\/prodotto\/airless-ats-s600-spruzzatore-professionale-fai-da-te-piccoli-lavori-di-verniciatura-basso-costo-vendita-online\/"]}]},{"@type":"ImageObject","inLanguage":"it-IT","@id":"https:\/\/stazionebricolor.com\/index.php\/prodotto\/airless-ats-s600-spruzzatore-professionale-fai-da-te-piccoli-lavori-di-verniciatura-basso-costo-vendita-online\/#primaryimage","url":"https:\/\/stazionebricolor.com\/wp-content\/uploads\/2024\/07\/AIRLESS-ATS-S600.png","contentUrl":"https:\/\/stazionebricolor.com\/wp-content\/uploads\/2024\/07\/AIRLESS-ATS-S600.png","width":1154,"height":1136},{"@type":"BreadcrumbList","@id":"https:\/\/stazionebricolor.com\/index.php\/prodotto\/airless-ats-s600-spruzzatore-professionale-fai-da-te-piccoli-lavori-di-verniciatura-basso-costo-vendita-online\/#breadcrumb","itemListElement":[{"@type":"ListItem","position":1,"name":"Home","item":"https:\/\/stazionebricolor.com\/"},{"@type":"ListItem","position":2,"name":"Shop","item":"https:\/\/stazionebricolor.com\/"},{"@type":"ListItem","position":3,"name":"AIRLESS ATS S600 &#8211; Spruzzatore professionale"}]},{"@type":"WebSite","@id":"https:\/\/stazionebricolor.com\/#website","url":"https:\/\/stazionebricolor.com\/","name":"Stazione Bricolor","description":"Colorare casa non \u00e8 mai stato cos\u00ec semplice","publisher":{"@id":"https:\/\/stazionebricolor.com\/#organization"},"potentialAction":[{"@type":"SearchAction","target":{"@type":"EntryPoint","urlTemplate":"https:\/\/stazionebricolor.com\/?s={search_term_string}"},"query-input":{"@type":"PropertyValueSpecification","valueRequired":true,"valueName":"search_term_string"}}],"inLanguage":"it-IT"},{"@type":"Organization","@id":"https:\/\/stazionebricolor.com\/#organization","name":"Stazione Bricolor","url":"https:\/\/stazionebricolor.com\/","logo":{"@type":"ImageObject","inLanguage":"it-IT","@id":"https:\/\/stazionebricolor.com\/#\/schema\/logo\/image\/","url":"https:\/\/stazionebricolor.com\/wp-content\/uploads\/2024\/06\/cropped-stazionebricoloricona-1.png","contentUrl":"https:\/\/stazionebricolor.com\/wp-content\/uploads\/2024\/06\/cropped-stazionebricoloricona-1.png","width":520,"height":292,"caption":"Stazione Bricolor"},"image":{"@id":"https:\/\/stazionebricolor.com\/#\/schema\/logo\/image\/"}}]}},"_links":{"self":[{"href":"https:\/\/stazionebricolor.com\/index.php\/wp-json\/wp\/v2\/product\/1288","targetHints":{"allow":["GET"]}}],"collection":[{"href":"https:\/\/stazionebricolor.com\/index.php\/wp-json\/wp\/v2\/product"}],"about":[{"href":"https:\/\/stazionebricolor.com\/index.php\/wp-json\/wp\/v2\/types\/product"}],"replies":[{"embeddable":true,"href":"https:\/\/stazionebricolor.com\/index.php\/wp-json\/wp\/v2\/comments?post=1288"}],"wp:featuredmedia":[{"embeddable":true,"href":"https:\/\/stazionebricolor.com\/index.php\/wp-json\/wp\/v2\/media\/1285"}],"wp:attachment":[{"href":"https:\/\/stazionebricolor.com\/index.php\/wp-json\/wp\/v2\/media?parent=1288"}],"wp:term":[{"taxonomy":"product_brand","embeddable":true,"href":"https:\/\/stazionebricolor.com\/index.php\/wp-json\/wp\/v2\/product_brand?post=1288"},{"taxonomy":"product_cat","embeddable":true,"href":"https:\/\/stazionebricolor.com\/index.php\/wp-json\/wp\/v2\/product_cat?post=1288"},{"taxonomy":"product_tag","embeddable":true,"href":"https:\/\/stazionebricolor.com\/index.php\/wp-json\/wp\/v2\/product_tag?post=1288"}],"curies":[{"name":"wp","href":"https:\/\/api.w.org\/{rel}","templated":true}]}}