{"id":1289,"date":"2024-07-12T15:14:08","date_gmt":"2024-07-12T15:14:08","guid":{"rendered":"https:\/\/stazionebricolor.com\/?post_type=product&#038;p=1289"},"modified":"2025-10-21T00:48:45","modified_gmt":"2025-10-21T00:48:45","slug":"airless-s2400-spruzzatore-professionale-graco-spruzzare-vernici-pitture-stucco-vendita-online-italia","status":"publish","type":"product","link":"https:\/\/stazionebricolor.com\/index.php\/prodotto\/airless-s2400-spruzzatore-professionale-graco-spruzzare-vernici-pitture-stucco-vendita-online-italia\/","title":{"rendered":"AIRLESS S2400 &#8211; Spruzzatore Professionale"},"content":{"rendered":"<h2 data-start=\"120\" data-end=\"205\"><strong data-start=\"123\" data-end=\"205\">Spruzzatore Professionale Airless S2400 \u2013 Alta Efficienza per Vernici e Primer<\/strong><\/h2>\n<p data-start=\"207\" data-end=\"451\">Lo <strong data-start=\"210\" data-end=\"253\">spruzzatore professionale Airless S2400<\/strong> \u00e8 la scelta ideale per professionisti che desiderano migliorare la qualit\u00e0 e velocit\u00e0 di applicazione di primer, vernici, smalti a solvente e acqua, idropitture murali, pitture al quarzo e stucchi.<\/p>\n<p data-start=\"453\" data-end=\"700\">Dotato di un <strong data-start=\"466\" data-end=\"486\">motore brushless<\/strong> (senza spazzole), garantisce maggiore potenza, affidabilit\u00e0 e durata nel tempo, oltre a eliminare la presenza di scintille durante la spruzzatura, rendendolo perfetto per l\u2019uso con pitture a solvente in sicurezza.<\/p>\n<p data-start=\"702\" data-end=\"892\">Il display digitale permette un controllo preciso e costante della pressione, mentre le guarnizioni di alta qualit\u00e0 assicurano una migliore protezione e una vita utile pi\u00f9 lunga del pistone.<\/p>\n<hr data-start=\"894\" data-end=\"897\" \/>\n<h3 data-start=\"899\" data-end=\"930\"><strong>Caratteristiche principali:<\/strong><\/h3>\n<ul data-start=\"932\" data-end=\"1395\">\n<li data-start=\"932\" data-end=\"997\">\n<p data-start=\"934\" data-end=\"997\">Motore brushless da 1500 W per prestazioni elevate e durature<\/p>\n<\/li>\n<li data-start=\"998\" data-end=\"1059\">\n<p data-start=\"1000\" data-end=\"1059\">Portata massima di 2,4 L\/min per lavori rapidi e uniformi<\/p>\n<\/li>\n<li data-start=\"1060\" data-end=\"1132\">\n<p data-start=\"1062\" data-end=\"1132\">Pressione massima di 210 bar (3045 psi) per una spruzzatura efficace<\/p>\n<\/li>\n<li data-start=\"1133\" data-end=\"1203\">\n<p data-start=\"1135\" data-end=\"1203\">Supporta tubi fino a 60 m di lunghezza, ideale per grandi cantieri<\/p>\n<\/li>\n<li data-start=\"1204\" data-end=\"1265\">\n<p data-start=\"1206\" data-end=\"1265\">Display digitale per il controllo preciso della pressione<\/p>\n<\/li>\n<li data-start=\"1266\" data-end=\"1328\">\n<p data-start=\"1268\" data-end=\"1328\">Guarnizioni resistenti per una maggiore durata del pistone<\/p>\n<\/li>\n<li data-start=\"1329\" data-end=\"1395\">\n<p data-start=\"1331\" data-end=\"1395\">Assenza totale di scintille durante l\u2019uso con vernici a solvente<\/p>\n<\/li>\n<\/ul>\n<hr data-start=\"1397\" data-end=\"1400\" \/>\n<h3 data-start=\"1402\" data-end=\"1424\"><strong>Dotazione inclusa:<\/strong><\/h3>\n<ul data-start=\"1426\" data-end=\"1635\">\n<li data-start=\"1426\" data-end=\"1463\">\n<p data-start=\"1428\" data-end=\"1463\">Pistola professionale Extreme 450<\/p>\n<\/li>\n<li data-start=\"1464\" data-end=\"1480\">\n<p data-start=\"1466\" data-end=\"1480\">Porta ugello<\/p>\n<\/li>\n<li data-start=\"1481\" data-end=\"1495\">\n<p data-start=\"1483\" data-end=\"1495\">Ugello 517<\/p>\n<\/li>\n<li data-start=\"1496\" data-end=\"1535\">\n<p data-start=\"1498\" data-end=\"1535\">Tubo ad alta pressione 1\/4\u201d da 15 m<\/p>\n<\/li>\n<li data-start=\"1536\" data-end=\"1565\">\n<p data-start=\"1538\" data-end=\"1565\">Asta di prolunga da 50 cm<\/p>\n<\/li>\n<li data-start=\"1566\" data-end=\"1598\">\n<p data-start=\"1568\" data-end=\"1598\">Kit attrezzi e manuale d\u2019uso<\/p>\n<\/li>\n<li data-start=\"1599\" data-end=\"1635\">\n<p data-start=\"1601\" data-end=\"1635\">Olio lubrificante per manutenzione<\/p>\n<\/li>\n<\/ul>\n<hr data-start=\"1637\" data-end=\"1640\" \/>\n<h3 data-start=\"1642\" data-end=\"1662\"><strong>Usi consigliati:<\/strong><\/h3>\n<ul data-start=\"1664\" data-end=\"1883\">\n<li data-start=\"1664\" data-end=\"1731\">\n<p data-start=\"1666\" data-end=\"1731\">Applicazione di primer, smalti e vernici a solvente e all\u2019acqua<\/p>\n<\/li>\n<li data-start=\"1732\" data-end=\"1789\">\n<p data-start=\"1734\" data-end=\"1789\">Spruzzatura di idropitture murali e pitture al quarzo<\/p>\n<\/li>\n<li data-start=\"1790\" data-end=\"1819\">\n<p data-start=\"1792\" data-end=\"1819\">Stucchi e finiture murali<\/p>\n<\/li>\n<li data-start=\"1820\" data-end=\"1883\">\n<p data-start=\"1822\" data-end=\"1883\">Utilizzo professionale su grandi superfici interne ed esterne<\/p>\n<\/li>\n<\/ul>\n<p><img loading=\"lazy\" decoding=\"async\" class=\"alignnone\" src=\"https:\/\/www.aserpicosrl.com\/wp-content\/uploads\/2023\/11\/logo-ats.png\" alt=\"logo-ats\" width=\"164\" height=\"80\" \/><\/p>\n<p>&nbsp;<\/p>\n<p><strong>Contattaci per consigli sul prodotto e sull&#8217; applicazione<\/strong><\/p>\n<p><a href=\"https:\/\/stazionebricolor.com\/index.php\/categoria-prodotto\/la-miglior-pittura-muri-pareti-soffitti-dipingere-colorato\/\"><strong>CONSULTA LA NOSTRA LINEA DI PITTURE PER INTERNI<\/strong><\/a><\/p>\n<p><a href=\"https:\/\/stazionebricolor.com\/index.php\/categoria-prodotto\/quarzo-elestomerico-calce-silicato-silossanico-cemento-lesioni-crepe-decorativo\/\"><strong>CONSULTA LA NOSTRA LINEA DI PITTURE PER ESTERNI<\/strong><\/a><\/p>\n","protected":false},"excerpt":{"rendered":"<p>Spruzzatore Professionale Airless S2400 \u2013 Alta Efficienza per Vernici e Primer Lo spruzzatore professionale Airless S2400 \u00e8 la scelta ideale per professionisti che desiderano migliorare la qualit\u00e0 e velocit\u00e0 di applicazione di primer, vernici, smalti a solvente e acqua, idropitture murali, pitture al quarzo e stucchi. Dotato di un motore brushless (senza spazzole), garantisce maggiore [&hellip;]<\/p>\n","protected":false},"featured_media":1284,"comment_status":"open","ping_status":"closed","template":"","meta":{"om_disable_all_campaigns":false,"_monsterinsights_skip_tracking":false,"_monsterinsights_sitenote_active":false,"_monsterinsights_sitenote_note":"","_monsterinsights_sitenote_category":0,"_joinchat":[]},"product_brand":[],"product_cat":[34,99],"product_tag":[785,856,854,855],"class_list":{"0":"post-1289","1":"product","2":"type-product","3":"status-publish","4":"has-post-thumbnail","6":"product_cat-pantaloni-palette-altamura-colorificio","7":"product_cat-levigatrice-airless-aerografo-pistola-smerigliatrice-compressore","8":"product_tag-airless","9":"product_tag-pompa","10":"product_tag-spruzzatore-professionale","11":"product_tag-spruzzatura","13":"first","14":"instock","15":"taxable","16":"shipping-taxable","17":"purchasable","18":"product-type-simple"},"yoast_head":"<!-- This site is optimized with the Yoast SEO plugin v26.5 - https:\/\/yoast.com\/wordpress\/plugins\/seo\/ -->\n<title>AIRLESS S2400 - Spruzzatore Professionale - Stazione Bricolor<\/title>\n<meta name=\"description\" content=\"Spruzzatore professionale Airless con motore brushless da 1500W, ideale per primer, vernici a solvente e acqua. Alta portata e precisione\" \/>\n<meta name=\"robots\" content=\"index, follow, max-snippet:-1, max-image-preview:large, max-video-preview:-1\" \/>\n<link rel=\"canonical\" href=\"https:\/\/stazionebricolor.com\/index.php\/prodotto\/airless-s2400-spruzzatore-professionale-graco-spruzzare-vernici-pitture-stucco-vendita-online-italia\/\" \/>\n<meta property=\"og:locale\" content=\"it_IT\" \/>\n<meta property=\"og:type\" content=\"article\" \/>\n<meta property=\"og:title\" content=\"AIRLESS S2400 - Spruzzatore Professionale - Stazione Bricolor\" \/>\n<meta property=\"og:description\" content=\"Spruzzatore professionale Airless con motore brushless da 1500W, ideale per primer, vernici a solvente e acqua. Alta portata e precisione\" \/>\n<meta property=\"og:url\" content=\"https:\/\/stazionebricolor.com\/index.php\/prodotto\/airless-s2400-spruzzatore-professionale-graco-spruzzare-vernici-pitture-stucco-vendita-online-italia\/\" \/>\n<meta property=\"og:site_name\" content=\"Stazione Bricolor\" \/>\n<meta property=\"article:modified_time\" content=\"2025-10-21T00:48:45+00:00\" \/>\n<meta property=\"og:image\" content=\"https:\/\/stazionebricolor.com\/wp-content\/uploads\/2024\/07\/AIRLESS-S2400.png\" \/>\n\t<meta property=\"og:image:width\" content=\"1154\" \/>\n\t<meta property=\"og:image:height\" content=\"1136\" \/>\n\t<meta property=\"og:image:type\" content=\"image\/png\" \/>\n<meta name=\"twitter:card\" content=\"summary_large_image\" \/>\n<meta name=\"twitter:label1\" content=\"Tempo di lettura stimato\" \/>\n\t<meta name=\"twitter:data1\" content=\"2 minuti\" \/>\n<script type=\"application\/ld+json\" class=\"yoast-schema-graph\">{\"@context\":\"https:\/\/schema.org\",\"@graph\":[{\"@type\":\"WebPage\",\"@id\":\"https:\/\/stazionebricolor.com\/index.php\/prodotto\/airless-s2400-spruzzatore-professionale-graco-spruzzare-vernici-pitture-stucco-vendita-online-italia\/\",\"url\":\"https:\/\/stazionebricolor.com\/index.php\/prodotto\/airless-s2400-spruzzatore-professionale-graco-spruzzare-vernici-pitture-stucco-vendita-online-italia\/\",\"name\":\"AIRLESS S2400 - Spruzzatore Professionale - Stazione Bricolor\",\"isPartOf\":{\"@id\":\"https:\/\/stazionebricolor.com\/#website\"},\"primaryImageOfPage\":{\"@id\":\"https:\/\/stazionebricolor.com\/index.php\/prodotto\/airless-s2400-spruzzatore-professionale-graco-spruzzare-vernici-pitture-stucco-vendita-online-italia\/#primaryimage\"},\"image\":{\"@id\":\"https:\/\/stazionebricolor.com\/index.php\/prodotto\/airless-s2400-spruzzatore-professionale-graco-spruzzare-vernici-pitture-stucco-vendita-online-italia\/#primaryimage\"},\"thumbnailUrl\":\"https:\/\/stazionebricolor.com\/wp-content\/uploads\/2024\/07\/AIRLESS-S2400.png\",\"datePublished\":\"2024-07-12T15:14:08+00:00\",\"dateModified\":\"2025-10-21T00:48:45+00:00\",\"description\":\"Spruzzatore professionale Airless con motore brushless da 1500W, ideale per primer, vernici a solvente e acqua. Alta portata e precisione\",\"breadcrumb\":{\"@id\":\"https:\/\/stazionebricolor.com\/index.php\/prodotto\/airless-s2400-spruzzatore-professionale-graco-spruzzare-vernici-pitture-stucco-vendita-online-italia\/#breadcrumb\"},\"inLanguage\":\"it-IT\",\"potentialAction\":[{\"@type\":\"ReadAction\",\"target\":[\"https:\/\/stazionebricolor.com\/index.php\/prodotto\/airless-s2400-spruzzatore-professionale-graco-spruzzare-vernici-pitture-stucco-vendita-online-italia\/\"]}]},{\"@type\":\"ImageObject\",\"inLanguage\":\"it-IT\",\"@id\":\"https:\/\/stazionebricolor.com\/index.php\/prodotto\/airless-s2400-spruzzatore-professionale-graco-spruzzare-vernici-pitture-stucco-vendita-online-italia\/#primaryimage\",\"url\":\"https:\/\/stazionebricolor.com\/wp-content\/uploads\/2024\/07\/AIRLESS-S2400.png\",\"contentUrl\":\"https:\/\/stazionebricolor.com\/wp-content\/uploads\/2024\/07\/AIRLESS-S2400.png\",\"width\":1154,\"height\":1136,\"caption\":\"Spruzzatore professionale\"},{\"@type\":\"BreadcrumbList\",\"@id\":\"https:\/\/stazionebricolor.com\/index.php\/prodotto\/airless-s2400-spruzzatore-professionale-graco-spruzzare-vernici-pitture-stucco-vendita-online-italia\/#breadcrumb\",\"itemListElement\":[{\"@type\":\"ListItem\",\"position\":1,\"name\":\"Home\",\"item\":\"https:\/\/stazionebricolor.com\/\"},{\"@type\":\"ListItem\",\"position\":2,\"name\":\"Shop\",\"item\":\"https:\/\/stazionebricolor.com\/\"},{\"@type\":\"ListItem\",\"position\":3,\"name\":\"AIRLESS S2400 &#8211; Spruzzatore Professionale\"}]},{\"@type\":\"WebSite\",\"@id\":\"https:\/\/stazionebricolor.com\/#website\",\"url\":\"https:\/\/stazionebricolor.com\/\",\"name\":\"Stazione Bricolor\",\"description\":\"Colorare casa non \u00e8 mai stato cos\u00ec semplice\",\"publisher\":{\"@id\":\"https:\/\/stazionebricolor.com\/#organization\"},\"potentialAction\":[{\"@type\":\"SearchAction\",\"target\":{\"@type\":\"EntryPoint\",\"urlTemplate\":\"https:\/\/stazionebricolor.com\/?s={search_term_string}\"},\"query-input\":{\"@type\":\"PropertyValueSpecification\",\"valueRequired\":true,\"valueName\":\"search_term_string\"}}],\"inLanguage\":\"it-IT\"},{\"@type\":\"Organization\",\"@id\":\"https:\/\/stazionebricolor.com\/#organization\",\"name\":\"Stazione Bricolor\",\"url\":\"https:\/\/stazionebricolor.com\/\",\"logo\":{\"@type\":\"ImageObject\",\"inLanguage\":\"it-IT\",\"@id\":\"https:\/\/stazionebricolor.com\/#\/schema\/logo\/image\/\",\"url\":\"https:\/\/stazionebricolor.com\/wp-content\/uploads\/2024\/06\/cropped-stazionebricoloricona-1.png\",\"contentUrl\":\"https:\/\/stazionebricolor.com\/wp-content\/uploads\/2024\/06\/cropped-stazionebricoloricona-1.png\",\"width\":520,\"height\":292,\"caption\":\"Stazione Bricolor\"},\"image\":{\"@id\":\"https:\/\/stazionebricolor.com\/#\/schema\/logo\/image\/\"}}]}<\/script>\n<!-- \/ Yoast SEO plugin. -->","yoast_head_json":{"title":"AIRLESS S2400 - Spruzzatore Professionale - Stazione Bricolor","description":"Spruzzatore professionale Airless con motore brushless da 1500W, ideale per primer, vernici a solvente e acqua. Alta portata e precisione","robots":{"index":"index","follow":"follow","max-snippet":"max-snippet:-1","max-image-preview":"max-image-preview:large","max-video-preview":"max-video-preview:-1"},"canonical":"https:\/\/stazionebricolor.com\/index.php\/prodotto\/airless-s2400-spruzzatore-professionale-graco-spruzzare-vernici-pitture-stucco-vendita-online-italia\/","og_locale":"it_IT","og_type":"article","og_title":"AIRLESS S2400 - Spruzzatore Professionale - Stazione Bricolor","og_description":"Spruzzatore professionale Airless con motore brushless da 1500W, ideale per primer, vernici a solvente e acqua. Alta portata e precisione","og_url":"https:\/\/stazionebricolor.com\/index.php\/prodotto\/airless-s2400-spruzzatore-professionale-graco-spruzzare-vernici-pitture-stucco-vendita-online-italia\/","og_site_name":"Stazione Bricolor","article_modified_time":"2025-10-21T00:48:45+00:00","og_image":[{"width":1154,"height":1136,"url":"https:\/\/stazionebricolor.com\/wp-content\/uploads\/2024\/07\/AIRLESS-S2400.png","type":"image\/png"}],"twitter_card":"summary_large_image","twitter_misc":{"Tempo di lettura stimato":"2 minuti"},"schema":{"@context":"https:\/\/schema.org","@graph":[{"@type":"WebPage","@id":"https:\/\/stazionebricolor.com\/index.php\/prodotto\/airless-s2400-spruzzatore-professionale-graco-spruzzare-vernici-pitture-stucco-vendita-online-italia\/","url":"https:\/\/stazionebricolor.com\/index.php\/prodotto\/airless-s2400-spruzzatore-professionale-graco-spruzzare-vernici-pitture-stucco-vendita-online-italia\/","name":"AIRLESS S2400 - Spruzzatore Professionale - Stazione Bricolor","isPartOf":{"@id":"https:\/\/stazionebricolor.com\/#website"},"primaryImageOfPage":{"@id":"https:\/\/stazionebricolor.com\/index.php\/prodotto\/airless-s2400-spruzzatore-professionale-graco-spruzzare-vernici-pitture-stucco-vendita-online-italia\/#primaryimage"},"image":{"@id":"https:\/\/stazionebricolor.com\/index.php\/prodotto\/airless-s2400-spruzzatore-professionale-graco-spruzzare-vernici-pitture-stucco-vendita-online-italia\/#primaryimage"},"thumbnailUrl":"https:\/\/stazionebricolor.com\/wp-content\/uploads\/2024\/07\/AIRLESS-S2400.png","datePublished":"2024-07-12T15:14:08+00:00","dateModified":"2025-10-21T00:48:45+00:00","description":"Spruzzatore professionale Airless con motore brushless da 1500W, ideale per primer, vernici a solvente e acqua. Alta portata e precisione","breadcrumb":{"@id":"https:\/\/stazionebricolor.com\/index.php\/prodotto\/airless-s2400-spruzzatore-professionale-graco-spruzzare-vernici-pitture-stucco-vendita-online-italia\/#breadcrumb"},"inLanguage":"it-IT","potentialAction":[{"@type":"ReadAction","target":["https:\/\/stazionebricolor.com\/index.php\/prodotto\/airless-s2400-spruzzatore-professionale-graco-spruzzare-vernici-pitture-stucco-vendita-online-italia\/"]}]},{"@type":"ImageObject","inLanguage":"it-IT","@id":"https:\/\/stazionebricolor.com\/index.php\/prodotto\/airless-s2400-spruzzatore-professionale-graco-spruzzare-vernici-pitture-stucco-vendita-online-italia\/#primaryimage","url":"https:\/\/stazionebricolor.com\/wp-content\/uploads\/2024\/07\/AIRLESS-S2400.png","contentUrl":"https:\/\/stazionebricolor.com\/wp-content\/uploads\/2024\/07\/AIRLESS-S2400.png","width":1154,"height":1136,"caption":"Spruzzatore professionale"},{"@type":"BreadcrumbList","@id":"https:\/\/stazionebricolor.com\/index.php\/prodotto\/airless-s2400-spruzzatore-professionale-graco-spruzzare-vernici-pitture-stucco-vendita-online-italia\/#breadcrumb","itemListElement":[{"@type":"ListItem","position":1,"name":"Home","item":"https:\/\/stazionebricolor.com\/"},{"@type":"ListItem","position":2,"name":"Shop","item":"https:\/\/stazionebricolor.com\/"},{"@type":"ListItem","position":3,"name":"AIRLESS S2400 &#8211; Spruzzatore Professionale"}]},{"@type":"WebSite","@id":"https:\/\/stazionebricolor.com\/#website","url":"https:\/\/stazionebricolor.com\/","name":"Stazione Bricolor","description":"Colorare casa non \u00e8 mai stato cos\u00ec semplice","publisher":{"@id":"https:\/\/stazionebricolor.com\/#organization"},"potentialAction":[{"@type":"SearchAction","target":{"@type":"EntryPoint","urlTemplate":"https:\/\/stazionebricolor.com\/?s={search_term_string}"},"query-input":{"@type":"PropertyValueSpecification","valueRequired":true,"valueName":"search_term_string"}}],"inLanguage":"it-IT"},{"@type":"Organization","@id":"https:\/\/stazionebricolor.com\/#organization","name":"Stazione Bricolor","url":"https:\/\/stazionebricolor.com\/","logo":{"@type":"ImageObject","inLanguage":"it-IT","@id":"https:\/\/stazionebricolor.com\/#\/schema\/logo\/image\/","url":"https:\/\/stazionebricolor.com\/wp-content\/uploads\/2024\/06\/cropped-stazionebricoloricona-1.png","contentUrl":"https:\/\/stazionebricolor.com\/wp-content\/uploads\/2024\/06\/cropped-stazionebricoloricona-1.png","width":520,"height":292,"caption":"Stazione Bricolor"},"image":{"@id":"https:\/\/stazionebricolor.com\/#\/schema\/logo\/image\/"}}]}},"_links":{"self":[{"href":"https:\/\/stazionebricolor.com\/index.php\/wp-json\/wp\/v2\/product\/1289","targetHints":{"allow":["GET"]}}],"collection":[{"href":"https:\/\/stazionebricolor.com\/index.php\/wp-json\/wp\/v2\/product"}],"about":[{"href":"https:\/\/stazionebricolor.com\/index.php\/wp-json\/wp\/v2\/types\/product"}],"replies":[{"embeddable":true,"href":"https:\/\/stazionebricolor.com\/index.php\/wp-json\/wp\/v2\/comments?post=1289"}],"wp:featuredmedia":[{"embeddable":true,"href":"https:\/\/stazionebricolor.com\/index.php\/wp-json\/wp\/v2\/media\/1284"}],"wp:attachment":[{"href":"https:\/\/stazionebricolor.com\/index.php\/wp-json\/wp\/v2\/media?parent=1289"}],"wp:term":[{"taxonomy":"product_brand","embeddable":true,"href":"https:\/\/stazionebricolor.com\/index.php\/wp-json\/wp\/v2\/product_brand?post=1289"},{"taxonomy":"product_cat","embeddable":true,"href":"https:\/\/stazionebricolor.com\/index.php\/wp-json\/wp\/v2\/product_cat?post=1289"},{"taxonomy":"product_tag","embeddable":true,"href":"https:\/\/stazionebricolor.com\/index.php\/wp-json\/wp\/v2\/product_tag?post=1289"}],"curies":[{"name":"wp","href":"https:\/\/api.w.org\/{rel}","templated":true}]}}