{"id":1398,"date":"2024-07-29T09:12:49","date_gmt":"2024-07-29T09:12:49","guid":{"rendered":"https:\/\/stazionebricolor.com\/?post_type=product&#038;p=1398"},"modified":"2025-03-27T19:11:14","modified_gmt":"2025-03-27T19:11:14","slug":"calce-cruda-novacolor-rivestimento-microporoso-ecologico-decorazioni-shop-online","status":"publish","type":"product","link":"https:\/\/stazionebricolor.com\/index.php\/prodotto\/calce-cruda-novacolor-rivestimento-microporoso-ecologico-decorazioni-shop-online\/","title":{"rendered":"CALCE CRUDA &#8211; Rivestimento Microporoso"},"content":{"rendered":"<div class=\"medium-8 medium-push-4 large-9 large-push-3 column paragraph size-20 text-justify\">\n<p>CalceCruda \u00e8 un rivestimento decorativo microporoso di natura minerale, dalla forte connotazione naturale che contribuisce attivamente al confort abitativo.<\/p>\n<p>CalceCruda \u00e8 formulato sulle specifiche propriet\u00e0 dell\u2019idrato di calce, argilla purificata, selezionati marmi e sabbie naturali, che opportunamente bilanciati, permettono di ottenere un\u2019ottima lavorabilit\u00e0 e modellabilit\u00e0. La componente argillosa crea una struttura reticolare di particelle, regola i tempi di lavorazione e migliora la lavorabilit\u00e0 del prodotto. La presenza di fibre di cellulosa rinforza ed arma la struttura contribuendo, in sinergia con gli altri componenti, alla realizzazione di spessori pi\u00f9 elevati.<\/p>\n<p>CalceCruda consente di ottenere finiture di pregio dagli aspetti estetici nuvolati, dai colori morbidi o caldi, fornendo al contempo un elegante complemento d\u2019arredo per superfici interne.<\/p>\n<p>CalceCruda \u00e8\u00a0 in grado di ridurre sensibilmente la concentrazione di formaldeide eventualmente presente nell\u2019aria ambientale. L\u2019efficacia di questa propriet\u00e0 \u00e8 testata secondo la specifica norma ISO 16000-23. La durata del processo di distruzione non \u00e8 permanente, infatti questa propriet\u00e0 \u00e8 strettamente legata alle condizioni ambientali.<\/p>\n<p>In allegato il catalogo da scaricare per poter scegliere il colore e l&#8217;effetto che fa pi\u00f9 al caso vostro.<\/p>\n<p>Al prodotto \u00e8 possibile applicare anche stencil.<\/p>\n<\/div>\n<h4 class=\"medium-8 medium-push-4 large-9 large-push-3 column paragraph size-20 text-justify\"><strong>USI<\/strong><\/h4>\n<hr \/>\n<ul>\n<li>Interni<\/li>\n<li>Esterni<\/li>\n<li>Intonaci nuovi e vecchi a base di leganti idraulici<\/li>\n<li>Vecchie pitture e rivestimenti di natura organica o minerale, asciutti, compatti, assorbenti e coesi<\/li>\n<li>Conglomerati di varia natura minerale purch\u00e9 assorbenti<\/li>\n<li>Superfici in gesso e cartongesso<\/li>\n<\/ul>\n<h4><strong>VANTAGGI<\/strong><\/h4>\n<hr \/>\n<ul>\n<li>Facile da applicare<\/li>\n<li>Composto da materiali 100% naturali<\/li>\n<li>Impermeabile all&#8217;acqua<\/li>\n<\/ul>\n<h4><strong>FORMATI\/RESA<\/strong><\/h4>\n<hr \/>\n<ul>\n<li>Formati: 5-20 kg<\/li>\n<li>Resa: 2kg\/mq<\/li>\n<li>Diluizione: pronto all&#8217;uso<\/li>\n<\/ul>\n<p><img loading=\"lazy\" decoding=\"async\" class=\"wp-image-204 alignleft\" src=\"https:\/\/stazionebricolor.com\/wp-content\/uploads\/2024\/06\/ICONA-SCHEDE-2.png\" alt=\"rivestimento\" width=\"37\" height=\"32\" \/><a href=\"https:\/\/stazionebricolor.com\/wp-content\/uploads\/2024\/07\/scheda-tecnica-calcecruda.pdf\">Download Scheda Tecnica (PDF)<\/a><\/p>\n<p><img loading=\"lazy\" decoding=\"async\" class=\"wp-image-204 alignleft\" src=\"https:\/\/stazionebricolor.com\/wp-content\/uploads\/2024\/06\/ICONA-SCHEDE-2.png\" alt=\"rivestimento\" width=\"37\" height=\"32\" \/><\/p>\n<p><a href=\"https:\/\/stazionebricolor.com\/wp-content\/uploads\/2024\/07\/sicurezza-calcecruda.pdf\">Download Scheda Sicurezza (PDF)<\/a><\/p>\n<p><img loading=\"lazy\" decoding=\"async\" class=\"wp-image-204 alignleft\" src=\"https:\/\/stazionebricolor.com\/wp-content\/uploads\/2024\/06\/ICONA-SCHEDE-2.png\" alt=\"rivestimento\" width=\"37\" height=\"32\" \/><a href=\"https:\/\/stazionebricolor.com\/wp-content\/uploads\/2024\/07\/CalceCruda-brochure.pdf\">Download Catalogo (PDF)<\/a><\/p>\n<p><img loading=\"lazy\" decoding=\"async\" class=\"wp-image-1388 alignleft\" src=\"https:\/\/stazionebricolor.com\/wp-content\/uploads\/2024\/07\/ICONA-VIDEO-1.png\" alt=\"rivestimento\" width=\"36\" height=\"24\" \/><\/p>\n<p><a href=\"https:\/\/youtu.be\/avWRLkWh3bY\">Video Applicazione<\/a><\/p>\n<p><img loading=\"lazy\" decoding=\"async\" class=\"wp-image-1388 alignleft\" src=\"https:\/\/stazionebricolor.com\/wp-content\/uploads\/2024\/07\/ICONA-VIDEO-1.png\" alt=\"rivestimento\" width=\"36\" height=\"24\" \/><a href=\"https:\/\/youtu.be\/CV3gvmKRQO4\">Video Applicazione<\/a><\/p>\n","protected":false},"excerpt":{"rendered":"<h5 class=\"heading\"><strong>Rivestimento decorativo minerale a base di calce e argilla per interni ed esterni<\/strong><\/h5>\n","protected":false},"featured_media":1406,"comment_status":"open","ping_status":"closed","template":"","meta":{"om_disable_all_campaigns":false,"_monsterinsights_skip_tracking":false,"_monsterinsights_sitenote_active":false,"_monsterinsights_sitenote_note":"","_monsterinsights_sitenote_category":0,"_joinchat":[]},"product_brand":[2512],"product_cat":[66,85,31,87],"product_tag":[934,411,932,931,933,935,936,3284],"class_list":{"0":"post-1398","1":"product","2":"type-product","3":"status-publish","4":"has-post-thumbnail","6":"product_brand-pitture-decorative-minerali-naturali-base-calce-argilla-cocciopesto-sughero-pomice-conchiglia-per-architettura-e-disig","7":"product_cat-natura-materia-viva-calce-cruda-nhl-cepro-deumidificantre-calcilite","8":"product_cat-novacolor-ucic-valpaint-atypic-calce-colorificio-online-italia","9":"product_cat-boiserie-pannelli-bovelacci-oracdecor-rivestimenti","10":"product_cat-creare-decorazione-valpaint-novacolor","11":"product_tag-bio","12":"product_tag-calce","13":"product_tag-calce-cruda","14":"product_tag-decorativo","15":"product_tag-effetto","16":"product_tag-naturale","17":"product_tag-salubre","18":"product_tag-stencil","20":"first","21":"instock","22":"taxable","23":"shipping-taxable","24":"purchasable","25":"product-type-variable"},"yoast_head":"<!-- This site is optimized with the Yoast SEO plugin v26.5 - https:\/\/yoast.com\/wordpress\/plugins\/seo\/ -->\n<title>CALCE CRUDA - Rivestimento Microporoso - NOVACOLOR<\/title>\n<meta name=\"description\" content=\"Decorativo di natura minerale, per interni ed esterni contribuisce attivamente al confort abitativo. Ottima lavorazione per effetti lisci,erosioni e stencil\" \/>\n<meta name=\"robots\" content=\"index, follow, max-snippet:-1, max-image-preview:large, max-video-preview:-1\" \/>\n<link rel=\"canonical\" href=\"https:\/\/stazionebricolor.com\/index.php\/prodotto\/calce-cruda-novacolor-rivestimento-microporoso-ecologico-decorazioni-shop-online\/\" \/>\n<meta property=\"og:locale\" content=\"it_IT\" \/>\n<meta property=\"og:type\" content=\"article\" \/>\n<meta property=\"og:title\" content=\"CALCE CRUDA - Rivestimento Microporoso - NOVACOLOR\" \/>\n<meta property=\"og:description\" content=\"Decorativo di natura minerale, per interni ed esterni contribuisce attivamente al confort abitativo. Ottima lavorazione per effetti lisci,erosioni e stencil\" \/>\n<meta property=\"og:url\" content=\"https:\/\/stazionebricolor.com\/index.php\/prodotto\/calce-cruda-novacolor-rivestimento-microporoso-ecologico-decorazioni-shop-online\/\" \/>\n<meta property=\"og:site_name\" content=\"Stazione Bricolor\" \/>\n<meta property=\"article:modified_time\" content=\"2025-03-27T19:11:14+00:00\" \/>\n<meta property=\"og:image\" content=\"https:\/\/stazionebricolor.com\/wp-content\/uploads\/2024\/07\/calcecruda.png\" \/>\n\t<meta property=\"og:image:width\" content=\"1154\" \/>\n\t<meta property=\"og:image:height\" content=\"1136\" \/>\n\t<meta property=\"og:image:type\" content=\"image\/png\" \/>\n<meta name=\"twitter:card\" content=\"summary_large_image\" \/>\n<meta name=\"twitter:label1\" content=\"Tempo di lettura stimato\" \/>\n\t<meta name=\"twitter:data1\" content=\"3 minuti\" \/>\n<script type=\"application\/ld+json\" class=\"yoast-schema-graph\">{\"@context\":\"https:\/\/schema.org\",\"@graph\":[{\"@type\":\"WebPage\",\"@id\":\"https:\/\/stazionebricolor.com\/index.php\/prodotto\/calce-cruda-novacolor-rivestimento-microporoso-ecologico-decorazioni-shop-online\/\",\"url\":\"https:\/\/stazionebricolor.com\/index.php\/prodotto\/calce-cruda-novacolor-rivestimento-microporoso-ecologico-decorazioni-shop-online\/\",\"name\":\"CALCE CRUDA - Rivestimento Microporoso - NOVACOLOR\",\"isPartOf\":{\"@id\":\"https:\/\/stazionebricolor.com\/#website\"},\"primaryImageOfPage\":{\"@id\":\"https:\/\/stazionebricolor.com\/index.php\/prodotto\/calce-cruda-novacolor-rivestimento-microporoso-ecologico-decorazioni-shop-online\/#primaryimage\"},\"image\":{\"@id\":\"https:\/\/stazionebricolor.com\/index.php\/prodotto\/calce-cruda-novacolor-rivestimento-microporoso-ecologico-decorazioni-shop-online\/#primaryimage\"},\"thumbnailUrl\":\"https:\/\/stazionebricolor.com\/wp-content\/uploads\/2024\/07\/calcecruda.png\",\"datePublished\":\"2024-07-29T09:12:49+00:00\",\"dateModified\":\"2025-03-27T19:11:14+00:00\",\"description\":\"Decorativo di natura minerale, per interni ed esterni contribuisce attivamente al confort abitativo. Ottima lavorazione per effetti lisci,erosioni e stencil\",\"breadcrumb\":{\"@id\":\"https:\/\/stazionebricolor.com\/index.php\/prodotto\/calce-cruda-novacolor-rivestimento-microporoso-ecologico-decorazioni-shop-online\/#breadcrumb\"},\"inLanguage\":\"it-IT\",\"potentialAction\":[{\"@type\":\"ReadAction\",\"target\":[\"https:\/\/stazionebricolor.com\/index.php\/prodotto\/calce-cruda-novacolor-rivestimento-microporoso-ecologico-decorazioni-shop-online\/\"]}]},{\"@type\":\"ImageObject\",\"inLanguage\":\"it-IT\",\"@id\":\"https:\/\/stazionebricolor.com\/index.php\/prodotto\/calce-cruda-novacolor-rivestimento-microporoso-ecologico-decorazioni-shop-online\/#primaryimage\",\"url\":\"https:\/\/stazionebricolor.com\/wp-content\/uploads\/2024\/07\/calcecruda.png\",\"contentUrl\":\"https:\/\/stazionebricolor.com\/wp-content\/uploads\/2024\/07\/calcecruda.png\",\"width\":1154,\"height\":1136,\"caption\":\"rivestimento\"},{\"@type\":\"BreadcrumbList\",\"@id\":\"https:\/\/stazionebricolor.com\/index.php\/prodotto\/calce-cruda-novacolor-rivestimento-microporoso-ecologico-decorazioni-shop-online\/#breadcrumb\",\"itemListElement\":[{\"@type\":\"ListItem\",\"position\":1,\"name\":\"Home\",\"item\":\"https:\/\/stazionebricolor.com\/\"},{\"@type\":\"ListItem\",\"position\":2,\"name\":\"Shop\",\"item\":\"https:\/\/stazionebricolor.com\/\"},{\"@type\":\"ListItem\",\"position\":3,\"name\":\"CALCE CRUDA &#8211; Rivestimento Microporoso\"}]},{\"@type\":\"WebSite\",\"@id\":\"https:\/\/stazionebricolor.com\/#website\",\"url\":\"https:\/\/stazionebricolor.com\/\",\"name\":\"Stazione Bricolor\",\"description\":\"Colorare casa non \u00e8 mai stato cos\u00ec semplice\",\"publisher\":{\"@id\":\"https:\/\/stazionebricolor.com\/#organization\"},\"potentialAction\":[{\"@type\":\"SearchAction\",\"target\":{\"@type\":\"EntryPoint\",\"urlTemplate\":\"https:\/\/stazionebricolor.com\/?s={search_term_string}\"},\"query-input\":{\"@type\":\"PropertyValueSpecification\",\"valueRequired\":true,\"valueName\":\"search_term_string\"}}],\"inLanguage\":\"it-IT\"},{\"@type\":\"Organization\",\"@id\":\"https:\/\/stazionebricolor.com\/#organization\",\"name\":\"Stazione Bricolor\",\"url\":\"https:\/\/stazionebricolor.com\/\",\"logo\":{\"@type\":\"ImageObject\",\"inLanguage\":\"it-IT\",\"@id\":\"https:\/\/stazionebricolor.com\/#\/schema\/logo\/image\/\",\"url\":\"https:\/\/stazionebricolor.com\/wp-content\/uploads\/2024\/06\/cropped-stazionebricoloricona-1.png\",\"contentUrl\":\"https:\/\/stazionebricolor.com\/wp-content\/uploads\/2024\/06\/cropped-stazionebricoloricona-1.png\",\"width\":520,\"height\":292,\"caption\":\"Stazione Bricolor\"},\"image\":{\"@id\":\"https:\/\/stazionebricolor.com\/#\/schema\/logo\/image\/\"}}]}<\/script>\n<!-- \/ Yoast SEO plugin. -->","yoast_head_json":{"title":"CALCE CRUDA - Rivestimento Microporoso - NOVACOLOR","description":"Decorativo di natura minerale, per interni ed esterni contribuisce attivamente al confort abitativo. Ottima lavorazione per effetti lisci,erosioni e stencil","robots":{"index":"index","follow":"follow","max-snippet":"max-snippet:-1","max-image-preview":"max-image-preview:large","max-video-preview":"max-video-preview:-1"},"canonical":"https:\/\/stazionebricolor.com\/index.php\/prodotto\/calce-cruda-novacolor-rivestimento-microporoso-ecologico-decorazioni-shop-online\/","og_locale":"it_IT","og_type":"article","og_title":"CALCE CRUDA - Rivestimento Microporoso - NOVACOLOR","og_description":"Decorativo di natura minerale, per interni ed esterni contribuisce attivamente al confort abitativo. Ottima lavorazione per effetti lisci,erosioni e stencil","og_url":"https:\/\/stazionebricolor.com\/index.php\/prodotto\/calce-cruda-novacolor-rivestimento-microporoso-ecologico-decorazioni-shop-online\/","og_site_name":"Stazione Bricolor","article_modified_time":"2025-03-27T19:11:14+00:00","og_image":[{"width":1154,"height":1136,"url":"https:\/\/stazionebricolor.com\/wp-content\/uploads\/2024\/07\/calcecruda.png","type":"image\/png"}],"twitter_card":"summary_large_image","twitter_misc":{"Tempo di lettura stimato":"3 minuti"},"schema":{"@context":"https:\/\/schema.org","@graph":[{"@type":"WebPage","@id":"https:\/\/stazionebricolor.com\/index.php\/prodotto\/calce-cruda-novacolor-rivestimento-microporoso-ecologico-decorazioni-shop-online\/","url":"https:\/\/stazionebricolor.com\/index.php\/prodotto\/calce-cruda-novacolor-rivestimento-microporoso-ecologico-decorazioni-shop-online\/","name":"CALCE CRUDA - Rivestimento Microporoso - NOVACOLOR","isPartOf":{"@id":"https:\/\/stazionebricolor.com\/#website"},"primaryImageOfPage":{"@id":"https:\/\/stazionebricolor.com\/index.php\/prodotto\/calce-cruda-novacolor-rivestimento-microporoso-ecologico-decorazioni-shop-online\/#primaryimage"},"image":{"@id":"https:\/\/stazionebricolor.com\/index.php\/prodotto\/calce-cruda-novacolor-rivestimento-microporoso-ecologico-decorazioni-shop-online\/#primaryimage"},"thumbnailUrl":"https:\/\/stazionebricolor.com\/wp-content\/uploads\/2024\/07\/calcecruda.png","datePublished":"2024-07-29T09:12:49+00:00","dateModified":"2025-03-27T19:11:14+00:00","description":"Decorativo di natura minerale, per interni ed esterni contribuisce attivamente al confort abitativo. Ottima lavorazione per effetti lisci,erosioni e stencil","breadcrumb":{"@id":"https:\/\/stazionebricolor.com\/index.php\/prodotto\/calce-cruda-novacolor-rivestimento-microporoso-ecologico-decorazioni-shop-online\/#breadcrumb"},"inLanguage":"it-IT","potentialAction":[{"@type":"ReadAction","target":["https:\/\/stazionebricolor.com\/index.php\/prodotto\/calce-cruda-novacolor-rivestimento-microporoso-ecologico-decorazioni-shop-online\/"]}]},{"@type":"ImageObject","inLanguage":"it-IT","@id":"https:\/\/stazionebricolor.com\/index.php\/prodotto\/calce-cruda-novacolor-rivestimento-microporoso-ecologico-decorazioni-shop-online\/#primaryimage","url":"https:\/\/stazionebricolor.com\/wp-content\/uploads\/2024\/07\/calcecruda.png","contentUrl":"https:\/\/stazionebricolor.com\/wp-content\/uploads\/2024\/07\/calcecruda.png","width":1154,"height":1136,"caption":"rivestimento"},{"@type":"BreadcrumbList","@id":"https:\/\/stazionebricolor.com\/index.php\/prodotto\/calce-cruda-novacolor-rivestimento-microporoso-ecologico-decorazioni-shop-online\/#breadcrumb","itemListElement":[{"@type":"ListItem","position":1,"name":"Home","item":"https:\/\/stazionebricolor.com\/"},{"@type":"ListItem","position":2,"name":"Shop","item":"https:\/\/stazionebricolor.com\/"},{"@type":"ListItem","position":3,"name":"CALCE CRUDA &#8211; Rivestimento Microporoso"}]},{"@type":"WebSite","@id":"https:\/\/stazionebricolor.com\/#website","url":"https:\/\/stazionebricolor.com\/","name":"Stazione Bricolor","description":"Colorare casa non \u00e8 mai stato cos\u00ec semplice","publisher":{"@id":"https:\/\/stazionebricolor.com\/#organization"},"potentialAction":[{"@type":"SearchAction","target":{"@type":"EntryPoint","urlTemplate":"https:\/\/stazionebricolor.com\/?s={search_term_string}"},"query-input":{"@type":"PropertyValueSpecification","valueRequired":true,"valueName":"search_term_string"}}],"inLanguage":"it-IT"},{"@type":"Organization","@id":"https:\/\/stazionebricolor.com\/#organization","name":"Stazione Bricolor","url":"https:\/\/stazionebricolor.com\/","logo":{"@type":"ImageObject","inLanguage":"it-IT","@id":"https:\/\/stazionebricolor.com\/#\/schema\/logo\/image\/","url":"https:\/\/stazionebricolor.com\/wp-content\/uploads\/2024\/06\/cropped-stazionebricoloricona-1.png","contentUrl":"https:\/\/stazionebricolor.com\/wp-content\/uploads\/2024\/06\/cropped-stazionebricoloricona-1.png","width":520,"height":292,"caption":"Stazione Bricolor"},"image":{"@id":"https:\/\/stazionebricolor.com\/#\/schema\/logo\/image\/"}}]}},"_links":{"self":[{"href":"https:\/\/stazionebricolor.com\/index.php\/wp-json\/wp\/v2\/product\/1398","targetHints":{"allow":["GET"]}}],"collection":[{"href":"https:\/\/stazionebricolor.com\/index.php\/wp-json\/wp\/v2\/product"}],"about":[{"href":"https:\/\/stazionebricolor.com\/index.php\/wp-json\/wp\/v2\/types\/product"}],"replies":[{"embeddable":true,"href":"https:\/\/stazionebricolor.com\/index.php\/wp-json\/wp\/v2\/comments?post=1398"}],"wp:featuredmedia":[{"embeddable":true,"href":"https:\/\/stazionebricolor.com\/index.php\/wp-json\/wp\/v2\/media\/1406"}],"wp:attachment":[{"href":"https:\/\/stazionebricolor.com\/index.php\/wp-json\/wp\/v2\/media?parent=1398"}],"wp:term":[{"taxonomy":"product_brand","embeddable":true,"href":"https:\/\/stazionebricolor.com\/index.php\/wp-json\/wp\/v2\/product_brand?post=1398"},{"taxonomy":"product_cat","embeddable":true,"href":"https:\/\/stazionebricolor.com\/index.php\/wp-json\/wp\/v2\/product_cat?post=1398"},{"taxonomy":"product_tag","embeddable":true,"href":"https:\/\/stazionebricolor.com\/index.php\/wp-json\/wp\/v2\/product_tag?post=1398"}],"curies":[{"name":"wp","href":"https:\/\/api.w.org\/{rel}","templated":true}]}}