{"id":1611,"date":"2024-08-08T11:13:32","date_gmt":"2024-08-08T11:13:32","guid":{"rendered":"https:\/\/stazionebricolor.com\/?post_type=product&#038;p=1611"},"modified":"2025-06-16T16:19:11","modified_gmt":"2025-06-16T16:19:11","slug":"telo-copritutto-multiuso-varie-misure-uso-generico-protezione-dalla-polvere-e-vernici-colorificio-online","status":"publish","type":"product","link":"https:\/\/stazionebricolor.com\/index.php\/prodotto\/telo-copritutto-multiuso-varie-misure-uso-generico-protezione-dalla-polvere-e-vernici-colorificio-online\/","title":{"rendered":"TELO COPRITUTTO MULTIUSO &#8211; varie misure"},"content":{"rendered":"<h2 data-start=\"490\" data-end=\"565\"><strong data-start=\"497\" data-end=\"565\">Telo copritutto in polietilene \u2013 Protezione da polvere e vernice<\/strong><\/h2>\n<p data-start=\"567\" data-end=\"942\">Il <strong data-start=\"570\" data-end=\"620\">telo copritutto in polietilene ad alta densit\u00e0<\/strong> \u00e8 la soluzione ideale per proteggere <strong data-start=\"658\" data-end=\"700\">mobili, pavimenti, infissi e superfici<\/strong> da polvere, schizzi di vernice e umidit\u00e0 durante lavori di pittura, traslochi o interventi di manutenzione. Robusto e leggero allo stesso tempo, \u00e8 disponibile in <strong data-start=\"863\" data-end=\"895\">diversi formati e grammature<\/strong>, adatti sia a usi professionali che domestici.<\/p>\n<p data-start=\"944\" data-end=\"1152\">Grazie alla qualit\u00e0 del <strong data-start=\"968\" data-end=\"995\">polietilene neutro HDPE<\/strong>, il telo copritutto offre un\u2019ottima barriera protettiva, \u00e8 facile da maneggiare, piegare e smaltire, e pu\u00f2 essere riutilizzato pi\u00f9 volte se non danneggiato.<\/p>\n<p data-start=\"674\" data-end=\"788\">Se fai uso continuo di questo prodotto, <strong>acquista la confezione per risparmiare<\/strong><\/p>\n<hr data-start=\"790\" data-end=\"793\" \/>\n<h3 data-start=\"795\" data-end=\"825\"><strong data-start=\"802\" data-end=\"825\">Formati disponibili<\/strong><\/h3>\n<div class=\"_tableContainer_16hzy_1\">\n<div class=\"_tableWrapper_16hzy_14 group flex w-fit flex-col-reverse\" tabindex=\"-1\">\n<table class=\"w-fit min-w-(--thread-content-width)\" data-start=\"827\" data-end=\"1141\">\n<thead data-start=\"827\" data-end=\"889\">\n<tr data-start=\"827\" data-end=\"889\">\n<th data-start=\"827\" data-end=\"854\" data-col-size=\"sm\"><strong data-start=\"829\" data-end=\"840\">Formato<\/strong><\/th>\n<th data-start=\"854\" data-end=\"871\" data-col-size=\"sm\"><strong data-start=\"856\" data-end=\"870\">Grammatura<\/strong><\/th>\n<th data-start=\"871\" data-end=\"889\" data-col-size=\"sm\"><strong data-start=\"873\" data-end=\"887\">Confezione<\/strong><\/th>\n<\/tr>\n<\/thead>\n<tbody data-start=\"953\" data-end=\"1141\">\n<tr data-start=\"953\" data-end=\"1015\">\n<td data-start=\"953\" data-end=\"980\" data-col-size=\"sm\">Telo 4 x 4 m<\/td>\n<td data-col-size=\"sm\" data-start=\"980\" data-end=\"997\">~100 g<\/td>\n<td data-col-size=\"sm\" data-start=\"997\" data-end=\"1015\">Busta (light)<\/td>\n<\/tr>\n<tr data-start=\"1016\" data-end=\"1078\">\n<td data-start=\"1016\" data-end=\"1043\" data-col-size=\"sm\">Telo 4 x 4 m<\/td>\n<td data-col-size=\"sm\" data-start=\"1043\" data-end=\"1060\">~250 g<\/td>\n<td data-col-size=\"sm\" data-start=\"1060\" data-end=\"1078\">Arrotolato<\/td>\n<\/tr>\n<tr data-start=\"1079\" data-end=\"1141\">\n<td data-start=\"1079\" data-end=\"1106\" data-col-size=\"sm\">Telo 4 x 25 m<\/td>\n<td data-col-size=\"sm\" data-start=\"1106\" data-end=\"1123\">~950 g<\/td>\n<td data-col-size=\"sm\" data-start=\"1123\" data-end=\"1141\">Arrotolato<\/td>\n<\/tr>\n<\/tbody>\n<\/table>\n<div class=\"sticky end-(--thread-content-margin) h-0 self-end select-none\">\n<div class=\"absolute end-0 flex items-end\"><\/div>\n<\/div>\n<\/div>\n<\/div>\n<hr data-start=\"1143\" data-end=\"1146\" \/>\n<h3 data-start=\"1148\" data-end=\"1184\"><strong data-start=\"1154\" data-end=\"1184\">Caratteristiche principali<\/strong><\/h3>\n<ul data-start=\"1186\" data-end=\"1453\">\n<li data-start=\"1186\" data-end=\"1243\">\n<p data-start=\"1188\" data-end=\"1243\"><strong data-start=\"1188\" data-end=\"1201\">Materiale<\/strong>: Polietilene neutro alta densit\u00e0 (HDPE)<\/p>\n<\/li>\n<li data-start=\"1244\" data-end=\"1322\">\n<p data-start=\"1246\" data-end=\"1322\"><strong data-start=\"1246\" data-end=\"1264\">Uso universale<\/strong> per protezione da verniciatura, lavori edili, traslochi<\/p>\n<\/li>\n<li data-start=\"1323\" data-end=\"1356\">\n<p data-start=\"1325\" data-end=\"1356\"><strong data-start=\"1325\" data-end=\"1354\">Impermeabile e resistente<\/strong><\/p>\n<\/li>\n<li data-start=\"1357\" data-end=\"1410\">\n<p data-start=\"1359\" data-end=\"1410\"><strong data-start=\"1359\" data-end=\"1380\">Leggero o robusto<\/strong>, a seconda della grammatura<\/p>\n<\/li>\n<li data-start=\"1411\" data-end=\"1453\">\n<p data-start=\"1413\" data-end=\"1453\"><strong data-start=\"1413\" data-end=\"1453\">Facile da aprire, piegare e smaltire<\/strong><\/p>\n<\/li>\n<\/ul>\n<hr data-start=\"1455\" data-end=\"1458\" \/>\n<h3 data-start=\"1460\" data-end=\"1481\"><strong data-start=\"1467\" data-end=\"1481\">Ideale per<\/strong><\/h3>\n<ul data-start=\"1483\" data-end=\"1697\">\n<li data-start=\"1483\" data-end=\"1546\">\n<p data-start=\"1485\" data-end=\"1546\">Protezione durante lavori di <strong data-start=\"1514\" data-end=\"1544\">pittura o ristrutturazione<\/strong><\/p>\n<\/li>\n<li data-start=\"1547\" data-end=\"1595\">\n<p data-start=\"1549\" data-end=\"1595\">Copertura di <strong data-start=\"1562\" data-end=\"1593\">mobili, pavimenti e infissi<\/strong><\/p>\n<\/li>\n<li data-start=\"1596\" data-end=\"1651\">\n<p data-start=\"1598\" data-end=\"1651\">Cantieri, garage, laboratori e ambienti industriali<\/p>\n<\/li>\n<li data-start=\"1652\" data-end=\"1697\">\n<p data-start=\"1654\" data-end=\"1697\">Prevenire accumulo di <strong data-start=\"1676\" data-end=\"1697\">polvere o umidit\u00e0<\/strong><\/p>\n<\/li>\n<\/ul>\n<p><strong>Contattaci per avviare un ciclo di pittura che si adatti alle tue esigenze<\/strong><\/p>\n<p><a href=\"https:\/\/stazionebricolor.com\/index.php\/categoria-prodotto\/pantaloni-palette-altamura-colorificio\/\"><strong>CONSULTA LA NOSTRA LINEA DI ACESSORI E ATTREZZI DA LAVORO PER ESSERE SEMPRE PROFESSIONALI<\/strong><\/a><\/p>\n","protected":false},"excerpt":{"rendered":"<p>Telo copritutto in polietilene \u2013 Protezione da polvere e vernice Il telo copritutto in polietilene ad alta densit\u00e0 \u00e8 la soluzione ideale per proteggere mobili, pavimenti, infissi e superfici da polvere, schizzi di vernice e umidit\u00e0 durante lavori di pittura, traslochi o interventi di manutenzione. Robusto e leggero allo stesso tempo, \u00e8 disponibile in diversi [&hellip;]<\/p>\n","protected":false},"featured_media":1620,"comment_status":"open","ping_status":"closed","template":"","meta":{"om_disable_all_campaigns":false,"_monsterinsights_skip_tracking":false,"_monsterinsights_sitenote_active":false,"_monsterinsights_sitenote_note":"","_monsterinsights_sitenote_category":0,"_joinchat":[]},"product_brand":[],"product_cat":[102,32,94],"product_tag":[1090,1091,1092,1093,1083],"class_list":{"0":"post-1611","1":"product","2":"type-product","3":"status-publish","4":"has-post-thumbnail","6":"product_cat-accessori-complementari","7":"product_cat-mastice-sigillante-adesivo-biadesivo-pattex-millechiodi-polimero-ms","8":"product_cat-mascheratura-telo-salva-pavimento-polietilene-cartone","9":"product_tag-copritutto","10":"product_tag-foglio","11":"product_tag-polietilene","12":"product_tag-rotolo","13":"product_tag-telo","15":"first","16":"instock","17":"taxable","18":"shipping-taxable","19":"purchasable","20":"product-type-variable"},"yoast_head":"<!-- This site is optimized with the Yoast SEO plugin v26.5 - https:\/\/yoast.com\/wordpress\/plugins\/seo\/ -->\n<title>TELO COPRITUTTO MULTIUSO - varie misure - Stazione Bricolor<\/title>\n<meta name=\"description\" content=\"Telo copritutto in polietilene ad alta densit\u00e0, disponibile in vari formati e grammature. Ideale per protezione da vernici e polvere.\" \/>\n<meta name=\"robots\" content=\"index, follow, max-snippet:-1, max-image-preview:large, max-video-preview:-1\" \/>\n<link rel=\"canonical\" href=\"https:\/\/stazionebricolor.com\/index.php\/prodotto\/telo-copritutto-multiuso-varie-misure-uso-generico-protezione-dalla-polvere-e-vernici-colorificio-online\/\" \/>\n<meta property=\"og:locale\" content=\"it_IT\" \/>\n<meta property=\"og:type\" content=\"article\" \/>\n<meta property=\"og:title\" content=\"TELO COPRITUTTO MULTIUSO - varie misure - Stazione Bricolor\" \/>\n<meta property=\"og:description\" content=\"Telo copritutto in polietilene ad alta densit\u00e0, disponibile in vari formati e grammature. Ideale per protezione da vernici e polvere.\" \/>\n<meta property=\"og:url\" content=\"https:\/\/stazionebricolor.com\/index.php\/prodotto\/telo-copritutto-multiuso-varie-misure-uso-generico-protezione-dalla-polvere-e-vernici-colorificio-online\/\" \/>\n<meta property=\"og:site_name\" content=\"Stazione Bricolor\" \/>\n<meta property=\"article:modified_time\" content=\"2025-06-16T16:19:11+00:00\" \/>\n<meta property=\"og:image\" content=\"https:\/\/stazionebricolor.com\/wp-content\/uploads\/2024\/08\/telo-4-x-4-gr-100.png\" \/>\n\t<meta property=\"og:image:width\" content=\"1154\" \/>\n\t<meta property=\"og:image:height\" content=\"1141\" \/>\n\t<meta property=\"og:image:type\" content=\"image\/png\" \/>\n<meta name=\"twitter:card\" content=\"summary_large_image\" \/>\n<meta name=\"twitter:label1\" content=\"Tempo di lettura stimato\" \/>\n\t<meta name=\"twitter:data1\" content=\"2 minuti\" \/>\n<script type=\"application\/ld+json\" class=\"yoast-schema-graph\">{\"@context\":\"https:\/\/schema.org\",\"@graph\":[{\"@type\":\"WebPage\",\"@id\":\"https:\/\/stazionebricolor.com\/index.php\/prodotto\/telo-copritutto-multiuso-varie-misure-uso-generico-protezione-dalla-polvere-e-vernici-colorificio-online\/\",\"url\":\"https:\/\/stazionebricolor.com\/index.php\/prodotto\/telo-copritutto-multiuso-varie-misure-uso-generico-protezione-dalla-polvere-e-vernici-colorificio-online\/\",\"name\":\"TELO COPRITUTTO MULTIUSO - varie misure - Stazione Bricolor\",\"isPartOf\":{\"@id\":\"https:\/\/stazionebricolor.com\/#website\"},\"primaryImageOfPage\":{\"@id\":\"https:\/\/stazionebricolor.com\/index.php\/prodotto\/telo-copritutto-multiuso-varie-misure-uso-generico-protezione-dalla-polvere-e-vernici-colorificio-online\/#primaryimage\"},\"image\":{\"@id\":\"https:\/\/stazionebricolor.com\/index.php\/prodotto\/telo-copritutto-multiuso-varie-misure-uso-generico-protezione-dalla-polvere-e-vernici-colorificio-online\/#primaryimage\"},\"thumbnailUrl\":\"https:\/\/stazionebricolor.com\/wp-content\/uploads\/2024\/08\/telo-4-x-4-gr-100.png\",\"datePublished\":\"2024-08-08T11:13:32+00:00\",\"dateModified\":\"2025-06-16T16:19:11+00:00\",\"description\":\"Telo copritutto in polietilene ad alta densit\u00e0, disponibile in vari formati e grammature. Ideale per protezione da vernici e polvere.\",\"breadcrumb\":{\"@id\":\"https:\/\/stazionebricolor.com\/index.php\/prodotto\/telo-copritutto-multiuso-varie-misure-uso-generico-protezione-dalla-polvere-e-vernici-colorificio-online\/#breadcrumb\"},\"inLanguage\":\"it-IT\",\"potentialAction\":[{\"@type\":\"ReadAction\",\"target\":[\"https:\/\/stazionebricolor.com\/index.php\/prodotto\/telo-copritutto-multiuso-varie-misure-uso-generico-protezione-dalla-polvere-e-vernici-colorificio-online\/\"]}]},{\"@type\":\"ImageObject\",\"inLanguage\":\"it-IT\",\"@id\":\"https:\/\/stazionebricolor.com\/index.php\/prodotto\/telo-copritutto-multiuso-varie-misure-uso-generico-protezione-dalla-polvere-e-vernici-colorificio-online\/#primaryimage\",\"url\":\"https:\/\/stazionebricolor.com\/wp-content\/uploads\/2024\/08\/telo-4-x-4-gr-100.png\",\"contentUrl\":\"https:\/\/stazionebricolor.com\/wp-content\/uploads\/2024\/08\/telo-4-x-4-gr-100.png\",\"width\":1154,\"height\":1141,\"caption\":\"mq 16 gr 100\"},{\"@type\":\"BreadcrumbList\",\"@id\":\"https:\/\/stazionebricolor.com\/index.php\/prodotto\/telo-copritutto-multiuso-varie-misure-uso-generico-protezione-dalla-polvere-e-vernici-colorificio-online\/#breadcrumb\",\"itemListElement\":[{\"@type\":\"ListItem\",\"position\":1,\"name\":\"Home\",\"item\":\"https:\/\/stazionebricolor.com\/\"},{\"@type\":\"ListItem\",\"position\":2,\"name\":\"Shop\",\"item\":\"https:\/\/stazionebricolor.com\/\"},{\"@type\":\"ListItem\",\"position\":3,\"name\":\"TELO COPRITUTTO MULTIUSO &#8211; varie misure\"}]},{\"@type\":\"WebSite\",\"@id\":\"https:\/\/stazionebricolor.com\/#website\",\"url\":\"https:\/\/stazionebricolor.com\/\",\"name\":\"Stazione Bricolor\",\"description\":\"Colorare casa non \u00e8 mai stato cos\u00ec semplice\",\"publisher\":{\"@id\":\"https:\/\/stazionebricolor.com\/#organization\"},\"potentialAction\":[{\"@type\":\"SearchAction\",\"target\":{\"@type\":\"EntryPoint\",\"urlTemplate\":\"https:\/\/stazionebricolor.com\/?s={search_term_string}\"},\"query-input\":{\"@type\":\"PropertyValueSpecification\",\"valueRequired\":true,\"valueName\":\"search_term_string\"}}],\"inLanguage\":\"it-IT\"},{\"@type\":\"Organization\",\"@id\":\"https:\/\/stazionebricolor.com\/#organization\",\"name\":\"Stazione Bricolor\",\"url\":\"https:\/\/stazionebricolor.com\/\",\"logo\":{\"@type\":\"ImageObject\",\"inLanguage\":\"it-IT\",\"@id\":\"https:\/\/stazionebricolor.com\/#\/schema\/logo\/image\/\",\"url\":\"https:\/\/stazionebricolor.com\/wp-content\/uploads\/2024\/06\/cropped-stazionebricoloricona-1.png\",\"contentUrl\":\"https:\/\/stazionebricolor.com\/wp-content\/uploads\/2024\/06\/cropped-stazionebricoloricona-1.png\",\"width\":520,\"height\":292,\"caption\":\"Stazione Bricolor\"},\"image\":{\"@id\":\"https:\/\/stazionebricolor.com\/#\/schema\/logo\/image\/\"}}]}<\/script>\n<!-- \/ Yoast SEO plugin. -->","yoast_head_json":{"title":"TELO COPRITUTTO MULTIUSO - varie misure - Stazione Bricolor","description":"Telo copritutto in polietilene ad alta densit\u00e0, disponibile in vari formati e grammature. Ideale per protezione da vernici e polvere.","robots":{"index":"index","follow":"follow","max-snippet":"max-snippet:-1","max-image-preview":"max-image-preview:large","max-video-preview":"max-video-preview:-1"},"canonical":"https:\/\/stazionebricolor.com\/index.php\/prodotto\/telo-copritutto-multiuso-varie-misure-uso-generico-protezione-dalla-polvere-e-vernici-colorificio-online\/","og_locale":"it_IT","og_type":"article","og_title":"TELO COPRITUTTO MULTIUSO - varie misure - Stazione Bricolor","og_description":"Telo copritutto in polietilene ad alta densit\u00e0, disponibile in vari formati e grammature. Ideale per protezione da vernici e polvere.","og_url":"https:\/\/stazionebricolor.com\/index.php\/prodotto\/telo-copritutto-multiuso-varie-misure-uso-generico-protezione-dalla-polvere-e-vernici-colorificio-online\/","og_site_name":"Stazione Bricolor","article_modified_time":"2025-06-16T16:19:11+00:00","og_image":[{"width":1154,"height":1141,"url":"https:\/\/stazionebricolor.com\/wp-content\/uploads\/2024\/08\/telo-4-x-4-gr-100.png","type":"image\/png"}],"twitter_card":"summary_large_image","twitter_misc":{"Tempo di lettura stimato":"2 minuti"},"schema":{"@context":"https:\/\/schema.org","@graph":[{"@type":"WebPage","@id":"https:\/\/stazionebricolor.com\/index.php\/prodotto\/telo-copritutto-multiuso-varie-misure-uso-generico-protezione-dalla-polvere-e-vernici-colorificio-online\/","url":"https:\/\/stazionebricolor.com\/index.php\/prodotto\/telo-copritutto-multiuso-varie-misure-uso-generico-protezione-dalla-polvere-e-vernici-colorificio-online\/","name":"TELO COPRITUTTO MULTIUSO - varie misure - Stazione Bricolor","isPartOf":{"@id":"https:\/\/stazionebricolor.com\/#website"},"primaryImageOfPage":{"@id":"https:\/\/stazionebricolor.com\/index.php\/prodotto\/telo-copritutto-multiuso-varie-misure-uso-generico-protezione-dalla-polvere-e-vernici-colorificio-online\/#primaryimage"},"image":{"@id":"https:\/\/stazionebricolor.com\/index.php\/prodotto\/telo-copritutto-multiuso-varie-misure-uso-generico-protezione-dalla-polvere-e-vernici-colorificio-online\/#primaryimage"},"thumbnailUrl":"https:\/\/stazionebricolor.com\/wp-content\/uploads\/2024\/08\/telo-4-x-4-gr-100.png","datePublished":"2024-08-08T11:13:32+00:00","dateModified":"2025-06-16T16:19:11+00:00","description":"Telo copritutto in polietilene ad alta densit\u00e0, disponibile in vari formati e grammature. Ideale per protezione da vernici e polvere.","breadcrumb":{"@id":"https:\/\/stazionebricolor.com\/index.php\/prodotto\/telo-copritutto-multiuso-varie-misure-uso-generico-protezione-dalla-polvere-e-vernici-colorificio-online\/#breadcrumb"},"inLanguage":"it-IT","potentialAction":[{"@type":"ReadAction","target":["https:\/\/stazionebricolor.com\/index.php\/prodotto\/telo-copritutto-multiuso-varie-misure-uso-generico-protezione-dalla-polvere-e-vernici-colorificio-online\/"]}]},{"@type":"ImageObject","inLanguage":"it-IT","@id":"https:\/\/stazionebricolor.com\/index.php\/prodotto\/telo-copritutto-multiuso-varie-misure-uso-generico-protezione-dalla-polvere-e-vernici-colorificio-online\/#primaryimage","url":"https:\/\/stazionebricolor.com\/wp-content\/uploads\/2024\/08\/telo-4-x-4-gr-100.png","contentUrl":"https:\/\/stazionebricolor.com\/wp-content\/uploads\/2024\/08\/telo-4-x-4-gr-100.png","width":1154,"height":1141,"caption":"mq 16 gr 100"},{"@type":"BreadcrumbList","@id":"https:\/\/stazionebricolor.com\/index.php\/prodotto\/telo-copritutto-multiuso-varie-misure-uso-generico-protezione-dalla-polvere-e-vernici-colorificio-online\/#breadcrumb","itemListElement":[{"@type":"ListItem","position":1,"name":"Home","item":"https:\/\/stazionebricolor.com\/"},{"@type":"ListItem","position":2,"name":"Shop","item":"https:\/\/stazionebricolor.com\/"},{"@type":"ListItem","position":3,"name":"TELO COPRITUTTO MULTIUSO &#8211; varie misure"}]},{"@type":"WebSite","@id":"https:\/\/stazionebricolor.com\/#website","url":"https:\/\/stazionebricolor.com\/","name":"Stazione Bricolor","description":"Colorare casa non \u00e8 mai stato cos\u00ec semplice","publisher":{"@id":"https:\/\/stazionebricolor.com\/#organization"},"potentialAction":[{"@type":"SearchAction","target":{"@type":"EntryPoint","urlTemplate":"https:\/\/stazionebricolor.com\/?s={search_term_string}"},"query-input":{"@type":"PropertyValueSpecification","valueRequired":true,"valueName":"search_term_string"}}],"inLanguage":"it-IT"},{"@type":"Organization","@id":"https:\/\/stazionebricolor.com\/#organization","name":"Stazione Bricolor","url":"https:\/\/stazionebricolor.com\/","logo":{"@type":"ImageObject","inLanguage":"it-IT","@id":"https:\/\/stazionebricolor.com\/#\/schema\/logo\/image\/","url":"https:\/\/stazionebricolor.com\/wp-content\/uploads\/2024\/06\/cropped-stazionebricoloricona-1.png","contentUrl":"https:\/\/stazionebricolor.com\/wp-content\/uploads\/2024\/06\/cropped-stazionebricoloricona-1.png","width":520,"height":292,"caption":"Stazione Bricolor"},"image":{"@id":"https:\/\/stazionebricolor.com\/#\/schema\/logo\/image\/"}}]}},"_links":{"self":[{"href":"https:\/\/stazionebricolor.com\/index.php\/wp-json\/wp\/v2\/product\/1611","targetHints":{"allow":["GET"]}}],"collection":[{"href":"https:\/\/stazionebricolor.com\/index.php\/wp-json\/wp\/v2\/product"}],"about":[{"href":"https:\/\/stazionebricolor.com\/index.php\/wp-json\/wp\/v2\/types\/product"}],"replies":[{"embeddable":true,"href":"https:\/\/stazionebricolor.com\/index.php\/wp-json\/wp\/v2\/comments?post=1611"}],"wp:featuredmedia":[{"embeddable":true,"href":"https:\/\/stazionebricolor.com\/index.php\/wp-json\/wp\/v2\/media\/1620"}],"wp:attachment":[{"href":"https:\/\/stazionebricolor.com\/index.php\/wp-json\/wp\/v2\/media?parent=1611"}],"wp:term":[{"taxonomy":"product_brand","embeddable":true,"href":"https:\/\/stazionebricolor.com\/index.php\/wp-json\/wp\/v2\/product_brand?post=1611"},{"taxonomy":"product_cat","embeddable":true,"href":"https:\/\/stazionebricolor.com\/index.php\/wp-json\/wp\/v2\/product_cat?post=1611"},{"taxonomy":"product_tag","embeddable":true,"href":"https:\/\/stazionebricolor.com\/index.php\/wp-json\/wp\/v2\/product_tag?post=1611"}],"curies":[{"name":"wp","href":"https:\/\/api.w.org\/{rel}","templated":true}]}}