{"id":2064,"date":"2024-08-30T06:33:16","date_gmt":"2024-08-30T06:33:16","guid":{"rendered":"https:\/\/stazionebricolor.com\/?post_type=product&#038;p=2064"},"modified":"2025-06-19T08:54:04","modified_gmt":"2025-06-19T08:54:04","slug":"guanti-filati-in-poliestere-seattle","status":"publish","type":"product","link":"https:\/\/stazionebricolor.com\/index.php\/prodotto\/guanti-filati-in-poliestere-seattle\/","title":{"rendered":"GUANTI FILATI IN POLIESTERE SEATTLE"},"content":{"rendered":"<h3><strong>GUANTI FILATI IN POLIESTERE SEATTLE &#8211; Traspiranti e Senza Cuciture<\/strong><\/h3>\n<p>Questi <strong>guanti\u00a0 filati in poliestere bianchi<\/strong> sono ideali per attivit\u00e0 che richiedono precisione, sensibilit\u00e0 tattile e pulizia. Perfetti per l&#8217;<strong>elettronica, l&#8217;assemblaggio hardware<\/strong>, le <strong>ispezioni<\/strong> e il <strong>controllo qualit\u00e0<\/strong>.<\/p>\n<p>Grazie alla <strong>traspirabilit\u00e0<\/strong> del materiale e all\u2019assenza di cuciture, i guanti garantiscono una calzata comoda per tutto il giorno. Il <strong>palmo spalmato in poliuretano<\/strong> assicura una buona presa e resistenza all&#8217;abrasione leggera.<\/p>\n<hr \/>\n<h3><strong>Caratteristiche principali<\/strong><\/h3>\n<ul>\n<li><strong>Filato in poliestere<\/strong> bianco senza cuciture<\/li>\n<li><strong>Palmo spalmato in poliuretan<em>o<\/em><\/strong> per una presa sicura<\/li>\n<li><strong>Leggeri, traspiranti e confortevoli<\/strong><\/li>\n<li>Adatti a lavori di precisione, elettronica e assemblaggio<\/li>\n<\/ul>\n<hr \/>\n<h3><strong>Taglie disponibili \/ Utilizzo<\/strong><\/h3>\n<ul>\n<li>Dalla M alla XXL<\/li>\n<li><strong>Ideale per<\/strong>: lavori di precisione, elettronica, assemblaggio, giardinaggio, ispezioni, pittura, deposito<\/li>\n<\/ul>\n<hr \/>\n<p><strong>Contattaci per iniziare un ciclo di pittura che si adatti alle tue esigenze<\/strong><\/p>\n<p><a href=\"https:\/\/stazionebricolor.com\/index.php\/categoria-prodotto\/pantaloni-palette-altamura-colorificio\/\"><strong>CONSULTA LA NOSTRA GAMMA DI ACESSORI E ATTREZZI DA LAVORO<\/strong><\/a><\/p>\n","protected":false},"excerpt":{"rendered":"<p>GUANTI FILATI IN POLIESTERE SEATTLE &#8211; Traspiranti e Senza Cuciture Questi guanti\u00a0 filati in poliestere bianchi sono ideali per attivit\u00e0 che richiedono precisione, sensibilit\u00e0 tattile e pulizia. Perfetti per l&#8217;elettronica, l&#8217;assemblaggio hardware, le ispezioni e il controllo qualit\u00e0. Grazie alla traspirabilit\u00e0 del materiale e all\u2019assenza di cuciture, i guanti garantiscono una calzata comoda per tutto [&hellip;]<\/p>\n","protected":false},"featured_media":2065,"comment_status":"open","ping_status":"closed","template":"","meta":{"om_disable_all_campaigns":false,"_monsterinsights_skip_tracking":false,"_monsterinsights_sitenote_active":false,"_monsterinsights_sitenote_note":"","_monsterinsights_sitenote_category":0,"_joinchat":[]},"product_brand":[],"product_cat":[34,102,100],"product_tag":[1043,1204,1223,1203,1224,310],"class_list":{"0":"post-2064","1":"product","2":"type-product","3":"status-publish","4":"has-post-thumbnail","6":"product_cat-pantaloni-palette-altamura-colorificio","7":"product_cat-accessori-complementari","8":"product_cat-scarpe-solette-occchiale-maschera-casco-visiere","9":"product_tag-abbigliamento","10":"product_tag-antinfortunistica","11":"product_tag-economici","12":"product_tag-guanti","13":"product_tag-lavori","14":"product_tag-maurer","15":"pa_taglia-misure-lavoro-7s","16":"pa_taglia-misure-lavoro-8m","17":"pa_taglia-misure-lavoro-9l","18":"pa_taglia-misure-lavoro-10xl","19":"pa_taglia-misure-lavoro-11xxl","21":"first","22":"instock","23":"taxable","24":"shipping-taxable","25":"purchasable","26":"product-type-variable"},"yoast_head":"<!-- This site is optimized with the Yoast SEO plugin v26.5 - https:\/\/yoast.com\/wordpress\/plugins\/seo\/ -->\n<title>GUANTI FILATI IN POLIESTERE SEATTLE - Stazione Bricolor<\/title>\n<meta name=\"description\" content=\"Guanti filati in poliestere bianchi con palmo in poliuretano. Ideali per elettronica, controllo qualit\u00e0 e assemblaggi leggeri. Traspiranti e senza cuciture.\" \/>\n<meta name=\"robots\" content=\"index, follow, max-snippet:-1, max-image-preview:large, max-video-preview:-1\" \/>\n<link rel=\"canonical\" href=\"https:\/\/stazionebricolor.com\/index.php\/prodotto\/guanti-filati-in-poliestere-seattle\/\" \/>\n<meta property=\"og:locale\" content=\"it_IT\" \/>\n<meta property=\"og:type\" content=\"article\" \/>\n<meta property=\"og:title\" content=\"GUANTI FILATI IN POLIESTERE SEATTLE - Stazione Bricolor\" \/>\n<meta property=\"og:description\" content=\"Guanti filati in poliestere bianchi con palmo in poliuretano. Ideali per elettronica, controllo qualit\u00e0 e assemblaggi leggeri. Traspiranti e senza cuciture.\" \/>\n<meta property=\"og:url\" content=\"https:\/\/stazionebricolor.com\/index.php\/prodotto\/guanti-filati-in-poliestere-seattle\/\" \/>\n<meta property=\"og:site_name\" content=\"Stazione Bricolor\" \/>\n<meta property=\"article:modified_time\" content=\"2025-06-19T08:54:04+00:00\" \/>\n<meta property=\"og:image\" content=\"https:\/\/stazionebricolor.com\/wp-content\/uploads\/2024\/08\/GUANTI-SEATTLE.png\" \/>\n\t<meta property=\"og:image:width\" content=\"1154\" \/>\n\t<meta property=\"og:image:height\" content=\"1136\" \/>\n\t<meta property=\"og:image:type\" content=\"image\/png\" \/>\n<meta name=\"twitter:card\" content=\"summary_large_image\" \/>\n<meta name=\"twitter:label1\" content=\"Tempo di lettura stimato\" \/>\n\t<meta name=\"twitter:data1\" content=\"1 minuto\" \/>\n<script type=\"application\/ld+json\" class=\"yoast-schema-graph\">{\"@context\":\"https:\/\/schema.org\",\"@graph\":[{\"@type\":\"WebPage\",\"@id\":\"https:\/\/stazionebricolor.com\/index.php\/prodotto\/guanti-filati-in-poliestere-seattle\/\",\"url\":\"https:\/\/stazionebricolor.com\/index.php\/prodotto\/guanti-filati-in-poliestere-seattle\/\",\"name\":\"GUANTI FILATI IN POLIESTERE SEATTLE - Stazione Bricolor\",\"isPartOf\":{\"@id\":\"https:\/\/stazionebricolor.com\/#website\"},\"primaryImageOfPage\":{\"@id\":\"https:\/\/stazionebricolor.com\/index.php\/prodotto\/guanti-filati-in-poliestere-seattle\/#primaryimage\"},\"image\":{\"@id\":\"https:\/\/stazionebricolor.com\/index.php\/prodotto\/guanti-filati-in-poliestere-seattle\/#primaryimage\"},\"thumbnailUrl\":\"https:\/\/stazionebricolor.com\/wp-content\/uploads\/2024\/08\/GUANTI-SEATTLE.png\",\"datePublished\":\"2024-08-30T06:33:16+00:00\",\"dateModified\":\"2025-06-19T08:54:04+00:00\",\"description\":\"Guanti filati in poliestere bianchi con palmo in poliuretano. Ideali per elettronica, controllo qualit\u00e0 e assemblaggi leggeri. Traspiranti e senza cuciture.\",\"breadcrumb\":{\"@id\":\"https:\/\/stazionebricolor.com\/index.php\/prodotto\/guanti-filati-in-poliestere-seattle\/#breadcrumb\"},\"inLanguage\":\"it-IT\",\"potentialAction\":[{\"@type\":\"ReadAction\",\"target\":[\"https:\/\/stazionebricolor.com\/index.php\/prodotto\/guanti-filati-in-poliestere-seattle\/\"]}]},{\"@type\":\"ImageObject\",\"inLanguage\":\"it-IT\",\"@id\":\"https:\/\/stazionebricolor.com\/index.php\/prodotto\/guanti-filati-in-poliestere-seattle\/#primaryimage\",\"url\":\"https:\/\/stazionebricolor.com\/wp-content\/uploads\/2024\/08\/GUANTI-SEATTLE.png\",\"contentUrl\":\"https:\/\/stazionebricolor.com\/wp-content\/uploads\/2024\/08\/GUANTI-SEATTLE.png\",\"width\":1154,\"height\":1136,\"caption\":\"Guanti filati in poliestere bianchi spalmati con palmo in poliuretano\"},{\"@type\":\"BreadcrumbList\",\"@id\":\"https:\/\/stazionebricolor.com\/index.php\/prodotto\/guanti-filati-in-poliestere-seattle\/#breadcrumb\",\"itemListElement\":[{\"@type\":\"ListItem\",\"position\":1,\"name\":\"Home\",\"item\":\"https:\/\/stazionebricolor.com\/\"},{\"@type\":\"ListItem\",\"position\":2,\"name\":\"Shop\",\"item\":\"https:\/\/stazionebricolor.com\/\"},{\"@type\":\"ListItem\",\"position\":3,\"name\":\"GUANTI FILATI IN POLIESTERE SEATTLE\"}]},{\"@type\":\"WebSite\",\"@id\":\"https:\/\/stazionebricolor.com\/#website\",\"url\":\"https:\/\/stazionebricolor.com\/\",\"name\":\"Stazione Bricolor\",\"description\":\"Colorare casa non \u00e8 mai stato cos\u00ec semplice\",\"publisher\":{\"@id\":\"https:\/\/stazionebricolor.com\/#organization\"},\"potentialAction\":[{\"@type\":\"SearchAction\",\"target\":{\"@type\":\"EntryPoint\",\"urlTemplate\":\"https:\/\/stazionebricolor.com\/?s={search_term_string}\"},\"query-input\":{\"@type\":\"PropertyValueSpecification\",\"valueRequired\":true,\"valueName\":\"search_term_string\"}}],\"inLanguage\":\"it-IT\"},{\"@type\":\"Organization\",\"@id\":\"https:\/\/stazionebricolor.com\/#organization\",\"name\":\"Stazione Bricolor\",\"url\":\"https:\/\/stazionebricolor.com\/\",\"logo\":{\"@type\":\"ImageObject\",\"inLanguage\":\"it-IT\",\"@id\":\"https:\/\/stazionebricolor.com\/#\/schema\/logo\/image\/\",\"url\":\"https:\/\/stazionebricolor.com\/wp-content\/uploads\/2024\/06\/cropped-stazionebricoloricona-1.png\",\"contentUrl\":\"https:\/\/stazionebricolor.com\/wp-content\/uploads\/2024\/06\/cropped-stazionebricoloricona-1.png\",\"width\":520,\"height\":292,\"caption\":\"Stazione Bricolor\"},\"image\":{\"@id\":\"https:\/\/stazionebricolor.com\/#\/schema\/logo\/image\/\"}}]}<\/script>\n<!-- \/ Yoast SEO plugin. -->","yoast_head_json":{"title":"GUANTI FILATI IN POLIESTERE SEATTLE - Stazione Bricolor","description":"Guanti filati in poliestere bianchi con palmo in poliuretano. Ideali per elettronica, controllo qualit\u00e0 e assemblaggi leggeri. Traspiranti e senza cuciture.","robots":{"index":"index","follow":"follow","max-snippet":"max-snippet:-1","max-image-preview":"max-image-preview:large","max-video-preview":"max-video-preview:-1"},"canonical":"https:\/\/stazionebricolor.com\/index.php\/prodotto\/guanti-filati-in-poliestere-seattle\/","og_locale":"it_IT","og_type":"article","og_title":"GUANTI FILATI IN POLIESTERE SEATTLE - Stazione Bricolor","og_description":"Guanti filati in poliestere bianchi con palmo in poliuretano. Ideali per elettronica, controllo qualit\u00e0 e assemblaggi leggeri. Traspiranti e senza cuciture.","og_url":"https:\/\/stazionebricolor.com\/index.php\/prodotto\/guanti-filati-in-poliestere-seattle\/","og_site_name":"Stazione Bricolor","article_modified_time":"2025-06-19T08:54:04+00:00","og_image":[{"width":1154,"height":1136,"url":"https:\/\/stazionebricolor.com\/wp-content\/uploads\/2024\/08\/GUANTI-SEATTLE.png","type":"image\/png"}],"twitter_card":"summary_large_image","twitter_misc":{"Tempo di lettura stimato":"1 minuto"},"schema":{"@context":"https:\/\/schema.org","@graph":[{"@type":"WebPage","@id":"https:\/\/stazionebricolor.com\/index.php\/prodotto\/guanti-filati-in-poliestere-seattle\/","url":"https:\/\/stazionebricolor.com\/index.php\/prodotto\/guanti-filati-in-poliestere-seattle\/","name":"GUANTI FILATI IN POLIESTERE SEATTLE - Stazione Bricolor","isPartOf":{"@id":"https:\/\/stazionebricolor.com\/#website"},"primaryImageOfPage":{"@id":"https:\/\/stazionebricolor.com\/index.php\/prodotto\/guanti-filati-in-poliestere-seattle\/#primaryimage"},"image":{"@id":"https:\/\/stazionebricolor.com\/index.php\/prodotto\/guanti-filati-in-poliestere-seattle\/#primaryimage"},"thumbnailUrl":"https:\/\/stazionebricolor.com\/wp-content\/uploads\/2024\/08\/GUANTI-SEATTLE.png","datePublished":"2024-08-30T06:33:16+00:00","dateModified":"2025-06-19T08:54:04+00:00","description":"Guanti filati in poliestere bianchi con palmo in poliuretano. Ideali per elettronica, controllo qualit\u00e0 e assemblaggi leggeri. Traspiranti e senza cuciture.","breadcrumb":{"@id":"https:\/\/stazionebricolor.com\/index.php\/prodotto\/guanti-filati-in-poliestere-seattle\/#breadcrumb"},"inLanguage":"it-IT","potentialAction":[{"@type":"ReadAction","target":["https:\/\/stazionebricolor.com\/index.php\/prodotto\/guanti-filati-in-poliestere-seattle\/"]}]},{"@type":"ImageObject","inLanguage":"it-IT","@id":"https:\/\/stazionebricolor.com\/index.php\/prodotto\/guanti-filati-in-poliestere-seattle\/#primaryimage","url":"https:\/\/stazionebricolor.com\/wp-content\/uploads\/2024\/08\/GUANTI-SEATTLE.png","contentUrl":"https:\/\/stazionebricolor.com\/wp-content\/uploads\/2024\/08\/GUANTI-SEATTLE.png","width":1154,"height":1136,"caption":"Guanti filati in poliestere bianchi spalmati con palmo in poliuretano"},{"@type":"BreadcrumbList","@id":"https:\/\/stazionebricolor.com\/index.php\/prodotto\/guanti-filati-in-poliestere-seattle\/#breadcrumb","itemListElement":[{"@type":"ListItem","position":1,"name":"Home","item":"https:\/\/stazionebricolor.com\/"},{"@type":"ListItem","position":2,"name":"Shop","item":"https:\/\/stazionebricolor.com\/"},{"@type":"ListItem","position":3,"name":"GUANTI FILATI IN POLIESTERE SEATTLE"}]},{"@type":"WebSite","@id":"https:\/\/stazionebricolor.com\/#website","url":"https:\/\/stazionebricolor.com\/","name":"Stazione Bricolor","description":"Colorare casa non \u00e8 mai stato cos\u00ec semplice","publisher":{"@id":"https:\/\/stazionebricolor.com\/#organization"},"potentialAction":[{"@type":"SearchAction","target":{"@type":"EntryPoint","urlTemplate":"https:\/\/stazionebricolor.com\/?s={search_term_string}"},"query-input":{"@type":"PropertyValueSpecification","valueRequired":true,"valueName":"search_term_string"}}],"inLanguage":"it-IT"},{"@type":"Organization","@id":"https:\/\/stazionebricolor.com\/#organization","name":"Stazione Bricolor","url":"https:\/\/stazionebricolor.com\/","logo":{"@type":"ImageObject","inLanguage":"it-IT","@id":"https:\/\/stazionebricolor.com\/#\/schema\/logo\/image\/","url":"https:\/\/stazionebricolor.com\/wp-content\/uploads\/2024\/06\/cropped-stazionebricoloricona-1.png","contentUrl":"https:\/\/stazionebricolor.com\/wp-content\/uploads\/2024\/06\/cropped-stazionebricoloricona-1.png","width":520,"height":292,"caption":"Stazione Bricolor"},"image":{"@id":"https:\/\/stazionebricolor.com\/#\/schema\/logo\/image\/"}}]}},"_links":{"self":[{"href":"https:\/\/stazionebricolor.com\/index.php\/wp-json\/wp\/v2\/product\/2064","targetHints":{"allow":["GET"]}}],"collection":[{"href":"https:\/\/stazionebricolor.com\/index.php\/wp-json\/wp\/v2\/product"}],"about":[{"href":"https:\/\/stazionebricolor.com\/index.php\/wp-json\/wp\/v2\/types\/product"}],"replies":[{"embeddable":true,"href":"https:\/\/stazionebricolor.com\/index.php\/wp-json\/wp\/v2\/comments?post=2064"}],"wp:featuredmedia":[{"embeddable":true,"href":"https:\/\/stazionebricolor.com\/index.php\/wp-json\/wp\/v2\/media\/2065"}],"wp:attachment":[{"href":"https:\/\/stazionebricolor.com\/index.php\/wp-json\/wp\/v2\/media?parent=2064"}],"wp:term":[{"taxonomy":"product_brand","embeddable":true,"href":"https:\/\/stazionebricolor.com\/index.php\/wp-json\/wp\/v2\/product_brand?post=2064"},{"taxonomy":"product_cat","embeddable":true,"href":"https:\/\/stazionebricolor.com\/index.php\/wp-json\/wp\/v2\/product_cat?post=2064"},{"taxonomy":"product_tag","embeddable":true,"href":"https:\/\/stazionebricolor.com\/index.php\/wp-json\/wp\/v2\/product_tag?post=2064"}],"curies":[{"name":"wp","href":"https:\/\/api.w.org\/{rel}","templated":true}]}}