{"id":2302,"date":"2024-10-02T06:02:06","date_gmt":"2024-10-02T06:02:06","guid":{"rendered":"https:\/\/stazionebricolor.com\/?post_type=product&#038;p=2302"},"modified":"2025-04-12T08:04:08","modified_gmt":"2025-04-12T08:04:08","slug":"nastro-rosa-tesa-4333-precision-mask-sensitive","status":"publish","type":"product","link":"https:\/\/stazionebricolor.com\/index.php\/prodotto\/nastro-rosa-tesa-4333-precision-mask-sensitive\/","title":{"rendered":"NASTRO ROSA TESA 4333 Precision Mask\u00ae Sensitive"},"content":{"rendered":"<p><span style=\"color: #ff00ff;\"><strong style=\"font-size: 1.41575em;\">Descrizione del prodotto<\/strong><\/span><\/p>\n<section id=\"toc-\" class=\"paragraph-2022 data-autolink marg-t--component\">\n<div class=\"grid-row container paragraph-2022--alignment-top paragraph-2022--headline-level-h\">\n<div class=\"col-12 col-md-centered-10\">\n<div class=\"paragraph-2022__image-text\">\n<div class=\"paragraph-2022__copy richtext copy\">\n<p><span class=\"lowercase hyphens-manual\">Tesa<\/span>\u00ae 4334 Precision Mask \u00e8 un nastro con un supporto in carta robusta ed extra fine rivestito di un adesivo in acrilico. La combinazione del supporto in materiale con la speciale formulazione adesiva consente l&#8217;appicazione su superfici delicate e la facile rimozione fino a 1 settimana dopo l&#8217;applicazione . Ci\u00f2 permette lavorazioni multiple in un unico processo di copertura.<\/p>\n<\/div>\n<\/div>\n<\/div>\n<\/div>\n<\/section>\n<section id=\"toc-product-features\" class=\"paragraph-2022 data-autolink marg-t--component\">\n<div class=\"grid-row container paragraph-2022--alignment-top paragraph-2022--headline-level-h\">\n<div class=\"col-12 col-md-centered-10\">\n<header class=\"paragraph-2022__headline\">\n<h4 class=\"headline headline--\"><span style=\"color: #ff00ff;\"><strong>Caratteristiche di prodotto<\/strong><\/span><\/h4>\n<\/header>\n<div class=\"paragraph-2022__image-text\">\n<div class=\"paragraph-2022__copy richtext copy\">\n<p>Questo nastro \u00e8 adatto per la maggior parte di tutti i lavori di verniciatura in interni .\u00a0<span class=\"lowercase hyphens-manual\">tesa<\/span>\u00ae 4333 Precision Mask Sensitive \u00e8 applicabile con pitture e vernici a base acqua ed \u00e8 idoneo anche per tecniche a spatola di elevata qualit\u00e0. \u00c8 idoneo per una variet\u00e0 di superfici delicate come il legno ,la carta da parati e le superfici appena verniciate. Il materiale del supporto \u00e8 altamente conformabile ed \u00e8 specialmente adatto per bordi di pittura netti e precisi.<\/p>\n<\/div>\n<\/div>\n<\/div>\n<\/div>\n<\/section>\n<section id=\"toc-\" class=\"table marg-t--component table--mounted table--scrolled-to-start table--scrolled-to-end\">\n<header class=\"table__module-header container\">\n<h4 class=\"headline headline--3\"><span style=\"color: #ff00ff;\"><strong>Propriet\u00e0\u00a0 Caratteristiche<\/strong><\/span><\/h4>\n<\/header>\n<ul>\n<li><strong>Colore : <\/strong>pink<\/li>\n<li><strong>Massa adesiva : <\/strong>acrilico<\/li>\n<li><strong>Spessore totale : <\/strong>85\u00a0<span class=\"lowercase\">\u00b5<\/span>m<\/li>\n<li><strong>Supporto\u00a0 : <\/strong>carta liscia<\/li>\n<li><strong>Formati :<\/strong>\u00a0 19 &#8211; 25 mm\u00a0 \u00a0x 50 mt<\/li>\n<li><strong>Allungamento a rottura : <\/strong>4.5 %<\/li>\n<li><strong>Resistenza alla trazione : <\/strong>41 N\/cm<\/li>\n<li><strong>Ideale per superfici ruvide : <\/strong>medio<\/li>\n<li><strong>Strappabile a mano : <\/strong>ottimo<\/li>\n<li><strong>Adesivit\u00e0 su Acciaio\u00a0 : <\/strong>0.6 N\/cm<\/li>\n<\/ul>\n<\/section>\n<section id=\"toc-\" class=\"table marg-t--component table--mounted table--scrolled-to-start table--scrolled-to-end\"><\/section>\n<section id=\"toc-\" class=\"table marg-t--component table--mounted table--scrolled-to-start table--scrolled-to-end\">\n<div class=\"table__content-wrapper\"><\/div>\n<p>&nbsp;<\/p>\n<\/section>\n","protected":false},"excerpt":{"rendered":"<p>Descrizione del prodotto Tesa\u00ae 4334 Precision Mask \u00e8 un nastro con un supporto in carta robusta ed extra fine rivestito di un adesivo in acrilico. La combinazione del supporto in materiale con la speciale formulazione adesiva consente l&#8217;appicazione su superfici delicate e la facile rimozione fino a 1 settimana dopo l&#8217;applicazione . Ci\u00f2 permette lavorazioni [&hellip;]<\/p>\n","protected":false},"featured_media":2303,"comment_status":"open","ping_status":"closed","template":"","meta":{"om_disable_all_campaigns":false,"_monsterinsights_skip_tracking":false,"_monsterinsights_sitenote_active":false,"_monsterinsights_sitenote_note":"","_monsterinsights_sitenote_category":0,"_joinchat":[]},"product_brand":[],"product_cat":[32,94],"product_tag":[1072,1028,3330,1068],"class_list":{"0":"post-2302","1":"product","2":"type-product","3":"status-publish","4":"has-post-thumbnail","6":"product_cat-mastice-sigillante-adesivo-biadesivo-pattex-millechiodi-polimero-ms","7":"product_cat-mascheratura-telo-salva-pavimento-polietilene-cartone","8":"product_tag-delicato","9":"product_tag-nastro","10":"product_tag-preciso","11":"product_tag-rosa","13":"first","14":"instock","15":"taxable","16":"shipping-taxable","17":"purchasable","18":"product-type-variable"},"yoast_head":"<!-- This site is optimized with the Yoast SEO plugin v26.5 - https:\/\/yoast.com\/wordpress\/plugins\/seo\/ -->\n<title>NASTRO ROSA TESA 4333 Precision Mask\u00ae Sensitive - Stazione Bricolor<\/title>\n<meta name=\"description\" content=\"Nastro adesivo in carta robusto ed extra fine. La sua combinazione consente l&#039;appicazione su superfici delicate e la facile rimozione fino a 1 settimana\" \/>\n<meta name=\"robots\" content=\"index, follow, max-snippet:-1, max-image-preview:large, max-video-preview:-1\" \/>\n<link rel=\"canonical\" href=\"https:\/\/stazionebricolor.com\/index.php\/prodotto\/nastro-rosa-tesa-4333-precision-mask-sensitive\/\" \/>\n<meta property=\"og:locale\" content=\"it_IT\" \/>\n<meta property=\"og:type\" content=\"article\" \/>\n<meta property=\"og:title\" content=\"NASTRO ROSA TESA 4333 Precision Mask\u00ae Sensitive - Stazione Bricolor\" \/>\n<meta property=\"og:description\" content=\"Nastro adesivo in carta robusto ed extra fine. La sua combinazione consente l&#039;appicazione su superfici delicate e la facile rimozione fino a 1 settimana\" \/>\n<meta property=\"og:url\" content=\"https:\/\/stazionebricolor.com\/index.php\/prodotto\/nastro-rosa-tesa-4333-precision-mask-sensitive\/\" \/>\n<meta property=\"og:site_name\" content=\"Stazione Bricolor\" \/>\n<meta property=\"article:modified_time\" content=\"2025-04-12T08:04:08+00:00\" \/>\n<meta property=\"og:image\" content=\"https:\/\/stazionebricolor.com\/wp-content\/uploads\/2024\/09\/nastro-tesa-4333-rosa.png\" \/>\n\t<meta property=\"og:image:width\" content=\"1154\" \/>\n\t<meta property=\"og:image:height\" content=\"1136\" \/>\n\t<meta property=\"og:image:type\" content=\"image\/png\" \/>\n<meta name=\"twitter:card\" content=\"summary_large_image\" \/>\n<meta name=\"twitter:label1\" content=\"Tempo di lettura stimato\" \/>\n\t<meta name=\"twitter:data1\" content=\"2 minuti\" \/>\n<script type=\"application\/ld+json\" class=\"yoast-schema-graph\">{\"@context\":\"https:\/\/schema.org\",\"@graph\":[{\"@type\":\"WebPage\",\"@id\":\"https:\/\/stazionebricolor.com\/index.php\/prodotto\/nastro-rosa-tesa-4333-precision-mask-sensitive\/\",\"url\":\"https:\/\/stazionebricolor.com\/index.php\/prodotto\/nastro-rosa-tesa-4333-precision-mask-sensitive\/\",\"name\":\"NASTRO ROSA TESA 4333 Precision Mask\u00ae Sensitive - Stazione Bricolor\",\"isPartOf\":{\"@id\":\"https:\/\/stazionebricolor.com\/#website\"},\"primaryImageOfPage\":{\"@id\":\"https:\/\/stazionebricolor.com\/index.php\/prodotto\/nastro-rosa-tesa-4333-precision-mask-sensitive\/#primaryimage\"},\"image\":{\"@id\":\"https:\/\/stazionebricolor.com\/index.php\/prodotto\/nastro-rosa-tesa-4333-precision-mask-sensitive\/#primaryimage\"},\"thumbnailUrl\":\"https:\/\/stazionebricolor.com\/wp-content\/uploads\/2024\/09\/nastro-tesa-4333-rosa.png\",\"datePublished\":\"2024-10-02T06:02:06+00:00\",\"dateModified\":\"2025-04-12T08:04:08+00:00\",\"description\":\"Nastro adesivo in carta robusto ed extra fine. La sua combinazione consente l'appicazione su superfici delicate e la facile rimozione fino a 1 settimana\",\"breadcrumb\":{\"@id\":\"https:\/\/stazionebricolor.com\/index.php\/prodotto\/nastro-rosa-tesa-4333-precision-mask-sensitive\/#breadcrumb\"},\"inLanguage\":\"it-IT\",\"potentialAction\":[{\"@type\":\"ReadAction\",\"target\":[\"https:\/\/stazionebricolor.com\/index.php\/prodotto\/nastro-rosa-tesa-4333-precision-mask-sensitive\/\"]}]},{\"@type\":\"ImageObject\",\"inLanguage\":\"it-IT\",\"@id\":\"https:\/\/stazionebricolor.com\/index.php\/prodotto\/nastro-rosa-tesa-4333-precision-mask-sensitive\/#primaryimage\",\"url\":\"https:\/\/stazionebricolor.com\/wp-content\/uploads\/2024\/09\/nastro-tesa-4333-rosa.png\",\"contentUrl\":\"https:\/\/stazionebricolor.com\/wp-content\/uploads\/2024\/09\/nastro-tesa-4333-rosa.png\",\"width\":1154,\"height\":1136},{\"@type\":\"BreadcrumbList\",\"@id\":\"https:\/\/stazionebricolor.com\/index.php\/prodotto\/nastro-rosa-tesa-4333-precision-mask-sensitive\/#breadcrumb\",\"itemListElement\":[{\"@type\":\"ListItem\",\"position\":1,\"name\":\"Home\",\"item\":\"https:\/\/stazionebricolor.com\/\"},{\"@type\":\"ListItem\",\"position\":2,\"name\":\"Shop\",\"item\":\"https:\/\/stazionebricolor.com\/\"},{\"@type\":\"ListItem\",\"position\":3,\"name\":\"NASTRO ROSA TESA 4333 Precision Mask\u00ae Sensitive\"}]},{\"@type\":\"WebSite\",\"@id\":\"https:\/\/stazionebricolor.com\/#website\",\"url\":\"https:\/\/stazionebricolor.com\/\",\"name\":\"Stazione Bricolor\",\"description\":\"Colorare casa non \u00e8 mai stato cos\u00ec semplice\",\"publisher\":{\"@id\":\"https:\/\/stazionebricolor.com\/#organization\"},\"potentialAction\":[{\"@type\":\"SearchAction\",\"target\":{\"@type\":\"EntryPoint\",\"urlTemplate\":\"https:\/\/stazionebricolor.com\/?s={search_term_string}\"},\"query-input\":{\"@type\":\"PropertyValueSpecification\",\"valueRequired\":true,\"valueName\":\"search_term_string\"}}],\"inLanguage\":\"it-IT\"},{\"@type\":\"Organization\",\"@id\":\"https:\/\/stazionebricolor.com\/#organization\",\"name\":\"Stazione Bricolor\",\"url\":\"https:\/\/stazionebricolor.com\/\",\"logo\":{\"@type\":\"ImageObject\",\"inLanguage\":\"it-IT\",\"@id\":\"https:\/\/stazionebricolor.com\/#\/schema\/logo\/image\/\",\"url\":\"https:\/\/stazionebricolor.com\/wp-content\/uploads\/2024\/06\/cropped-stazionebricoloricona-1.png\",\"contentUrl\":\"https:\/\/stazionebricolor.com\/wp-content\/uploads\/2024\/06\/cropped-stazionebricoloricona-1.png\",\"width\":520,\"height\":292,\"caption\":\"Stazione Bricolor\"},\"image\":{\"@id\":\"https:\/\/stazionebricolor.com\/#\/schema\/logo\/image\/\"}}]}<\/script>\n<!-- \/ Yoast SEO plugin. -->","yoast_head_json":{"title":"NASTRO ROSA TESA 4333 Precision Mask\u00ae Sensitive - Stazione Bricolor","description":"Nastro adesivo in carta robusto ed extra fine. La sua combinazione consente l'appicazione su superfici delicate e la facile rimozione fino a 1 settimana","robots":{"index":"index","follow":"follow","max-snippet":"max-snippet:-1","max-image-preview":"max-image-preview:large","max-video-preview":"max-video-preview:-1"},"canonical":"https:\/\/stazionebricolor.com\/index.php\/prodotto\/nastro-rosa-tesa-4333-precision-mask-sensitive\/","og_locale":"it_IT","og_type":"article","og_title":"NASTRO ROSA TESA 4333 Precision Mask\u00ae Sensitive - Stazione Bricolor","og_description":"Nastro adesivo in carta robusto ed extra fine. La sua combinazione consente l'appicazione su superfici delicate e la facile rimozione fino a 1 settimana","og_url":"https:\/\/stazionebricolor.com\/index.php\/prodotto\/nastro-rosa-tesa-4333-precision-mask-sensitive\/","og_site_name":"Stazione Bricolor","article_modified_time":"2025-04-12T08:04:08+00:00","og_image":[{"width":1154,"height":1136,"url":"https:\/\/stazionebricolor.com\/wp-content\/uploads\/2024\/09\/nastro-tesa-4333-rosa.png","type":"image\/png"}],"twitter_card":"summary_large_image","twitter_misc":{"Tempo di lettura stimato":"2 minuti"},"schema":{"@context":"https:\/\/schema.org","@graph":[{"@type":"WebPage","@id":"https:\/\/stazionebricolor.com\/index.php\/prodotto\/nastro-rosa-tesa-4333-precision-mask-sensitive\/","url":"https:\/\/stazionebricolor.com\/index.php\/prodotto\/nastro-rosa-tesa-4333-precision-mask-sensitive\/","name":"NASTRO ROSA TESA 4333 Precision Mask\u00ae Sensitive - Stazione Bricolor","isPartOf":{"@id":"https:\/\/stazionebricolor.com\/#website"},"primaryImageOfPage":{"@id":"https:\/\/stazionebricolor.com\/index.php\/prodotto\/nastro-rosa-tesa-4333-precision-mask-sensitive\/#primaryimage"},"image":{"@id":"https:\/\/stazionebricolor.com\/index.php\/prodotto\/nastro-rosa-tesa-4333-precision-mask-sensitive\/#primaryimage"},"thumbnailUrl":"https:\/\/stazionebricolor.com\/wp-content\/uploads\/2024\/09\/nastro-tesa-4333-rosa.png","datePublished":"2024-10-02T06:02:06+00:00","dateModified":"2025-04-12T08:04:08+00:00","description":"Nastro adesivo in carta robusto ed extra fine. La sua combinazione consente l'appicazione su superfici delicate e la facile rimozione fino a 1 settimana","breadcrumb":{"@id":"https:\/\/stazionebricolor.com\/index.php\/prodotto\/nastro-rosa-tesa-4333-precision-mask-sensitive\/#breadcrumb"},"inLanguage":"it-IT","potentialAction":[{"@type":"ReadAction","target":["https:\/\/stazionebricolor.com\/index.php\/prodotto\/nastro-rosa-tesa-4333-precision-mask-sensitive\/"]}]},{"@type":"ImageObject","inLanguage":"it-IT","@id":"https:\/\/stazionebricolor.com\/index.php\/prodotto\/nastro-rosa-tesa-4333-precision-mask-sensitive\/#primaryimage","url":"https:\/\/stazionebricolor.com\/wp-content\/uploads\/2024\/09\/nastro-tesa-4333-rosa.png","contentUrl":"https:\/\/stazionebricolor.com\/wp-content\/uploads\/2024\/09\/nastro-tesa-4333-rosa.png","width":1154,"height":1136},{"@type":"BreadcrumbList","@id":"https:\/\/stazionebricolor.com\/index.php\/prodotto\/nastro-rosa-tesa-4333-precision-mask-sensitive\/#breadcrumb","itemListElement":[{"@type":"ListItem","position":1,"name":"Home","item":"https:\/\/stazionebricolor.com\/"},{"@type":"ListItem","position":2,"name":"Shop","item":"https:\/\/stazionebricolor.com\/"},{"@type":"ListItem","position":3,"name":"NASTRO ROSA TESA 4333 Precision Mask\u00ae Sensitive"}]},{"@type":"WebSite","@id":"https:\/\/stazionebricolor.com\/#website","url":"https:\/\/stazionebricolor.com\/","name":"Stazione Bricolor","description":"Colorare casa non \u00e8 mai stato cos\u00ec semplice","publisher":{"@id":"https:\/\/stazionebricolor.com\/#organization"},"potentialAction":[{"@type":"SearchAction","target":{"@type":"EntryPoint","urlTemplate":"https:\/\/stazionebricolor.com\/?s={search_term_string}"},"query-input":{"@type":"PropertyValueSpecification","valueRequired":true,"valueName":"search_term_string"}}],"inLanguage":"it-IT"},{"@type":"Organization","@id":"https:\/\/stazionebricolor.com\/#organization","name":"Stazione Bricolor","url":"https:\/\/stazionebricolor.com\/","logo":{"@type":"ImageObject","inLanguage":"it-IT","@id":"https:\/\/stazionebricolor.com\/#\/schema\/logo\/image\/","url":"https:\/\/stazionebricolor.com\/wp-content\/uploads\/2024\/06\/cropped-stazionebricoloricona-1.png","contentUrl":"https:\/\/stazionebricolor.com\/wp-content\/uploads\/2024\/06\/cropped-stazionebricoloricona-1.png","width":520,"height":292,"caption":"Stazione Bricolor"},"image":{"@id":"https:\/\/stazionebricolor.com\/#\/schema\/logo\/image\/"}}]}},"_links":{"self":[{"href":"https:\/\/stazionebricolor.com\/index.php\/wp-json\/wp\/v2\/product\/2302","targetHints":{"allow":["GET"]}}],"collection":[{"href":"https:\/\/stazionebricolor.com\/index.php\/wp-json\/wp\/v2\/product"}],"about":[{"href":"https:\/\/stazionebricolor.com\/index.php\/wp-json\/wp\/v2\/types\/product"}],"replies":[{"embeddable":true,"href":"https:\/\/stazionebricolor.com\/index.php\/wp-json\/wp\/v2\/comments?post=2302"}],"wp:featuredmedia":[{"embeddable":true,"href":"https:\/\/stazionebricolor.com\/index.php\/wp-json\/wp\/v2\/media\/2303"}],"wp:attachment":[{"href":"https:\/\/stazionebricolor.com\/index.php\/wp-json\/wp\/v2\/media?parent=2302"}],"wp:term":[{"taxonomy":"product_brand","embeddable":true,"href":"https:\/\/stazionebricolor.com\/index.php\/wp-json\/wp\/v2\/product_brand?post=2302"},{"taxonomy":"product_cat","embeddable":true,"href":"https:\/\/stazionebricolor.com\/index.php\/wp-json\/wp\/v2\/product_cat?post=2302"},{"taxonomy":"product_tag","embeddable":true,"href":"https:\/\/stazionebricolor.com\/index.php\/wp-json\/wp\/v2\/product_tag?post=2302"}],"curies":[{"name":"wp","href":"https:\/\/api.w.org\/{rel}","templated":true}]}}