{"id":2556,"date":"2024-10-21T10:47:38","date_gmt":"2024-10-21T10:47:38","guid":{"rendered":"https:\/\/stazionebricolor.com\/?post_type=product&#038;p=2556"},"modified":"2024-10-21T10:47:38","modified_gmt":"2024-10-21T10:47:38","slug":"plafone-brico-hobby-sintetico-nylon-economico-shop-italia","status":"publish","type":"product","link":"https:\/\/stazionebricolor.com\/index.php\/prodotto\/plafone-brico-hobby-sintetico-nylon-economico-shop-italia\/","title":{"rendered":"PLAFONE BRICO HOBBY &#8211; sintetico"},"content":{"rendered":"<p>Plafone hobby per lavori generici<\/p>\n<div class=\"article-table-row\">\n<div class=\"article-table-row-section inline\">\n<ul>\n<li class=\"inline condensed property\">Utilizzo:\u00a0 generico<\/li>\n<li class=\"inline condensed property\">Assicella: plastica<\/li>\n<li class=\"inline condensed property\">Manico: plastica<\/li>\n<li class=\"inline condensed property\">Setola: sintetica nylon<\/li>\n<\/ul>\n<\/div>\n<\/div>\n<div class=\"article-table-row\">\n<div class=\"article-table-row-section inline\">\n<h3 class=\"inline condensed property\">Qualit\u00e0:<\/h3>\n<p><img decoding=\"async\" src=\"http:\/\/bulova-pennelli.com\/webdisk\/resources\/immagini\/1su5%20qualita%CC%80.png\" \/><\/p>\n<\/div>\n<ul>\n<li>Misura 30 \u00d7 70<\/li>\n<li>Misura 50\u00d7150<\/li>\n<\/ul>\n<\/div>\n<p>&nbsp;<\/p>\n","protected":false},"excerpt":{"rendered":"<p>Plafone hobby per lavori generici Utilizzo:\u00a0 generico Assicella: plastica Manico: plastica Setola: sintetica nylon Qualit\u00e0: Misura 30 \u00d7 70 Misura 50\u00d7150 &nbsp;<\/p>\n","protected":false},"featured_media":2557,"comment_status":"open","ping_status":"closed","template":"","meta":{"om_disable_all_campaigns":false,"_monsterinsights_skip_tracking":false,"_monsterinsights_sitenote_active":false,"_monsterinsights_sitenote_note":"","_monsterinsights_sitenote_category":0,"_joinchat":[]},"product_brand":[],"product_cat":[97,98],"product_tag":[1414,917,1396,310,896,895,1413],"class_list":{"0":"post-2556","1":"product","2":"type-product","3":"status-publish","4":"has-post-thumbnail","6":"product_cat-bulova-plafoni-rullini-astuccino-arte-vaschetta-airless","7":"product_cat-utensili-manuali","8":"product_tag-brico","9":"product_tag-economico","10":"product_tag-hobby","11":"product_tag-maurer","12":"product_tag-pennello","13":"product_tag-plafone","14":"product_tag-plastica","16":"first","17":"instock","18":"taxable","19":"shipping-taxable","20":"purchasable","21":"product-type-variable"},"yoast_head":"<!-- This site is optimized with the Yoast SEO plugin v26.5 - https:\/\/yoast.com\/wordpress\/plugins\/seo\/ -->\n<title>PLAFONE BRICO HOBBY - sintetico - Stazione Bricolor<\/title>\n<meta name=\"robots\" content=\"index, follow, max-snippet:-1, max-image-preview:large, max-video-preview:-1\" \/>\n<link rel=\"canonical\" href=\"https:\/\/stazionebricolor.com\/index.php\/prodotto\/plafone-brico-hobby-sintetico-nylon-economico-shop-italia\/\" \/>\n<meta property=\"og:locale\" content=\"it_IT\" \/>\n<meta property=\"og:type\" content=\"article\" \/>\n<meta property=\"og:title\" content=\"PLAFONE BRICO HOBBY - sintetico - Stazione Bricolor\" \/>\n<meta property=\"og:description\" content=\"Plafone hobby per lavori generici Utilizzo:\u00a0 generico Assicella: plastica Manico: plastica Setola: sintetica nylon Qualit\u00e0: Misura 30 \u00d7 70 Misura 50\u00d7150 &nbsp;\" \/>\n<meta property=\"og:url\" content=\"https:\/\/stazionebricolor.com\/index.php\/prodotto\/plafone-brico-hobby-sintetico-nylon-economico-shop-italia\/\" \/>\n<meta property=\"og:site_name\" content=\"Stazione Bricolor\" \/>\n<meta property=\"og:image\" content=\"https:\/\/stazionebricolor.com\/wp-content\/uploads\/2024\/10\/Plafone-Eco.png\" \/>\n\t<meta property=\"og:image:width\" content=\"1154\" \/>\n\t<meta property=\"og:image:height\" content=\"1141\" \/>\n\t<meta property=\"og:image:type\" content=\"image\/png\" \/>\n<meta name=\"twitter:card\" content=\"summary_large_image\" \/>\n<script type=\"application\/ld+json\" class=\"yoast-schema-graph\">{\"@context\":\"https:\/\/schema.org\",\"@graph\":[{\"@type\":\"WebPage\",\"@id\":\"https:\/\/stazionebricolor.com\/index.php\/prodotto\/plafone-brico-hobby-sintetico-nylon-economico-shop-italia\/\",\"url\":\"https:\/\/stazionebricolor.com\/index.php\/prodotto\/plafone-brico-hobby-sintetico-nylon-economico-shop-italia\/\",\"name\":\"PLAFONE BRICO HOBBY - sintetico - Stazione Bricolor\",\"isPartOf\":{\"@id\":\"https:\/\/stazionebricolor.com\/#website\"},\"primaryImageOfPage\":{\"@id\":\"https:\/\/stazionebricolor.com\/index.php\/prodotto\/plafone-brico-hobby-sintetico-nylon-economico-shop-italia\/#primaryimage\"},\"image\":{\"@id\":\"https:\/\/stazionebricolor.com\/index.php\/prodotto\/plafone-brico-hobby-sintetico-nylon-economico-shop-italia\/#primaryimage\"},\"thumbnailUrl\":\"https:\/\/stazionebricolor.com\/wp-content\/uploads\/2024\/10\/Plafone-Eco.png\",\"datePublished\":\"2024-10-21T10:47:38+00:00\",\"breadcrumb\":{\"@id\":\"https:\/\/stazionebricolor.com\/index.php\/prodotto\/plafone-brico-hobby-sintetico-nylon-economico-shop-italia\/#breadcrumb\"},\"inLanguage\":\"it-IT\",\"potentialAction\":[{\"@type\":\"ReadAction\",\"target\":[\"https:\/\/stazionebricolor.com\/index.php\/prodotto\/plafone-brico-hobby-sintetico-nylon-economico-shop-italia\/\"]}]},{\"@type\":\"ImageObject\",\"inLanguage\":\"it-IT\",\"@id\":\"https:\/\/stazionebricolor.com\/index.php\/prodotto\/plafone-brico-hobby-sintetico-nylon-economico-shop-italia\/#primaryimage\",\"url\":\"https:\/\/stazionebricolor.com\/wp-content\/uploads\/2024\/10\/Plafone-Eco.png\",\"contentUrl\":\"https:\/\/stazionebricolor.com\/wp-content\/uploads\/2024\/10\/Plafone-Eco.png\",\"width\":1154,\"height\":1141},{\"@type\":\"BreadcrumbList\",\"@id\":\"https:\/\/stazionebricolor.com\/index.php\/prodotto\/plafone-brico-hobby-sintetico-nylon-economico-shop-italia\/#breadcrumb\",\"itemListElement\":[{\"@type\":\"ListItem\",\"position\":1,\"name\":\"Home\",\"item\":\"https:\/\/stazionebricolor.com\/\"},{\"@type\":\"ListItem\",\"position\":2,\"name\":\"Shop\",\"item\":\"https:\/\/stazionebricolor.com\/\"},{\"@type\":\"ListItem\",\"position\":3,\"name\":\"PLAFONE BRICO HOBBY &#8211; sintetico\"}]},{\"@type\":\"WebSite\",\"@id\":\"https:\/\/stazionebricolor.com\/#website\",\"url\":\"https:\/\/stazionebricolor.com\/\",\"name\":\"Stazione Bricolor\",\"description\":\"Colorare casa non \u00e8 mai stato cos\u00ec semplice\",\"publisher\":{\"@id\":\"https:\/\/stazionebricolor.com\/#organization\"},\"potentialAction\":[{\"@type\":\"SearchAction\",\"target\":{\"@type\":\"EntryPoint\",\"urlTemplate\":\"https:\/\/stazionebricolor.com\/?s={search_term_string}\"},\"query-input\":{\"@type\":\"PropertyValueSpecification\",\"valueRequired\":true,\"valueName\":\"search_term_string\"}}],\"inLanguage\":\"it-IT\"},{\"@type\":\"Organization\",\"@id\":\"https:\/\/stazionebricolor.com\/#organization\",\"name\":\"Stazione Bricolor\",\"url\":\"https:\/\/stazionebricolor.com\/\",\"logo\":{\"@type\":\"ImageObject\",\"inLanguage\":\"it-IT\",\"@id\":\"https:\/\/stazionebricolor.com\/#\/schema\/logo\/image\/\",\"url\":\"https:\/\/stazionebricolor.com\/wp-content\/uploads\/2024\/06\/cropped-stazionebricoloricona-1.png\",\"contentUrl\":\"https:\/\/stazionebricolor.com\/wp-content\/uploads\/2024\/06\/cropped-stazionebricoloricona-1.png\",\"width\":520,\"height\":292,\"caption\":\"Stazione Bricolor\"},\"image\":{\"@id\":\"https:\/\/stazionebricolor.com\/#\/schema\/logo\/image\/\"}}]}<\/script>\n<!-- \/ Yoast SEO plugin. -->","yoast_head_json":{"title":"PLAFONE BRICO HOBBY - sintetico - Stazione Bricolor","robots":{"index":"index","follow":"follow","max-snippet":"max-snippet:-1","max-image-preview":"max-image-preview:large","max-video-preview":"max-video-preview:-1"},"canonical":"https:\/\/stazionebricolor.com\/index.php\/prodotto\/plafone-brico-hobby-sintetico-nylon-economico-shop-italia\/","og_locale":"it_IT","og_type":"article","og_title":"PLAFONE BRICO HOBBY - sintetico - Stazione Bricolor","og_description":"Plafone hobby per lavori generici Utilizzo:\u00a0 generico Assicella: plastica Manico: plastica Setola: sintetica nylon Qualit\u00e0: Misura 30 \u00d7 70 Misura 50\u00d7150 &nbsp;","og_url":"https:\/\/stazionebricolor.com\/index.php\/prodotto\/plafone-brico-hobby-sintetico-nylon-economico-shop-italia\/","og_site_name":"Stazione Bricolor","og_image":[{"width":1154,"height":1141,"url":"https:\/\/stazionebricolor.com\/wp-content\/uploads\/2024\/10\/Plafone-Eco.png","type":"image\/png"}],"twitter_card":"summary_large_image","schema":{"@context":"https:\/\/schema.org","@graph":[{"@type":"WebPage","@id":"https:\/\/stazionebricolor.com\/index.php\/prodotto\/plafone-brico-hobby-sintetico-nylon-economico-shop-italia\/","url":"https:\/\/stazionebricolor.com\/index.php\/prodotto\/plafone-brico-hobby-sintetico-nylon-economico-shop-italia\/","name":"PLAFONE BRICO HOBBY - sintetico - Stazione Bricolor","isPartOf":{"@id":"https:\/\/stazionebricolor.com\/#website"},"primaryImageOfPage":{"@id":"https:\/\/stazionebricolor.com\/index.php\/prodotto\/plafone-brico-hobby-sintetico-nylon-economico-shop-italia\/#primaryimage"},"image":{"@id":"https:\/\/stazionebricolor.com\/index.php\/prodotto\/plafone-brico-hobby-sintetico-nylon-economico-shop-italia\/#primaryimage"},"thumbnailUrl":"https:\/\/stazionebricolor.com\/wp-content\/uploads\/2024\/10\/Plafone-Eco.png","datePublished":"2024-10-21T10:47:38+00:00","breadcrumb":{"@id":"https:\/\/stazionebricolor.com\/index.php\/prodotto\/plafone-brico-hobby-sintetico-nylon-economico-shop-italia\/#breadcrumb"},"inLanguage":"it-IT","potentialAction":[{"@type":"ReadAction","target":["https:\/\/stazionebricolor.com\/index.php\/prodotto\/plafone-brico-hobby-sintetico-nylon-economico-shop-italia\/"]}]},{"@type":"ImageObject","inLanguage":"it-IT","@id":"https:\/\/stazionebricolor.com\/index.php\/prodotto\/plafone-brico-hobby-sintetico-nylon-economico-shop-italia\/#primaryimage","url":"https:\/\/stazionebricolor.com\/wp-content\/uploads\/2024\/10\/Plafone-Eco.png","contentUrl":"https:\/\/stazionebricolor.com\/wp-content\/uploads\/2024\/10\/Plafone-Eco.png","width":1154,"height":1141},{"@type":"BreadcrumbList","@id":"https:\/\/stazionebricolor.com\/index.php\/prodotto\/plafone-brico-hobby-sintetico-nylon-economico-shop-italia\/#breadcrumb","itemListElement":[{"@type":"ListItem","position":1,"name":"Home","item":"https:\/\/stazionebricolor.com\/"},{"@type":"ListItem","position":2,"name":"Shop","item":"https:\/\/stazionebricolor.com\/"},{"@type":"ListItem","position":3,"name":"PLAFONE BRICO HOBBY &#8211; sintetico"}]},{"@type":"WebSite","@id":"https:\/\/stazionebricolor.com\/#website","url":"https:\/\/stazionebricolor.com\/","name":"Stazione Bricolor","description":"Colorare casa non \u00e8 mai stato cos\u00ec semplice","publisher":{"@id":"https:\/\/stazionebricolor.com\/#organization"},"potentialAction":[{"@type":"SearchAction","target":{"@type":"EntryPoint","urlTemplate":"https:\/\/stazionebricolor.com\/?s={search_term_string}"},"query-input":{"@type":"PropertyValueSpecification","valueRequired":true,"valueName":"search_term_string"}}],"inLanguage":"it-IT"},{"@type":"Organization","@id":"https:\/\/stazionebricolor.com\/#organization","name":"Stazione Bricolor","url":"https:\/\/stazionebricolor.com\/","logo":{"@type":"ImageObject","inLanguage":"it-IT","@id":"https:\/\/stazionebricolor.com\/#\/schema\/logo\/image\/","url":"https:\/\/stazionebricolor.com\/wp-content\/uploads\/2024\/06\/cropped-stazionebricoloricona-1.png","contentUrl":"https:\/\/stazionebricolor.com\/wp-content\/uploads\/2024\/06\/cropped-stazionebricoloricona-1.png","width":520,"height":292,"caption":"Stazione Bricolor"},"image":{"@id":"https:\/\/stazionebricolor.com\/#\/schema\/logo\/image\/"}}]}},"_links":{"self":[{"href":"https:\/\/stazionebricolor.com\/index.php\/wp-json\/wp\/v2\/product\/2556","targetHints":{"allow":["GET"]}}],"collection":[{"href":"https:\/\/stazionebricolor.com\/index.php\/wp-json\/wp\/v2\/product"}],"about":[{"href":"https:\/\/stazionebricolor.com\/index.php\/wp-json\/wp\/v2\/types\/product"}],"replies":[{"embeddable":true,"href":"https:\/\/stazionebricolor.com\/index.php\/wp-json\/wp\/v2\/comments?post=2556"}],"wp:featuredmedia":[{"embeddable":true,"href":"https:\/\/stazionebricolor.com\/index.php\/wp-json\/wp\/v2\/media\/2557"}],"wp:attachment":[{"href":"https:\/\/stazionebricolor.com\/index.php\/wp-json\/wp\/v2\/media?parent=2556"}],"wp:term":[{"taxonomy":"product_brand","embeddable":true,"href":"https:\/\/stazionebricolor.com\/index.php\/wp-json\/wp\/v2\/product_brand?post=2556"},{"taxonomy":"product_cat","embeddable":true,"href":"https:\/\/stazionebricolor.com\/index.php\/wp-json\/wp\/v2\/product_cat?post=2556"},{"taxonomy":"product_tag","embeddable":true,"href":"https:\/\/stazionebricolor.com\/index.php\/wp-json\/wp\/v2\/product_tag?post=2556"}],"curies":[{"name":"wp","href":"https:\/\/api.w.org\/{rel}","templated":true}]}}