{"id":265,"date":"2024-06-18T09:35:28","date_gmt":"2024-06-18T09:35:28","guid":{"rendered":"https:\/\/stazionebricolor.com\/?post_type=product&#038;p=265"},"modified":"2026-03-28T08:37:50","modified_gmt":"2026-03-28T08:37:50","slug":"traxpiria-idropittura-traspirante-anticondensa-colore-sicuro-baldini-vernici-colorificio-shop-online-altamura-puglia-italia","status":"publish","type":"product","link":"https:\/\/stazionebricolor.com\/index.php\/prodotto\/traxpiria-idropittura-traspirante-anticondensa-colore-sicuro-baldini-vernici-colorificio-shop-online-altamura-puglia-italia\/","title":{"rendered":"TRAXPIRIA+ Idropittura Traspirante"},"content":{"rendered":"<p>Traxpiria+ \u00e8 un\u2019idropittura con ottime caratteristiche di traspirabilit\u00e0 e copertura. Grazie alla sua elevata permeabilit\u00e0 a vapore e condensa \u00e8 particolarmente indicata in ambienti umidi e poco aerati dove \u00e8 richiesta un\u2019elevata traspirazione. Traxpiria+ consente di ottenere ottimi risultati applicativi, grazie alla finitura molto opaca, all\u2019assenza di riprese e alla resistenza a graffi e rigature.<\/p>\n<p>Colorabile con il Sistema Tintometrico Baldini Tecnicolor Edilizia.<\/p>\n<div class=\"wpb_column vc_column_container vc_col-sm-4\">\n<div class=\"vc_column-inner vc_custom_1606086654750\">\n<div class=\"wpb_wrapper\">\n<div class=\"wpb_text_column wpb_content_element vc_custom_1606086565752\">\n<div class=\"wpb_wrapper\">\n<h4><span style=\"color: #ff9900;\"><strong>USI<\/strong><\/span><\/h4>\n<hr \/>\n<\/div>\n<\/div>\n<div class=\"wpb_text_column wpb_content_element \">\n<div class=\"wpb_wrapper\">\n<ul>\n<li>Interno<\/li>\n<li>Muro<\/li>\n<\/ul>\n<\/div>\n<\/div>\n<\/div>\n<\/div>\n<\/div>\n<div class=\"wpb_column vc_column_container vc_col-sm-4\">\n<div class=\"vc_column-inner vc_custom_1606086659875\">\n<div class=\"wpb_wrapper\">\n<div class=\"wpb_text_column wpb_content_element vc_custom_1606086577673\">\n<div class=\"wpb_wrapper\">\n<h4><span style=\"color: #ff9900;\"><strong>VANTAGGI<\/strong><\/span><\/h4>\n<hr \/>\n<\/div>\n<\/div>\n<div class=\"wpb_text_column wpb_content_element \">\n<div class=\"wpb_wrapper\">\n<ul>\n<li>Alta copertura<\/li>\n<li>Finitura opaca<\/li>\n<li>Elevata traspirabilit\u00e0<\/li>\n<\/ul>\n<\/div>\n<\/div>\n<\/div>\n<\/div>\n<\/div>\n<div class=\"wpb_column vc_column_container vc_col-sm-4\">\n<div class=\"vc_column-inner vc_custom_1606086664224\">\n<div class=\"wpb_wrapper\">\n<div class=\"wpb_text_column wpb_content_element vc_custom_1606086609500\">\n<div class=\"wpb_wrapper\">\n<h4><span style=\"color: #ff9900;\"><strong>FORMATI\/RESA<\/strong><\/span><\/h4>\n<hr \/>\n<\/div>\n<\/div>\n<div class=\"wpb_text_column wpb_content_element \">\n<div class=\"wpb_wrapper\">\n<ul>\n<li>Formati: 0,75 l; 2,5 l; 5 l; 14 l<\/li>\n<li>Resa: 13-15 mq\/L per mano.<\/li>\n<li>Diluizione: Rullo e pennello: diluire al 20-30%. Max 15% per i colori medio scuri. Spruzzo ed aria: diluire al 30-40% con acqua.<\/li>\n<\/ul>\n<p><a href=\"https:\/\/stazionebricolor.com\/index.php\/categoria-prodotto\/pantaloni-palette-altamura-colorificio\/bulova-plafoni-rullini-astuccino-arte-vaschetta-airless\/\"><strong>CONSULTA LA NOSTRA LINEA DI PENNELLI E RULLI<\/strong><\/a><\/p>\n<p><a href=\"https:\/\/stazionebricolor.com\/index.php\/categoria-prodotto\/pantaloni-palette-altamura-colorificio\/levigatrice-airless-aerografo-pistola-smerigliatrice-compressore\/\"><strong>NON PERDERTI I NOSTRI SPRUZZATORI PER FACILITARE L\u2019APPLICAZIONE E VELOCIZZARE I TUOI LAVORI<\/strong><\/a><\/p>\n<p><img loading=\"lazy\" decoding=\"async\" class=\"wp-image-204 alignleft\" src=\"https:\/\/stazionebricolor.com\/wp-content\/uploads\/2024\/06\/ICONA-SCHEDE-2.png\" alt=\"\" width=\"37\" height=\"32\" \/><a href=\"https:\/\/stazionebricolor.com\/wp-content\/uploads\/2024\/06\/tecnica-traxpiria.pdf\">Download Scheda Tecnica (PDF)<\/a><\/p>\n<p><img loading=\"lazy\" decoding=\"async\" class=\"wp-image-204 alignleft\" src=\"https:\/\/stazionebricolor.com\/wp-content\/uploads\/2024\/06\/ICONA-SCHEDE-2.png\" alt=\"\" width=\"37\" height=\"32\" \/><a href=\"https:\/\/stazionebricolor.com\/wp-content\/uploads\/2024\/06\/sicurezza-traxpiria.pdf\">Download Scheda Sicurezza (PDF)<\/a><\/p>\n<\/div>\n<\/div>\n<\/div>\n<\/div>\n<\/div>\n","protected":false},"excerpt":{"rendered":"<h3><span style=\"color: #3366ff;\"><strong><span style=\"color: #993366;\">V<\/span><span style=\"color: #00ccff;\">o<\/span><span style=\"color: #008080;\">g<\/span>l<span style=\"color: #ff9900;\">i<\/span><span style=\"color: #ff0000;\">a <span style=\"color: #808000;\">di<\/span><\/span> c<span style=\"color: #ff6600;\">o<\/span><span style=\"color: #808080;\">l<\/span><span style=\"color: #339966;\">o<\/span><span style=\"color: #ff00ff;\">r<\/span><span style=\"color: #808080;\">e<\/span> <span style=\"color: #ff0000;\">?<\/span><\/strong><\/span><\/h3>\n<p><strong>Scopri<\/strong><strong>\u00a0le nostre Palette\u00a0<\/strong><\/p>\n<p><strong>Inserire Formato e Colore\u00a0\u00a0<\/strong><\/p>\n<h5><a href=\"https:\/\/stazionebricolor.com\/index.php\/prodotto\/palette-colori-neutri-chiari-per-pitture-e-vernici-cooirdinati-per-ambienti-di-casa-colorificio-online-italia\/\"><img loading=\"lazy\" decoding=\"async\" class=\"wp-image-1984 alignleft\" src=\"https:\/\/stazionebricolor.com\/wp-content\/uploads\/2024\/08\/colori-neutri-chiari-300x208.png\" alt=\"\" width=\"100\" height=\"69\" srcset=\"https:\/\/stazionebricolor.com\/wp-content\/uploads\/2024\/08\/colori-neutri-chiari-300x208.png 300w, https:\/\/stazionebricolor.com\/wp-content\/uploads\/2024\/08\/colori-neutri-chiari-1024x710.png 1024w, https:\/\/stazionebricolor.com\/wp-content\/uploads\/2024\/08\/colori-neutri-chiari-768x533.png 768w, https:\/\/stazionebricolor.com\/wp-content\/uploads\/2024\/08\/colori-neutri-chiari-1536x1066.png 1536w, https:\/\/stazionebricolor.com\/wp-content\/uploads\/2024\/08\/colori-neutri-chiari-500x347.png 500w, https:\/\/stazionebricolor.com\/wp-content\/uploads\/2024\/08\/colori-neutri-chiari-800x555.png 800w, https:\/\/stazionebricolor.com\/wp-content\/uploads\/2024\/08\/colori-neutri-chiari-1280x888.png 1280w, https:\/\/stazionebricolor.com\/wp-content\/uploads\/2024\/08\/colori-neutri-chiari-416x289.png 416w, https:\/\/stazionebricolor.com\/wp-content\/uploads\/2024\/08\/colori-neutri-chiari.png 1633w\" sizes=\"auto, (max-width: 100px) 100vw, 100px\" \/><\/a><\/h5>\n","protected":false},"featured_media":213,"comment_status":"open","ping_status":"closed","template":"","meta":{"om_disable_all_campaigns":false,"_monsterinsights_skip_tracking":false,"_monsterinsights_sitenote_active":true,"_monsterinsights_sitenote_note":"Published: TRAXPIRIA+ Idropittura Traspirante","_monsterinsights_sitenote_category":144,"_joinchat":[]},"product_brand":[2509],"product_cat":[28,76,71],"product_tag":[114,156,112,151,159,111,166],"class_list":{"0":"post-265","1":"product","2":"type-product","3":"status-publish","4":"has-post-thumbnail","6":"product_brand-il-miglior-colorificio-on-line-baldini-vernici-pitture-di-qualita-per-hobby-professione","7":"product_cat-la-miglior-pittura-muri-pareti-soffitti-dipingere-colorato","8":"product_cat-mazzetta-palette-colori-ral-ncs-cromology-pantone","9":"product_cat-antimuffa-anticondensa-diffusione-vapore-acqueo-colorificio-online","10":"product_tag-baldini-vernici","11":"product_tag-colorate","12":"product_tag-interni","13":"product_tag-pittura-fai-da-te","14":"product_tag-qualita","15":"product_tag-tintometria","16":"product_tag-traxpiria","18":"first","19":"instock","20":"featured","21":"taxable","22":"shipping-taxable","23":"purchasable","24":"product-type-variable"},"yoast_head":"<!-- This site is optimized with the Yoast SEO plugin v26.5 - https:\/\/yoast.com\/wordpress\/plugins\/seo\/ -->\n<title>TRAXPIRIA+ Idropittura Traspirante - Stazione Bricolor<\/title>\n<meta name=\"description\" content=\"idropittura con ottime caratteristiche di traspirabilit\u00e0 e copertura. Grazie alla sua elevata permeabilit\u00e0 a vapore e condensa \u00e8 particolarmente indicata...\" \/>\n<meta name=\"robots\" content=\"index, follow, max-snippet:-1, max-image-preview:large, max-video-preview:-1\" \/>\n<link rel=\"canonical\" href=\"https:\/\/stazionebricolor.com\/index.php\/prodotto\/traxpiria-idropittura-traspirante-anticondensa-colore-sicuro-baldini-vernici-colorificio-shop-online-altamura-puglia-italia\/\" \/>\n<meta property=\"og:locale\" content=\"it_IT\" \/>\n<meta property=\"og:type\" content=\"article\" \/>\n<meta property=\"og:title\" content=\"TRAXPIRIA+ Idropittura Traspirante - Stazione Bricolor\" \/>\n<meta property=\"og:description\" content=\"idropittura con ottime caratteristiche di traspirabilit\u00e0 e copertura. Grazie alla sua elevata permeabilit\u00e0 a vapore e condensa \u00e8 particolarmente indicata...\" \/>\n<meta property=\"og:url\" content=\"https:\/\/stazionebricolor.com\/index.php\/prodotto\/traxpiria-idropittura-traspirante-anticondensa-colore-sicuro-baldini-vernici-colorificio-shop-online-altamura-puglia-italia\/\" \/>\n<meta property=\"og:site_name\" content=\"Stazione Bricolor\" \/>\n<meta property=\"article:modified_time\" content=\"2026-03-28T08:37:50+00:00\" \/>\n<meta property=\"og:image\" content=\"https:\/\/stazionebricolor.com\/wp-content\/uploads\/2024\/06\/traxipiria.png\" \/>\n\t<meta property=\"og:image:width\" content=\"1152\" \/>\n\t<meta property=\"og:image:height\" content=\"1139\" \/>\n\t<meta property=\"og:image:type\" content=\"image\/png\" \/>\n<meta name=\"twitter:card\" content=\"summary_large_image\" \/>\n<meta name=\"twitter:label1\" content=\"Tempo di lettura stimato\" \/>\n\t<meta name=\"twitter:data1\" content=\"2 minuti\" \/>\n<script type=\"application\/ld+json\" class=\"yoast-schema-graph\">{\"@context\":\"https:\/\/schema.org\",\"@graph\":[{\"@type\":\"WebPage\",\"@id\":\"https:\/\/stazionebricolor.com\/index.php\/prodotto\/traxpiria-idropittura-traspirante-anticondensa-colore-sicuro-baldini-vernici-colorificio-shop-online-altamura-puglia-italia\/\",\"url\":\"https:\/\/stazionebricolor.com\/index.php\/prodotto\/traxpiria-idropittura-traspirante-anticondensa-colore-sicuro-baldini-vernici-colorificio-shop-online-altamura-puglia-italia\/\",\"name\":\"TRAXPIRIA+ Idropittura Traspirante - Stazione Bricolor\",\"isPartOf\":{\"@id\":\"https:\/\/stazionebricolor.com\/#website\"},\"primaryImageOfPage\":{\"@id\":\"https:\/\/stazionebricolor.com\/index.php\/prodotto\/traxpiria-idropittura-traspirante-anticondensa-colore-sicuro-baldini-vernici-colorificio-shop-online-altamura-puglia-italia\/#primaryimage\"},\"image\":{\"@id\":\"https:\/\/stazionebricolor.com\/index.php\/prodotto\/traxpiria-idropittura-traspirante-anticondensa-colore-sicuro-baldini-vernici-colorificio-shop-online-altamura-puglia-italia\/#primaryimage\"},\"thumbnailUrl\":\"https:\/\/stazionebricolor.com\/wp-content\/uploads\/2024\/06\/traxipiria.png\",\"datePublished\":\"2024-06-18T09:35:28+00:00\",\"dateModified\":\"2026-03-28T08:37:50+00:00\",\"description\":\"idropittura con ottime caratteristiche di traspirabilit\u00e0 e copertura. Grazie alla sua elevata permeabilit\u00e0 a vapore e condensa \u00e8 particolarmente indicata...\",\"breadcrumb\":{\"@id\":\"https:\/\/stazionebricolor.com\/index.php\/prodotto\/traxpiria-idropittura-traspirante-anticondensa-colore-sicuro-baldini-vernici-colorificio-shop-online-altamura-puglia-italia\/#breadcrumb\"},\"inLanguage\":\"it-IT\",\"potentialAction\":[{\"@type\":\"ReadAction\",\"target\":[\"https:\/\/stazionebricolor.com\/index.php\/prodotto\/traxpiria-idropittura-traspirante-anticondensa-colore-sicuro-baldini-vernici-colorificio-shop-online-altamura-puglia-italia\/\"]}]},{\"@type\":\"ImageObject\",\"inLanguage\":\"it-IT\",\"@id\":\"https:\/\/stazionebricolor.com\/index.php\/prodotto\/traxpiria-idropittura-traspirante-anticondensa-colore-sicuro-baldini-vernici-colorificio-shop-online-altamura-puglia-italia\/#primaryimage\",\"url\":\"https:\/\/stazionebricolor.com\/wp-content\/uploads\/2024\/06\/traxipiria.png\",\"contentUrl\":\"https:\/\/stazionebricolor.com\/wp-content\/uploads\/2024\/06\/traxipiria.png\",\"width\":1152,\"height\":1139},{\"@type\":\"BreadcrumbList\",\"@id\":\"https:\/\/stazionebricolor.com\/index.php\/prodotto\/traxpiria-idropittura-traspirante-anticondensa-colore-sicuro-baldini-vernici-colorificio-shop-online-altamura-puglia-italia\/#breadcrumb\",\"itemListElement\":[{\"@type\":\"ListItem\",\"position\":1,\"name\":\"Home\",\"item\":\"https:\/\/stazionebricolor.com\/\"},{\"@type\":\"ListItem\",\"position\":2,\"name\":\"Shop\",\"item\":\"https:\/\/stazionebricolor.com\/\"},{\"@type\":\"ListItem\",\"position\":3,\"name\":\"TRAXPIRIA+ Idropittura Traspirante\"}]},{\"@type\":\"WebSite\",\"@id\":\"https:\/\/stazionebricolor.com\/#website\",\"url\":\"https:\/\/stazionebricolor.com\/\",\"name\":\"Stazione Bricolor\",\"description\":\"Colorare casa non \u00e8 mai stato cos\u00ec semplice\",\"publisher\":{\"@id\":\"https:\/\/stazionebricolor.com\/#organization\"},\"potentialAction\":[{\"@type\":\"SearchAction\",\"target\":{\"@type\":\"EntryPoint\",\"urlTemplate\":\"https:\/\/stazionebricolor.com\/?s={search_term_string}\"},\"query-input\":{\"@type\":\"PropertyValueSpecification\",\"valueRequired\":true,\"valueName\":\"search_term_string\"}}],\"inLanguage\":\"it-IT\"},{\"@type\":\"Organization\",\"@id\":\"https:\/\/stazionebricolor.com\/#organization\",\"name\":\"Stazione Bricolor\",\"url\":\"https:\/\/stazionebricolor.com\/\",\"logo\":{\"@type\":\"ImageObject\",\"inLanguage\":\"it-IT\",\"@id\":\"https:\/\/stazionebricolor.com\/#\/schema\/logo\/image\/\",\"url\":\"https:\/\/stazionebricolor.com\/wp-content\/uploads\/2024\/06\/cropped-stazionebricoloricona-1.png\",\"contentUrl\":\"https:\/\/stazionebricolor.com\/wp-content\/uploads\/2024\/06\/cropped-stazionebricoloricona-1.png\",\"width\":520,\"height\":292,\"caption\":\"Stazione Bricolor\"},\"image\":{\"@id\":\"https:\/\/stazionebricolor.com\/#\/schema\/logo\/image\/\"}}]}<\/script>\n<!-- \/ Yoast SEO plugin. -->","yoast_head_json":{"title":"TRAXPIRIA+ Idropittura Traspirante - Stazione Bricolor","description":"idropittura con ottime caratteristiche di traspirabilit\u00e0 e copertura. Grazie alla sua elevata permeabilit\u00e0 a vapore e condensa \u00e8 particolarmente indicata...","robots":{"index":"index","follow":"follow","max-snippet":"max-snippet:-1","max-image-preview":"max-image-preview:large","max-video-preview":"max-video-preview:-1"},"canonical":"https:\/\/stazionebricolor.com\/index.php\/prodotto\/traxpiria-idropittura-traspirante-anticondensa-colore-sicuro-baldini-vernici-colorificio-shop-online-altamura-puglia-italia\/","og_locale":"it_IT","og_type":"article","og_title":"TRAXPIRIA+ Idropittura Traspirante - Stazione Bricolor","og_description":"idropittura con ottime caratteristiche di traspirabilit\u00e0 e copertura. Grazie alla sua elevata permeabilit\u00e0 a vapore e condensa \u00e8 particolarmente indicata...","og_url":"https:\/\/stazionebricolor.com\/index.php\/prodotto\/traxpiria-idropittura-traspirante-anticondensa-colore-sicuro-baldini-vernici-colorificio-shop-online-altamura-puglia-italia\/","og_site_name":"Stazione Bricolor","article_modified_time":"2026-03-28T08:37:50+00:00","og_image":[{"width":1152,"height":1139,"url":"https:\/\/stazionebricolor.com\/wp-content\/uploads\/2024\/06\/traxipiria.png","type":"image\/png"}],"twitter_card":"summary_large_image","twitter_misc":{"Tempo di lettura stimato":"2 minuti"},"schema":{"@context":"https:\/\/schema.org","@graph":[{"@type":"WebPage","@id":"https:\/\/stazionebricolor.com\/index.php\/prodotto\/traxpiria-idropittura-traspirante-anticondensa-colore-sicuro-baldini-vernici-colorificio-shop-online-altamura-puglia-italia\/","url":"https:\/\/stazionebricolor.com\/index.php\/prodotto\/traxpiria-idropittura-traspirante-anticondensa-colore-sicuro-baldini-vernici-colorificio-shop-online-altamura-puglia-italia\/","name":"TRAXPIRIA+ Idropittura Traspirante - Stazione Bricolor","isPartOf":{"@id":"https:\/\/stazionebricolor.com\/#website"},"primaryImageOfPage":{"@id":"https:\/\/stazionebricolor.com\/index.php\/prodotto\/traxpiria-idropittura-traspirante-anticondensa-colore-sicuro-baldini-vernici-colorificio-shop-online-altamura-puglia-italia\/#primaryimage"},"image":{"@id":"https:\/\/stazionebricolor.com\/index.php\/prodotto\/traxpiria-idropittura-traspirante-anticondensa-colore-sicuro-baldini-vernici-colorificio-shop-online-altamura-puglia-italia\/#primaryimage"},"thumbnailUrl":"https:\/\/stazionebricolor.com\/wp-content\/uploads\/2024\/06\/traxipiria.png","datePublished":"2024-06-18T09:35:28+00:00","dateModified":"2026-03-28T08:37:50+00:00","description":"idropittura con ottime caratteristiche di traspirabilit\u00e0 e copertura. Grazie alla sua elevata permeabilit\u00e0 a vapore e condensa \u00e8 particolarmente indicata...","breadcrumb":{"@id":"https:\/\/stazionebricolor.com\/index.php\/prodotto\/traxpiria-idropittura-traspirante-anticondensa-colore-sicuro-baldini-vernici-colorificio-shop-online-altamura-puglia-italia\/#breadcrumb"},"inLanguage":"it-IT","potentialAction":[{"@type":"ReadAction","target":["https:\/\/stazionebricolor.com\/index.php\/prodotto\/traxpiria-idropittura-traspirante-anticondensa-colore-sicuro-baldini-vernici-colorificio-shop-online-altamura-puglia-italia\/"]}]},{"@type":"ImageObject","inLanguage":"it-IT","@id":"https:\/\/stazionebricolor.com\/index.php\/prodotto\/traxpiria-idropittura-traspirante-anticondensa-colore-sicuro-baldini-vernici-colorificio-shop-online-altamura-puglia-italia\/#primaryimage","url":"https:\/\/stazionebricolor.com\/wp-content\/uploads\/2024\/06\/traxipiria.png","contentUrl":"https:\/\/stazionebricolor.com\/wp-content\/uploads\/2024\/06\/traxipiria.png","width":1152,"height":1139},{"@type":"BreadcrumbList","@id":"https:\/\/stazionebricolor.com\/index.php\/prodotto\/traxpiria-idropittura-traspirante-anticondensa-colore-sicuro-baldini-vernici-colorificio-shop-online-altamura-puglia-italia\/#breadcrumb","itemListElement":[{"@type":"ListItem","position":1,"name":"Home","item":"https:\/\/stazionebricolor.com\/"},{"@type":"ListItem","position":2,"name":"Shop","item":"https:\/\/stazionebricolor.com\/"},{"@type":"ListItem","position":3,"name":"TRAXPIRIA+ Idropittura Traspirante"}]},{"@type":"WebSite","@id":"https:\/\/stazionebricolor.com\/#website","url":"https:\/\/stazionebricolor.com\/","name":"Stazione Bricolor","description":"Colorare casa non \u00e8 mai stato cos\u00ec semplice","publisher":{"@id":"https:\/\/stazionebricolor.com\/#organization"},"potentialAction":[{"@type":"SearchAction","target":{"@type":"EntryPoint","urlTemplate":"https:\/\/stazionebricolor.com\/?s={search_term_string}"},"query-input":{"@type":"PropertyValueSpecification","valueRequired":true,"valueName":"search_term_string"}}],"inLanguage":"it-IT"},{"@type":"Organization","@id":"https:\/\/stazionebricolor.com\/#organization","name":"Stazione Bricolor","url":"https:\/\/stazionebricolor.com\/","logo":{"@type":"ImageObject","inLanguage":"it-IT","@id":"https:\/\/stazionebricolor.com\/#\/schema\/logo\/image\/","url":"https:\/\/stazionebricolor.com\/wp-content\/uploads\/2024\/06\/cropped-stazionebricoloricona-1.png","contentUrl":"https:\/\/stazionebricolor.com\/wp-content\/uploads\/2024\/06\/cropped-stazionebricoloricona-1.png","width":520,"height":292,"caption":"Stazione Bricolor"},"image":{"@id":"https:\/\/stazionebricolor.com\/#\/schema\/logo\/image\/"}}]}},"_links":{"self":[{"href":"https:\/\/stazionebricolor.com\/index.php\/wp-json\/wp\/v2\/product\/265","targetHints":{"allow":["GET"]}}],"collection":[{"href":"https:\/\/stazionebricolor.com\/index.php\/wp-json\/wp\/v2\/product"}],"about":[{"href":"https:\/\/stazionebricolor.com\/index.php\/wp-json\/wp\/v2\/types\/product"}],"replies":[{"embeddable":true,"href":"https:\/\/stazionebricolor.com\/index.php\/wp-json\/wp\/v2\/comments?post=265"}],"wp:featuredmedia":[{"embeddable":true,"href":"https:\/\/stazionebricolor.com\/index.php\/wp-json\/wp\/v2\/media\/213"}],"wp:attachment":[{"href":"https:\/\/stazionebricolor.com\/index.php\/wp-json\/wp\/v2\/media?parent=265"}],"wp:term":[{"taxonomy":"product_brand","embeddable":true,"href":"https:\/\/stazionebricolor.com\/index.php\/wp-json\/wp\/v2\/product_brand?post=265"},{"taxonomy":"product_cat","embeddable":true,"href":"https:\/\/stazionebricolor.com\/index.php\/wp-json\/wp\/v2\/product_cat?post=265"},{"taxonomy":"product_tag","embeddable":true,"href":"https:\/\/stazionebricolor.com\/index.php\/wp-json\/wp\/v2\/product_tag?post=265"}],"curies":[{"name":"wp","href":"https:\/\/api.w.org\/{rel}","templated":true}]}}