{"id":3028,"date":"2024-11-25T10:19:20","date_gmt":"2024-11-25T10:19:20","guid":{"rendered":"https:\/\/stazionebricolor.com\/?post_type=product&#038;p=3028"},"modified":"2025-03-19T10:58:47","modified_gmt":"2025-03-19T10:58:47","slug":"klondike-decorativo-effetto-lamiera-scura-ossidata-oro-argento-valpaint-colorificio-shop-online-italiano","status":"publish","type":"product","link":"https:\/\/stazionebricolor.com\/index.php\/prodotto\/klondike-decorativo-effetto-lamiera-scura-ossidata-oro-argento-valpaint-colorificio-shop-online-italiano\/","title":{"rendered":"KLONDIKE &#8211; Decorativo effetto lamiera scura ossidata"},"content":{"rendered":"<p>Klondike\u00a0 \u00e8 una pittura all&#8217;acqua per interni, tipicamente moderna ed elegante. KLONDIKE pu\u00f2 essere applicata su una vasta gamma di superfici; grazie ai suoi colori e alle sue sfumature uniche, pu\u00f2 essere utilizzata per creare ambienti living estremamente di tendenza. Le superfici decorate catturano i preziosi frammenti di metallo forgiato incorporati nella pittura, esaltandone gli effetti oro, argento e ossidato.<\/p>\n<p>&nbsp;<\/p>\n<div class=\"wpb_text_column wpb_content_element vc_custom_1606086565752\">\n<div class=\"wpb_wrapper\">\n<h4><strong>CARATTERISTICHE<\/strong><\/h4>\n<hr \/>\n<\/div>\n<\/div>\n<div class=\"wpb_text_column wpb_content_element \">\n<div class=\"wpb_wrapper\">\n<ul>\n<li><strong>Uso<\/strong>: interno<\/li>\n<li><strong>Supporti<\/strong>: muri e legno<\/li>\n<li><strong>Applicazione<\/strong>:\u00a0 semplice a pennello\u00a0 frattone inox o spatola pvc<\/li>\n<li><strong>Passaggi richiesti<\/strong>: 1 \/ 2 mani di fondo\u00a0 \u00a0 2 di decorativo KLONDIKE<\/li>\n<li><strong>Effetto decorativo :<\/strong> lamiera forgiata , corten, opaco e metallico<\/li>\n<li><strong>Lavabilit\u00e0 :<\/strong>\u00a0Buona<\/li>\n<li><strong>Formato Disponibile :<\/strong>\u00a0lt 2,5<\/li>\n<li><strong>Resa:<\/strong> 4,5 mq \/ lt\u00a0 ( 2 passaggi)<\/li>\n<\/ul>\n<p><strong>NB:<\/strong>\u00a0Per una maggiore resistenza all\u2019usura e alla lavabilit\u00e0\u00a0 extra\u00a0 ricoprire la decorazione con 2 passaggi di finitura all\u2019acqua poliuretanica monocomponente PRO-TECH<\/p>\n<p><a href=\"https:\/\/www.valpaint.it\/en\/rivestimenti\/prod\/klondike-1\/\"><img loading=\"lazy\" decoding=\"async\" class=\"alignleft wp-image-3029\" src=\"https:\/\/stazionebricolor.com\/wp-content\/uploads\/2024\/11\/CARTELLA-KLONDIKE-300x213.png\" alt=\"\" width=\"203\" height=\"144\" srcset=\"https:\/\/stazionebricolor.com\/wp-content\/uploads\/2024\/11\/CARTELLA-KLONDIKE-300x213.png 300w, https:\/\/stazionebricolor.com\/wp-content\/uploads\/2024\/11\/CARTELLA-KLONDIKE-1024x728.png 1024w, https:\/\/stazionebricolor.com\/wp-content\/uploads\/2024\/11\/CARTELLA-KLONDIKE-768x546.png 768w, https:\/\/stazionebricolor.com\/wp-content\/uploads\/2024\/11\/CARTELLA-KLONDIKE-500x356.png 500w, https:\/\/stazionebricolor.com\/wp-content\/uploads\/2024\/11\/CARTELLA-KLONDIKE-800x569.png 800w, https:\/\/stazionebricolor.com\/wp-content\/uploads\/2024\/11\/CARTELLA-KLONDIKE-416x296.png 416w, https:\/\/stazionebricolor.com\/wp-content\/uploads\/2024\/11\/CARTELLA-KLONDIKE.png 1146w\" sizes=\"auto, (max-width: 203px) 100vw, 203px\" \/><\/a><span style=\"color: #ff0000;\"><strong>SCOPRI DI PIU&#8217;<\/strong><\/span><\/p>\n<\/div>\n<\/div>\n","protected":false},"excerpt":{"rendered":"<p>Klondike\u00a0 \u00e8 una pittura all&#8217;acqua per interni, tipicamente moderna ed elegante. KLONDIKE pu\u00f2 essere applicata su una vasta gamma di superfici; grazie ai suoi colori e alle sue sfumature uniche, pu\u00f2 essere utilizzata per creare ambienti living estremamente di tendenza. Le superfici decorate catturano i preziosi frammenti di metallo forgiato incorporati nella pittura, esaltandone gli [&hellip;]<\/p>\n","protected":false},"featured_media":3032,"comment_status":"open","ping_status":"closed","template":"","meta":{"om_disable_all_campaigns":false,"_monsterinsights_skip_tracking":false,"_monsterinsights_sitenote_active":false,"_monsterinsights_sitenote_note":"","_monsterinsights_sitenote_category":0,"_joinchat":[]},"product_brand":[3227,2510],"product_cat":[74,28],"product_tag":[1565,1562,1566,546,1563,1564,1561,1521],"class_list":{"0":"post-3028","1":"product","2":"type-product","3":"status-publish","4":"has-post-thumbnail","6":"product_brand-i-migliori-colori-e-vernici-ma-sopratutto-soluzioni-professionali-dal-1975","7":"product_brand-pitture-decorative-per-interno-fai-da-te-e-professionisti","8":"product_cat-sabbiato-stucco-calce-specchio-ossidazione-lavagna-corten-ucic-novacolor","9":"product_cat-la-miglior-pittura-muri-pareti-soffitti-dipingere-colorato","10":"product_tag-argento","11":"product_tag-corten","12":"product_tag-klondike","13":"product_tag-metallo","14":"product_tag-moderno","15":"product_tag-oro","16":"product_tag-ossidazione","17":"product_tag-valpaint","19":"first","20":"instock","21":"taxable","22":"shipping-taxable","23":"purchasable","24":"product-type-variable"},"yoast_head":"<!-- This site is optimized with the Yoast SEO plugin v26.5 - https:\/\/yoast.com\/wordpress\/plugins\/seo\/ -->\n<title>KLONDIKE - Decorativo effetto lamiera scura ossidata - Stazione Bricolor<\/title>\n<meta name=\"description\" content=\"Pittura decorativa all&#039;acqua per interni dalle finiture uniche, utilizzata per creare ambienti living estremamente di tendenza con frammenti di metallo ...\" \/>\n<meta name=\"robots\" content=\"index, follow, max-snippet:-1, max-image-preview:large, max-video-preview:-1\" \/>\n<link rel=\"canonical\" href=\"https:\/\/stazionebricolor.com\/index.php\/prodotto\/klondike-decorativo-effetto-lamiera-scura-ossidata-oro-argento-valpaint-colorificio-shop-online-italiano\/\" \/>\n<meta property=\"og:locale\" content=\"it_IT\" \/>\n<meta property=\"og:type\" content=\"article\" \/>\n<meta property=\"og:title\" content=\"KLONDIKE - Decorativo effetto lamiera scura ossidata - Stazione Bricolor\" \/>\n<meta property=\"og:description\" content=\"Pittura decorativa all&#039;acqua per interni dalle finiture uniche, utilizzata per creare ambienti living estremamente di tendenza con frammenti di metallo ...\" \/>\n<meta property=\"og:url\" content=\"https:\/\/stazionebricolor.com\/index.php\/prodotto\/klondike-decorativo-effetto-lamiera-scura-ossidata-oro-argento-valpaint-colorificio-shop-online-italiano\/\" \/>\n<meta property=\"og:site_name\" content=\"Stazione Bricolor\" \/>\n<meta property=\"article:modified_time\" content=\"2025-03-19T10:58:47+00:00\" \/>\n<meta property=\"og:image\" content=\"https:\/\/stazionebricolor.com\/wp-content\/uploads\/2024\/11\/KLONDIKE.png\" \/>\n\t<meta property=\"og:image:width\" content=\"1160\" \/>\n\t<meta property=\"og:image:height\" content=\"1139\" \/>\n\t<meta property=\"og:image:type\" content=\"image\/png\" \/>\n<meta name=\"twitter:card\" content=\"summary_large_image\" \/>\n<meta name=\"twitter:label1\" content=\"Tempo di lettura stimato\" \/>\n\t<meta name=\"twitter:data1\" content=\"2 minuti\" \/>\n<script type=\"application\/ld+json\" class=\"yoast-schema-graph\">{\"@context\":\"https:\/\/schema.org\",\"@graph\":[{\"@type\":\"WebPage\",\"@id\":\"https:\/\/stazionebricolor.com\/index.php\/prodotto\/klondike-decorativo-effetto-lamiera-scura-ossidata-oro-argento-valpaint-colorificio-shop-online-italiano\/\",\"url\":\"https:\/\/stazionebricolor.com\/index.php\/prodotto\/klondike-decorativo-effetto-lamiera-scura-ossidata-oro-argento-valpaint-colorificio-shop-online-italiano\/\",\"name\":\"KLONDIKE - Decorativo effetto lamiera scura ossidata - Stazione Bricolor\",\"isPartOf\":{\"@id\":\"https:\/\/stazionebricolor.com\/#website\"},\"primaryImageOfPage\":{\"@id\":\"https:\/\/stazionebricolor.com\/index.php\/prodotto\/klondike-decorativo-effetto-lamiera-scura-ossidata-oro-argento-valpaint-colorificio-shop-online-italiano\/#primaryimage\"},\"image\":{\"@id\":\"https:\/\/stazionebricolor.com\/index.php\/prodotto\/klondike-decorativo-effetto-lamiera-scura-ossidata-oro-argento-valpaint-colorificio-shop-online-italiano\/#primaryimage\"},\"thumbnailUrl\":\"https:\/\/stazionebricolor.com\/wp-content\/uploads\/2024\/11\/KLONDIKE.png\",\"datePublished\":\"2024-11-25T10:19:20+00:00\",\"dateModified\":\"2025-03-19T10:58:47+00:00\",\"description\":\"Pittura decorativa all'acqua per interni dalle finiture uniche, utilizzata per creare ambienti living estremamente di tendenza con frammenti di metallo ...\",\"breadcrumb\":{\"@id\":\"https:\/\/stazionebricolor.com\/index.php\/prodotto\/klondike-decorativo-effetto-lamiera-scura-ossidata-oro-argento-valpaint-colorificio-shop-online-italiano\/#breadcrumb\"},\"inLanguage\":\"it-IT\",\"potentialAction\":[{\"@type\":\"ReadAction\",\"target\":[\"https:\/\/stazionebricolor.com\/index.php\/prodotto\/klondike-decorativo-effetto-lamiera-scura-ossidata-oro-argento-valpaint-colorificio-shop-online-italiano\/\"]}]},{\"@type\":\"ImageObject\",\"inLanguage\":\"it-IT\",\"@id\":\"https:\/\/stazionebricolor.com\/index.php\/prodotto\/klondike-decorativo-effetto-lamiera-scura-ossidata-oro-argento-valpaint-colorificio-shop-online-italiano\/#primaryimage\",\"url\":\"https:\/\/stazionebricolor.com\/wp-content\/uploads\/2024\/11\/KLONDIKE.png\",\"contentUrl\":\"https:\/\/stazionebricolor.com\/wp-content\/uploads\/2024\/11\/KLONDIKE.png\",\"width\":1160,\"height\":1139},{\"@type\":\"BreadcrumbList\",\"@id\":\"https:\/\/stazionebricolor.com\/index.php\/prodotto\/klondike-decorativo-effetto-lamiera-scura-ossidata-oro-argento-valpaint-colorificio-shop-online-italiano\/#breadcrumb\",\"itemListElement\":[{\"@type\":\"ListItem\",\"position\":1,\"name\":\"Home\",\"item\":\"https:\/\/stazionebricolor.com\/\"},{\"@type\":\"ListItem\",\"position\":2,\"name\":\"Shop\",\"item\":\"https:\/\/stazionebricolor.com\/\"},{\"@type\":\"ListItem\",\"position\":3,\"name\":\"KLONDIKE &#8211; Decorativo effetto lamiera scura ossidata\"}]},{\"@type\":\"WebSite\",\"@id\":\"https:\/\/stazionebricolor.com\/#website\",\"url\":\"https:\/\/stazionebricolor.com\/\",\"name\":\"Stazione Bricolor\",\"description\":\"Colorare casa non \u00e8 mai stato cos\u00ec semplice\",\"publisher\":{\"@id\":\"https:\/\/stazionebricolor.com\/#organization\"},\"potentialAction\":[{\"@type\":\"SearchAction\",\"target\":{\"@type\":\"EntryPoint\",\"urlTemplate\":\"https:\/\/stazionebricolor.com\/?s={search_term_string}\"},\"query-input\":{\"@type\":\"PropertyValueSpecification\",\"valueRequired\":true,\"valueName\":\"search_term_string\"}}],\"inLanguage\":\"it-IT\"},{\"@type\":\"Organization\",\"@id\":\"https:\/\/stazionebricolor.com\/#organization\",\"name\":\"Stazione Bricolor\",\"url\":\"https:\/\/stazionebricolor.com\/\",\"logo\":{\"@type\":\"ImageObject\",\"inLanguage\":\"it-IT\",\"@id\":\"https:\/\/stazionebricolor.com\/#\/schema\/logo\/image\/\",\"url\":\"https:\/\/stazionebricolor.com\/wp-content\/uploads\/2024\/06\/cropped-stazionebricoloricona-1.png\",\"contentUrl\":\"https:\/\/stazionebricolor.com\/wp-content\/uploads\/2024\/06\/cropped-stazionebricoloricona-1.png\",\"width\":520,\"height\":292,\"caption\":\"Stazione Bricolor\"},\"image\":{\"@id\":\"https:\/\/stazionebricolor.com\/#\/schema\/logo\/image\/\"}}]}<\/script>\n<!-- \/ Yoast SEO plugin. -->","yoast_head_json":{"title":"KLONDIKE - Decorativo effetto lamiera scura ossidata - Stazione Bricolor","description":"Pittura decorativa all'acqua per interni dalle finiture uniche, utilizzata per creare ambienti living estremamente di tendenza con frammenti di metallo ...","robots":{"index":"index","follow":"follow","max-snippet":"max-snippet:-1","max-image-preview":"max-image-preview:large","max-video-preview":"max-video-preview:-1"},"canonical":"https:\/\/stazionebricolor.com\/index.php\/prodotto\/klondike-decorativo-effetto-lamiera-scura-ossidata-oro-argento-valpaint-colorificio-shop-online-italiano\/","og_locale":"it_IT","og_type":"article","og_title":"KLONDIKE - Decorativo effetto lamiera scura ossidata - Stazione Bricolor","og_description":"Pittura decorativa all'acqua per interni dalle finiture uniche, utilizzata per creare ambienti living estremamente di tendenza con frammenti di metallo ...","og_url":"https:\/\/stazionebricolor.com\/index.php\/prodotto\/klondike-decorativo-effetto-lamiera-scura-ossidata-oro-argento-valpaint-colorificio-shop-online-italiano\/","og_site_name":"Stazione Bricolor","article_modified_time":"2025-03-19T10:58:47+00:00","og_image":[{"width":1160,"height":1139,"url":"https:\/\/stazionebricolor.com\/wp-content\/uploads\/2024\/11\/KLONDIKE.png","type":"image\/png"}],"twitter_card":"summary_large_image","twitter_misc":{"Tempo di lettura stimato":"2 minuti"},"schema":{"@context":"https:\/\/schema.org","@graph":[{"@type":"WebPage","@id":"https:\/\/stazionebricolor.com\/index.php\/prodotto\/klondike-decorativo-effetto-lamiera-scura-ossidata-oro-argento-valpaint-colorificio-shop-online-italiano\/","url":"https:\/\/stazionebricolor.com\/index.php\/prodotto\/klondike-decorativo-effetto-lamiera-scura-ossidata-oro-argento-valpaint-colorificio-shop-online-italiano\/","name":"KLONDIKE - Decorativo effetto lamiera scura ossidata - Stazione Bricolor","isPartOf":{"@id":"https:\/\/stazionebricolor.com\/#website"},"primaryImageOfPage":{"@id":"https:\/\/stazionebricolor.com\/index.php\/prodotto\/klondike-decorativo-effetto-lamiera-scura-ossidata-oro-argento-valpaint-colorificio-shop-online-italiano\/#primaryimage"},"image":{"@id":"https:\/\/stazionebricolor.com\/index.php\/prodotto\/klondike-decorativo-effetto-lamiera-scura-ossidata-oro-argento-valpaint-colorificio-shop-online-italiano\/#primaryimage"},"thumbnailUrl":"https:\/\/stazionebricolor.com\/wp-content\/uploads\/2024\/11\/KLONDIKE.png","datePublished":"2024-11-25T10:19:20+00:00","dateModified":"2025-03-19T10:58:47+00:00","description":"Pittura decorativa all'acqua per interni dalle finiture uniche, utilizzata per creare ambienti living estremamente di tendenza con frammenti di metallo ...","breadcrumb":{"@id":"https:\/\/stazionebricolor.com\/index.php\/prodotto\/klondike-decorativo-effetto-lamiera-scura-ossidata-oro-argento-valpaint-colorificio-shop-online-italiano\/#breadcrumb"},"inLanguage":"it-IT","potentialAction":[{"@type":"ReadAction","target":["https:\/\/stazionebricolor.com\/index.php\/prodotto\/klondike-decorativo-effetto-lamiera-scura-ossidata-oro-argento-valpaint-colorificio-shop-online-italiano\/"]}]},{"@type":"ImageObject","inLanguage":"it-IT","@id":"https:\/\/stazionebricolor.com\/index.php\/prodotto\/klondike-decorativo-effetto-lamiera-scura-ossidata-oro-argento-valpaint-colorificio-shop-online-italiano\/#primaryimage","url":"https:\/\/stazionebricolor.com\/wp-content\/uploads\/2024\/11\/KLONDIKE.png","contentUrl":"https:\/\/stazionebricolor.com\/wp-content\/uploads\/2024\/11\/KLONDIKE.png","width":1160,"height":1139},{"@type":"BreadcrumbList","@id":"https:\/\/stazionebricolor.com\/index.php\/prodotto\/klondike-decorativo-effetto-lamiera-scura-ossidata-oro-argento-valpaint-colorificio-shop-online-italiano\/#breadcrumb","itemListElement":[{"@type":"ListItem","position":1,"name":"Home","item":"https:\/\/stazionebricolor.com\/"},{"@type":"ListItem","position":2,"name":"Shop","item":"https:\/\/stazionebricolor.com\/"},{"@type":"ListItem","position":3,"name":"KLONDIKE &#8211; Decorativo effetto lamiera scura ossidata"}]},{"@type":"WebSite","@id":"https:\/\/stazionebricolor.com\/#website","url":"https:\/\/stazionebricolor.com\/","name":"Stazione Bricolor","description":"Colorare casa non \u00e8 mai stato cos\u00ec semplice","publisher":{"@id":"https:\/\/stazionebricolor.com\/#organization"},"potentialAction":[{"@type":"SearchAction","target":{"@type":"EntryPoint","urlTemplate":"https:\/\/stazionebricolor.com\/?s={search_term_string}"},"query-input":{"@type":"PropertyValueSpecification","valueRequired":true,"valueName":"search_term_string"}}],"inLanguage":"it-IT"},{"@type":"Organization","@id":"https:\/\/stazionebricolor.com\/#organization","name":"Stazione Bricolor","url":"https:\/\/stazionebricolor.com\/","logo":{"@type":"ImageObject","inLanguage":"it-IT","@id":"https:\/\/stazionebricolor.com\/#\/schema\/logo\/image\/","url":"https:\/\/stazionebricolor.com\/wp-content\/uploads\/2024\/06\/cropped-stazionebricoloricona-1.png","contentUrl":"https:\/\/stazionebricolor.com\/wp-content\/uploads\/2024\/06\/cropped-stazionebricoloricona-1.png","width":520,"height":292,"caption":"Stazione Bricolor"},"image":{"@id":"https:\/\/stazionebricolor.com\/#\/schema\/logo\/image\/"}}]}},"_links":{"self":[{"href":"https:\/\/stazionebricolor.com\/index.php\/wp-json\/wp\/v2\/product\/3028","targetHints":{"allow":["GET"]}}],"collection":[{"href":"https:\/\/stazionebricolor.com\/index.php\/wp-json\/wp\/v2\/product"}],"about":[{"href":"https:\/\/stazionebricolor.com\/index.php\/wp-json\/wp\/v2\/types\/product"}],"replies":[{"embeddable":true,"href":"https:\/\/stazionebricolor.com\/index.php\/wp-json\/wp\/v2\/comments?post=3028"}],"wp:featuredmedia":[{"embeddable":true,"href":"https:\/\/stazionebricolor.com\/index.php\/wp-json\/wp\/v2\/media\/3032"}],"wp:attachment":[{"href":"https:\/\/stazionebricolor.com\/index.php\/wp-json\/wp\/v2\/media?parent=3028"}],"wp:term":[{"taxonomy":"product_brand","embeddable":true,"href":"https:\/\/stazionebricolor.com\/index.php\/wp-json\/wp\/v2\/product_brand?post=3028"},{"taxonomy":"product_cat","embeddable":true,"href":"https:\/\/stazionebricolor.com\/index.php\/wp-json\/wp\/v2\/product_cat?post=3028"},{"taxonomy":"product_tag","embeddable":true,"href":"https:\/\/stazionebricolor.com\/index.php\/wp-json\/wp\/v2\/product_tag?post=3028"}],"curies":[{"name":"wp","href":"https:\/\/api.w.org\/{rel}","templated":true}]}}