{"id":335,"date":"2024-06-20T10:19:06","date_gmt":"2024-06-20T10:19:06","guid":{"rendered":"https:\/\/stazionebricolor.com\/?post_type=product&#038;p=335"},"modified":"2026-03-28T08:57:29","modified_gmt":"2026-03-28T08:57:29","slug":"micosteryl-spray-antimuffa-250-ml","status":"publish","type":"product","link":"https:\/\/stazionebricolor.com\/index.php\/prodotto\/micosteryl-spray-antimuffa-250-ml\/","title":{"rendered":"MICOSTERYL SPRAY &#8211; Antimuffa 250 ml"},"content":{"rendered":"<p>Spray antimuffa a base di cloro concentrato, rimuove tutte le muffe andando a detergere in profondit\u00e0 anche le superfici pi\u00f9 infestate<\/p>\n<div class=\"vc_row wpb_row section vc_row-fluid vc_custom_1606086527193\">\n<div class=\" full_section_inner clearfix\">\n<div class=\"wpb_column vc_column_container vc_col-sm-4\">\n<div class=\"vc_column-inner vc_custom_1606086654750\">\n<div class=\"wpb_wrapper\">\n<div class=\"wpb_text_column wpb_content_element vc_custom_1606086565752\">\n<div class=\"wpb_wrapper\">\n<h4><strong>USI<\/strong><\/h4>\n<hr \/>\n<\/div>\n<\/div>\n<div class=\"wpb_text_column wpb_content_element \">\n<div class=\"wpb_wrapper\">\n<ul>\n<li>Esterno<\/li>\n<li>Interno<\/li>\n<li>Muro<\/li>\n<\/ul>\n<\/div>\n<\/div>\n<\/div>\n<\/div>\n<\/div>\n<div class=\"wpb_column vc_column_container vc_col-sm-4\">\n<div class=\"vc_column-inner vc_custom_1606086659875\">\n<div class=\"wpb_wrapper\">\n<div class=\"wpb_text_column wpb_content_element vc_custom_1606086577673\">\n<div class=\"wpb_wrapper\">\n<h4><strong>VANTAGGI<\/strong><\/h4>\n<hr \/>\n<\/div>\n<\/div>\n<div class=\"wpb_text_column wpb_content_element \">\n<div class=\"wpb_wrapper\">\n<ul>\n<li>Rimuove la muffa esistente<\/li>\n<li>Deterge le superfici<\/li>\n<li>Agisce in profondit\u00e0<\/li>\n<\/ul>\n<\/div>\n<\/div>\n<\/div>\n<\/div>\n<\/div>\n<div class=\"wpb_column vc_column_container vc_col-sm-4\">\n<div class=\"vc_column-inner vc_custom_1606086664224\">\n<div class=\"wpb_wrapper\">\n<div class=\"wpb_text_column wpb_content_element vc_custom_1606086609500\">\n<div class=\"wpb_wrapper\">\n<h4><strong>FORMATI\/RESA<\/strong><\/h4>\n<hr \/>\n<\/div>\n<\/div>\n<div class=\"wpb_text_column wpb_content_element \">\n<div class=\"wpb_wrapper\">\n<ul>\n<li>Formati: 0,25 l<\/li>\n<li>Resa: 5-10 mq\/L per mano<\/li>\n<\/ul>\n<\/div>\n<\/div>\n<\/div>\n<\/div>\n<\/div>\n<\/div>\n<\/div>\n<div class=\"portfolio_navigation \">\n<div class=\"portfolio_prev\"><img loading=\"lazy\" decoding=\"async\" class=\"wp-image-204 alignleft\" src=\"https:\/\/stazionebricolor.com\/wp-content\/uploads\/2024\/06\/ICONA-SCHEDE-2.png\" alt=\"\" width=\"37\" height=\"32\" \/><a href=\"https:\/\/stazionebricolor.com\/wp-content\/uploads\/2024\/06\/tecnica-micosteryl-spray.pdf\">Download Scheda Tecnica (PDF)<\/a><\/div>\n<\/div>\n<div><\/div>\n<div class=\"portfolio_navigation \">\n<div class=\"portfolio_next\"><img loading=\"lazy\" decoding=\"async\" class=\"wp-image-204 alignleft\" src=\"https:\/\/stazionebricolor.com\/wp-content\/uploads\/2024\/06\/ICONA-SCHEDE-2.png\" alt=\"\" width=\"37\" height=\"32\" \/><a href=\"https:\/\/stazionebricolor.com\/wp-content\/uploads\/2024\/06\/sicurezza-micosteryl-spray.pdf\">Download Scheda Sicurezza (PDF)<\/a><\/div>\n<\/div>\n","protected":false},"excerpt":{"rendered":"<p>Spray antimuffa a base di cloro concentrato, rimuove tutte le muffe andando a detergere in profondit\u00e0 anche le superfici pi\u00f9 infestate USI Esterno Interno Muro VANTAGGI Rimuove la muffa esistente Deterge le superfici Agisce in profondit\u00e0 FORMATI\/RESA Formati: 0,25 l Resa: 5-10 mq\/L per mano Download Scheda Tecnica (PDF) Download Scheda Sicurezza (PDF)<\/p>\n","protected":false},"featured_media":312,"comment_status":"open","ping_status":"closed","template":"","meta":{"om_disable_all_campaigns":false,"_monsterinsights_skip_tracking":false,"_monsterinsights_sitenote_active":false,"_monsterinsights_sitenote_note":"","_monsterinsights_sitenote_category":0,"_joinchat":{"telephone":"+390803115487","view":"yes"}},"product_brand":[2509],"product_cat":[38,57,72],"product_tag":[181,221,114,196,177,161,189,220,112,183,190,184,159,218,219],"class_list":{"0":"post-335","1":"product","2":"type-product","3":"status-publish","4":"has-post-thumbnail","6":"product_brand-il-miglior-colorificio-on-line-baldini-vernici-pitture-di-qualita-per-hobby-professione","7":"product_cat-pulizia-licheni-muffa-dopo-posa-ruggine-sverniciatore","8":"product_cat-disinfestanti-detergenti-prepara-supporti","9":"product_cat-antimuffa-micosteryl-termoisolanti-antimacchia-macchie","10":"product_tag-antimuffa","11":"product_tag-azione-rapida","12":"product_tag-baldini-vernici","13":"product_tag-colorificio-altamura","14":"product_tag-colorificio-italia","15":"product_tag-colorificio-online","16":"product_tag-colorificio-puglia","17":"product_tag-esterni","18":"product_tag-interni","19":"product_tag-micosteryl","20":"product_tag-muffa","21":"product_tag-muri-difficili","22":"product_tag-qualita","23":"product_tag-spray","24":"product_tag-spray-antimuffa","26":"first","27":"instock","28":"sale","29":"taxable","30":"shipping-taxable","31":"purchasable","32":"product-type-simple"},"yoast_head":"<!-- This site is optimized with the Yoast SEO plugin v26.5 - https:\/\/yoast.com\/wordpress\/plugins\/seo\/ -->\n<title>MICOSTERYL SPRAY - Antimuffa 250 ml - Colorificio shop online<\/title>\n<meta name=\"description\" content=\"Spray antimuffa a base di cloro concentrato, rimuove tutte le muffe andando a detergere in profondit\u00e0 anche le superfici pi\u00f9 infestate\" \/>\n<meta name=\"robots\" content=\"index, follow, max-snippet:-1, max-image-preview:large, max-video-preview:-1\" \/>\n<link rel=\"canonical\" href=\"https:\/\/stazionebricolor.com\/index.php\/prodotto\/micosteryl-spray-antimuffa-250-ml\/\" \/>\n<meta property=\"og:locale\" content=\"it_IT\" \/>\n<meta property=\"og:type\" content=\"article\" \/>\n<meta property=\"og:title\" content=\"MICOSTERYL SPRAY - Antimuffa 250 ml - Colorificio shop online\" \/>\n<meta property=\"og:description\" content=\"Spray antimuffa a base di cloro concentrato, rimuove tutte le muffe andando a detergere in profondit\u00e0 anche le superfici pi\u00f9 infestate\" \/>\n<meta property=\"og:url\" content=\"https:\/\/stazionebricolor.com\/index.php\/prodotto\/micosteryl-spray-antimuffa-250-ml\/\" \/>\n<meta property=\"og:site_name\" content=\"Stazione Bricolor\" \/>\n<meta property=\"article:modified_time\" content=\"2026-03-28T08:57:29+00:00\" \/>\n<meta property=\"og:image\" content=\"https:\/\/stazionebricolor.com\/wp-content\/uploads\/2024\/06\/micosteryl-SPRAY.png\" \/>\n\t<meta property=\"og:image:width\" content=\"1148\" \/>\n\t<meta property=\"og:image:height\" content=\"1139\" \/>\n\t<meta property=\"og:image:type\" content=\"image\/png\" \/>\n<meta name=\"twitter:card\" content=\"summary_large_image\" \/>\n<meta name=\"twitter:label1\" content=\"Tempo di lettura stimato\" \/>\n\t<meta name=\"twitter:data1\" content=\"1 minuto\" \/>\n<script type=\"application\/ld+json\" class=\"yoast-schema-graph\">{\"@context\":\"https:\/\/schema.org\",\"@graph\":[{\"@type\":\"WebPage\",\"@id\":\"https:\/\/stazionebricolor.com\/index.php\/prodotto\/micosteryl-spray-antimuffa-250-ml\/\",\"url\":\"https:\/\/stazionebricolor.com\/index.php\/prodotto\/micosteryl-spray-antimuffa-250-ml\/\",\"name\":\"MICOSTERYL SPRAY - Antimuffa 250 ml - Colorificio shop online\",\"isPartOf\":{\"@id\":\"https:\/\/stazionebricolor.com\/#website\"},\"primaryImageOfPage\":{\"@id\":\"https:\/\/stazionebricolor.com\/index.php\/prodotto\/micosteryl-spray-antimuffa-250-ml\/#primaryimage\"},\"image\":{\"@id\":\"https:\/\/stazionebricolor.com\/index.php\/prodotto\/micosteryl-spray-antimuffa-250-ml\/#primaryimage\"},\"thumbnailUrl\":\"https:\/\/stazionebricolor.com\/wp-content\/uploads\/2024\/06\/micosteryl-SPRAY.png\",\"datePublished\":\"2024-06-20T10:19:06+00:00\",\"dateModified\":\"2026-03-28T08:57:29+00:00\",\"description\":\"Spray antimuffa a base di cloro concentrato, rimuove tutte le muffe andando a detergere in profondit\u00e0 anche le superfici pi\u00f9 infestate\",\"breadcrumb\":{\"@id\":\"https:\/\/stazionebricolor.com\/index.php\/prodotto\/micosteryl-spray-antimuffa-250-ml\/#breadcrumb\"},\"inLanguage\":\"it-IT\",\"potentialAction\":[{\"@type\":\"ReadAction\",\"target\":[\"https:\/\/stazionebricolor.com\/index.php\/prodotto\/micosteryl-spray-antimuffa-250-ml\/\"]}]},{\"@type\":\"ImageObject\",\"inLanguage\":\"it-IT\",\"@id\":\"https:\/\/stazionebricolor.com\/index.php\/prodotto\/micosteryl-spray-antimuffa-250-ml\/#primaryimage\",\"url\":\"https:\/\/stazionebricolor.com\/wp-content\/uploads\/2024\/06\/micosteryl-SPRAY.png\",\"contentUrl\":\"https:\/\/stazionebricolor.com\/wp-content\/uploads\/2024\/06\/micosteryl-SPRAY.png\",\"width\":1148,\"height\":1139},{\"@type\":\"BreadcrumbList\",\"@id\":\"https:\/\/stazionebricolor.com\/index.php\/prodotto\/micosteryl-spray-antimuffa-250-ml\/#breadcrumb\",\"itemListElement\":[{\"@type\":\"ListItem\",\"position\":1,\"name\":\"Home\",\"item\":\"https:\/\/stazionebricolor.com\/\"},{\"@type\":\"ListItem\",\"position\":2,\"name\":\"Shop\",\"item\":\"https:\/\/stazionebricolor.com\/\"},{\"@type\":\"ListItem\",\"position\":3,\"name\":\"MICOSTERYL SPRAY &#8211; Antimuffa 250 ml\"}]},{\"@type\":\"WebSite\",\"@id\":\"https:\/\/stazionebricolor.com\/#website\",\"url\":\"https:\/\/stazionebricolor.com\/\",\"name\":\"Stazione Bricolor\",\"description\":\"Colorare casa non \u00e8 mai stato cos\u00ec semplice\",\"publisher\":{\"@id\":\"https:\/\/stazionebricolor.com\/#organization\"},\"potentialAction\":[{\"@type\":\"SearchAction\",\"target\":{\"@type\":\"EntryPoint\",\"urlTemplate\":\"https:\/\/stazionebricolor.com\/?s={search_term_string}\"},\"query-input\":{\"@type\":\"PropertyValueSpecification\",\"valueRequired\":true,\"valueName\":\"search_term_string\"}}],\"inLanguage\":\"it-IT\"},{\"@type\":\"Organization\",\"@id\":\"https:\/\/stazionebricolor.com\/#organization\",\"name\":\"Stazione Bricolor\",\"url\":\"https:\/\/stazionebricolor.com\/\",\"logo\":{\"@type\":\"ImageObject\",\"inLanguage\":\"it-IT\",\"@id\":\"https:\/\/stazionebricolor.com\/#\/schema\/logo\/image\/\",\"url\":\"https:\/\/stazionebricolor.com\/wp-content\/uploads\/2024\/06\/cropped-stazionebricoloricona-1.png\",\"contentUrl\":\"https:\/\/stazionebricolor.com\/wp-content\/uploads\/2024\/06\/cropped-stazionebricoloricona-1.png\",\"width\":520,\"height\":292,\"caption\":\"Stazione Bricolor\"},\"image\":{\"@id\":\"https:\/\/stazionebricolor.com\/#\/schema\/logo\/image\/\"}}]}<\/script>\n<!-- \/ Yoast SEO plugin. -->","yoast_head_json":{"title":"MICOSTERYL SPRAY - Antimuffa 250 ml - Colorificio shop online","description":"Spray antimuffa a base di cloro concentrato, rimuove tutte le muffe andando a detergere in profondit\u00e0 anche le superfici pi\u00f9 infestate","robots":{"index":"index","follow":"follow","max-snippet":"max-snippet:-1","max-image-preview":"max-image-preview:large","max-video-preview":"max-video-preview:-1"},"canonical":"https:\/\/stazionebricolor.com\/index.php\/prodotto\/micosteryl-spray-antimuffa-250-ml\/","og_locale":"it_IT","og_type":"article","og_title":"MICOSTERYL SPRAY - Antimuffa 250 ml - Colorificio shop online","og_description":"Spray antimuffa a base di cloro concentrato, rimuove tutte le muffe andando a detergere in profondit\u00e0 anche le superfici pi\u00f9 infestate","og_url":"https:\/\/stazionebricolor.com\/index.php\/prodotto\/micosteryl-spray-antimuffa-250-ml\/","og_site_name":"Stazione Bricolor","article_modified_time":"2026-03-28T08:57:29+00:00","og_image":[{"width":1148,"height":1139,"url":"https:\/\/stazionebricolor.com\/wp-content\/uploads\/2024\/06\/micosteryl-SPRAY.png","type":"image\/png"}],"twitter_card":"summary_large_image","twitter_misc":{"Tempo di lettura stimato":"1 minuto"},"schema":{"@context":"https:\/\/schema.org","@graph":[{"@type":"WebPage","@id":"https:\/\/stazionebricolor.com\/index.php\/prodotto\/micosteryl-spray-antimuffa-250-ml\/","url":"https:\/\/stazionebricolor.com\/index.php\/prodotto\/micosteryl-spray-antimuffa-250-ml\/","name":"MICOSTERYL SPRAY - Antimuffa 250 ml - Colorificio shop online","isPartOf":{"@id":"https:\/\/stazionebricolor.com\/#website"},"primaryImageOfPage":{"@id":"https:\/\/stazionebricolor.com\/index.php\/prodotto\/micosteryl-spray-antimuffa-250-ml\/#primaryimage"},"image":{"@id":"https:\/\/stazionebricolor.com\/index.php\/prodotto\/micosteryl-spray-antimuffa-250-ml\/#primaryimage"},"thumbnailUrl":"https:\/\/stazionebricolor.com\/wp-content\/uploads\/2024\/06\/micosteryl-SPRAY.png","datePublished":"2024-06-20T10:19:06+00:00","dateModified":"2026-03-28T08:57:29+00:00","description":"Spray antimuffa a base di cloro concentrato, rimuove tutte le muffe andando a detergere in profondit\u00e0 anche le superfici pi\u00f9 infestate","breadcrumb":{"@id":"https:\/\/stazionebricolor.com\/index.php\/prodotto\/micosteryl-spray-antimuffa-250-ml\/#breadcrumb"},"inLanguage":"it-IT","potentialAction":[{"@type":"ReadAction","target":["https:\/\/stazionebricolor.com\/index.php\/prodotto\/micosteryl-spray-antimuffa-250-ml\/"]}]},{"@type":"ImageObject","inLanguage":"it-IT","@id":"https:\/\/stazionebricolor.com\/index.php\/prodotto\/micosteryl-spray-antimuffa-250-ml\/#primaryimage","url":"https:\/\/stazionebricolor.com\/wp-content\/uploads\/2024\/06\/micosteryl-SPRAY.png","contentUrl":"https:\/\/stazionebricolor.com\/wp-content\/uploads\/2024\/06\/micosteryl-SPRAY.png","width":1148,"height":1139},{"@type":"BreadcrumbList","@id":"https:\/\/stazionebricolor.com\/index.php\/prodotto\/micosteryl-spray-antimuffa-250-ml\/#breadcrumb","itemListElement":[{"@type":"ListItem","position":1,"name":"Home","item":"https:\/\/stazionebricolor.com\/"},{"@type":"ListItem","position":2,"name":"Shop","item":"https:\/\/stazionebricolor.com\/"},{"@type":"ListItem","position":3,"name":"MICOSTERYL SPRAY &#8211; Antimuffa 250 ml"}]},{"@type":"WebSite","@id":"https:\/\/stazionebricolor.com\/#website","url":"https:\/\/stazionebricolor.com\/","name":"Stazione Bricolor","description":"Colorare casa non \u00e8 mai stato cos\u00ec semplice","publisher":{"@id":"https:\/\/stazionebricolor.com\/#organization"},"potentialAction":[{"@type":"SearchAction","target":{"@type":"EntryPoint","urlTemplate":"https:\/\/stazionebricolor.com\/?s={search_term_string}"},"query-input":{"@type":"PropertyValueSpecification","valueRequired":true,"valueName":"search_term_string"}}],"inLanguage":"it-IT"},{"@type":"Organization","@id":"https:\/\/stazionebricolor.com\/#organization","name":"Stazione Bricolor","url":"https:\/\/stazionebricolor.com\/","logo":{"@type":"ImageObject","inLanguage":"it-IT","@id":"https:\/\/stazionebricolor.com\/#\/schema\/logo\/image\/","url":"https:\/\/stazionebricolor.com\/wp-content\/uploads\/2024\/06\/cropped-stazionebricoloricona-1.png","contentUrl":"https:\/\/stazionebricolor.com\/wp-content\/uploads\/2024\/06\/cropped-stazionebricoloricona-1.png","width":520,"height":292,"caption":"Stazione Bricolor"},"image":{"@id":"https:\/\/stazionebricolor.com\/#\/schema\/logo\/image\/"}}]}},"_links":{"self":[{"href":"https:\/\/stazionebricolor.com\/index.php\/wp-json\/wp\/v2\/product\/335","targetHints":{"allow":["GET"]}}],"collection":[{"href":"https:\/\/stazionebricolor.com\/index.php\/wp-json\/wp\/v2\/product"}],"about":[{"href":"https:\/\/stazionebricolor.com\/index.php\/wp-json\/wp\/v2\/types\/product"}],"replies":[{"embeddable":true,"href":"https:\/\/stazionebricolor.com\/index.php\/wp-json\/wp\/v2\/comments?post=335"}],"wp:featuredmedia":[{"embeddable":true,"href":"https:\/\/stazionebricolor.com\/index.php\/wp-json\/wp\/v2\/media\/312"}],"wp:attachment":[{"href":"https:\/\/stazionebricolor.com\/index.php\/wp-json\/wp\/v2\/media?parent=335"}],"wp:term":[{"taxonomy":"product_brand","embeddable":true,"href":"https:\/\/stazionebricolor.com\/index.php\/wp-json\/wp\/v2\/product_brand?post=335"},{"taxonomy":"product_cat","embeddable":true,"href":"https:\/\/stazionebricolor.com\/index.php\/wp-json\/wp\/v2\/product_cat?post=335"},{"taxonomy":"product_tag","embeddable":true,"href":"https:\/\/stazionebricolor.com\/index.php\/wp-json\/wp\/v2\/product_tag?post=335"}],"curies":[{"name":"wp","href":"https:\/\/api.w.org\/{rel}","templated":true}]}}