{"id":4854,"date":"2025-02-09T16:55:58","date_gmt":"2025-02-09T16:55:58","guid":{"rendered":"https:\/\/stazionebricolor.com\/?post_type=product&#038;p=4854"},"modified":"2026-04-07T13:43:51","modified_gmt":"2026-04-07T13:43:51","slug":"bisaten-opaco-la-miglior-pittura-antimuffa-garanzia-gdm-colorificio-online","status":"publish","type":"product","link":"https:\/\/stazionebricolor.com\/index.php\/prodotto\/bisaten-opaco-la-miglior-pittura-antimuffa-garanzia-gdm-colorificio-online\/","title":{"rendered":"BISATEN Opaco &#8211; Pittura antimuffa"},"content":{"rendered":"<p>Vernice all&#8217;acqua igienizzante, antimuffa, indelebile con specifiche caratteristiche estetiche e protettive.<\/p>\n<p><strong>La Vernice all\u2019Acqua Opaca Bisaten<\/strong>\u00a0, grazie al suo film coprente opaco,\u00a0\u00e8 perfetta per le superfici su cui si desidera ottenere una finitura setosa, unica e gradevole.<\/p>\n<p>Grazie alla sua speciale pellicola protettiva questa vernice protegge la tua parete da muffe e funghi. Da utilizzare dove \u00e8 necessaria un&#8217;igiene completa come in cliniche, ospedali, comunit\u00e0 terapeutiche, cantine e strutture ricettive in genere. Da utilizzare dove \u00e8 necessaria un&#8217;igiene completa come in cliniche, ospedali, comunit\u00e0 terapeutiche, cantine e strutture ricettive in genere.<\/p>\n<p><strong>Dimensioni disponibili:<\/strong> 13 litri<\/p>\n<p><strong>Diluizione:<\/strong>\u00a0acqua<\/p>\n<p><strong>Colore:<\/strong>\u00a0Bianco<\/p>\n<p><strong>Resa teorica per mano:<\/strong>\u00a06,6 mq\/litro<\/p>\n","protected":false},"excerpt":{"rendered":"[caption id=\"attachment_1984\" align=\"alignleft\" width=\"150\"]<a style=\"color: #0000ff;\" href=\"https:\/\/stazionebricolor.com\/wp-content\/uploads\/2024\/08\/cartella-colori-chiari-pdf.pdf\"><img loading=\"lazy\" decoding=\"async\" class=\"wp-image-1984\" src=\"https:\/\/stazionebricolor.com\/wp-content\/uploads\/2024\/08\/colori-neutri-chiari-300x208.png\" alt=\"\" width=\"150\" height=\"104\" srcset=\"https:\/\/stazionebricolor.com\/wp-content\/uploads\/2024\/08\/colori-neutri-chiari-300x208.png 300w, https:\/\/stazionebricolor.com\/wp-content\/uploads\/2024\/08\/colori-neutri-chiari-1024x710.png 1024w, https:\/\/stazionebricolor.com\/wp-content\/uploads\/2024\/08\/colori-neutri-chiari-768x533.png 768w, https:\/\/stazionebricolor.com\/wp-content\/uploads\/2024\/08\/colori-neutri-chiari-1536x1066.png 1536w, https:\/\/stazionebricolor.com\/wp-content\/uploads\/2024\/08\/colori-neutri-chiari-500x347.png 500w, https:\/\/stazionebricolor.com\/wp-content\/uploads\/2024\/08\/colori-neutri-chiari-800x555.png 800w, https:\/\/stazionebricolor.com\/wp-content\/uploads\/2024\/08\/colori-neutri-chiari-1280x888.png 1280w, https:\/\/stazionebricolor.com\/wp-content\/uploads\/2024\/08\/colori-neutri-chiari-416x289.png 416w, https:\/\/stazionebricolor.com\/wp-content\/uploads\/2024\/08\/colori-neutri-chiari.png 1633w\" sizes=\"auto, (max-width: 150px) 100vw, 150px\" \/><\/a> <span style=\"color: #0000ff;\"><strong>Scegli il tuo colore<\/strong><\/span>[\/caption]\n","protected":false},"featured_media":4855,"comment_status":"open","ping_status":"closed","template":"","meta":{"om_disable_all_campaigns":false,"_monsterinsights_skip_tracking":false,"_monsterinsights_sitenote_active":false,"_monsterinsights_sitenote_note":"","_monsterinsights_sitenote_category":0,"_joinchat":[]},"product_brand":[3249],"product_cat":[69,72,28],"product_tag":[181,1606,1605,1239,1138,910],"class_list":{"0":"post-4854","1":"product","2":"type-product","3":"status-publish","4":"has-post-thumbnail","6":"product_brand-gdm-bisten-antimuffa","7":"product_cat-pareti-supercoprente-traspirante-cartongesso-baldini-vernici-casati","8":"product_cat-antimuffa-micosteryl-termoisolanti-antimacchia-macchie","9":"product_cat-la-miglior-pittura-muri-pareti-soffitti-dipingere-colorato","10":"product_tag-antimuffa","11":"product_tag-bisaten","12":"product_tag-gdm","13":"product_tag-lavabile","14":"product_tag-opaca","15":"product_tag-pittura","16":"pa_colori-pastello-palette-bianco","17":"pa_colori-pastello-palette-cr-4001-1","18":"pa_colori-pastello-palette-cr-4001-2","19":"pa_colori-pastello-palette-cr-4001-3","20":"pa_colori-pastello-palette-cr-4001-4","21":"pa_colori-pastello-palette-cr-4001-5","22":"pa_colori-pastello-palette-cr-4001-6","23":"pa_colori-pastello-palette-cr-4002-1","24":"pa_colori-pastello-palette-cr-4002-2","25":"pa_colori-pastello-palette-cr-4002-3","26":"pa_colori-pastello-palette-cr-4002-4","27":"pa_colori-pastello-palette-cr-4002-5","28":"pa_colori-pastello-palette-cr-4002-6","29":"pa_colori-pastello-palette-cr-4003-1","30":"pa_colori-pastello-palette-cr-4003-2","31":"pa_colori-pastello-palette-cr-4003-3","32":"pa_colori-pastello-palette-cr-4003-4","33":"pa_colori-pastello-palette-cr-4003-5","34":"pa_colori-pastello-palette-cr-4003-6","35":"pa_colori-pastello-palette-cr-4004-1","36":"pa_colori-pastello-palette-cr-4004-2","37":"pa_colori-pastello-palette-cr-4004-3","38":"pa_colori-pastello-palette-cr-4004-4","39":"pa_colori-pastello-palette-cr-4004-5","40":"pa_colori-pastello-palette-cr-4004-6","41":"pa_colori-pastello-palette-cr-4005-1","42":"pa_colori-pastello-palette-cr-4005-2","43":"pa_colori-pastello-palette-cr-4005-3","44":"pa_colori-pastello-palette-cr-4005-4","45":"pa_colori-pastello-palette-cr-4005-5","46":"pa_colori-pastello-palette-cr-4005-6","47":"pa_colori-pastello-palette-cr-4006-1","48":"pa_colori-pastello-palette-cr-4006-2","49":"pa_colori-pastello-palette-cr-4006-3","50":"pa_colori-pastello-palette-cr-4006-4","51":"pa_colori-pastello-palette-cr-4006-5","52":"pa_colori-pastello-palette-cr-4006-6","53":"pa_colori-pastello-palette-cr-4007-1","54":"pa_colori-pastello-palette-cr-4007-2","55":"pa_colori-pastello-palette-cr-4007-3","56":"pa_colori-pastello-palette-cr-4007-4","57":"pa_colori-pastello-palette-cr-4007-5","58":"pa_colori-pastello-palette-cr-4007-6","59":"pa_colori-pastello-palette-cr-4008-1","60":"pa_colori-pastello-palette-cr-4008-2","61":"pa_colori-pastello-palette-cr-4008-3","62":"pa_colori-pastello-palette-cr-4008-4","63":"pa_colori-pastello-palette-cr-4008-5","64":"pa_colori-pastello-palette-cr-4008-6","65":"pa_colori-pastello-palette-cr-4009-1","66":"pa_colori-pastello-palette-cr-4009-2","67":"pa_colori-pastello-palette-cr-4009-3","68":"pa_colori-pastello-palette-cr-4009-4","69":"pa_colori-pastello-palette-cr-4009-5","70":"pa_colori-pastello-palette-cr-4009-6","71":"pa_colori-pastello-palette-cr-4010-1","72":"pa_colori-pastello-palette-cr-4010-2","73":"pa_colori-pastello-palette-cr-4010-3","74":"pa_colori-pastello-palette-cr-4010-4","75":"pa_colori-pastello-palette-cr-4010-5","76":"pa_colori-pastello-palette-cr-4010-6","77":"pa_colori-pastello-palette-cr-4011-1","78":"pa_colori-pastello-palette-cr-4011-2","79":"pa_colori-pastello-palette-cr-4011-3","80":"pa_colori-pastello-palette-cr-4011-4","81":"pa_colori-pastello-palette-cr-4011-5","82":"pa_colori-pastello-palette-cr-4011-6","83":"pa_colori-pastello-palette-cr-4012-1","84":"pa_colori-pastello-palette-cr-4012-2","85":"pa_colori-pastello-palette-cr-4012-3","86":"pa_colori-pastello-palette-cr-4012-4","87":"pa_colori-pastello-palette-cr-4012-5","88":"pa_colori-pastello-palette-cr-4012-6","89":"pa_colori-pastello-palette-cr-4013-1","90":"pa_colori-pastello-palette-cr-4013-2","91":"pa_colori-pastello-palette-cr-4013-3","92":"pa_colori-pastello-palette-cr-4013-4","93":"pa_colori-pastello-palette-cr-4013-5","94":"pa_colori-pastello-palette-cr-4013-6","95":"pa_colori-pastello-palette-cr-4014-1","96":"pa_colori-pastello-palette-cr-4014-2","97":"pa_colori-pastello-palette-cr-4014-3","98":"pa_colori-pastello-palette-cr-4014-4","99":"pa_colori-pastello-palette-cr-4014-5","100":"pa_colori-pastello-palette-cr-4014-6","101":"pa_colori-pastello-palette-cr-4015-1","102":"pa_colori-pastello-palette-cr-4015-2","103":"pa_colori-pastello-palette-cr-4015-3","104":"pa_colori-pastello-palette-cr-4015-4","105":"pa_colori-pastello-palette-cr-4015-5","106":"pa_colori-pastello-palette-cr-4015-6","107":"pa_colori-pastello-palette-cr-4016-1","108":"pa_colori-pastello-palette-cr-4016-2","109":"pa_colori-pastello-palette-cr-4016-3","110":"pa_colori-pastello-palette-cr-4016-4","111":"pa_colori-pastello-palette-cr-4016-5","112":"pa_colori-pastello-palette-cr-4016-6","113":"pa_colori-pastello-palette-cr-4017-1","114":"pa_colori-pastello-palette-cr-4017-2","115":"pa_colori-pastello-palette-cr-4017-3","116":"pa_colori-pastello-palette-cr-4017-4","117":"pa_colori-pastello-palette-cr-4017-5","118":"pa_colori-pastello-palette-cr-4017-6","119":"pa_colori-pastello-palette-cr-4018-1","120":"pa_colori-pastello-palette-cr-4018-2","121":"pa_colori-pastello-palette-cr-4018-3","122":"pa_colori-pastello-palette-cr-4018-4","123":"pa_colori-pastello-palette-cr-4018-5","124":"pa_colori-pastello-palette-cr-4018-6","125":"pa_colori-pastello-palette-cr-4019-1","126":"pa_colori-pastello-palette-cr-4019-2","127":"pa_colori-pastello-palette-cr-4019-3","128":"pa_colori-pastello-palette-cr-4019-4","129":"pa_colori-pastello-palette-cr-4019-5","130":"pa_colori-pastello-palette-cr-4019-6","131":"pa_colori-pastello-palette-cr-4020-1","132":"pa_colori-pastello-palette-cr-4020-2","133":"pa_colori-pastello-palette-cr-4020-3","134":"pa_colori-pastello-palette-cr-4020-4","135":"pa_colori-pastello-palette-cr-4020-5","136":"pa_colori-pastello-palette-cr-4020-6","137":"pa_colori-pastello-palette-cr-4021-1","138":"pa_colori-pastello-palette-cr-4021-2","139":"pa_colori-pastello-palette-cr-4021-3","140":"pa_colori-pastello-palette-cr-4021-4","141":"pa_colori-pastello-palette-cr-4021-5","142":"pa_colori-pastello-palette-cr-4021-6","143":"pa_colori-pastello-palette-cr-4022-1","144":"pa_colori-pastello-palette-cr-4022-2","145":"pa_colori-pastello-palette-cr-4022-3","146":"pa_colori-pastello-palette-cr-4022-4","147":"pa_colori-pastello-palette-cr-4022-5","148":"pa_colori-pastello-palette-cr-4022-6","149":"pa_colori-pastello-palette-cr-4023-1","150":"pa_colori-pastello-palette-cr-4023-2","151":"pa_colori-pastello-palette-cr-4023-3","152":"pa_colori-pastello-palette-cr-4023-4","153":"pa_colori-pastello-palette-cr-4023-5","154":"pa_colori-pastello-palette-cr-4023-6","156":"first","157":"instock","158":"taxable","159":"shipping-taxable","160":"purchasable","161":"product-type-variable"},"yoast_head":"<!-- This site is optimized with the Yoast SEO plugin v26.5 - https:\/\/yoast.com\/wordpress\/plugins\/seo\/ -->\n<title>BISATEN Opaco - Pittura antimuffa - Stazione Bricolor<\/title>\n<meta name=\"description\" content=\"Pittura igienizzante, specifiche caratteristiche estetiche e protettive. perfetta per le superfici su cui si desidera ottenere una finitura setosa, unica\" \/>\n<meta name=\"robots\" content=\"index, follow, max-snippet:-1, max-image-preview:large, max-video-preview:-1\" \/>\n<link rel=\"canonical\" href=\"https:\/\/stazionebricolor.com\/index.php\/prodotto\/bisaten-opaco-la-miglior-pittura-antimuffa-garanzia-gdm-colorificio-online\/\" \/>\n<meta property=\"og:locale\" content=\"it_IT\" \/>\n<meta property=\"og:type\" content=\"article\" \/>\n<meta property=\"og:title\" content=\"BISATEN Opaco - Pittura antimuffa - Stazione Bricolor\" \/>\n<meta property=\"og:description\" content=\"Pittura igienizzante, specifiche caratteristiche estetiche e protettive. perfetta per le superfici su cui si desidera ottenere una finitura setosa, unica\" \/>\n<meta property=\"og:url\" content=\"https:\/\/stazionebricolor.com\/index.php\/prodotto\/bisaten-opaco-la-miglior-pittura-antimuffa-garanzia-gdm-colorificio-online\/\" \/>\n<meta property=\"og:site_name\" content=\"Stazione Bricolor\" \/>\n<meta property=\"article:modified_time\" content=\"2026-04-07T13:43:51+00:00\" \/>\n<meta property=\"og:image\" content=\"https:\/\/stazionebricolor.com\/wp-content\/uploads\/2025\/02\/busaten-opaco.png\" \/>\n\t<meta property=\"og:image:width\" content=\"1154\" \/>\n\t<meta property=\"og:image:height\" content=\"1136\" \/>\n\t<meta property=\"og:image:type\" content=\"image\/png\" \/>\n<meta name=\"twitter:card\" content=\"summary_large_image\" \/>\n<meta name=\"twitter:label1\" content=\"Tempo di lettura stimato\" \/>\n\t<meta name=\"twitter:data1\" content=\"1 minuto\" \/>\n<script type=\"application\/ld+json\" class=\"yoast-schema-graph\">{\"@context\":\"https:\/\/schema.org\",\"@graph\":[{\"@type\":\"WebPage\",\"@id\":\"https:\/\/stazionebricolor.com\/index.php\/prodotto\/bisaten-opaco-la-miglior-pittura-antimuffa-garanzia-gdm-colorificio-online\/\",\"url\":\"https:\/\/stazionebricolor.com\/index.php\/prodotto\/bisaten-opaco-la-miglior-pittura-antimuffa-garanzia-gdm-colorificio-online\/\",\"name\":\"BISATEN Opaco - Pittura antimuffa - Stazione Bricolor\",\"isPartOf\":{\"@id\":\"https:\/\/stazionebricolor.com\/#website\"},\"primaryImageOfPage\":{\"@id\":\"https:\/\/stazionebricolor.com\/index.php\/prodotto\/bisaten-opaco-la-miglior-pittura-antimuffa-garanzia-gdm-colorificio-online\/#primaryimage\"},\"image\":{\"@id\":\"https:\/\/stazionebricolor.com\/index.php\/prodotto\/bisaten-opaco-la-miglior-pittura-antimuffa-garanzia-gdm-colorificio-online\/#primaryimage\"},\"thumbnailUrl\":\"https:\/\/stazionebricolor.com\/wp-content\/uploads\/2025\/02\/busaten-opaco.png\",\"datePublished\":\"2025-02-09T16:55:58+00:00\",\"dateModified\":\"2026-04-07T13:43:51+00:00\",\"description\":\"Pittura igienizzante, specifiche caratteristiche estetiche e protettive. perfetta per le superfici su cui si desidera ottenere una finitura setosa, unica\",\"breadcrumb\":{\"@id\":\"https:\/\/stazionebricolor.com\/index.php\/prodotto\/bisaten-opaco-la-miglior-pittura-antimuffa-garanzia-gdm-colorificio-online\/#breadcrumb\"},\"inLanguage\":\"it-IT\",\"potentialAction\":[{\"@type\":\"ReadAction\",\"target\":[\"https:\/\/stazionebricolor.com\/index.php\/prodotto\/bisaten-opaco-la-miglior-pittura-antimuffa-garanzia-gdm-colorificio-online\/\"]}]},{\"@type\":\"ImageObject\",\"inLanguage\":\"it-IT\",\"@id\":\"https:\/\/stazionebricolor.com\/index.php\/prodotto\/bisaten-opaco-la-miglior-pittura-antimuffa-garanzia-gdm-colorificio-online\/#primaryimage\",\"url\":\"https:\/\/stazionebricolor.com\/wp-content\/uploads\/2025\/02\/busaten-opaco.png\",\"contentUrl\":\"https:\/\/stazionebricolor.com\/wp-content\/uploads\/2025\/02\/busaten-opaco.png\",\"width\":1154,\"height\":1136},{\"@type\":\"BreadcrumbList\",\"@id\":\"https:\/\/stazionebricolor.com\/index.php\/prodotto\/bisaten-opaco-la-miglior-pittura-antimuffa-garanzia-gdm-colorificio-online\/#breadcrumb\",\"itemListElement\":[{\"@type\":\"ListItem\",\"position\":1,\"name\":\"Home\",\"item\":\"https:\/\/stazionebricolor.com\/\"},{\"@type\":\"ListItem\",\"position\":2,\"name\":\"Shop\",\"item\":\"https:\/\/stazionebricolor.com\/\"},{\"@type\":\"ListItem\",\"position\":3,\"name\":\"BISATEN Opaco &#8211; Pittura antimuffa\"}]},{\"@type\":\"WebSite\",\"@id\":\"https:\/\/stazionebricolor.com\/#website\",\"url\":\"https:\/\/stazionebricolor.com\/\",\"name\":\"Stazione Bricolor\",\"description\":\"Colorare casa non \u00e8 mai stato cos\u00ec semplice\",\"publisher\":{\"@id\":\"https:\/\/stazionebricolor.com\/#organization\"},\"potentialAction\":[{\"@type\":\"SearchAction\",\"target\":{\"@type\":\"EntryPoint\",\"urlTemplate\":\"https:\/\/stazionebricolor.com\/?s={search_term_string}\"},\"query-input\":{\"@type\":\"PropertyValueSpecification\",\"valueRequired\":true,\"valueName\":\"search_term_string\"}}],\"inLanguage\":\"it-IT\"},{\"@type\":\"Organization\",\"@id\":\"https:\/\/stazionebricolor.com\/#organization\",\"name\":\"Stazione Bricolor\",\"url\":\"https:\/\/stazionebricolor.com\/\",\"logo\":{\"@type\":\"ImageObject\",\"inLanguage\":\"it-IT\",\"@id\":\"https:\/\/stazionebricolor.com\/#\/schema\/logo\/image\/\",\"url\":\"https:\/\/stazionebricolor.com\/wp-content\/uploads\/2024\/06\/cropped-stazionebricoloricona-1.png\",\"contentUrl\":\"https:\/\/stazionebricolor.com\/wp-content\/uploads\/2024\/06\/cropped-stazionebricoloricona-1.png\",\"width\":520,\"height\":292,\"caption\":\"Stazione Bricolor\"},\"image\":{\"@id\":\"https:\/\/stazionebricolor.com\/#\/schema\/logo\/image\/\"}}]}<\/script>\n<!-- \/ Yoast SEO plugin. -->","yoast_head_json":{"title":"BISATEN Opaco - Pittura antimuffa - Stazione Bricolor","description":"Pittura igienizzante, specifiche caratteristiche estetiche e protettive. perfetta per le superfici su cui si desidera ottenere una finitura setosa, unica","robots":{"index":"index","follow":"follow","max-snippet":"max-snippet:-1","max-image-preview":"max-image-preview:large","max-video-preview":"max-video-preview:-1"},"canonical":"https:\/\/stazionebricolor.com\/index.php\/prodotto\/bisaten-opaco-la-miglior-pittura-antimuffa-garanzia-gdm-colorificio-online\/","og_locale":"it_IT","og_type":"article","og_title":"BISATEN Opaco - Pittura antimuffa - Stazione Bricolor","og_description":"Pittura igienizzante, specifiche caratteristiche estetiche e protettive. perfetta per le superfici su cui si desidera ottenere una finitura setosa, unica","og_url":"https:\/\/stazionebricolor.com\/index.php\/prodotto\/bisaten-opaco-la-miglior-pittura-antimuffa-garanzia-gdm-colorificio-online\/","og_site_name":"Stazione Bricolor","article_modified_time":"2026-04-07T13:43:51+00:00","og_image":[{"width":1154,"height":1136,"url":"https:\/\/stazionebricolor.com\/wp-content\/uploads\/2025\/02\/busaten-opaco.png","type":"image\/png"}],"twitter_card":"summary_large_image","twitter_misc":{"Tempo di lettura stimato":"1 minuto"},"schema":{"@context":"https:\/\/schema.org","@graph":[{"@type":"WebPage","@id":"https:\/\/stazionebricolor.com\/index.php\/prodotto\/bisaten-opaco-la-miglior-pittura-antimuffa-garanzia-gdm-colorificio-online\/","url":"https:\/\/stazionebricolor.com\/index.php\/prodotto\/bisaten-opaco-la-miglior-pittura-antimuffa-garanzia-gdm-colorificio-online\/","name":"BISATEN Opaco - Pittura antimuffa - Stazione Bricolor","isPartOf":{"@id":"https:\/\/stazionebricolor.com\/#website"},"primaryImageOfPage":{"@id":"https:\/\/stazionebricolor.com\/index.php\/prodotto\/bisaten-opaco-la-miglior-pittura-antimuffa-garanzia-gdm-colorificio-online\/#primaryimage"},"image":{"@id":"https:\/\/stazionebricolor.com\/index.php\/prodotto\/bisaten-opaco-la-miglior-pittura-antimuffa-garanzia-gdm-colorificio-online\/#primaryimage"},"thumbnailUrl":"https:\/\/stazionebricolor.com\/wp-content\/uploads\/2025\/02\/busaten-opaco.png","datePublished":"2025-02-09T16:55:58+00:00","dateModified":"2026-04-07T13:43:51+00:00","description":"Pittura igienizzante, specifiche caratteristiche estetiche e protettive. perfetta per le superfici su cui si desidera ottenere una finitura setosa, unica","breadcrumb":{"@id":"https:\/\/stazionebricolor.com\/index.php\/prodotto\/bisaten-opaco-la-miglior-pittura-antimuffa-garanzia-gdm-colorificio-online\/#breadcrumb"},"inLanguage":"it-IT","potentialAction":[{"@type":"ReadAction","target":["https:\/\/stazionebricolor.com\/index.php\/prodotto\/bisaten-opaco-la-miglior-pittura-antimuffa-garanzia-gdm-colorificio-online\/"]}]},{"@type":"ImageObject","inLanguage":"it-IT","@id":"https:\/\/stazionebricolor.com\/index.php\/prodotto\/bisaten-opaco-la-miglior-pittura-antimuffa-garanzia-gdm-colorificio-online\/#primaryimage","url":"https:\/\/stazionebricolor.com\/wp-content\/uploads\/2025\/02\/busaten-opaco.png","contentUrl":"https:\/\/stazionebricolor.com\/wp-content\/uploads\/2025\/02\/busaten-opaco.png","width":1154,"height":1136},{"@type":"BreadcrumbList","@id":"https:\/\/stazionebricolor.com\/index.php\/prodotto\/bisaten-opaco-la-miglior-pittura-antimuffa-garanzia-gdm-colorificio-online\/#breadcrumb","itemListElement":[{"@type":"ListItem","position":1,"name":"Home","item":"https:\/\/stazionebricolor.com\/"},{"@type":"ListItem","position":2,"name":"Shop","item":"https:\/\/stazionebricolor.com\/"},{"@type":"ListItem","position":3,"name":"BISATEN Opaco &#8211; Pittura antimuffa"}]},{"@type":"WebSite","@id":"https:\/\/stazionebricolor.com\/#website","url":"https:\/\/stazionebricolor.com\/","name":"Stazione Bricolor","description":"Colorare casa non \u00e8 mai stato cos\u00ec semplice","publisher":{"@id":"https:\/\/stazionebricolor.com\/#organization"},"potentialAction":[{"@type":"SearchAction","target":{"@type":"EntryPoint","urlTemplate":"https:\/\/stazionebricolor.com\/?s={search_term_string}"},"query-input":{"@type":"PropertyValueSpecification","valueRequired":true,"valueName":"search_term_string"}}],"inLanguage":"it-IT"},{"@type":"Organization","@id":"https:\/\/stazionebricolor.com\/#organization","name":"Stazione Bricolor","url":"https:\/\/stazionebricolor.com\/","logo":{"@type":"ImageObject","inLanguage":"it-IT","@id":"https:\/\/stazionebricolor.com\/#\/schema\/logo\/image\/","url":"https:\/\/stazionebricolor.com\/wp-content\/uploads\/2024\/06\/cropped-stazionebricoloricona-1.png","contentUrl":"https:\/\/stazionebricolor.com\/wp-content\/uploads\/2024\/06\/cropped-stazionebricoloricona-1.png","width":520,"height":292,"caption":"Stazione Bricolor"},"image":{"@id":"https:\/\/stazionebricolor.com\/#\/schema\/logo\/image\/"}}]}},"_links":{"self":[{"href":"https:\/\/stazionebricolor.com\/index.php\/wp-json\/wp\/v2\/product\/4854","targetHints":{"allow":["GET"]}}],"collection":[{"href":"https:\/\/stazionebricolor.com\/index.php\/wp-json\/wp\/v2\/product"}],"about":[{"href":"https:\/\/stazionebricolor.com\/index.php\/wp-json\/wp\/v2\/types\/product"}],"replies":[{"embeddable":true,"href":"https:\/\/stazionebricolor.com\/index.php\/wp-json\/wp\/v2\/comments?post=4854"}],"wp:featuredmedia":[{"embeddable":true,"href":"https:\/\/stazionebricolor.com\/index.php\/wp-json\/wp\/v2\/media\/4855"}],"wp:attachment":[{"href":"https:\/\/stazionebricolor.com\/index.php\/wp-json\/wp\/v2\/media?parent=4854"}],"wp:term":[{"taxonomy":"product_brand","embeddable":true,"href":"https:\/\/stazionebricolor.com\/index.php\/wp-json\/wp\/v2\/product_brand?post=4854"},{"taxonomy":"product_cat","embeddable":true,"href":"https:\/\/stazionebricolor.com\/index.php\/wp-json\/wp\/v2\/product_cat?post=4854"},{"taxonomy":"product_tag","embeddable":true,"href":"https:\/\/stazionebricolor.com\/index.php\/wp-json\/wp\/v2\/product_tag?post=4854"}],"curies":[{"name":"wp","href":"https:\/\/api.w.org\/{rel}","templated":true}]}}