{"id":6057,"date":"2025-04-06T14:38:16","date_gmt":"2025-04-06T14:38:16","guid":{"rendered":"https:\/\/stazionebricolor.com\/?post_type=product&#038;p=6057"},"modified":"2026-03-20T14:09:33","modified_gmt":"2026-03-20T14:09:33","slug":"atriatermika-quarzo-termico-pittura-al-quarzo-termoisolante-per-esterni","status":"publish","type":"product","link":"https:\/\/stazionebricolor.com\/index.php\/prodotto\/atriatermika-quarzo-termico-pittura-al-quarzo-termoisolante-per-esterni\/","title":{"rendered":"ATRIATERMIKA QUARZO TERMICO &#8211; Pittura al quarzo termoisolante per esterni"},"content":{"rendered":"<p><span>Atriathermika Quarzo Thermiko \u00e8 un rivestimento al quarzo a base di polimeri acrilici modificati in emulsione acquosa,<\/span><br \/>\n<span>pigmenti coloranti selezionati e riempitivi a base di farine di quarzo finissime e termoceramiche. La formulazione calibrata<\/span><br \/>\n<span>conferisce al prodotto: effetto termoisolante, facilit\u00e0 di applicazione, lavorabilit\u00e0, potere coprente, elevata idrorepellenza<\/span><br \/>\n<span>e traspirabilit\u00e0, ottima resistenza alle intemperie, il prodotto essiccato si presenta duro, elastico, con un gradevole effetto<\/span><br \/>\n<span>estetico decorativo, buona resistenza colorimetrica anche su superfici esposte a radiazione solare.<\/span><\/p>\n<p><span>Ideale per: superfici in intonaco civile, intonaco fibrorinforzato, calcestruzzo, cemento prefabbricato, fibrocemento, su intonaci e<\/span><br \/>\n<span>rivestimenti minerali o plastici, su idropitture minerali o sintetiche<\/span><\/p>\n<div class=\"wpb_text_column wpb_content_element vc_custom_1606086609500\">\n<div class=\"wpb_wrapper\">\n<h4><strong>Formati\/ resa<\/strong><\/h4>\n<hr \/>\n<\/div>\n<\/div>\n<div class=\"wpb_text_column wpb_content_element \">\n<div class=\"wpb_wrapper\">\n<ul>\n<li>Formati: 13 lt<\/li>\n<li>Colori : bianco\u00a0 e colorabile nei colori chiari<\/li>\n<li>Resa: 7-9 mq\/L per mano.<\/li>\n<li>Diluizione:\u00a0 \u00a0max 15% con acqua<\/li>\n<li>Applicazione : rullo o pennello o spruzzo<\/li>\n<\/ul>\n<p><img loading=\"lazy\" decoding=\"async\" class=\"alignleft size-full wp-image-204\" src=\"https:\/\/stazionebricolor.com\/wp-content\/uploads\/2024\/06\/ICONA-SCHEDE-2-e1741942393100.png\" alt=\"antimuffa\" width=\"50\" height=\"43\" \/><a href=\"https:\/\/stazionebricolor.com\/wp-content\/uploads\/2025\/04\/Tecnica-Atriathermika-Quarzo-Thermiko.pdf\">Download Scheda Tecnica Atriathermika Quarzo Thermiko<\/a><\/p>\n<\/div>\n<\/div>\n","protected":false},"excerpt":{"rendered":"<p>Atriathermika Quarzo Thermiko \u00e8 un rivestimento al quarzo a base di polimeri acrilici modificati in emulsione acquosa, pigmenti coloranti selezionati e riempitivi a base di farine di quarzo finissime e termoceramiche. La formulazione calibrata conferisce al prodotto: effetto termoisolante, facilit\u00e0 di applicazione, lavorabilit\u00e0, potere coprente, elevata idrorepellenza e traspirabilit\u00e0, ottima resistenza alle intemperie, il prodotto [&hellip;]<\/p>\n","protected":false},"featured_media":6058,"comment_status":"open","ping_status":"closed","template":"","meta":{"om_disable_all_campaigns":false,"_monsterinsights_skip_tracking":false,"_monsterinsights_sitenote_active":false,"_monsterinsights_sitenote_note":"","_monsterinsights_sitenote_category":0,"_joinchat":[]},"product_brand":[3253,3435],"product_cat":[59,64],"product_tag":[863,325,1398],"class_list":{"0":"post-6057","1":"product","2":"type-product","3":"status-publish","4":"has-post-thumbnail","6":"product_brand-atria-colorificio","7":"product_brand-promo-limitata","8":"product_cat-quarzo-graffiato-spatolato-rivestimento-fibrato-granigliato","9":"product_cat-atriatermika-termoisolante-fibraface-ceramica-termoplastiche","10":"product_tag-esterno","11":"product_tag-quarzo","12":"product_tag-termoisolante","14":"first","15":"instock","16":"sale","17":"taxable","18":"shipping-taxable","19":"purchasable","20":"product-type-variable"},"yoast_head":"<!-- This site is optimized with the Yoast SEO plugin v26.5 - https:\/\/yoast.com\/wordpress\/plugins\/seo\/ -->\n<title>ATRIATERMIKA QUARZO TERMICO - Pittura termoisolante per esterni<\/title>\n<meta name=\"description\" content=\"La formulazione calibrata conferisce al prodotto: effetto termoisolante,facilit\u00e0 di applicazione,copertura, idrorepellenza,ottima resistenza alle intemperie\" \/>\n<meta name=\"robots\" content=\"index, follow, max-snippet:-1, max-image-preview:large, max-video-preview:-1\" \/>\n<link rel=\"canonical\" href=\"https:\/\/stazionebricolor.com\/index.php\/prodotto\/atriatermika-quarzo-termico-pittura-al-quarzo-termoisolante-per-esterni\/\" \/>\n<meta property=\"og:locale\" content=\"it_IT\" \/>\n<meta property=\"og:type\" content=\"article\" \/>\n<meta property=\"og:title\" content=\"ATRIATERMIKA QUARZO TERMICO - Pittura termoisolante per esterni\" \/>\n<meta property=\"og:description\" content=\"La formulazione calibrata conferisce al prodotto: effetto termoisolante,facilit\u00e0 di applicazione,copertura, idrorepellenza,ottima resistenza alle intemperie\" \/>\n<meta property=\"og:url\" content=\"https:\/\/stazionebricolor.com\/index.php\/prodotto\/atriatermika-quarzo-termico-pittura-al-quarzo-termoisolante-per-esterni\/\" \/>\n<meta property=\"og:site_name\" content=\"Stazione Bricolor\" \/>\n<meta property=\"article:modified_time\" content=\"2026-03-20T14:09:33+00:00\" \/>\n<meta property=\"og:image\" content=\"https:\/\/stazionebricolor.com\/wp-content\/uploads\/2025\/04\/quarzo-termico.png\" \/>\n\t<meta property=\"og:image:width\" content=\"738\" \/>\n\t<meta property=\"og:image:height\" content=\"727\" \/>\n\t<meta property=\"og:image:type\" content=\"image\/png\" \/>\n<meta name=\"twitter:card\" content=\"summary_large_image\" \/>\n<meta name=\"twitter:label1\" content=\"Tempo di lettura stimato\" \/>\n\t<meta name=\"twitter:data1\" content=\"2 minuti\" \/>\n<script type=\"application\/ld+json\" class=\"yoast-schema-graph\">{\"@context\":\"https:\/\/schema.org\",\"@graph\":[{\"@type\":\"WebPage\",\"@id\":\"https:\/\/stazionebricolor.com\/index.php\/prodotto\/atriatermika-quarzo-termico-pittura-al-quarzo-termoisolante-per-esterni\/\",\"url\":\"https:\/\/stazionebricolor.com\/index.php\/prodotto\/atriatermika-quarzo-termico-pittura-al-quarzo-termoisolante-per-esterni\/\",\"name\":\"ATRIATERMIKA QUARZO TERMICO - Pittura termoisolante per esterni\",\"isPartOf\":{\"@id\":\"https:\/\/stazionebricolor.com\/#website\"},\"primaryImageOfPage\":{\"@id\":\"https:\/\/stazionebricolor.com\/index.php\/prodotto\/atriatermika-quarzo-termico-pittura-al-quarzo-termoisolante-per-esterni\/#primaryimage\"},\"image\":{\"@id\":\"https:\/\/stazionebricolor.com\/index.php\/prodotto\/atriatermika-quarzo-termico-pittura-al-quarzo-termoisolante-per-esterni\/#primaryimage\"},\"thumbnailUrl\":\"https:\/\/stazionebricolor.com\/wp-content\/uploads\/2025\/04\/quarzo-termico.png\",\"datePublished\":\"2025-04-06T14:38:16+00:00\",\"dateModified\":\"2026-03-20T14:09:33+00:00\",\"description\":\"La formulazione calibrata conferisce al prodotto: effetto termoisolante,facilit\u00e0 di applicazione,copertura, idrorepellenza,ottima resistenza alle intemperie\",\"breadcrumb\":{\"@id\":\"https:\/\/stazionebricolor.com\/index.php\/prodotto\/atriatermika-quarzo-termico-pittura-al-quarzo-termoisolante-per-esterni\/#breadcrumb\"},\"inLanguage\":\"it-IT\",\"potentialAction\":[{\"@type\":\"ReadAction\",\"target\":[\"https:\/\/stazionebricolor.com\/index.php\/prodotto\/atriatermika-quarzo-termico-pittura-al-quarzo-termoisolante-per-esterni\/\"]}]},{\"@type\":\"ImageObject\",\"inLanguage\":\"it-IT\",\"@id\":\"https:\/\/stazionebricolor.com\/index.php\/prodotto\/atriatermika-quarzo-termico-pittura-al-quarzo-termoisolante-per-esterni\/#primaryimage\",\"url\":\"https:\/\/stazionebricolor.com\/wp-content\/uploads\/2025\/04\/quarzo-termico.png\",\"contentUrl\":\"https:\/\/stazionebricolor.com\/wp-content\/uploads\/2025\/04\/quarzo-termico.png\",\"width\":738,\"height\":727},{\"@type\":\"BreadcrumbList\",\"@id\":\"https:\/\/stazionebricolor.com\/index.php\/prodotto\/atriatermika-quarzo-termico-pittura-al-quarzo-termoisolante-per-esterni\/#breadcrumb\",\"itemListElement\":[{\"@type\":\"ListItem\",\"position\":1,\"name\":\"Home\",\"item\":\"https:\/\/stazionebricolor.com\/\"},{\"@type\":\"ListItem\",\"position\":2,\"name\":\"Shop\",\"item\":\"https:\/\/stazionebricolor.com\/\"},{\"@type\":\"ListItem\",\"position\":3,\"name\":\"ATRIATERMIKA QUARZO TERMICO &#8211; Pittura al quarzo termoisolante per esterni\"}]},{\"@type\":\"WebSite\",\"@id\":\"https:\/\/stazionebricolor.com\/#website\",\"url\":\"https:\/\/stazionebricolor.com\/\",\"name\":\"Stazione Bricolor\",\"description\":\"Colorare casa non \u00e8 mai stato cos\u00ec semplice\",\"publisher\":{\"@id\":\"https:\/\/stazionebricolor.com\/#organization\"},\"potentialAction\":[{\"@type\":\"SearchAction\",\"target\":{\"@type\":\"EntryPoint\",\"urlTemplate\":\"https:\/\/stazionebricolor.com\/?s={search_term_string}\"},\"query-input\":{\"@type\":\"PropertyValueSpecification\",\"valueRequired\":true,\"valueName\":\"search_term_string\"}}],\"inLanguage\":\"it-IT\"},{\"@type\":\"Organization\",\"@id\":\"https:\/\/stazionebricolor.com\/#organization\",\"name\":\"Stazione Bricolor\",\"url\":\"https:\/\/stazionebricolor.com\/\",\"logo\":{\"@type\":\"ImageObject\",\"inLanguage\":\"it-IT\",\"@id\":\"https:\/\/stazionebricolor.com\/#\/schema\/logo\/image\/\",\"url\":\"https:\/\/stazionebricolor.com\/wp-content\/uploads\/2024\/06\/cropped-stazionebricoloricona-1.png\",\"contentUrl\":\"https:\/\/stazionebricolor.com\/wp-content\/uploads\/2024\/06\/cropped-stazionebricoloricona-1.png\",\"width\":520,\"height\":292,\"caption\":\"Stazione Bricolor\"},\"image\":{\"@id\":\"https:\/\/stazionebricolor.com\/#\/schema\/logo\/image\/\"}}]}<\/script>\n<!-- \/ Yoast SEO plugin. -->","yoast_head_json":{"title":"ATRIATERMIKA QUARZO TERMICO - Pittura termoisolante per esterni","description":"La formulazione calibrata conferisce al prodotto: effetto termoisolante,facilit\u00e0 di applicazione,copertura, idrorepellenza,ottima resistenza alle intemperie","robots":{"index":"index","follow":"follow","max-snippet":"max-snippet:-1","max-image-preview":"max-image-preview:large","max-video-preview":"max-video-preview:-1"},"canonical":"https:\/\/stazionebricolor.com\/index.php\/prodotto\/atriatermika-quarzo-termico-pittura-al-quarzo-termoisolante-per-esterni\/","og_locale":"it_IT","og_type":"article","og_title":"ATRIATERMIKA QUARZO TERMICO - Pittura termoisolante per esterni","og_description":"La formulazione calibrata conferisce al prodotto: effetto termoisolante,facilit\u00e0 di applicazione,copertura, idrorepellenza,ottima resistenza alle intemperie","og_url":"https:\/\/stazionebricolor.com\/index.php\/prodotto\/atriatermika-quarzo-termico-pittura-al-quarzo-termoisolante-per-esterni\/","og_site_name":"Stazione Bricolor","article_modified_time":"2026-03-20T14:09:33+00:00","og_image":[{"width":738,"height":727,"url":"https:\/\/stazionebricolor.com\/wp-content\/uploads\/2025\/04\/quarzo-termico.png","type":"image\/png"}],"twitter_card":"summary_large_image","twitter_misc":{"Tempo di lettura stimato":"2 minuti"},"schema":{"@context":"https:\/\/schema.org","@graph":[{"@type":"WebPage","@id":"https:\/\/stazionebricolor.com\/index.php\/prodotto\/atriatermika-quarzo-termico-pittura-al-quarzo-termoisolante-per-esterni\/","url":"https:\/\/stazionebricolor.com\/index.php\/prodotto\/atriatermika-quarzo-termico-pittura-al-quarzo-termoisolante-per-esterni\/","name":"ATRIATERMIKA QUARZO TERMICO - Pittura termoisolante per esterni","isPartOf":{"@id":"https:\/\/stazionebricolor.com\/#website"},"primaryImageOfPage":{"@id":"https:\/\/stazionebricolor.com\/index.php\/prodotto\/atriatermika-quarzo-termico-pittura-al-quarzo-termoisolante-per-esterni\/#primaryimage"},"image":{"@id":"https:\/\/stazionebricolor.com\/index.php\/prodotto\/atriatermika-quarzo-termico-pittura-al-quarzo-termoisolante-per-esterni\/#primaryimage"},"thumbnailUrl":"https:\/\/stazionebricolor.com\/wp-content\/uploads\/2025\/04\/quarzo-termico.png","datePublished":"2025-04-06T14:38:16+00:00","dateModified":"2026-03-20T14:09:33+00:00","description":"La formulazione calibrata conferisce al prodotto: effetto termoisolante,facilit\u00e0 di applicazione,copertura, idrorepellenza,ottima resistenza alle intemperie","breadcrumb":{"@id":"https:\/\/stazionebricolor.com\/index.php\/prodotto\/atriatermika-quarzo-termico-pittura-al-quarzo-termoisolante-per-esterni\/#breadcrumb"},"inLanguage":"it-IT","potentialAction":[{"@type":"ReadAction","target":["https:\/\/stazionebricolor.com\/index.php\/prodotto\/atriatermika-quarzo-termico-pittura-al-quarzo-termoisolante-per-esterni\/"]}]},{"@type":"ImageObject","inLanguage":"it-IT","@id":"https:\/\/stazionebricolor.com\/index.php\/prodotto\/atriatermika-quarzo-termico-pittura-al-quarzo-termoisolante-per-esterni\/#primaryimage","url":"https:\/\/stazionebricolor.com\/wp-content\/uploads\/2025\/04\/quarzo-termico.png","contentUrl":"https:\/\/stazionebricolor.com\/wp-content\/uploads\/2025\/04\/quarzo-termico.png","width":738,"height":727},{"@type":"BreadcrumbList","@id":"https:\/\/stazionebricolor.com\/index.php\/prodotto\/atriatermika-quarzo-termico-pittura-al-quarzo-termoisolante-per-esterni\/#breadcrumb","itemListElement":[{"@type":"ListItem","position":1,"name":"Home","item":"https:\/\/stazionebricolor.com\/"},{"@type":"ListItem","position":2,"name":"Shop","item":"https:\/\/stazionebricolor.com\/"},{"@type":"ListItem","position":3,"name":"ATRIATERMIKA QUARZO TERMICO &#8211; Pittura al quarzo termoisolante per esterni"}]},{"@type":"WebSite","@id":"https:\/\/stazionebricolor.com\/#website","url":"https:\/\/stazionebricolor.com\/","name":"Stazione Bricolor","description":"Colorare casa non \u00e8 mai stato cos\u00ec semplice","publisher":{"@id":"https:\/\/stazionebricolor.com\/#organization"},"potentialAction":[{"@type":"SearchAction","target":{"@type":"EntryPoint","urlTemplate":"https:\/\/stazionebricolor.com\/?s={search_term_string}"},"query-input":{"@type":"PropertyValueSpecification","valueRequired":true,"valueName":"search_term_string"}}],"inLanguage":"it-IT"},{"@type":"Organization","@id":"https:\/\/stazionebricolor.com\/#organization","name":"Stazione Bricolor","url":"https:\/\/stazionebricolor.com\/","logo":{"@type":"ImageObject","inLanguage":"it-IT","@id":"https:\/\/stazionebricolor.com\/#\/schema\/logo\/image\/","url":"https:\/\/stazionebricolor.com\/wp-content\/uploads\/2024\/06\/cropped-stazionebricoloricona-1.png","contentUrl":"https:\/\/stazionebricolor.com\/wp-content\/uploads\/2024\/06\/cropped-stazionebricoloricona-1.png","width":520,"height":292,"caption":"Stazione Bricolor"},"image":{"@id":"https:\/\/stazionebricolor.com\/#\/schema\/logo\/image\/"}}]}},"_links":{"self":[{"href":"https:\/\/stazionebricolor.com\/index.php\/wp-json\/wp\/v2\/product\/6057","targetHints":{"allow":["GET"]}}],"collection":[{"href":"https:\/\/stazionebricolor.com\/index.php\/wp-json\/wp\/v2\/product"}],"about":[{"href":"https:\/\/stazionebricolor.com\/index.php\/wp-json\/wp\/v2\/types\/product"}],"replies":[{"embeddable":true,"href":"https:\/\/stazionebricolor.com\/index.php\/wp-json\/wp\/v2\/comments?post=6057"}],"wp:featuredmedia":[{"embeddable":true,"href":"https:\/\/stazionebricolor.com\/index.php\/wp-json\/wp\/v2\/media\/6058"}],"wp:attachment":[{"href":"https:\/\/stazionebricolor.com\/index.php\/wp-json\/wp\/v2\/media?parent=6057"}],"wp:term":[{"taxonomy":"product_brand","embeddable":true,"href":"https:\/\/stazionebricolor.com\/index.php\/wp-json\/wp\/v2\/product_brand?post=6057"},{"taxonomy":"product_cat","embeddable":true,"href":"https:\/\/stazionebricolor.com\/index.php\/wp-json\/wp\/v2\/product_cat?post=6057"},{"taxonomy":"product_tag","embeddable":true,"href":"https:\/\/stazionebricolor.com\/index.php\/wp-json\/wp\/v2\/product_tag?post=6057"}],"curies":[{"name":"wp","href":"https:\/\/api.w.org\/{rel}","templated":true}]}}