{"id":6110,"date":"2025-04-14T16:33:24","date_gmt":"2025-04-14T16:33:24","guid":{"rendered":"https:\/\/stazionebricolor.com\/?post_type=product&#038;p=6110"},"modified":"2025-04-14T16:34:09","modified_gmt":"2025-04-14T16:34:09","slug":"ricolora-colori-acrilici-metallizzati","status":"publish","type":"product","link":"https:\/\/stazionebricolor.com\/index.php\/prodotto\/ricolora-colori-acrilici-metallizzati\/","title":{"rendered":"RICOLORA &#8211; Colori acrilici metallizzati"},"content":{"rendered":"<p>Colori acrilici professionali realizzati da un\u2019eccellente qualit\u00e0 dei pigmenti\u00a0 metallici i quali permettono un\u2019ottima resistenza alla luce e durata del tono del colore nel tempo, oltre ad un\u2019eccezionale elasticit\u00e0 del film pittorico. Miscelabili e colorabili con pigmenti per ottenere svariate tonalit\u00e0 per consulenza dei colori non esitate a contattarci.<\/p>\n<p>Il legante \u00e8 una speciale e finissima emulsione acrilica, un prodotto di alta tecnologia, capace di formare, una volta asciutto, una pellicola estremamente forte,\u00a0 capace di comportarsi molto bene anche in opere destinate a rimanere all\u2019aperto, esposte agli agenti atmosferici.<\/p>\n<ul>\n<li>Formati\u00a0 \u00a0150 ml\u00a0 vasetto in vetro\u00a0 e 1 lt<\/li>\n<li>Colori disponibili Oro ,Perla, Argento<\/li>\n<\/ul>\n<p>&nbsp;<\/p>\n","protected":false},"excerpt":{"rendered":"<p>Colori acrilici professionali realizzati da un\u2019eccellente qualit\u00e0 dei pigmenti\u00a0 metallici i quali permettono un\u2019ottima resistenza alla luce e durata del tono del colore nel tempo, oltre ad un\u2019eccezionale elasticit\u00e0 del film pittorico. Miscelabili e colorabili con pigmenti per ottenere svariate tonalit\u00e0 per consulenza dei colori non esitate a contattarci. Il legante \u00e8 una speciale e [&hellip;]<\/p>\n","protected":false},"featured_media":6111,"comment_status":"open","ping_status":"closed","template":"","meta":{"om_disable_all_campaigns":false,"_monsterinsights_skip_tracking":false,"_monsterinsights_sitenote_active":false,"_monsterinsights_sitenote_note":"","_monsterinsights_sitenote_category":0,"_joinchat":[]},"product_brand":[],"product_cat":[85,36,28],"product_tag":[865,1565,1564,3331],"class_list":{"0":"post-6110","1":"product","2":"type-product","3":"status-publish","4":"has-post-thumbnail","6":"product_cat-novacolor-ucic-valpaint-atypic-calce-colorificio-online-italia","7":"product_cat-coloranti-ossido-glicoli-polvere-terre-fluidi","8":"product_cat-la-miglior-pittura-muri-pareti-soffitti-dipingere-colorato","9":"product_tag-acrilico","10":"product_tag-argento","11":"product_tag-oro","12":"product_tag-perla","14":"first","15":"instock","16":"taxable","17":"shipping-taxable","18":"purchasable","19":"product-type-variable"},"yoast_head":"<!-- This site is optimized with the Yoast SEO plugin v26.5 - https:\/\/yoast.com\/wordpress\/plugins\/seo\/ -->\n<title>RICOLORA - Colori acrilici metallizzati - Colorificio online puglia<\/title>\n<meta name=\"description\" content=\"Colori acrilici professionali realizzati da un\u2019eccellente qualit\u00e0 dei pigmenti\u00a0 metallici i quali permettono un\u2019ottima resistenza alla luce e durata del tono\" \/>\n<meta name=\"robots\" content=\"index, follow, max-snippet:-1, max-image-preview:large, max-video-preview:-1\" \/>\n<link rel=\"canonical\" href=\"https:\/\/stazionebricolor.com\/index.php\/prodotto\/ricolora-colori-acrilici-metallizzati\/\" \/>\n<meta property=\"og:locale\" content=\"it_IT\" \/>\n<meta property=\"og:type\" content=\"article\" \/>\n<meta property=\"og:title\" content=\"RICOLORA - Colori acrilici metallizzati - Colorificio online puglia\" \/>\n<meta property=\"og:description\" content=\"Colori acrilici professionali realizzati da un\u2019eccellente qualit\u00e0 dei pigmenti\u00a0 metallici i quali permettono un\u2019ottima resistenza alla luce e durata del tono\" \/>\n<meta property=\"og:url\" content=\"https:\/\/stazionebricolor.com\/index.php\/prodotto\/ricolora-colori-acrilici-metallizzati\/\" \/>\n<meta property=\"og:site_name\" content=\"Stazione Bricolor\" \/>\n<meta property=\"article:modified_time\" content=\"2025-04-14T16:34:09+00:00\" \/>\n<meta property=\"og:image\" content=\"https:\/\/stazionebricolor.com\/wp-content\/uploads\/2025\/04\/ricolora.png\" \/>\n\t<meta property=\"og:image:width\" content=\"738\" \/>\n\t<meta property=\"og:image:height\" content=\"730\" \/>\n\t<meta property=\"og:image:type\" content=\"image\/png\" \/>\n<meta name=\"twitter:card\" content=\"summary_large_image\" \/>\n<meta name=\"twitter:label1\" content=\"Tempo di lettura stimato\" \/>\n\t<meta name=\"twitter:data1\" content=\"1 minuto\" \/>\n<script type=\"application\/ld+json\" class=\"yoast-schema-graph\">{\"@context\":\"https:\/\/schema.org\",\"@graph\":[{\"@type\":\"WebPage\",\"@id\":\"https:\/\/stazionebricolor.com\/index.php\/prodotto\/ricolora-colori-acrilici-metallizzati\/\",\"url\":\"https:\/\/stazionebricolor.com\/index.php\/prodotto\/ricolora-colori-acrilici-metallizzati\/\",\"name\":\"RICOLORA - Colori acrilici metallizzati - Colorificio online puglia\",\"isPartOf\":{\"@id\":\"https:\/\/stazionebricolor.com\/#website\"},\"primaryImageOfPage\":{\"@id\":\"https:\/\/stazionebricolor.com\/index.php\/prodotto\/ricolora-colori-acrilici-metallizzati\/#primaryimage\"},\"image\":{\"@id\":\"https:\/\/stazionebricolor.com\/index.php\/prodotto\/ricolora-colori-acrilici-metallizzati\/#primaryimage\"},\"thumbnailUrl\":\"https:\/\/stazionebricolor.com\/wp-content\/uploads\/2025\/04\/ricolora.png\",\"datePublished\":\"2025-04-14T16:33:24+00:00\",\"dateModified\":\"2025-04-14T16:34:09+00:00\",\"description\":\"Colori acrilici professionali realizzati da un\u2019eccellente qualit\u00e0 dei pigmenti\u00a0 metallici i quali permettono un\u2019ottima resistenza alla luce e durata del tono\",\"breadcrumb\":{\"@id\":\"https:\/\/stazionebricolor.com\/index.php\/prodotto\/ricolora-colori-acrilici-metallizzati\/#breadcrumb\"},\"inLanguage\":\"it-IT\",\"potentialAction\":[{\"@type\":\"ReadAction\",\"target\":[\"https:\/\/stazionebricolor.com\/index.php\/prodotto\/ricolora-colori-acrilici-metallizzati\/\"]}]},{\"@type\":\"ImageObject\",\"inLanguage\":\"it-IT\",\"@id\":\"https:\/\/stazionebricolor.com\/index.php\/prodotto\/ricolora-colori-acrilici-metallizzati\/#primaryimage\",\"url\":\"https:\/\/stazionebricolor.com\/wp-content\/uploads\/2025\/04\/ricolora.png\",\"contentUrl\":\"https:\/\/stazionebricolor.com\/wp-content\/uploads\/2025\/04\/ricolora.png\",\"width\":738,\"height\":730},{\"@type\":\"BreadcrumbList\",\"@id\":\"https:\/\/stazionebricolor.com\/index.php\/prodotto\/ricolora-colori-acrilici-metallizzati\/#breadcrumb\",\"itemListElement\":[{\"@type\":\"ListItem\",\"position\":1,\"name\":\"Home\",\"item\":\"https:\/\/stazionebricolor.com\/\"},{\"@type\":\"ListItem\",\"position\":2,\"name\":\"Shop\",\"item\":\"https:\/\/stazionebricolor.com\/\"},{\"@type\":\"ListItem\",\"position\":3,\"name\":\"RICOLORA &#8211; Colori acrilici metallizzati\"}]},{\"@type\":\"WebSite\",\"@id\":\"https:\/\/stazionebricolor.com\/#website\",\"url\":\"https:\/\/stazionebricolor.com\/\",\"name\":\"Stazione Bricolor\",\"description\":\"Colorare casa non \u00e8 mai stato cos\u00ec semplice\",\"publisher\":{\"@id\":\"https:\/\/stazionebricolor.com\/#organization\"},\"potentialAction\":[{\"@type\":\"SearchAction\",\"target\":{\"@type\":\"EntryPoint\",\"urlTemplate\":\"https:\/\/stazionebricolor.com\/?s={search_term_string}\"},\"query-input\":{\"@type\":\"PropertyValueSpecification\",\"valueRequired\":true,\"valueName\":\"search_term_string\"}}],\"inLanguage\":\"it-IT\"},{\"@type\":\"Organization\",\"@id\":\"https:\/\/stazionebricolor.com\/#organization\",\"name\":\"Stazione Bricolor\",\"url\":\"https:\/\/stazionebricolor.com\/\",\"logo\":{\"@type\":\"ImageObject\",\"inLanguage\":\"it-IT\",\"@id\":\"https:\/\/stazionebricolor.com\/#\/schema\/logo\/image\/\",\"url\":\"https:\/\/stazionebricolor.com\/wp-content\/uploads\/2024\/06\/cropped-stazionebricoloricona-1.png\",\"contentUrl\":\"https:\/\/stazionebricolor.com\/wp-content\/uploads\/2024\/06\/cropped-stazionebricoloricona-1.png\",\"width\":520,\"height\":292,\"caption\":\"Stazione Bricolor\"},\"image\":{\"@id\":\"https:\/\/stazionebricolor.com\/#\/schema\/logo\/image\/\"}}]}<\/script>\n<!-- \/ Yoast SEO plugin. -->","yoast_head_json":{"title":"RICOLORA - Colori acrilici metallizzati - Colorificio online puglia","description":"Colori acrilici professionali realizzati da un\u2019eccellente qualit\u00e0 dei pigmenti\u00a0 metallici i quali permettono un\u2019ottima resistenza alla luce e durata del tono","robots":{"index":"index","follow":"follow","max-snippet":"max-snippet:-1","max-image-preview":"max-image-preview:large","max-video-preview":"max-video-preview:-1"},"canonical":"https:\/\/stazionebricolor.com\/index.php\/prodotto\/ricolora-colori-acrilici-metallizzati\/","og_locale":"it_IT","og_type":"article","og_title":"RICOLORA - Colori acrilici metallizzati - Colorificio online puglia","og_description":"Colori acrilici professionali realizzati da un\u2019eccellente qualit\u00e0 dei pigmenti\u00a0 metallici i quali permettono un\u2019ottima resistenza alla luce e durata del tono","og_url":"https:\/\/stazionebricolor.com\/index.php\/prodotto\/ricolora-colori-acrilici-metallizzati\/","og_site_name":"Stazione Bricolor","article_modified_time":"2025-04-14T16:34:09+00:00","og_image":[{"width":738,"height":730,"url":"https:\/\/stazionebricolor.com\/wp-content\/uploads\/2025\/04\/ricolora.png","type":"image\/png"}],"twitter_card":"summary_large_image","twitter_misc":{"Tempo di lettura stimato":"1 minuto"},"schema":{"@context":"https:\/\/schema.org","@graph":[{"@type":"WebPage","@id":"https:\/\/stazionebricolor.com\/index.php\/prodotto\/ricolora-colori-acrilici-metallizzati\/","url":"https:\/\/stazionebricolor.com\/index.php\/prodotto\/ricolora-colori-acrilici-metallizzati\/","name":"RICOLORA - Colori acrilici metallizzati - Colorificio online puglia","isPartOf":{"@id":"https:\/\/stazionebricolor.com\/#website"},"primaryImageOfPage":{"@id":"https:\/\/stazionebricolor.com\/index.php\/prodotto\/ricolora-colori-acrilici-metallizzati\/#primaryimage"},"image":{"@id":"https:\/\/stazionebricolor.com\/index.php\/prodotto\/ricolora-colori-acrilici-metallizzati\/#primaryimage"},"thumbnailUrl":"https:\/\/stazionebricolor.com\/wp-content\/uploads\/2025\/04\/ricolora.png","datePublished":"2025-04-14T16:33:24+00:00","dateModified":"2025-04-14T16:34:09+00:00","description":"Colori acrilici professionali realizzati da un\u2019eccellente qualit\u00e0 dei pigmenti\u00a0 metallici i quali permettono un\u2019ottima resistenza alla luce e durata del tono","breadcrumb":{"@id":"https:\/\/stazionebricolor.com\/index.php\/prodotto\/ricolora-colori-acrilici-metallizzati\/#breadcrumb"},"inLanguage":"it-IT","potentialAction":[{"@type":"ReadAction","target":["https:\/\/stazionebricolor.com\/index.php\/prodotto\/ricolora-colori-acrilici-metallizzati\/"]}]},{"@type":"ImageObject","inLanguage":"it-IT","@id":"https:\/\/stazionebricolor.com\/index.php\/prodotto\/ricolora-colori-acrilici-metallizzati\/#primaryimage","url":"https:\/\/stazionebricolor.com\/wp-content\/uploads\/2025\/04\/ricolora.png","contentUrl":"https:\/\/stazionebricolor.com\/wp-content\/uploads\/2025\/04\/ricolora.png","width":738,"height":730},{"@type":"BreadcrumbList","@id":"https:\/\/stazionebricolor.com\/index.php\/prodotto\/ricolora-colori-acrilici-metallizzati\/#breadcrumb","itemListElement":[{"@type":"ListItem","position":1,"name":"Home","item":"https:\/\/stazionebricolor.com\/"},{"@type":"ListItem","position":2,"name":"Shop","item":"https:\/\/stazionebricolor.com\/"},{"@type":"ListItem","position":3,"name":"RICOLORA &#8211; Colori acrilici metallizzati"}]},{"@type":"WebSite","@id":"https:\/\/stazionebricolor.com\/#website","url":"https:\/\/stazionebricolor.com\/","name":"Stazione Bricolor","description":"Colorare casa non \u00e8 mai stato cos\u00ec semplice","publisher":{"@id":"https:\/\/stazionebricolor.com\/#organization"},"potentialAction":[{"@type":"SearchAction","target":{"@type":"EntryPoint","urlTemplate":"https:\/\/stazionebricolor.com\/?s={search_term_string}"},"query-input":{"@type":"PropertyValueSpecification","valueRequired":true,"valueName":"search_term_string"}}],"inLanguage":"it-IT"},{"@type":"Organization","@id":"https:\/\/stazionebricolor.com\/#organization","name":"Stazione Bricolor","url":"https:\/\/stazionebricolor.com\/","logo":{"@type":"ImageObject","inLanguage":"it-IT","@id":"https:\/\/stazionebricolor.com\/#\/schema\/logo\/image\/","url":"https:\/\/stazionebricolor.com\/wp-content\/uploads\/2024\/06\/cropped-stazionebricoloricona-1.png","contentUrl":"https:\/\/stazionebricolor.com\/wp-content\/uploads\/2024\/06\/cropped-stazionebricoloricona-1.png","width":520,"height":292,"caption":"Stazione Bricolor"},"image":{"@id":"https:\/\/stazionebricolor.com\/#\/schema\/logo\/image\/"}}]}},"_links":{"self":[{"href":"https:\/\/stazionebricolor.com\/index.php\/wp-json\/wp\/v2\/product\/6110","targetHints":{"allow":["GET"]}}],"collection":[{"href":"https:\/\/stazionebricolor.com\/index.php\/wp-json\/wp\/v2\/product"}],"about":[{"href":"https:\/\/stazionebricolor.com\/index.php\/wp-json\/wp\/v2\/types\/product"}],"replies":[{"embeddable":true,"href":"https:\/\/stazionebricolor.com\/index.php\/wp-json\/wp\/v2\/comments?post=6110"}],"wp:featuredmedia":[{"embeddable":true,"href":"https:\/\/stazionebricolor.com\/index.php\/wp-json\/wp\/v2\/media\/6111"}],"wp:attachment":[{"href":"https:\/\/stazionebricolor.com\/index.php\/wp-json\/wp\/v2\/media?parent=6110"}],"wp:term":[{"taxonomy":"product_brand","embeddable":true,"href":"https:\/\/stazionebricolor.com\/index.php\/wp-json\/wp\/v2\/product_brand?post=6110"},{"taxonomy":"product_cat","embeddable":true,"href":"https:\/\/stazionebricolor.com\/index.php\/wp-json\/wp\/v2\/product_cat?post=6110"},{"taxonomy":"product_tag","embeddable":true,"href":"https:\/\/stazionebricolor.com\/index.php\/wp-json\/wp\/v2\/product_tag?post=6110"}],"curies":[{"name":"wp","href":"https:\/\/api.w.org\/{rel}","templated":true}]}}