{"id":6583,"date":"2025-06-07T07:04:46","date_gmt":"2025-06-07T07:04:46","guid":{"rendered":"https:\/\/stazionebricolor.com\/?post_type=product&#038;p=6583"},"modified":"2025-06-07T07:09:54","modified_gmt":"2025-06-07T07:09:54","slug":"caselio-collezioni-carte-da-parati","status":"publish","type":"product","link":"https:\/\/stazionebricolor.com\/index.php\/prodotto\/caselio-collezioni-carte-da-parati\/","title":{"rendered":"CASELIO \u2013 Collezioni carte da parati"},"content":{"rendered":"<p>CASELIO \u00e8 un editore francese di carte da parati di tendenza e le sue creazioni sono accessibili a tutti.<br \/>\nCREATIVIT\u00c0, SPONTANEIT\u00c0 e COLORAZIONE definiscono le collezioni del marchio<\/p>\n<p><a href=\"https:\/\/www.caselio.com\/en\/collections\"><img loading=\"lazy\" decoding=\"async\" class=\"alignleft wp-image-6571 size-medium\" src=\"https:\/\/stazionebricolor.com\/wp-content\/uploads\/2025\/05\/BALDINI-8-300x57.png\" alt=\"\" width=\"300\" height=\"57\" srcset=\"https:\/\/stazionebricolor.com\/wp-content\/uploads\/2025\/05\/BALDINI-8-300x57.png 300w, https:\/\/stazionebricolor.com\/wp-content\/uploads\/2025\/05\/BALDINI-8-416x80.png 416w, https:\/\/stazionebricolor.com\/wp-content\/uploads\/2025\/05\/BALDINI-8.png 454w\" sizes=\"auto, (max-width: 300px) 100vw, 300px\" \/><\/a><\/p>\n<p>&nbsp;<\/p>\n<p>&nbsp;<\/p>\n<ul>\n<li><strong>Contattaci per un preventivo<\/strong><\/li>\n<\/ul>\n","protected":false},"excerpt":{"rendered":"<p>CASELIO \u00e8 un editore francese di carte da parati di tendenza e le sue creazioni sono accessibili a tutti. CREATIVIT\u00c0, SPONTANEIT\u00c0 e COLORAZIONE definiscono le collezioni del marchio &nbsp; &nbsp; Contattaci per un preventivo<\/p>\n","protected":false},"featured_media":6584,"comment_status":"open","ping_status":"closed","template":"","meta":{"om_disable_all_campaigns":false,"_monsterinsights_skip_tracking":false,"_monsterinsights_sitenote_active":false,"_monsterinsights_sitenote_note":"","_monsterinsights_sitenote_category":0,"_joinchat":[]},"product_brand":[],"product_cat":[89,31,90],"product_tag":[1459,3430,1423,3420],"class_list":{"0":"post-6583","1":"product","2":"type-product","3":"status-publish","4":"has-post-thumbnail","6":"product_cat-stampe-digitali-fotomurali-tnt-vinilico-contract","7":"product_cat-boiserie-pannelli-bovelacci-oracdecor-rivestimenti","8":"product_cat-carta-da-parati-resinabile-tnt-vinilico-fibra-di-vetro-bagni-isolanti","9":"product_tag-carta-da-parati","10":"product_tag-caselio","11":"product_tag-decorazione","12":"product_tag-stampe-digitali","14":"first","15":"instock","16":"taxable","17":"shipping-taxable","18":"product-type-simple"},"yoast_head":"<!-- This site is optimized with the Yoast SEO plugin v26.5 - https:\/\/yoast.com\/wordpress\/plugins\/seo\/ -->\n<title>CASELIO \u2013 Collezioni carte da parati - Stazione Bricolor<\/title>\n<meta name=\"description\" content=\"CASELIO \u00e8 un editore francese di carte da parati di tendenza e le sue creazioni sono accessibili a tutti. CREATIVIT\u00c0, SPONTANEIT\u00c0 e COLORAZIONE definiscono le collezioni del marchio\" \/>\n<meta name=\"robots\" content=\"index, follow, max-snippet:-1, max-image-preview:large, max-video-preview:-1\" \/>\n<link rel=\"canonical\" href=\"https:\/\/stazionebricolor.com\/index.php\/prodotto\/caselio-collezioni-carte-da-parati\/\" \/>\n<meta property=\"og:locale\" content=\"it_IT\" \/>\n<meta property=\"og:type\" content=\"article\" \/>\n<meta property=\"og:title\" content=\"CASELIO \u2013 Collezioni carte da parati - Stazione Bricolor\" \/>\n<meta property=\"og:description\" content=\"CASELIO \u00e8 un editore francese di carte da parati di tendenza e le sue creazioni sono accessibili a tutti. CREATIVIT\u00c0, SPONTANEIT\u00c0 e COLORAZIONE definiscono le collezioni del marchio\" \/>\n<meta property=\"og:url\" content=\"https:\/\/stazionebricolor.com\/index.php\/prodotto\/caselio-collezioni-carte-da-parati\/\" \/>\n<meta property=\"og:site_name\" content=\"Stazione Bricolor\" \/>\n<meta property=\"article:modified_time\" content=\"2025-06-07T07:09:54+00:00\" \/>\n<meta property=\"og:image\" content=\"https:\/\/stazionebricolor.com\/wp-content\/uploads\/2025\/06\/logo.png\" \/>\n\t<meta property=\"og:image:width\" content=\"720\" \/>\n\t<meta property=\"og:image:height\" content=\"720\" \/>\n\t<meta property=\"og:image:type\" content=\"image\/png\" \/>\n<meta name=\"twitter:card\" content=\"summary_large_image\" \/>\n<meta name=\"twitter:label1\" content=\"Tempo di lettura stimato\" \/>\n\t<meta name=\"twitter:data1\" content=\"1 minuto\" \/>\n<script type=\"application\/ld+json\" class=\"yoast-schema-graph\">{\"@context\":\"https:\/\/schema.org\",\"@graph\":[{\"@type\":\"WebPage\",\"@id\":\"https:\/\/stazionebricolor.com\/index.php\/prodotto\/caselio-collezioni-carte-da-parati\/\",\"url\":\"https:\/\/stazionebricolor.com\/index.php\/prodotto\/caselio-collezioni-carte-da-parati\/\",\"name\":\"CASELIO \u2013 Collezioni carte da parati - Stazione Bricolor\",\"isPartOf\":{\"@id\":\"https:\/\/stazionebricolor.com\/#website\"},\"primaryImageOfPage\":{\"@id\":\"https:\/\/stazionebricolor.com\/index.php\/prodotto\/caselio-collezioni-carte-da-parati\/#primaryimage\"},\"image\":{\"@id\":\"https:\/\/stazionebricolor.com\/index.php\/prodotto\/caselio-collezioni-carte-da-parati\/#primaryimage\"},\"thumbnailUrl\":\"https:\/\/stazionebricolor.com\/wp-content\/uploads\/2025\/06\/logo.png\",\"datePublished\":\"2025-06-07T07:04:46+00:00\",\"dateModified\":\"2025-06-07T07:09:54+00:00\",\"description\":\"CASELIO \u00e8 un editore francese di carte da parati di tendenza e le sue creazioni sono accessibili a tutti. CREATIVIT\u00c0, SPONTANEIT\u00c0 e COLORAZIONE definiscono le collezioni del marchio\",\"breadcrumb\":{\"@id\":\"https:\/\/stazionebricolor.com\/index.php\/prodotto\/caselio-collezioni-carte-da-parati\/#breadcrumb\"},\"inLanguage\":\"it-IT\",\"potentialAction\":[{\"@type\":\"ReadAction\",\"target\":[\"https:\/\/stazionebricolor.com\/index.php\/prodotto\/caselio-collezioni-carte-da-parati\/\"]}]},{\"@type\":\"ImageObject\",\"inLanguage\":\"it-IT\",\"@id\":\"https:\/\/stazionebricolor.com\/index.php\/prodotto\/caselio-collezioni-carte-da-parati\/#primaryimage\",\"url\":\"https:\/\/stazionebricolor.com\/wp-content\/uploads\/2025\/06\/logo.png\",\"contentUrl\":\"https:\/\/stazionebricolor.com\/wp-content\/uploads\/2025\/06\/logo.png\",\"width\":720,\"height\":720},{\"@type\":\"BreadcrumbList\",\"@id\":\"https:\/\/stazionebricolor.com\/index.php\/prodotto\/caselio-collezioni-carte-da-parati\/#breadcrumb\",\"itemListElement\":[{\"@type\":\"ListItem\",\"position\":1,\"name\":\"Home\",\"item\":\"https:\/\/stazionebricolor.com\/\"},{\"@type\":\"ListItem\",\"position\":2,\"name\":\"Shop\",\"item\":\"https:\/\/stazionebricolor.com\/\"},{\"@type\":\"ListItem\",\"position\":3,\"name\":\"CASELIO \u2013 Collezioni carte da parati\"}]},{\"@type\":\"WebSite\",\"@id\":\"https:\/\/stazionebricolor.com\/#website\",\"url\":\"https:\/\/stazionebricolor.com\/\",\"name\":\"Stazione Bricolor\",\"description\":\"Colorare casa non \u00e8 mai stato cos\u00ec semplice\",\"publisher\":{\"@id\":\"https:\/\/stazionebricolor.com\/#organization\"},\"potentialAction\":[{\"@type\":\"SearchAction\",\"target\":{\"@type\":\"EntryPoint\",\"urlTemplate\":\"https:\/\/stazionebricolor.com\/?s={search_term_string}\"},\"query-input\":{\"@type\":\"PropertyValueSpecification\",\"valueRequired\":true,\"valueName\":\"search_term_string\"}}],\"inLanguage\":\"it-IT\"},{\"@type\":\"Organization\",\"@id\":\"https:\/\/stazionebricolor.com\/#organization\",\"name\":\"Stazione Bricolor\",\"url\":\"https:\/\/stazionebricolor.com\/\",\"logo\":{\"@type\":\"ImageObject\",\"inLanguage\":\"it-IT\",\"@id\":\"https:\/\/stazionebricolor.com\/#\/schema\/logo\/image\/\",\"url\":\"https:\/\/stazionebricolor.com\/wp-content\/uploads\/2024\/06\/cropped-stazionebricoloricona-1.png\",\"contentUrl\":\"https:\/\/stazionebricolor.com\/wp-content\/uploads\/2024\/06\/cropped-stazionebricoloricona-1.png\",\"width\":520,\"height\":292,\"caption\":\"Stazione Bricolor\"},\"image\":{\"@id\":\"https:\/\/stazionebricolor.com\/#\/schema\/logo\/image\/\"}}]}<\/script>\n<!-- \/ Yoast SEO plugin. -->","yoast_head_json":{"title":"CASELIO \u2013 Collezioni carte da parati - Stazione Bricolor","description":"CASELIO \u00e8 un editore francese di carte da parati di tendenza e le sue creazioni sono accessibili a tutti. CREATIVIT\u00c0, SPONTANEIT\u00c0 e COLORAZIONE definiscono le collezioni del marchio","robots":{"index":"index","follow":"follow","max-snippet":"max-snippet:-1","max-image-preview":"max-image-preview:large","max-video-preview":"max-video-preview:-1"},"canonical":"https:\/\/stazionebricolor.com\/index.php\/prodotto\/caselio-collezioni-carte-da-parati\/","og_locale":"it_IT","og_type":"article","og_title":"CASELIO \u2013 Collezioni carte da parati - Stazione Bricolor","og_description":"CASELIO \u00e8 un editore francese di carte da parati di tendenza e le sue creazioni sono accessibili a tutti. CREATIVIT\u00c0, SPONTANEIT\u00c0 e COLORAZIONE definiscono le collezioni del marchio","og_url":"https:\/\/stazionebricolor.com\/index.php\/prodotto\/caselio-collezioni-carte-da-parati\/","og_site_name":"Stazione Bricolor","article_modified_time":"2025-06-07T07:09:54+00:00","og_image":[{"width":720,"height":720,"url":"https:\/\/stazionebricolor.com\/wp-content\/uploads\/2025\/06\/logo.png","type":"image\/png"}],"twitter_card":"summary_large_image","twitter_misc":{"Tempo di lettura stimato":"1 minuto"},"schema":{"@context":"https:\/\/schema.org","@graph":[{"@type":"WebPage","@id":"https:\/\/stazionebricolor.com\/index.php\/prodotto\/caselio-collezioni-carte-da-parati\/","url":"https:\/\/stazionebricolor.com\/index.php\/prodotto\/caselio-collezioni-carte-da-parati\/","name":"CASELIO \u2013 Collezioni carte da parati - Stazione Bricolor","isPartOf":{"@id":"https:\/\/stazionebricolor.com\/#website"},"primaryImageOfPage":{"@id":"https:\/\/stazionebricolor.com\/index.php\/prodotto\/caselio-collezioni-carte-da-parati\/#primaryimage"},"image":{"@id":"https:\/\/stazionebricolor.com\/index.php\/prodotto\/caselio-collezioni-carte-da-parati\/#primaryimage"},"thumbnailUrl":"https:\/\/stazionebricolor.com\/wp-content\/uploads\/2025\/06\/logo.png","datePublished":"2025-06-07T07:04:46+00:00","dateModified":"2025-06-07T07:09:54+00:00","description":"CASELIO \u00e8 un editore francese di carte da parati di tendenza e le sue creazioni sono accessibili a tutti. CREATIVIT\u00c0, SPONTANEIT\u00c0 e COLORAZIONE definiscono le collezioni del marchio","breadcrumb":{"@id":"https:\/\/stazionebricolor.com\/index.php\/prodotto\/caselio-collezioni-carte-da-parati\/#breadcrumb"},"inLanguage":"it-IT","potentialAction":[{"@type":"ReadAction","target":["https:\/\/stazionebricolor.com\/index.php\/prodotto\/caselio-collezioni-carte-da-parati\/"]}]},{"@type":"ImageObject","inLanguage":"it-IT","@id":"https:\/\/stazionebricolor.com\/index.php\/prodotto\/caselio-collezioni-carte-da-parati\/#primaryimage","url":"https:\/\/stazionebricolor.com\/wp-content\/uploads\/2025\/06\/logo.png","contentUrl":"https:\/\/stazionebricolor.com\/wp-content\/uploads\/2025\/06\/logo.png","width":720,"height":720},{"@type":"BreadcrumbList","@id":"https:\/\/stazionebricolor.com\/index.php\/prodotto\/caselio-collezioni-carte-da-parati\/#breadcrumb","itemListElement":[{"@type":"ListItem","position":1,"name":"Home","item":"https:\/\/stazionebricolor.com\/"},{"@type":"ListItem","position":2,"name":"Shop","item":"https:\/\/stazionebricolor.com\/"},{"@type":"ListItem","position":3,"name":"CASELIO \u2013 Collezioni carte da parati"}]},{"@type":"WebSite","@id":"https:\/\/stazionebricolor.com\/#website","url":"https:\/\/stazionebricolor.com\/","name":"Stazione Bricolor","description":"Colorare casa non \u00e8 mai stato cos\u00ec semplice","publisher":{"@id":"https:\/\/stazionebricolor.com\/#organization"},"potentialAction":[{"@type":"SearchAction","target":{"@type":"EntryPoint","urlTemplate":"https:\/\/stazionebricolor.com\/?s={search_term_string}"},"query-input":{"@type":"PropertyValueSpecification","valueRequired":true,"valueName":"search_term_string"}}],"inLanguage":"it-IT"},{"@type":"Organization","@id":"https:\/\/stazionebricolor.com\/#organization","name":"Stazione Bricolor","url":"https:\/\/stazionebricolor.com\/","logo":{"@type":"ImageObject","inLanguage":"it-IT","@id":"https:\/\/stazionebricolor.com\/#\/schema\/logo\/image\/","url":"https:\/\/stazionebricolor.com\/wp-content\/uploads\/2024\/06\/cropped-stazionebricoloricona-1.png","contentUrl":"https:\/\/stazionebricolor.com\/wp-content\/uploads\/2024\/06\/cropped-stazionebricoloricona-1.png","width":520,"height":292,"caption":"Stazione Bricolor"},"image":{"@id":"https:\/\/stazionebricolor.com\/#\/schema\/logo\/image\/"}}]}},"_links":{"self":[{"href":"https:\/\/stazionebricolor.com\/index.php\/wp-json\/wp\/v2\/product\/6583","targetHints":{"allow":["GET"]}}],"collection":[{"href":"https:\/\/stazionebricolor.com\/index.php\/wp-json\/wp\/v2\/product"}],"about":[{"href":"https:\/\/stazionebricolor.com\/index.php\/wp-json\/wp\/v2\/types\/product"}],"replies":[{"embeddable":true,"href":"https:\/\/stazionebricolor.com\/index.php\/wp-json\/wp\/v2\/comments?post=6583"}],"wp:featuredmedia":[{"embeddable":true,"href":"https:\/\/stazionebricolor.com\/index.php\/wp-json\/wp\/v2\/media\/6584"}],"wp:attachment":[{"href":"https:\/\/stazionebricolor.com\/index.php\/wp-json\/wp\/v2\/media?parent=6583"}],"wp:term":[{"taxonomy":"product_brand","embeddable":true,"href":"https:\/\/stazionebricolor.com\/index.php\/wp-json\/wp\/v2\/product_brand?post=6583"},{"taxonomy":"product_cat","embeddable":true,"href":"https:\/\/stazionebricolor.com\/index.php\/wp-json\/wp\/v2\/product_cat?post=6583"},{"taxonomy":"product_tag","embeddable":true,"href":"https:\/\/stazionebricolor.com\/index.php\/wp-json\/wp\/v2\/product_tag?post=6583"}],"curies":[{"name":"wp","href":"https:\/\/api.w.org\/{rel}","templated":true}]}}