{"id":6585,"date":"2025-06-07T09:42:29","date_gmt":"2025-06-07T09:42:29","guid":{"rendered":"https:\/\/stazionebricolor.com\/?post_type=product&#038;p=6585"},"modified":"2025-06-07T09:42:29","modified_gmt":"2025-06-07T09:42:29","slug":"roysons-collezione-rivestimenti-murali-contract","status":"publish","type":"product","link":"https:\/\/stazionebricolor.com\/index.php\/prodotto\/roysons-collezione-rivestimenti-murali-contract\/","title":{"rendered":"ROYSONS &#8211; Collezione Rivestimenti Murali Contract"},"content":{"rendered":"<p id=\"tw-target-text\" class=\"tw-data-text tw-text-large tw-ta\" dir=\"ltr\" data-placeholder=\"Traduzione\" data-ved=\"2ahUKEwj7prXi396NAxWk7rsIHVEXM74Q3ewLegQICRAV\" aria-label=\"Testo tradotto: Dalle nostre radici iniziali nel settore dei rivestimenti murali, oggi Roysons offre molto pi\u00f9 che semplici pareti, diventando leader nei servizi di stampa, rivestimento e laminazione per un'ampia gamma di settori. Partner commerciali e clienti condividono la stessa esperienza di qualit\u00e0 di quando abbiamo aperto i battenti. E questo \u00e8 qualcosa di cui siamo orgogliosi. Situati nella citt\u00e0 di Rockaway, nel New Jersey nord-occidentale, i nostri uffici e lo stabilimento distano solo 45 minuti da Manhattan, il che \u00e8 appropriato per un'azienda specializzata in design e arredamento. Il nostro edificio di 112.000 piedi quadrati (circa 10.500 metri quadrati) si estende su 13 acri (circa 5.200 metri quadrati) e ospita il nostro esperto personale di produzione, progettazione e gestione, composto da 120 persone talentuose e appassionate. Roysons Corporation \u00e8 composta da tre marchi distinti: dalla produzione di supporti per rivestimenti murali alla stampa digitale su tali supporti. In quanto tale, Roysons e le sue filiali hanno la capacit\u00e0 unica di specializzarsi in una vasta gamma di prodotti di produzione e stampa.\"><span class=\"Y2IQFc\" lang=\"it\">\u00a0Roysons offre molto pi\u00f9 che semplici pareti, diventando leader nei servizi di stampa, rivestimento e laminazione per un&#8217;ampia gamma di settori.\u00a0 Situati nella citt\u00e0 di Rockaway, nel New Jersey nord-occidentale, i nostri uffici e lo stabilimento distano solo 45 minuti da Manhattan, i e ospita il nostro esperto personale di produzione, progettazione e gestione, composto da 120 persone talentuose e appassionate. Roysons Corporation \u00e8 composta da tre marchi distinti: dalla produzione di supporti per rivestimenti murali alla stampa digitale su tali supporti. In quanto tale, Roysons e le sue filiali hanno la capacit\u00e0 unica di specializzarsi in una vasta gamma rivestimenti murali ad alta resistenza per il contract\u00a0\u00a0<\/span><\/p>\n<p dir=\"ltr\" data-placeholder=\"Traduzione\" data-ved=\"2ahUKEwj7prXi396NAxWk7rsIHVEXM74Q3ewLegQICRAV\" aria-label=\"Testo tradotto: Dalle nostre radici iniziali nel settore dei rivestimenti murali, oggi Roysons offre molto pi\u00f9 che semplici pareti, diventando leader nei servizi di stampa, rivestimento e laminazione per un'ampia gamma di settori. Partner commerciali e clienti condividono la stessa esperienza di qualit\u00e0 di quando abbiamo aperto i battenti. E questo \u00e8 qualcosa di cui siamo orgogliosi. Situati nella citt\u00e0 di Rockaway, nel New Jersey nord-occidentale, i nostri uffici e lo stabilimento distano solo 45 minuti da Manhattan, il che \u00e8 appropriato per un'azienda specializzata in design e arredamento. Il nostro edificio di 112.000 piedi quadrati (circa 10.500 metri quadrati) si estende su 13 acri (circa 5.200 metri quadrati) e ospita il nostro esperto personale di produzione, progettazione e gestione, composto da 120 persone talentuose e appassionate. Roysons Corporation \u00e8 composta da tre marchi distinti: dalla produzione di supporti per rivestimenti murali alla stampa digitale su tali supporti. In quanto tale, Roysons e le sue filiali hanno la capacit\u00e0 unica di specializzarsi in una vasta gamma di prodotti di produzione e stampa.\"><a href=\"https:\/\/www.roysons.com\/wallcovering-gallery\/\"><img loading=\"lazy\" decoding=\"async\" class=\"alignleft wp-image-6571 size-medium\" src=\"https:\/\/stazionebricolor.com\/wp-content\/uploads\/2025\/05\/BALDINI-8-300x57.png\" alt=\"\" width=\"300\" height=\"57\" srcset=\"https:\/\/stazionebricolor.com\/wp-content\/uploads\/2025\/05\/BALDINI-8-300x57.png 300w, https:\/\/stazionebricolor.com\/wp-content\/uploads\/2025\/05\/BALDINI-8-416x80.png 416w, https:\/\/stazionebricolor.com\/wp-content\/uploads\/2025\/05\/BALDINI-8.png 454w\" sizes=\"auto, (max-width: 300px) 100vw, 300px\" \/><\/a><\/p>\n<p>&nbsp;<\/p>\n<p>&nbsp;<\/p>\n<ul>\n<li><strong>Contattaci per un preventivo<\/strong><\/li>\n<\/ul>\n<p>&nbsp;<\/p>\n","protected":false},"excerpt":{"rendered":"<p>\u00a0Roysons offre molto pi\u00f9 che semplici pareti, diventando leader nei servizi di stampa, rivestimento e laminazione per un&#8217;ampia gamma di settori.\u00a0 Situati nella citt\u00e0 di Rockaway, nel New Jersey nord-occidentale, i nostri uffici e lo stabilimento distano solo 45 minuti da Manhattan, i e ospita il nostro esperto personale di produzione, progettazione e gestione, composto [&hellip;]<\/p>\n","protected":false},"featured_media":6586,"comment_status":"open","ping_status":"closed","template":"","meta":{"om_disable_all_campaigns":false,"_monsterinsights_skip_tracking":false,"_monsterinsights_sitenote_active":false,"_monsterinsights_sitenote_note":"","_monsterinsights_sitenote_category":0,"_joinchat":[]},"product_brand":[],"product_cat":[89,31,91],"product_tag":[1459,1500,329,967,3431],"class_list":{"0":"post-6585","1":"product","2":"type-product","3":"status-publish","4":"has-post-thumbnail","6":"product_cat-stampe-digitali-fotomurali-tnt-vinilico-contract","7":"product_cat-boiserie-pannelli-bovelacci-oracdecor-rivestimenti","8":"product_cat-pavimenti-rivestimenti-decorazione-e-complementi","9":"product_tag-carta-da-parati","10":"product_tag-contract","11":"product_tag-resistenza","12":"product_tag-rivestimenti","13":"product_tag-roysons","15":"first","16":"instock","17":"taxable","18":"shipping-taxable","19":"product-type-simple"},"yoast_head":"<!-- This site is optimized with the Yoast SEO plugin v26.5 - https:\/\/yoast.com\/wordpress\/plugins\/seo\/ -->\n<title>ROYSONS - Collezione Rivestimenti Murali Contract - Stazione Bricolor<\/title>\n<meta name=\"description\" content=\"Collezione di rivestimenti vinilici murali spalmati su tela h 135 ad alta resistenza per il contract con una vastissima gamma di colorazioni ed effetti\" \/>\n<meta name=\"robots\" content=\"index, follow, max-snippet:-1, max-image-preview:large, max-video-preview:-1\" \/>\n<link rel=\"canonical\" href=\"https:\/\/stazionebricolor.com\/index.php\/prodotto\/roysons-collezione-rivestimenti-murali-contract\/\" \/>\n<meta property=\"og:locale\" content=\"it_IT\" \/>\n<meta property=\"og:type\" content=\"article\" \/>\n<meta property=\"og:title\" content=\"ROYSONS - Collezione Rivestimenti Murali Contract - Stazione Bricolor\" \/>\n<meta property=\"og:description\" content=\"Collezione di rivestimenti vinilici murali spalmati su tela h 135 ad alta resistenza per il contract con una vastissima gamma di colorazioni ed effetti\" \/>\n<meta property=\"og:url\" content=\"https:\/\/stazionebricolor.com\/index.php\/prodotto\/roysons-collezione-rivestimenti-murali-contract\/\" \/>\n<meta property=\"og:site_name\" content=\"Stazione Bricolor\" \/>\n<meta property=\"og:image\" content=\"https:\/\/stazionebricolor.com\/wp-content\/uploads\/2025\/06\/logo-1.png\" \/>\n\t<meta property=\"og:image:width\" content=\"720\" \/>\n\t<meta property=\"og:image:height\" content=\"720\" \/>\n\t<meta property=\"og:image:type\" content=\"image\/png\" \/>\n<meta name=\"twitter:card\" content=\"summary_large_image\" \/>\n<meta name=\"twitter:label1\" content=\"Tempo di lettura stimato\" \/>\n\t<meta name=\"twitter:data1\" content=\"1 minuto\" \/>\n<script type=\"application\/ld+json\" class=\"yoast-schema-graph\">{\"@context\":\"https:\/\/schema.org\",\"@graph\":[{\"@type\":\"WebPage\",\"@id\":\"https:\/\/stazionebricolor.com\/index.php\/prodotto\/roysons-collezione-rivestimenti-murali-contract\/\",\"url\":\"https:\/\/stazionebricolor.com\/index.php\/prodotto\/roysons-collezione-rivestimenti-murali-contract\/\",\"name\":\"ROYSONS - Collezione Rivestimenti Murali Contract - Stazione Bricolor\",\"isPartOf\":{\"@id\":\"https:\/\/stazionebricolor.com\/#website\"},\"primaryImageOfPage\":{\"@id\":\"https:\/\/stazionebricolor.com\/index.php\/prodotto\/roysons-collezione-rivestimenti-murali-contract\/#primaryimage\"},\"image\":{\"@id\":\"https:\/\/stazionebricolor.com\/index.php\/prodotto\/roysons-collezione-rivestimenti-murali-contract\/#primaryimage\"},\"thumbnailUrl\":\"https:\/\/stazionebricolor.com\/wp-content\/uploads\/2025\/06\/logo-1.png\",\"datePublished\":\"2025-06-07T09:42:29+00:00\",\"description\":\"Collezione di rivestimenti vinilici murali spalmati su tela h 135 ad alta resistenza per il contract con una vastissima gamma di colorazioni ed effetti\",\"breadcrumb\":{\"@id\":\"https:\/\/stazionebricolor.com\/index.php\/prodotto\/roysons-collezione-rivestimenti-murali-contract\/#breadcrumb\"},\"inLanguage\":\"it-IT\",\"potentialAction\":[{\"@type\":\"ReadAction\",\"target\":[\"https:\/\/stazionebricolor.com\/index.php\/prodotto\/roysons-collezione-rivestimenti-murali-contract\/\"]}]},{\"@type\":\"ImageObject\",\"inLanguage\":\"it-IT\",\"@id\":\"https:\/\/stazionebricolor.com\/index.php\/prodotto\/roysons-collezione-rivestimenti-murali-contract\/#primaryimage\",\"url\":\"https:\/\/stazionebricolor.com\/wp-content\/uploads\/2025\/06\/logo-1.png\",\"contentUrl\":\"https:\/\/stazionebricolor.com\/wp-content\/uploads\/2025\/06\/logo-1.png\",\"width\":720,\"height\":720},{\"@type\":\"BreadcrumbList\",\"@id\":\"https:\/\/stazionebricolor.com\/index.php\/prodotto\/roysons-collezione-rivestimenti-murali-contract\/#breadcrumb\",\"itemListElement\":[{\"@type\":\"ListItem\",\"position\":1,\"name\":\"Home\",\"item\":\"https:\/\/stazionebricolor.com\/\"},{\"@type\":\"ListItem\",\"position\":2,\"name\":\"Shop\",\"item\":\"https:\/\/stazionebricolor.com\/\"},{\"@type\":\"ListItem\",\"position\":3,\"name\":\"ROYSONS &#8211; Collezione Rivestimenti Murali Contract\"}]},{\"@type\":\"WebSite\",\"@id\":\"https:\/\/stazionebricolor.com\/#website\",\"url\":\"https:\/\/stazionebricolor.com\/\",\"name\":\"Stazione Bricolor\",\"description\":\"Colorare casa non \u00e8 mai stato cos\u00ec semplice\",\"publisher\":{\"@id\":\"https:\/\/stazionebricolor.com\/#organization\"},\"potentialAction\":[{\"@type\":\"SearchAction\",\"target\":{\"@type\":\"EntryPoint\",\"urlTemplate\":\"https:\/\/stazionebricolor.com\/?s={search_term_string}\"},\"query-input\":{\"@type\":\"PropertyValueSpecification\",\"valueRequired\":true,\"valueName\":\"search_term_string\"}}],\"inLanguage\":\"it-IT\"},{\"@type\":\"Organization\",\"@id\":\"https:\/\/stazionebricolor.com\/#organization\",\"name\":\"Stazione Bricolor\",\"url\":\"https:\/\/stazionebricolor.com\/\",\"logo\":{\"@type\":\"ImageObject\",\"inLanguage\":\"it-IT\",\"@id\":\"https:\/\/stazionebricolor.com\/#\/schema\/logo\/image\/\",\"url\":\"https:\/\/stazionebricolor.com\/wp-content\/uploads\/2024\/06\/cropped-stazionebricoloricona-1.png\",\"contentUrl\":\"https:\/\/stazionebricolor.com\/wp-content\/uploads\/2024\/06\/cropped-stazionebricoloricona-1.png\",\"width\":520,\"height\":292,\"caption\":\"Stazione Bricolor\"},\"image\":{\"@id\":\"https:\/\/stazionebricolor.com\/#\/schema\/logo\/image\/\"}}]}<\/script>\n<!-- \/ Yoast SEO plugin. -->","yoast_head_json":{"title":"ROYSONS - Collezione Rivestimenti Murali Contract - Stazione Bricolor","description":"Collezione di rivestimenti vinilici murali spalmati su tela h 135 ad alta resistenza per il contract con una vastissima gamma di colorazioni ed effetti","robots":{"index":"index","follow":"follow","max-snippet":"max-snippet:-1","max-image-preview":"max-image-preview:large","max-video-preview":"max-video-preview:-1"},"canonical":"https:\/\/stazionebricolor.com\/index.php\/prodotto\/roysons-collezione-rivestimenti-murali-contract\/","og_locale":"it_IT","og_type":"article","og_title":"ROYSONS - Collezione Rivestimenti Murali Contract - Stazione Bricolor","og_description":"Collezione di rivestimenti vinilici murali spalmati su tela h 135 ad alta resistenza per il contract con una vastissima gamma di colorazioni ed effetti","og_url":"https:\/\/stazionebricolor.com\/index.php\/prodotto\/roysons-collezione-rivestimenti-murali-contract\/","og_site_name":"Stazione Bricolor","og_image":[{"width":720,"height":720,"url":"https:\/\/stazionebricolor.com\/wp-content\/uploads\/2025\/06\/logo-1.png","type":"image\/png"}],"twitter_card":"summary_large_image","twitter_misc":{"Tempo di lettura stimato":"1 minuto"},"schema":{"@context":"https:\/\/schema.org","@graph":[{"@type":"WebPage","@id":"https:\/\/stazionebricolor.com\/index.php\/prodotto\/roysons-collezione-rivestimenti-murali-contract\/","url":"https:\/\/stazionebricolor.com\/index.php\/prodotto\/roysons-collezione-rivestimenti-murali-contract\/","name":"ROYSONS - Collezione Rivestimenti Murali Contract - Stazione Bricolor","isPartOf":{"@id":"https:\/\/stazionebricolor.com\/#website"},"primaryImageOfPage":{"@id":"https:\/\/stazionebricolor.com\/index.php\/prodotto\/roysons-collezione-rivestimenti-murali-contract\/#primaryimage"},"image":{"@id":"https:\/\/stazionebricolor.com\/index.php\/prodotto\/roysons-collezione-rivestimenti-murali-contract\/#primaryimage"},"thumbnailUrl":"https:\/\/stazionebricolor.com\/wp-content\/uploads\/2025\/06\/logo-1.png","datePublished":"2025-06-07T09:42:29+00:00","description":"Collezione di rivestimenti vinilici murali spalmati su tela h 135 ad alta resistenza per il contract con una vastissima gamma di colorazioni ed effetti","breadcrumb":{"@id":"https:\/\/stazionebricolor.com\/index.php\/prodotto\/roysons-collezione-rivestimenti-murali-contract\/#breadcrumb"},"inLanguage":"it-IT","potentialAction":[{"@type":"ReadAction","target":["https:\/\/stazionebricolor.com\/index.php\/prodotto\/roysons-collezione-rivestimenti-murali-contract\/"]}]},{"@type":"ImageObject","inLanguage":"it-IT","@id":"https:\/\/stazionebricolor.com\/index.php\/prodotto\/roysons-collezione-rivestimenti-murali-contract\/#primaryimage","url":"https:\/\/stazionebricolor.com\/wp-content\/uploads\/2025\/06\/logo-1.png","contentUrl":"https:\/\/stazionebricolor.com\/wp-content\/uploads\/2025\/06\/logo-1.png","width":720,"height":720},{"@type":"BreadcrumbList","@id":"https:\/\/stazionebricolor.com\/index.php\/prodotto\/roysons-collezione-rivestimenti-murali-contract\/#breadcrumb","itemListElement":[{"@type":"ListItem","position":1,"name":"Home","item":"https:\/\/stazionebricolor.com\/"},{"@type":"ListItem","position":2,"name":"Shop","item":"https:\/\/stazionebricolor.com\/"},{"@type":"ListItem","position":3,"name":"ROYSONS &#8211; Collezione Rivestimenti Murali Contract"}]},{"@type":"WebSite","@id":"https:\/\/stazionebricolor.com\/#website","url":"https:\/\/stazionebricolor.com\/","name":"Stazione Bricolor","description":"Colorare casa non \u00e8 mai stato cos\u00ec semplice","publisher":{"@id":"https:\/\/stazionebricolor.com\/#organization"},"potentialAction":[{"@type":"SearchAction","target":{"@type":"EntryPoint","urlTemplate":"https:\/\/stazionebricolor.com\/?s={search_term_string}"},"query-input":{"@type":"PropertyValueSpecification","valueRequired":true,"valueName":"search_term_string"}}],"inLanguage":"it-IT"},{"@type":"Organization","@id":"https:\/\/stazionebricolor.com\/#organization","name":"Stazione Bricolor","url":"https:\/\/stazionebricolor.com\/","logo":{"@type":"ImageObject","inLanguage":"it-IT","@id":"https:\/\/stazionebricolor.com\/#\/schema\/logo\/image\/","url":"https:\/\/stazionebricolor.com\/wp-content\/uploads\/2024\/06\/cropped-stazionebricoloricona-1.png","contentUrl":"https:\/\/stazionebricolor.com\/wp-content\/uploads\/2024\/06\/cropped-stazionebricoloricona-1.png","width":520,"height":292,"caption":"Stazione Bricolor"},"image":{"@id":"https:\/\/stazionebricolor.com\/#\/schema\/logo\/image\/"}}]}},"_links":{"self":[{"href":"https:\/\/stazionebricolor.com\/index.php\/wp-json\/wp\/v2\/product\/6585","targetHints":{"allow":["GET"]}}],"collection":[{"href":"https:\/\/stazionebricolor.com\/index.php\/wp-json\/wp\/v2\/product"}],"about":[{"href":"https:\/\/stazionebricolor.com\/index.php\/wp-json\/wp\/v2\/types\/product"}],"replies":[{"embeddable":true,"href":"https:\/\/stazionebricolor.com\/index.php\/wp-json\/wp\/v2\/comments?post=6585"}],"wp:featuredmedia":[{"embeddable":true,"href":"https:\/\/stazionebricolor.com\/index.php\/wp-json\/wp\/v2\/media\/6586"}],"wp:attachment":[{"href":"https:\/\/stazionebricolor.com\/index.php\/wp-json\/wp\/v2\/media?parent=6585"}],"wp:term":[{"taxonomy":"product_brand","embeddable":true,"href":"https:\/\/stazionebricolor.com\/index.php\/wp-json\/wp\/v2\/product_brand?post=6585"},{"taxonomy":"product_cat","embeddable":true,"href":"https:\/\/stazionebricolor.com\/index.php\/wp-json\/wp\/v2\/product_cat?post=6585"},{"taxonomy":"product_tag","embeddable":true,"href":"https:\/\/stazionebricolor.com\/index.php\/wp-json\/wp\/v2\/product_tag?post=6585"}],"curies":[{"name":"wp","href":"https:\/\/api.w.org\/{rel}","templated":true}]}}